{"id":10,"date":"2024-02-07T17:16:16","date_gmt":"2024-02-07T17:16:16","guid":{"rendered":"https:\/\/bonanza888.online\/?page_id=10"},"modified":"2024-04-07T00:51:42","modified_gmt":"2024-04-07T00:51:42","slug":"game-strategy-in-online-slots-bonanza","status":"publish","type":"page","link":"https:\/\/bonanza888.online\/sr\/game-strategy-in-online-slots-bonanza\/","title":{"rendered":"\u0421\u0442\u0440\u0430\u0442\u0435\u0433\u0438\u0458\u0430 \u0438\u0433\u0440\u0435 \u0443 Bonanza \u043e\u043d\u043b\u0430\u0458\u043d \u0441\u043b\u043e\u0442\u043e\u0432\u0438\u043c\u0430"},"content":{"rendered":"<p>\u0418\u0433\u0440\u043e\u0432\u0438 \u0430\u0443\u0442\u043e\u043c\u0430\u0442\u0438 Bonanza \u043f\u043e\u043f\u0443\u043b\u0430\u0440\u043d\u0438 \u0441\u0443 \u043c\u0435\u0452\u0443 \u0438\u0433\u0440\u0430\u0447\u0438\u043c\u0430 \u043e\u043d\u043b\u0430\u0458\u043d \u043a\u0430\u0437\u0438\u043d\u0430 \u0437\u0431\u043e\u0433 \u0441\u0432\u043e\u0458\u0438\u0445 \u0443\u043d\u0438\u043a\u0430\u0442\u043d\u0438\u0445 \u043a\u0430\u0440\u0430\u043a\u0442\u0435\u0440\u0438\u0441\u0442\u0438\u043a\u0430. \u0418\u043f\u0430\u043a, \u0438\u0430\u043a\u043e \u0441\u0443 \u0441\u043b\u043e\u0442\u043e\u0432\u0438 \u0443\u0433\u043b\u0430\u0432\u043d\u043e\u043c \u0437\u0430\u0441\u043d\u043e\u0432\u0430\u043d\u0438 \u043d\u0430 \u0441\u0440\u0435\u045b\u0438, \u043f\u043e\u0441\u0442\u043e\u0458\u0435 \u043e\u0434\u0440\u0435\u0452\u0435\u043d\u0435 \u0441\u0442\u0440\u0430\u0442\u0435\u0433\u0438\u0458\u0435 \u043a\u043e\u0458\u0435 \u043c\u043e\u0433\u0443 \u043f\u043e\u043c\u043e\u045b\u0438 \u0434\u0430 \u043f\u043e\u0431\u043e\u0459\u0448\u0430\u0442\u0435 \u0441\u0432\u043e\u0458\u0435 \u0448\u0430\u043d\u0441\u0435 \u0437\u0430 \u0443\u0441\u043f\u0435\u0445. \u0423 \u043e\u0432\u043e\u043c \u0447\u043b\u0430\u043d\u043a\u0443 \u045b\u0435\u043c\u043e \u0440\u0430\u0437\u0433\u043e\u0432\u0430\u0440\u0430\u0442\u0438 \u043e \u043d\u0435\u043a\u043e\u043b\u0438\u043a\u043e \u043a\u0459\u0443\u0447\u043d\u0438\u0445 \u0430\u0441\u043f\u0435\u043a\u0430\u0442\u0430 \u0441\u0442\u0440\u0430\u0442\u0435\u0433\u0438\u0458\u0435 \u0438\u0433\u0440\u0435 \u0443 \u0441\u043b\u043e\u0442\u043e\u0432\u0438\u043c\u0430 Bonanza. \u0427\u0438\u0442\u0430\u0458\u0443\u045b\u0438 \u043e\u0432\u0430\u0458 \u0447\u043b\u0430\u043d\u0430\u043a, \u0431\u043e\u0459\u0435 \u045b\u0435\u0442\u0435 \u0440\u0430\u0437\u0443\u043c\u0435\u0442\u0438 \u043a\u0430\u043a\u043e \u0438\u0433\u0440\u0430\u0442\u0438 \u0438 \u043f\u043e\u0431\u0435\u0452\u0438\u0432\u0430\u0442\u0438 \u0443 \u0438\u0433\u0440\u0430\u043c\u0430 \u043a\u043e\u0458\u0435 \u0441\u0435 \u0437\u043e\u0432\u0443 \u0411\u043e\u043d\u0430\u043d\u0437\u0430.<\/p>\n<h2><strong>\u0420\u0430\u0437\u0443\u043c\u0435\u0432\u0430\u045a\u0435 \u043f\u0440\u0430\u0432\u0438\u043b\u0430 \u0438\u0433\u0440\u0435<\/strong><\/h2>\n<p>\u041f\u0440\u0432\u0438 \u0438 \u043d\u0430\u0458\u0432\u0430\u0436\u043d\u0438\u0458\u0438 \u043a\u043e\u0440\u0430\u043a &#8211; \u0434\u0443\u0431\u043e\u043a\u043e \u0440\u0430\u0437\u0443\u043c\u0435\u0442\u0438 \u043a\u0430\u043a\u043e \u0444\u0443\u043d\u043a\u0446\u0438\u043e\u043d\u0438\u0448\u0435 \u0438\u0433\u0440\u0430. \u041f\u0440\u0430\u0432\u0438\u043b\u0430 \u0440\u0430\u0437\u043b\u0438\u0447\u0438\u0442\u0438\u0445 \u0441\u043b\u043e\u0442\u043e\u0432\u0430 Bonanza \u043c\u043e\u0433\u0443 \u0441\u0435 \u0440\u0430\u0437\u043b\u0438\u043a\u043e\u0432\u0430\u0442\u0438, \u0430\u043b\u0438 \u043e\u0441\u043d\u043e\u0432\u0430 \u0443\u0432\u0435\u043a \u043b\u0435\u0436\u0438 \u0443 \u0432\u0440\u0442\u0430\u045a\u0443 \u0431\u0430\u0440\u0430\u0431\u0430\u043d\u0430. \u0418\u0441\u0442\u0440\u0430\u0436\u0438\u0442\u0435 \u0442\u0430\u0431\u0435\u043b\u0435 \u0438\u0441\u043f\u043b\u0430\u0442\u0430 \u043a\u0430\u043a\u043e \u0431\u0438\u0441\u0442\u0435 \u0440\u0430\u0437\u0443\u043c\u0435\u043b\u0438 \u043a\u043e\u0458\u0435 \u043a\u043e\u043c\u0431\u0438\u043d\u0430\u0446\u0438\u0458\u0435 \u0441\u0443 \u043d\u0430\u0458\u0432\u0440\u0435\u0434\u043d\u0438\u0458\u0435. \u0423\u0433\u043b\u0430\u0432\u043d\u043e\u043c, \u0441\u0432\u0430\u043a\u0430 \u0438\u0433\u0440\u0430 \u0441\u0430\u0434\u0440\u0436\u0438 \u0438\u043d\u0444\u043e\u0440\u043c\u0430\u0446\u0438\u0458\u0435 \u043e \u043f\u0440\u0430\u0432\u0438\u043b\u0438\u043c\u0430 \u0438\u0433\u0440\u0435 \u0438 \u0442\u0430\u0431\u0435\u043b\u0430\u043c\u0430 \u0438\u0441\u043f\u043b\u0430\u0442\u0430.<\/p>\n<h2><strong>\u0423\u043f\u0440\u0430\u0432\u0459\u0430\u045a\u0435 \u0431\u0430\u043d\u043a\u0440\u043e\u043b\u043e\u043c<\/strong><\/h2>\n<p>\u0415\u0444\u0438\u043a\u0430\u0441\u043d\u043e \u0443\u043f\u0440\u0430\u0432\u0459\u0430\u045a\u0435 \u0432\u0430\u0448\u0438\u043c \u0431\u0430\u043d\u043a\u0440\u043e\u043b\u043e\u043c \u043a\u0440\u0438\u0442\u0438\u0447\u043d\u043e \u0458\u0435 \u0432\u0430\u0436\u043d\u043e. \u041e\u0434\u0440\u0435\u0452\u0438\u0442\u0435 \u0438\u0437\u043d\u043e\u0441 \u043a\u043e\u0458\u0438 \u0441\u0442\u0435 \u0441\u043f\u0440\u0435\u043c\u043d\u0438 \u0434\u0430 \u043f\u043e\u0442\u0440\u043e\u0448\u0438\u0442\u0435 \u0438 \u043d\u0435 \u043f\u0440\u0435\u043b\u0430\u0437\u0438\u0442\u0435 \u0433\u0430. \u0414\u0440\u0443\u0433\u0438\u043c \u0440\u0435\u0447\u0438\u043c\u0430, \u043f\u0440\u0435\u0434\u0441\u0442\u0430\u0432\u0438\u0442\u0435 \u0434\u0430 \u0441\u0442\u0435 \u0438\u0437\u0433\u0443\u0431\u0438\u043b\u0438 \u0442\u0430\u0458 \u0438\u0437\u043d\u043e\u0441. \u0420\u0430\u0437\u0443\u043c\u043d\u043e \u0440\u0430\u0441\u043f\u043e\u0440\u0435\u0434\u0438\u0442\u0435 \u0441\u0432\u043e\u0458\u0435 \u0443\u043b\u043e\u0437\u0435 \u0442\u0430\u043a\u043e \u0434\u0430 \u0438\u043c\u0430\u0442\u0435 \u0434\u043e\u0432\u043e\u0459\u043d\u043e \u043d\u043e\u0432\u0446\u0430 \u0437\u0430 \u0443\u0447\u0435\u0448\u045b\u0435 \u0443 \u0431\u0430\u0440\u0435\u043c 200 \u0440\u0443\u043d\u0434\u043e\u0432\u0430. \u041e\u0432\u043e \u043f\u043e\u0432\u0435\u045b\u0430\u0432\u0430 \u0432\u0430\u0448\u0435 \u0448\u0430\u043d\u0441\u0435 \u0437\u0430 \u0430\u043a\u0442\u0438\u0432\u0438\u0440\u0430\u045a\u0435 \u0431\u043e\u043d\u0443\u0441\u043d\u0438\u0445 \u0444\u0443\u043d\u043a\u0446\u0438\u0458\u0430. \u0410\u043a\u043e \u0431\u0430\u043b\u0430\u043d\u0441 \u0432\u0430\u0448\u0435\u0433 \u0440\u0430\u0447\u0443\u043d\u0430 \u0434\u043e\u0437\u0432\u043e\u0459\u0430\u0432\u0430, \u043d\u0430 \u043f\u0440\u0438\u043c\u0435\u0440, 30 \u0432\u0440\u0442\u0430\u045a\u0430, \u0448\u0430\u043d\u0441\u0435 \u0434\u0430 \u0438\u0437\u0433\u0443\u0431\u0438\u0442\u0435 \u0441\u0443 \u0432\u0440\u043b\u043e \u0432\u0438\u0441\u043e\u043a\u0435. \u0423 \u0442\u0430\u043a\u0432\u0438\u043c \u0441\u043b\u043e\u0442\u043e\u0432\u0438\u043c\u0430 \u043c\u043e\u0436\u0435\u0442\u0435 \u043f\u043e\u0431\u0435\u0434\u0438\u0442\u0438 \u0441\u0430\u043c\u043e \u043d\u0430 \u0434\u0443\u0433\u043e\u043c \u0440\u043e\u043a\u0443, \u043f\u0430 \u0441\u0435 \u0443\u0432\u0435\u0440\u0438\u0442\u0435 \u0434\u0430 \u0441\u0443\u043c\u0435 \u043d\u0430 \u0432\u0430\u0448\u0435\u043c \u0431\u0430\u043b\u0430\u043d\u0441\u0443 \u0434\u043e\u0432\u043e\u0459\u043d\u043e \u0437\u0430 200 \u0432\u0440\u0442\u0430\u045a\u0430.<\/p>\n<h2><strong>\u041a\u043e\u0440\u0438\u0448\u045b\u0435\u045a\u0435 \u0431\u043e\u043d\u0443\u0441\u0430 \u0438 \u0430\u043a\u0446\u0438\u0458\u0430<\/strong><\/h2>\n<p>\u041c\u043d\u043e\u0433\u0430 \u043e\u043d\u043b\u0430\u0458\u043d \u043a\u0430\u0437\u0438\u043d\u0430 \u043d\u0443\u0434\u0435 \u0431\u043e\u043d\u0443\u0441\u0435 \u0438 \u0430\u043a\u0446\u0438\u0458\u0435 \u043a\u043e\u0458\u0435 \u043c\u043e\u0433\u0443 \u043f\u043e\u0432\u0435\u045b\u0430\u0442\u0438 \u0432\u0430\u0448 \u0431\u0430\u043d\u043a\u0440\u043e\u043b \u0438\u043b\u0438 \u0432\u0430\u043c \u043f\u0440\u0443\u0436\u0438\u0442\u0438 \u0434\u043e\u0434\u0430\u0442\u043d\u0430 \u0432\u0440\u0442\u0430\u045a\u0430. \u041a\u043e\u0440\u0438\u0441\u0442\u0438\u0442\u0435 \u043e\u0432\u0435 \u043f\u043e\u043d\u0443\u0434\u0435 \u043f\u0430\u043c\u0435\u0442\u043d\u043e, \u0430\u043b\u0438 \u043f\u0430\u0436\u0459\u0438\u0432\u043e \u043f\u0440\u043e\u0447\u0438\u0442\u0430\u0458\u0442\u0435 \u0443\u0441\u043b\u043e\u0432\u0435 \u0438 \u0437\u0430\u0445\u0442\u0435\u0432\u0435 \u0437\u0430 \u0443\u043b\u043e\u0433\u0435. \u041c\u043d\u043e\u0433\u0438 \u0431\u043e\u043d\u0443\u0441\u0438 \u0438 \u043f\u0440\u043e\u043c\u043e \u043a\u043e\u0434\u043e\u0432\u0438 \u0438\u043c\u0430\u0458\u0443 \u0443\u0441\u043b\u043e\u0432\u0435 \u043a\u043e\u0458\u0435 \u043c\u043e\u0440\u0430\u0442\u0435 \u0438\u0441\u043f\u0443\u043d\u0438\u0442\u0438 \u0434\u0430 \u0431\u0438\u0441\u0442\u0435 \u043e\u0441\u0442\u0432\u0430\u0440\u0438\u043b\u0438 \u043f\u0440\u043e\u0444\u0438\u0442.<\/p>\n<h2><strong>\u0421\u0442\u0440\u0430\u0442\u0435\u0433\u0438\u0458\u0430 \u0443\u043b\u043e\u0433\u0430<\/strong><\/h2>\n<p>\u0418\u0430\u043a\u043e \u0432\u0435\u043b\u0438\u0447\u0438\u043d\u0430 \u0443\u043b\u043e\u0433\u0430 \u043d\u0435 \u0443\u0442\u0438\u0447\u0435 \u043d\u0430 \u0443\u0447\u0435\u0441\u0442\u0430\u043b\u043e\u0441\u0442 \u043f\u043e\u0458\u0430\u0432\u0435 \u0434\u043e\u0431\u0438\u0442\u043d\u0438\u0445 \u043a\u043e\u043c\u0431\u0438\u043d\u0430\u0446\u0438\u0458\u0430 \u0443 \u0441\u043b\u043e\u0442\u043e\u0432\u0438\u043c\u0430 \u0411\u043e\u043d\u0430\u043d\u0437\u0430, \u043e\u043d\u0430 \u043c\u043e\u0436\u0435 \u0437\u043d\u0430\u0447\u0430\u0458\u043d\u043e \u0443\u0442\u0438\u0446\u0430\u0442\u0438 \u043d\u0430 \u0432\u0435\u043b\u0438\u0447\u0438\u043d\u0443 \u0434\u043e\u0431\u0438\u0442\u043a\u0430. \u041d\u0435\u043a\u0438 \u0438\u0433\u0440\u0430\u0447\u0438 \u0432\u043e\u043b\u0435 \u0434\u0430 \u043f\u0440\u0430\u0432\u0435 \u043c\u0430\u043a\u0441\u0438\u043c\u0430\u043b\u043d\u0435 \u0443\u043b\u043e\u0433\u0435, \u043d\u0430\u0458\u0432\u0438\u0448\u0435\u045b\u0438 \u043d\u0430 \u0432\u0435\u043b\u0438\u043a\u0443 \u0434\u043e\u0431\u0438\u0442, \u0434\u043e\u043a \u0434\u0440\u0443\u0433\u0438 \u043f\u0440\u0430\u0432\u0435 \u043c\u0438\u043d\u0438\u043c\u0430\u043b\u043d\u0435 \u0443\u043b\u043e\u0433\u0435 \u043a\u0430\u043a\u043e \u0431\u0438 \u043f\u0440\u043e\u0434\u0443\u0436\u0438\u043b\u0438 \u0442\u0440\u0430\u0458\u0430\u045a\u0435 \u0438\u0433\u0440\u0435. \u041f\u0440\u043e\u043d\u0430\u0452\u0438\u0442\u0435 \u0431\u0430\u043b\u0430\u043d\u0441 \u043a\u043e\u0458\u0438 \u0432\u0430\u043c \u043e\u0434\u0433\u043e\u0432\u0430\u0440\u0430.<\/p>\n<h2><strong>\u0421\u0442\u0440\u043f\u0459\u0435\u045a\u0435 \u0438 \u0434\u0438\u0441\u0446\u0438\u043f\u043b\u0438\u043d\u0430<\/strong><\/h2>\n<p>Bonanza, \u043a\u0430\u043e \u0438 \u0432\u0435\u045b\u0438\u043d\u0430 \u0441\u043b\u043e\u0442\u043e\u0432\u0430, \u043c\u043e\u0436\u0435 \u0431\u0438\u0442\u0438 \u0432\u0438\u0441\u043e\u043a\u0435 \u0432\u043e\u043b\u0430\u0442\u0438\u043b\u043d\u043e\u0441\u0442\u0438. \u041e\u0432\u043e \u0437\u043d\u0430\u0447\u0438 \u0434\u0430 \u0434\u043e\u0431\u0438\u0446\u0438 \u043c\u043e\u0433\u0443 \u0431\u0438\u0442\u0438 \u0440\u0435\u0442\u043a\u0438, \u0430\u043b\u0438 \u043f\u043e\u0442\u0435\u043d\u0446\u0438\u0458\u0430\u043b\u043d\u043e \u0432\u0435\u043b\u0438\u043a\u0438. \u0412\u0430\u0436\u043d\u043e \u0458\u0435 \u0437\u0430\u0434\u0440\u0436\u0430\u0442\u0438 \u0441\u0442\u0440\u043f\u0459\u0435\u045a\u0435 \u0438 \u043d\u0435 \u043e\u0434\u0441\u0442\u0443\u043f\u0430\u0442\u0438 \u043e\u0434 \u0441\u0432\u043e\u0458\u0435 \u0441\u0442\u0440\u0430\u0442\u0435\u0433\u0438\u0458\u0435 \u0443\u043f\u0440\u0430\u0432\u0459\u0430\u045a\u0430 \u0431\u0430\u043d\u043a\u0440\u043e\u043b\u043e\u043c, \u0447\u0430\u043a \u0438 \u0430\u043a\u043e \u043c\u0438\u0441\u043b\u0438\u0442\u0435 \u0434\u0430 \u0432\u0430\u043c \u0458\u0435 \u0441\u0440\u0435\u045b\u0430 \u043e\u043a\u0440\u0435\u043d\u0443\u0442\u0430.<\/p>\n<h2><strong>\u041e\u0446\u0435\u043d\u0430 \u0440\u0438\u0437\u0438\u043a\u0430 \u0438 \u0440\u0430\u0437\u0443\u043c\u0435\u0432\u0430\u045a\u0435 \u0432\u043e\u043b\u0430\u0442\u0438\u043b\u043d\u043e\u0441\u0442\u0438<\/strong><\/h2>\n<p>\u0420\u0430\u0437\u0443\u043c\u0435\u0432\u0430\u045a\u0435 \u0432\u043e\u043b\u0430\u0442\u0438\u043b\u043d\u043e\u0441\u0442\u0438 \u0438\u0433\u0440\u0435 \u043c\u043e\u0436\u0435 \u0432\u0430\u043c \u043f\u043e\u043c\u043e\u045b\u0438 \u0434\u0430 \u043f\u0440\u0438\u043b\u0430\u0433\u043e\u0434\u0438\u0442\u0435 \u0441\u0432\u043e\u0458\u0443 \u0441\u0442\u0440\u0430\u0442\u0435\u0433\u0438\u0458\u0443 \u0443\u043b\u043e\u0433\u0430. \u0423 \u0438\u0433\u0440\u0430\u043c\u0430 \u0441\u0430 \u0432\u0438\u0441\u043e\u043a\u043e\u043c \u0432\u043e\u043b\u0430\u0442\u0438\u043b\u043d\u043e\u0448\u045b\u0443, \u043a\u0430\u043e \u0448\u0442\u043e \u0458\u0435 Bonanza, \u043f\u0440\u0435\u043f\u043e\u0440\u0443\u0447\u0443\u0458\u0435 \u0441\u0435 \u0434\u0430 \u0441\u0435 \u043f\u0440\u0438\u043f\u0440\u0435\u043c\u0438\u0442\u0435 \u043d\u0430 \u043f\u0435\u0440\u0438\u043e\u0434\u0435 \u0431\u0435\u0437 \u0434\u043e\u0431\u0438\u0442\u0430\u043a\u0430 \u0443 \u043e\u0447\u0435\u043a\u0438\u0432\u0430\u045a\u0443 \u0432\u0435\u043b\u0438\u043a\u0438\u0445 \u0438\u0441\u043f\u043b\u0430\u0442\u0430. \u0418 \u0440\u0430\u0437\u0443\u043c\u0438\u0442\u0435 \u0434\u0430 \u0443\u0432\u0435\u043a \u043c\u043e\u0436\u0435 \u0434\u0430 \u0438\u0437\u0433\u0443\u0431\u0438\u0442\u0435. \u041d\u0438\u043a\u0430\u0434\u0430 \u043d\u0435 \u0438\u0433\u0440\u0430\u0458\u0442\u0435 \u043d\u0430 \u043f\u043e\u0441\u043b\u0435\u0434\u045a\u0435 \u043d\u043e\u0432\u0446\u0435.<\/p>\n","protected":false},"excerpt":{"rendered":"<p>\u0418\u0433\u0440\u043e\u0432\u0438 \u0430\u0443\u0442\u043e\u043c\u0430\u0442\u0438 Bonanza \u043f\u043e\u043f\u0443\u043b\u0430\u0440\u043d\u0438 \u0441\u0443 \u043c\u0435\u0452\u0443 \u0438\u0433\u0440\u0430\u0447\u0438\u043c\u0430 \u043e\u043d\u043b\u0430\u0458\u043d \u043a\u0430\u0437\u0438\u043d\u0430 \u0437\u0431\u043e\u0433 \u0441\u0432\u043e\u0458\u0438\u0445 \u0443\u043d\u0438\u043a\u0430\u0442\u043d\u0438\u0445 \u043a\u0430\u0440\u0430\u043a\u0442\u0435\u0440\u0438\u0441\u0442\u0438\u043a\u0430. \u0418\u043f\u0430\u043a, \u0438\u0430\u043a\u043e \u0441\u0443 \u0441\u043b\u043e\u0442\u043e\u0432\u0438 \u0443\u0433\u043b\u0430\u0432\u043d\u043e\u043c \u0437\u0430\u0441\u043d\u043e\u0432\u0430\u043d\u0438 \u043d\u0430 \u0441\u0440\u0435\u045b\u0438, \u043f\u043e\u0441\u0442\u043e\u0458\u0435 \u043e\u0434\u0440\u0435\u0452\u0435\u043d\u0435 \u0441\u0442\u0440\u0430\u0442\u0435\u0433\u0438\u0458\u0435 \u043a\u043e\u0458\u0435 \u043c\u043e\u0433\u0443 \u043f\u043e\u043c\u043e\u045b\u0438 \u0434\u0430 \u043f\u043e\u0431\u043e\u0459\u0448\u0430\u0442\u0435 \u0441\u0432\u043e\u0458\u0435 \u0448\u0430\u043d\u0441\u0435 \u0437\u0430 \u0443\u0441\u043f\u0435\u0445. \u0423 \u043e\u0432\u043e\u043c \u0447\u043b\u0430\u043d\u043a\u0443 \u045b\u0435\u043c\u043e \u0440\u0430\u0437\u0433\u043e\u0432\u0430\u0440\u0430\u0442\u0438 \u043e \u043d\u0435\u043a\u043e\u043b\u0438\u043a\u043e \u043a\u0459\u0443\u0447\u043d\u0438\u0445 \u0430\u0441\u043f\u0435\u043a\u0430\u0442\u0430 \u0441\u0442\u0440\u0430\u0442\u0435\u0433\u0438\u0458\u0435 \u0438\u0433\u0440\u0435 \u0443 \u0441\u043b\u043e\u0442\u043e\u0432\u0438\u043c\u0430 Bonanza. \u0427\u0438\u0442\u0430\u0458\u0443\u045b\u0438 \u043e\u0432\u0430\u0458 \u0447\u043b\u0430\u043d\u0430\u043a, \u0431\u043e\u0459\u0435 \u045b\u0435\u0442\u0435 \u0440\u0430\u0437\u0443\u043c\u0435\u0442\u0438 \u043a\u0430\u043a\u043e \u0438\u0433\u0440\u0430\u0442\u0438 \u0438 \u043f\u043e\u0431\u0435\u0452\u0438\u0432\u0430\u0442\u0438 \u0443 \u0438\u0433\u0440\u0430\u043c\u0430 \u043a\u043e\u0458\u0435 \u0441\u0435 \u0437\u043e\u0432\u0443 \u0411\u043e\u043d\u0430\u043d\u0437\u0430. \u0420\u0430\u0437\u0443\u043c\u0435\u0432\u0430\u045a\u0435 \u043f\u0440\u0430\u0432\u0438\u043b\u0430 \u0438\u0433\u0440\u0435 \u041f\u0440\u0432\u0438 \u0438 \u043d\u0430\u0458\u0432\u0430\u0436\u043d\u0438\u0458\u0438 \u043a\u043e\u0440\u0430\u043a &#8211; \u0434\u0443\u0431\u043e\u043a\u043e \u0440\u0430\u0437\u0443\u043c\u0435\u0442\u0438 \u043a\u0430\u043a\u043e \u0444\u0443\u043d\u043a\u0446\u0438\u043e\u043d\u0438\u0448\u0435&hellip; <\/p>\n","protected":false},"author":1,"featured_media":0,"parent":0,"menu_order":0,"comment_status":"closed","ping_status":"closed","template":"","meta":{"footnotes":""},"class_list":["post-10","page","type-page","status-publish","hentry"],"yoast_head":"<!-- This site is optimized with the Yoast SEO plugin v27.2 - https:\/\/yoast.com\/product\/yoast-seo-wordpress\/ -->\n<title>Estrat\u00e9gia e t\u00e1ticas de jogo em slots Bonanza<\/title>\n<meta name=\"description\" content=\"\u041a\u0430\u043a\u043e \u0438\u0433\u0440\u0430\u0442\u0438 \u0438 \u043f\u043e\u0431\u0435\u0434\u0438\u0442\u0438 \u0443 \u043e\u043d\u043b\u0430\u0458\u043d \u0438\u0433\u0440\u0438 Bonanza. \u041e\u0441\u0432\u043e\u0458\u0438\u0442\u0435 \u043f\u0440\u0430\u0432\u0438 \u043d\u043e\u0432\u0430\u0446 \u0443 \u0438\u0433\u0440\u0438 Bonanza \u0443 \u043e\u043d\u043b\u0430\u0458\u043d \u043a\u0430\u0437\u0438\u043d\u0438\u043c\u0430.\" \/>\n<meta name=\"robots\" content=\"index, follow, max-snippet:-1, max-image-preview:large, max-video-preview:-1\" \/>\n<link rel=\"canonical\" href=\"https:\/\/bonanza888.online\/sr\/game-strategy-in-online-slots-bonanza\/\" \/>\n<meta property=\"og:locale\" content=\"sr_RS\" \/>\n<meta property=\"og:locale:alternate\" content=\"ru_RU\" \/>\n<meta property=\"og:locale:alternate\" content=\"en_US\" \/>\n<meta property=\"og:locale:alternate\" content=\"pt_PT\" \/>\n<meta property=\"og:locale:alternate\" content=\"es_ES\" \/>\n<meta property=\"og:locale:alternate\" content=\"bg_BG\" \/>\n<meta property=\"og:locale:alternate\" content=\"ro_RO\" \/>\n<meta property=\"og:locale:alternate\" content=\"it_IT\" \/>\n<meta property=\"og:locale:alternate\" content=\"fr_FR\" \/>\n<meta property=\"og:locale:alternate\" content=\"de_DE\" \/>\n<meta property=\"og:locale:alternate\" content=\"pl_PL\" \/>\n<meta property=\"og:type\" content=\"article\" \/>\n<meta property=\"og:title\" content=\"Estrat\u00e9gia e t\u00e1ticas de jogo em slots Bonanza\" \/>\n<meta property=\"og:description\" content=\"Como jogar e vencer no jogo online Bonanza. Ganhar dinheiro real no jogo Bonanza em cassinos online.\" \/>\n<meta property=\"og:url\" content=\"https:\/\/bonanza888.online\/sr\/game-strategy-in-online-slots-bonanza\/\" \/>\n<meta property=\"og:site_name\" content=\"Bonanza\" \/>\n<meta property=\"article:modified_time\" content=\"2024-04-07T00:51:42+00:00\" \/>\n<meta name=\"twitter:card\" content=\"summary_large_image\" \/>\n<meta name=\"twitter:label1\" content=\"\u041f\u0440\u043e\u0446\u0435\u045a\u0435\u043d\u043e \u0432\u0440\u0435\u043c\u0435 \u0447\u0438\u0442\u0430\u045a\u0430\" \/>\n\t<meta name=\"twitter:data1\" content=\"19 \u043c\u0438\u043d\u0443\u0442\u0430\" \/>\n<script type=\"application\/ld+json\" class=\"yoast-schema-graph\">{\"@context\":\"https:\/\/schema.org\",\"@graph\":[{\"@type\":\"WebPage\",\"@id\":\"https:\/\/bonanza888.online\/pt\/game-strategy-in-online-slots-bonanza\/\",\"url\":\"https:\/\/bonanza888.online\/pt\/game-strategy-in-online-slots-bonanza\/\",\"name\":\"Estrat\u00e9gia e t\u00e1ticas de jogo em slots Bonanza\",\"isPartOf\":{\"@id\":\"https:\/\/bonanza888.online\/es\/#website\"},\"datePublished\":\"2024-02-07T17:16:16+00:00\",\"dateModified\":\"2024-04-07T00:51:42+00:00\",\"description\":\"Como jogar e vencer no jogo online Bonanza. Ganhar dinheiro real no jogo Bonanza em cassinos online.\",\"breadcrumb\":{\"@id\":\"https:\/\/bonanza888.online\/pt\/game-strategy-in-online-slots-bonanza\/#breadcrumb\"},\"inLanguage\":\"sr-RS\",\"potentialAction\":[{\"@type\":\"ReadAction\",\"target\":[\"https:\/\/bonanza888.online\/pt\/game-strategy-in-online-slots-bonanza\/\"]}]},{\"@type\":\"BreadcrumbList\",\"@id\":\"https:\/\/bonanza888.online\/pt\/game-strategy-in-online-slots-bonanza\/#breadcrumb\",\"itemListElement\":[{\"@type\":\"ListItem\",\"position\":1,\"name\":\"Home\",\"item\":\"https:\/\/bonanza888.online\/es\/\"},{\"@type\":\"ListItem\",\"position\":2,\"name\":\"Estrat\u00e9gia de Jogo em Ca\u00e7a-N\u00edqueis Online Bonanza\"}]},{\"@type\":\"WebSite\",\"@id\":\"https:\/\/bonanza888.online\/es\/#website\",\"url\":\"https:\/\/bonanza888.online\/es\/\",\"name\":\"Bonanza\",\"description\":\"Just another WordPress site\",\"publisher\":{\"@id\":\"https:\/\/bonanza888.online\/es\/#organization\"},\"potentialAction\":[{\"@type\":\"SearchAction\",\"target\":{\"@type\":\"EntryPoint\",\"urlTemplate\":\"https:\/\/bonanza888.online\/es\/?s={search_term_string}\"},\"query-input\":{\"@type\":\"PropertyValueSpecification\",\"valueRequired\":true,\"valueName\":\"search_term_string\"}}],\"inLanguage\":\"sr-RS\"},{\"@type\":\"Organization\",\"@id\":\"https:\/\/bonanza888.online\/es\/#organization\",\"name\":\"Bonanza\",\"url\":\"https:\/\/bonanza888.online\/es\/\",\"logo\":{\"@type\":\"ImageObject\",\"inLanguage\":\"sr-RS\",\"@id\":\"https:\/\/bonanza888.online\/es\/#\/schema\/logo\/image\/\",\"url\":\"https:\/\/bonanza888.online\/wp-content\/uploads\/bonanza-logo.png\",\"contentUrl\":\"https:\/\/bonanza888.online\/wp-content\/uploads\/bonanza-logo.png\",\"width\":300,\"height\":82,\"caption\":\"Bonanza\"},\"image\":{\"@id\":\"https:\/\/bonanza888.online\/es\/#\/schema\/logo\/image\/\"}}]}<\/script>\n<!-- \/ Yoast SEO plugin. -->","yoast_head_json":{"title":"Estrat\u00e9gia e t\u00e1ticas de jogo em slots Bonanza","description":"\u041a\u0430\u043a\u043e \u0438\u0433\u0440\u0430\u0442\u0438 \u0438 \u043f\u043e\u0431\u0435\u0434\u0438\u0442\u0438 \u0443 \u043e\u043d\u043b\u0430\u0458\u043d \u0438\u0433\u0440\u0438 Bonanza. \u041e\u0441\u0432\u043e\u0458\u0438\u0442\u0435 \u043f\u0440\u0430\u0432\u0438 \u043d\u043e\u0432\u0430\u0446 \u0443 \u0438\u0433\u0440\u0438 Bonanza \u0443 \u043e\u043d\u043b\u0430\u0458\u043d \u043a\u0430\u0437\u0438\u043d\u0438\u043c\u0430.","robots":{"index":"index","follow":"follow","max-snippet":"max-snippet:-1","max-image-preview":"max-image-preview:large","max-video-preview":"max-video-preview:-1"},"canonical":"https:\/\/bonanza888.online\/sr\/game-strategy-in-online-slots-bonanza\/","og_locale":"sr_RS","og_type":"article","og_title":"Estrat\u00e9gia e t\u00e1ticas de jogo em slots Bonanza","og_description":"Como jogar e vencer no jogo online Bonanza. Ganhar dinheiro real no jogo Bonanza em cassinos online.","og_url":"https:\/\/bonanza888.online\/sr\/game-strategy-in-online-slots-bonanza\/","og_site_name":"Bonanza","article_modified_time":"2024-04-07T00:51:42+00:00","twitter_card":"summary_large_image","twitter_misc":{"\u041f\u0440\u043e\u0446\u0435\u045a\u0435\u043d\u043e \u0432\u0440\u0435\u043c\u0435 \u0447\u0438\u0442\u0430\u045a\u0430":"19 \u043c\u0438\u043d\u0443\u0442\u0430"},"schema":{"@context":"https:\/\/schema.org","@graph":[{"@type":"WebPage","@id":"https:\/\/bonanza888.online\/pt\/game-strategy-in-online-slots-bonanza\/","url":"https:\/\/bonanza888.online\/pt\/game-strategy-in-online-slots-bonanza\/","name":"Estrat\u00e9gia e t\u00e1ticas de jogo em slots Bonanza","isPartOf":{"@id":"https:\/\/bonanza888.online\/es\/#website"},"datePublished":"2024-02-07T17:16:16+00:00","dateModified":"2024-04-07T00:51:42+00:00","description":"Como jogar e vencer no jogo online Bonanza. Ganhar dinheiro real no jogo Bonanza em cassinos online.","breadcrumb":{"@id":"https:\/\/bonanza888.online\/pt\/game-strategy-in-online-slots-bonanza\/#breadcrumb"},"inLanguage":"sr-RS","potentialAction":[{"@type":"ReadAction","target":["https:\/\/bonanza888.online\/pt\/game-strategy-in-online-slots-bonanza\/"]}]},{"@type":"BreadcrumbList","@id":"https:\/\/bonanza888.online\/pt\/game-strategy-in-online-slots-bonanza\/#breadcrumb","itemListElement":[{"@type":"ListItem","position":1,"name":"Home","item":"https:\/\/bonanza888.online\/es\/"},{"@type":"ListItem","position":2,"name":"Estrat\u00e9gia de Jogo em Ca\u00e7a-N\u00edqueis Online Bonanza"}]},{"@type":"WebSite","@id":"https:\/\/bonanza888.online\/es\/#website","url":"https:\/\/bonanza888.online\/es\/","name":"Bonanza","description":"Just another WordPress site","publisher":{"@id":"https:\/\/bonanza888.online\/es\/#organization"},"potentialAction":[{"@type":"SearchAction","target":{"@type":"EntryPoint","urlTemplate":"https:\/\/bonanza888.online\/es\/?s={search_term_string}"},"query-input":{"@type":"PropertyValueSpecification","valueRequired":true,"valueName":"search_term_string"}}],"inLanguage":"sr-RS"},{"@type":"Organization","@id":"https:\/\/bonanza888.online\/es\/#organization","name":"Bonanza","url":"https:\/\/bonanza888.online\/es\/","logo":{"@type":"ImageObject","inLanguage":"sr-RS","@id":"https:\/\/bonanza888.online\/es\/#\/schema\/logo\/image\/","url":"https:\/\/bonanza888.online\/wp-content\/uploads\/bonanza-logo.png","contentUrl":"https:\/\/bonanza888.online\/wp-content\/uploads\/bonanza-logo.png","width":300,"height":82,"caption":"Bonanza"},"image":{"@id":"https:\/\/bonanza888.online\/es\/#\/schema\/logo\/image\/"}}]}},"_links":{"self":[{"href":"https:\/\/bonanza888.online\/sr\/wp-json\/wp\/v2\/pages\/10","targetHints":{"allow":["GET"]}}],"collection":[{"href":"https:\/\/bonanza888.online\/sr\/wp-json\/wp\/v2\/pages"}],"about":[{"href":"https:\/\/bonanza888.online\/sr\/wp-json\/wp\/v2\/types\/page"}],"author":[{"embeddable":true,"href":"https:\/\/bonanza888.online\/sr\/wp-json\/wp\/v2\/users\/1"}],"replies":[{"embeddable":true,"href":"https:\/\/bonanza888.online\/sr\/wp-json\/wp\/v2\/comments?post=10"}],"version-history":[{"count":29,"href":"https:\/\/bonanza888.online\/sr\/wp-json\/wp\/v2\/pages\/10\/revisions"}],"predecessor-version":[{"id":266,"href":"https:\/\/bonanza888.online\/sr\/wp-json\/wp\/v2\/pages\/10\/revisions\/266"}],"wp:attachment":[{"href":"https:\/\/bonanza888.online\/sr\/wp-json\/wp\/v2\/media?parent=10"}],"curies":[{"name":"wp","href":"https:\/\/api.w.org\/{rel}","templated":true}]}}