{"id":8,"date":"2024-02-07T17:14:24","date_gmt":"2024-02-07T17:14:24","guid":{"rendered":"https:\/\/bonanza888.online\/?page_id=8"},"modified":"2024-04-07T01:00:31","modified_gmt":"2024-04-07T01:00:31","slug":"reviews-of-real-players-about-the-bonanza-online-slot","status":"publish","type":"page","link":"https:\/\/bonanza888.online\/ro\/reviews-of-real-players-about-the-bonanza-online-slot\/","title":{"rendered":"Recenzii ale juc\u0103torilor reali despre slotul online Bonanza"},"content":{"rendered":"<p>Mul\u021bi juc\u0103tori se \u00eentreab\u0103 dac\u0103 merit\u0103 s\u0103 joace sloturile Bonanza. Mai ales av\u00e2nd \u00een vedere c\u0103 sub slotul Bonanza exist\u0103 sloturi foarte diferite de la diferi\u021bi dezvoltatori. Ce sunt sloturile Bonanza online? Am colectat recenzii de la juc\u0103tori reali.<\/p>\n<ul>\n<li><strong>Maxim, 28 de ani:<\/strong><br \/>\n\u201eBonanza este jocul meu preferat \u00een acest moment! Mecanica Megaways face ca fiecare rotire s\u0103 fie imprevizibil\u0103 \u0219i palpitant\u0103. Rotirile bonus cu multiplicatori sunt pur \u0219i simplu fantastice. Singurul lucru pe care nu \u00eel apreciez este uneori seriile lungi f\u0103r\u0103 c\u00e2\u0219tiguri, dar c\u00e2nd vine c\u00e2\u0219tigul, merit\u0103 a\u0219teptarea! C\u00e2\u0219tigurile sunt cu adev\u0103rat mari \u0219i te fac s\u0103 te sim\u021bi ca un juc\u0103tor de succes.\u201d<\/li>\n<li><strong>Anna, 34 de ani:<\/strong><br \/>\n\u201eAm jucat de c\u00e2teva ori Bonanza \u0219i \u00eemi place designul \u0219i anima\u021bia. Cu toate acestea, simt c\u0103 slotul depinde prea mult de noroc, mai ales c\u00e2nd vine vorba de declan\u0219area rotirilor gratuite. Nu am \u00een\u021beles dac\u0103 exist\u0103 o strategie de joc care poate garanta un c\u00e2\u0219tig. Uneori pot roti rolele mult timp \u0219i s\u0103 nu c\u00e2\u0219tig nimic.\u201d<\/li>\n<li><strong>Igor, 25 de ani:<\/strong><br \/>\n\u201ePentru mine, Bonanza este pur \u0219i simplu un joc de top! Iubesc acest joc pentru dinamica sa \u0219i poten\u021bialul de c\u00e2\u0219tiguri mari. Dar da, jocul necesit\u0103 r\u0103bdare \u0219i un capital bun pentru a supravie\u021bui perioadelor f\u0103r\u0103 c\u00e2\u0219tiguri. Pentru mine, aceasta face parte din excitare! Riscul de a pierde este \u00eentr-adev\u0103r ridicat, dar \u00eel iau filozofic.\u201d<\/li>\n<li><strong>Elena, 40 de ani:<\/strong><br \/>\n\u201eLa \u00eenceput, am fost \u00eenc\u00e2ntat\u0103 de Bonanza datorit\u0103 interfe\u021bei sale colorate \u0219i promisiunii de multe modalit\u0103\u021bi de c\u00e2\u0219tig. Cu toate acestea, dup\u0103 c\u00e2teva sesiuni, am fost dezam\u0103git\u0103. Se pare c\u0103 RTP-ul nu este at\u00e2t de mare \u00een realitate, iar rundele bonus sunt prea rare. Este foarte dificil s\u0103 c\u00e2\u0219tigi, \u00een opinia mea.\u201d<\/li>\n<li><strong>Denis, 31 de ani:<\/strong><br \/>\n\u201e\u00cemi place totul la sloturile Bonanza &#8211; de la designul vizual p\u00e2n\u0103 la mecanica jocului. Este deosebit de pl\u0103cut c\u00e2nd reu\u0219e\u0219ti s\u0103 activezi o serie de rotiri gratuite cu multiplicatori crescu\u021bi. Cu toate acestea, jocul poate fi destul de volatil, deci fii preg\u0103tit pentru urcu\u0219uri \u0219i cobor\u00e2\u0219uri. \u00cen orice cazinou online, exist\u0103 multe sloturi Bonanza diferite, dar toate sunt foarte atr\u0103g\u0103toare de jucat.\u201d<\/li>\n<li><strong>Victoria, 29 de ani:<\/strong><br \/>\n\u201eSincer, sloturile Bonanza nu m-au prins. Poate c\u0103 pur \u0219i simplu nu este ziua mea, dar mi s-a p\u0103rut c\u0103 c\u00e2\u0219tigurile sunt prea mici \u0219i rare. Cu toate acestea, \u00een\u021beleg de ce al\u021bii g\u0103sesc excitant &#8211; multe modalit\u0103\u021bi de c\u00e2\u0219tig \u0219i un concept interesant. \u0218i un design foarte luminos. Sloturile Bonanza sunt acum foarte luminoase \u0219i interesante.\u201d<\/li>\n<li><strong>Alexey, 22 de ani:<\/strong><br \/>\n\u201eJocul Bonanza m-a prins cu adev\u0103rat! Acest joc este ca un roller coaster, plin de urcu\u0219uri \u0219i cobor\u00e2\u0219uri. Uneori pierzi multe ori la r\u00e2nd, dar apoi o singur\u0103 rotire bun\u0103 poate schimba totul. Bonusul cu rotiri gratuite este pur \u0219i simplu uimitor, mai ales c\u00e2nd multiplicatorii \u00eencep s\u0103 se adune! Recomand sloturile Bonanza tuturor prietenilor mei pentru c\u0103 de obicei joac\u0103 sloturi proaste.\u201d<\/li>\n<li><strong>Olga, 35 de ani:<\/strong><br \/>\n\u201eDup\u0103 c\u00e2teva jocuri \u00een Bonanza, sentimentele mele sunt mixte. Pe de o parte, jocul are o mecanic\u0103 interesant\u0103 de joc \u0219i un poten\u021bial pentru c\u00e2\u0219tiguri mari. Pe de alt\u0103 parte, se pare c\u0103 \u0219ansele de a activa rotirile gratuite sunt destul de mici, iar acest lucru este pu\u021bin dezam\u0103gitor. Acesta nu este jocul \u00een care po\u021bi c\u00e2\u0219tiga mare. Dac\u0103 joci, joac\u0103-te pentru propria pl\u0103cere.\u201d<\/li>\n<li><strong>Sergey, 27 de ani:<\/strong><br \/>\n\u201e\u00cemi place totul la slotul online Bonanza &#8211; de la excitare la posibilitatea de a c\u00e2\u0219tiga mare. Desigur, nu \u00eentotdeauna ai noroc, \u0219i sunt momente c\u00e2nd pare c\u0103 pierderile sunt inevitabile, dar \u00een ansamblu, jocul aduce mult\u0103 pl\u0103cere. Grafica \u0219i sunetul sunt de top, cre\u00e2nd o imersiune complet\u0103 \u00een proces.\u201d<\/li>\n<li><strong>Marina, 33 de ani:<\/strong><br \/>\n\u201eAm jucat multe sloturi, dar Bonanza iese \u00een eviden\u021b\u0103 datorit\u0103 mecanicii \u0219i stilului s\u0103u vizual unic. Cu toate c\u0103 uneori pare c\u0103 este mai greu s\u0103 c\u00e2\u0219tigi dec\u00e2t \u00een alte jocuri, emo\u021biile de la un c\u00e2\u0219tig mare sunt de nedescris. Cu toate acestea, trebuie s\u0103 fii preg\u0103tit s\u0103 nu po\u021bi ie\u0219i mereu \u00een avantaj. De cele mai multe ori, pierd, dar este totu\u0219i un slot foarte pl\u0103cut.\u201d<\/li>\n<\/ul>\n","protected":false},"excerpt":{"rendered":"<p>Mul\u021bi juc\u0103tori se \u00eentreab\u0103 dac\u0103 merit\u0103 s\u0103 joace sloturile Bonanza. Mai ales av\u00e2nd \u00een vedere c\u0103 sub slotul Bonanza exist\u0103 sloturi foarte diferite de la diferi\u021bi dezvoltatori. Ce sunt sloturile Bonanza online? Am colectat recenzii de la juc\u0103tori reali. Maxim, 28 de ani: \u201eBonanza este jocul meu preferat \u00een acest moment! Mecanica Megaways face ca fiecare rotire s\u0103 fie imprevizibil\u0103 \u0219i palpitant\u0103. Rotirile bonus cu multiplicatori sunt pur \u0219i simplu fantastice. Singurul lucru pe care&hellip; <\/p>\n","protected":false},"author":1,"featured_media":0,"parent":0,"menu_order":0,"comment_status":"closed","ping_status":"closed","template":"","meta":{"footnotes":""},"class_list":["post-8","page","type-page","status-publish","hentry"],"yoast_head":"<!-- This site is optimized with the Yoast SEO plugin v27.2 - https:\/\/yoast.com\/product\/yoast-seo-wordpress\/ -->\n<title>Bewertungen von echten Spielern \u00fcber Online-Slots Bonanza.<\/title>\n<meta name=\"description\" content=\"Prezentare general\u0103 a ma\u0219inii de slot Bonanza din partea juc\u0103torilor reali. Opinii, recenzii, prezentare general\u0103 a jocurilor online Bonanza. Juca\u021bi \u0219i c\u00e2\u0219tiga\u021bi acum \u00een sloturile Bonanza\" \/>\n<meta name=\"robots\" content=\"index, follow, max-snippet:-1, max-image-preview:large, max-video-preview:-1\" \/>\n<link rel=\"canonical\" href=\"https:\/\/bonanza888.online\/ro\/reviews-of-real-players-about-the-bonanza-online-slot\/\" \/>\n<meta property=\"og:locale\" content=\"ro_RO\" \/>\n<meta property=\"og:locale:alternate\" content=\"ru_RU\" \/>\n<meta property=\"og:locale:alternate\" content=\"en_US\" \/>\n<meta property=\"og:locale:alternate\" content=\"pt_PT\" \/>\n<meta property=\"og:locale:alternate\" content=\"es_ES\" \/>\n<meta property=\"og:locale:alternate\" content=\"sr_RS\" \/>\n<meta property=\"og:locale:alternate\" content=\"bg_BG\" \/>\n<meta property=\"og:locale:alternate\" content=\"it_IT\" \/>\n<meta property=\"og:locale:alternate\" content=\"fr_FR\" \/>\n<meta property=\"og:locale:alternate\" content=\"de_DE\" \/>\n<meta property=\"og:locale:alternate\" content=\"pl_PL\" \/>\n<meta property=\"og:type\" content=\"article\" \/>\n<meta property=\"og:title\" content=\"Bewertungen von echten Spielern \u00fcber Online-Slots Bonanza.\" \/>\n<meta property=\"og:description\" content=\"\u00dcberblick \u00fcber den Bonanza-Spielautomaten von echten Spielern. Meinungen, Bewertungen, \u00dcbersicht \u00fcber Online-Bonanza-Spiele. Spielen Sie jetzt und gewinnen Sie in den Bonanza-Slots.\" \/>\n<meta property=\"og:url\" content=\"https:\/\/bonanza888.online\/ro\/reviews-of-real-players-about-the-bonanza-online-slot\/\" \/>\n<meta property=\"og:site_name\" content=\"Bonanza\" \/>\n<meta property=\"article:modified_time\" content=\"2024-04-07T01:00:31+00:00\" \/>\n<meta name=\"twitter:card\" content=\"summary_large_image\" \/>\n<meta name=\"twitter:label1\" content=\"Timp estimat pentru citire\" \/>\n\t<meta name=\"twitter:data1\" content=\"28 de minute\" \/>\n<script type=\"application\/ld+json\" class=\"yoast-schema-graph\">{\"@context\":\"https:\/\/schema.org\",\"@graph\":[{\"@type\":\"WebPage\",\"@id\":\"https:\/\/bonanza888.online\/de\/reviews-of-real-players-about-the-bonanza-online-slot\/\",\"url\":\"https:\/\/bonanza888.online\/de\/reviews-of-real-players-about-the-bonanza-online-slot\/\",\"name\":\"Bewertungen von echten Spielern \u00fcber Online-Slots Bonanza.\",\"isPartOf\":{\"@id\":\"https:\/\/bonanza888.online\/es\/#website\"},\"datePublished\":\"2024-02-07T17:14:24+00:00\",\"dateModified\":\"2024-04-07T01:00:31+00:00\",\"description\":\"\u00dcberblick \u00fcber den Bonanza-Spielautomaten von echten Spielern. Meinungen, Bewertungen, \u00dcbersicht \u00fcber Online-Bonanza-Spiele. Spielen Sie jetzt und gewinnen Sie in den Bonanza-Slots.\",\"breadcrumb\":{\"@id\":\"https:\/\/bonanza888.online\/de\/reviews-of-real-players-about-the-bonanza-online-slot\/#breadcrumb\"},\"inLanguage\":\"ro-RO\",\"potentialAction\":[{\"@type\":\"ReadAction\",\"target\":[\"https:\/\/bonanza888.online\/de\/reviews-of-real-players-about-the-bonanza-online-slot\/\"]}]},{\"@type\":\"BreadcrumbList\",\"@id\":\"https:\/\/bonanza888.online\/de\/reviews-of-real-players-about-the-bonanza-online-slot\/#breadcrumb\",\"itemListElement\":[{\"@type\":\"ListItem\",\"position\":1,\"name\":\"Home\",\"item\":\"https:\/\/bonanza888.online\/es\/\"},{\"@type\":\"ListItem\",\"position\":2,\"name\":\"Bewertungen echter Spieler \u00fcber den Online-Slot Bonanza\"}]},{\"@type\":\"WebSite\",\"@id\":\"https:\/\/bonanza888.online\/es\/#website\",\"url\":\"https:\/\/bonanza888.online\/es\/\",\"name\":\"Bonanza\",\"description\":\"Just another WordPress site\",\"publisher\":{\"@id\":\"https:\/\/bonanza888.online\/es\/#organization\"},\"potentialAction\":[{\"@type\":\"SearchAction\",\"target\":{\"@type\":\"EntryPoint\",\"urlTemplate\":\"https:\/\/bonanza888.online\/es\/?s={search_term_string}\"},\"query-input\":{\"@type\":\"PropertyValueSpecification\",\"valueRequired\":true,\"valueName\":\"search_term_string\"}}],\"inLanguage\":\"ro-RO\"},{\"@type\":\"Organization\",\"@id\":\"https:\/\/bonanza888.online\/es\/#organization\",\"name\":\"Bonanza\",\"url\":\"https:\/\/bonanza888.online\/es\/\",\"logo\":{\"@type\":\"ImageObject\",\"inLanguage\":\"ro-RO\",\"@id\":\"https:\/\/bonanza888.online\/es\/#\/schema\/logo\/image\/\",\"url\":\"https:\/\/bonanza888.online\/wp-content\/uploads\/bonanza-logo.png\",\"contentUrl\":\"https:\/\/bonanza888.online\/wp-content\/uploads\/bonanza-logo.png\",\"width\":300,\"height\":82,\"caption\":\"Bonanza\"},\"image\":{\"@id\":\"https:\/\/bonanza888.online\/es\/#\/schema\/logo\/image\/\"}}]}<\/script>\n<!-- \/ Yoast SEO plugin. -->","yoast_head_json":{"title":"Bewertungen von echten Spielern \u00fcber Online-Slots Bonanza.","description":"Prezentare general\u0103 a ma\u0219inii de slot Bonanza din partea juc\u0103torilor reali. Opinii, recenzii, prezentare general\u0103 a jocurilor online Bonanza. Juca\u021bi \u0219i c\u00e2\u0219tiga\u021bi acum \u00een sloturile Bonanza","robots":{"index":"index","follow":"follow","max-snippet":"max-snippet:-1","max-image-preview":"max-image-preview:large","max-video-preview":"max-video-preview:-1"},"canonical":"https:\/\/bonanza888.online\/ro\/reviews-of-real-players-about-the-bonanza-online-slot\/","og_locale":"ro_RO","og_type":"article","og_title":"Bewertungen von echten Spielern \u00fcber Online-Slots Bonanza.","og_description":"\u00dcberblick \u00fcber den Bonanza-Spielautomaten von echten Spielern. Meinungen, Bewertungen, \u00dcbersicht \u00fcber Online-Bonanza-Spiele. Spielen Sie jetzt und gewinnen Sie in den Bonanza-Slots.","og_url":"https:\/\/bonanza888.online\/ro\/reviews-of-real-players-about-the-bonanza-online-slot\/","og_site_name":"Bonanza","article_modified_time":"2024-04-07T01:00:31+00:00","twitter_card":"summary_large_image","twitter_misc":{"Timp estimat pentru citire":"28 de minute"},"schema":{"@context":"https:\/\/schema.org","@graph":[{"@type":"WebPage","@id":"https:\/\/bonanza888.online\/de\/reviews-of-real-players-about-the-bonanza-online-slot\/","url":"https:\/\/bonanza888.online\/de\/reviews-of-real-players-about-the-bonanza-online-slot\/","name":"Bewertungen von echten Spielern \u00fcber Online-Slots Bonanza.","isPartOf":{"@id":"https:\/\/bonanza888.online\/es\/#website"},"datePublished":"2024-02-07T17:14:24+00:00","dateModified":"2024-04-07T01:00:31+00:00","description":"\u00dcberblick \u00fcber den Bonanza-Spielautomaten von echten Spielern. Meinungen, Bewertungen, \u00dcbersicht \u00fcber Online-Bonanza-Spiele. Spielen Sie jetzt und gewinnen Sie in den Bonanza-Slots.","breadcrumb":{"@id":"https:\/\/bonanza888.online\/de\/reviews-of-real-players-about-the-bonanza-online-slot\/#breadcrumb"},"inLanguage":"ro-RO","potentialAction":[{"@type":"ReadAction","target":["https:\/\/bonanza888.online\/de\/reviews-of-real-players-about-the-bonanza-online-slot\/"]}]},{"@type":"BreadcrumbList","@id":"https:\/\/bonanza888.online\/de\/reviews-of-real-players-about-the-bonanza-online-slot\/#breadcrumb","itemListElement":[{"@type":"ListItem","position":1,"name":"Home","item":"https:\/\/bonanza888.online\/es\/"},{"@type":"ListItem","position":2,"name":"Bewertungen echter Spieler \u00fcber den Online-Slot Bonanza"}]},{"@type":"WebSite","@id":"https:\/\/bonanza888.online\/es\/#website","url":"https:\/\/bonanza888.online\/es\/","name":"Bonanza","description":"Just another WordPress site","publisher":{"@id":"https:\/\/bonanza888.online\/es\/#organization"},"potentialAction":[{"@type":"SearchAction","target":{"@type":"EntryPoint","urlTemplate":"https:\/\/bonanza888.online\/es\/?s={search_term_string}"},"query-input":{"@type":"PropertyValueSpecification","valueRequired":true,"valueName":"search_term_string"}}],"inLanguage":"ro-RO"},{"@type":"Organization","@id":"https:\/\/bonanza888.online\/es\/#organization","name":"Bonanza","url":"https:\/\/bonanza888.online\/es\/","logo":{"@type":"ImageObject","inLanguage":"ro-RO","@id":"https:\/\/bonanza888.online\/es\/#\/schema\/logo\/image\/","url":"https:\/\/bonanza888.online\/wp-content\/uploads\/bonanza-logo.png","contentUrl":"https:\/\/bonanza888.online\/wp-content\/uploads\/bonanza-logo.png","width":300,"height":82,"caption":"Bonanza"},"image":{"@id":"https:\/\/bonanza888.online\/es\/#\/schema\/logo\/image\/"}}]}},"_links":{"self":[{"href":"https:\/\/bonanza888.online\/ro\/wp-json\/wp\/v2\/pages\/8","targetHints":{"allow":["GET"]}}],"collection":[{"href":"https:\/\/bonanza888.online\/ro\/wp-json\/wp\/v2\/pages"}],"about":[{"href":"https:\/\/bonanza888.online\/ro\/wp-json\/wp\/v2\/types\/page"}],"author":[{"embeddable":true,"href":"https:\/\/bonanza888.online\/ro\/wp-json\/wp\/v2\/users\/1"}],"replies":[{"embeddable":true,"href":"https:\/\/bonanza888.online\/ro\/wp-json\/wp\/v2\/comments?post=8"}],"version-history":[{"count":35,"href":"https:\/\/bonanza888.online\/ro\/wp-json\/wp\/v2\/pages\/8\/revisions"}],"predecessor-version":[{"id":271,"href":"https:\/\/bonanza888.online\/ro\/wp-json\/wp\/v2\/pages\/8\/revisions\/271"}],"wp:attachment":[{"href":"https:\/\/bonanza888.online\/ro\/wp-json\/wp\/v2\/media?parent=8"}],"curies":[{"name":"wp","href":"https:\/\/api.w.org\/{rel}","templated":true}]}}