{"id":6,"date":"2024-02-07T16:24:34","date_gmt":"2024-02-07T16:24:34","guid":{"rendered":"https:\/\/bonanza888.online\/?page_id=6"},"modified":"2024-04-07T01:16:40","modified_gmt":"2024-04-07T01:16:40","slug":"what-are-online-slots-bonanza","status":"publish","type":"page","link":"https:\/\/bonanza888.online\/ro\/","title":{"rendered":"Ce sunt sloturile online Bonanza"},"content":{"rendered":"<p>Sloturile online Bonanza sunt o categorie de sloturi \u00een cazinouri online care adesea au cuv\u00e2ntul Bonanza \u00een numele lor datorit\u0103 unui tematic comun legat de bog\u0103\u021bie. Sloturile Bonanza sunt adesea asociate cu exploatarea aurului sau a pietrelor pre\u021bioase, precum \u0219i cu poten\u021bialul pentru c\u00e2\u0219tiguri mari. Consensul general printre juc\u0103tori este c\u0103 acestea sunt sloturi generoase care ofer\u0103 recompense reale \u00een bani. Iat\u0103 c\u00e2teva caracteristici cheie asociate \u00een mod obi\u0219nuit cu sloturile online Bonanza:<\/p>\n<ul>\n<li><strong>Tematici Interesante<\/strong><\/li>\n<\/ul>\n<p>Sloturile Bonanza sunt de obicei asociate cu tematici de exploatare a aurului, pietrelor pre\u021bioase sau altor forme de bog\u0103\u021bie, cre\u00e2nd o experien\u021b\u0103 de joc captivant\u0103. Acestea sunt sloturi foarte colorate care creeaz\u0103 o atmosfer\u0103 excelent\u0103.<\/p>\n<ul>\n<li><strong>Mecanic\u0103 Megaways<\/strong><\/li>\n<\/ul>\n<p>Multe sloturi Bonanza folosesc mecanica Megaways de la Big Time Gaming, care ofer\u0103 mii de modalit\u0103\u021bi de c\u00e2\u0219tig la fiecare rotire datorit\u0103 num\u0103rului variabil de simboluri de pe role. Acest lucru este caracteristic pentru un num\u0103r limitat de sloturi Bonanza, dar este aceast\u0103 caracteristic\u0103 care a devenit asociat\u0103 recent cu sloturile Bonanza.<\/p>\n<ul>\n<li><strong>Func\u021bii Bonus<\/strong><\/li>\n<\/ul>\n<p>Sloturile Bonanza includ adesea diverse func\u021bii bonus, cum ar fi rotiri gratuite, multiplicatori, role cascad\u0103 \u0219i simboluri speciale precum jokeri \u0219i scattere. Abunden\u021ba de func\u021bii suplimentare face jocul mai palpitant \u0219i poate cre\u0219te semnificativ c\u00e2\u0219tigurile, at\u00e2t \u00een termeni de sume c\u00e2\u0219tigate, c\u00e2t \u0219i de probabilitate.<\/p>\n<ul>\n<li><strong>Volatilitate Ridicat\u0103<\/strong><\/li>\n<\/ul>\n<p>Aceste jocuri sunt adesea caracterizate prin volatilitate ridicat\u0103, ceea ce \u00eenseamn\u0103 poten\u021bialul pentru c\u00e2\u0219tiguri foarte mari, dar \u0219i pl\u0103\u021bi mai pu\u021bin frecvente. Cu alte cuvinte, jucarea sloturilor Bonanza este risipitoare.<\/p>\n<ul>\n<li><strong>Grafic\u0103 \u0219i Efecte Sonore<\/strong><\/li>\n<\/ul>\n<p>Sloturile Bonanza online prezint\u0103 \u00een mod obi\u0219nuit grafic\u0103 de \u00eenalt\u0103 calitate \u0219i efecte sonore, cre\u00e2nd o atmosfer\u0103 captivant\u0103 \u0219i sporind experien\u021ba de joc.<\/p>\n<p>Sloturile Bonanza sunt populare printre juc\u0103tori datorit\u0103 gameplay-ului lor captivant, tematicilor interesante \u0219i poten\u021bialului pentru c\u00e2\u0219tiguri mari.<\/p>\n<h2><strong>De ce sunt numite sloturi Bonanza?<\/strong><\/h2>\n<p>Mul\u021bi juc\u0103tori se \u00eentreab\u0103 de ce sloturile sunt numite Bonanza. Sloturile cu numele Bonanza folosesc adesea acest titlu pentru a transmite un sentiment de bog\u0103\u021bie, noroc \u0219i oportunitatea de a ob\u021bine o cantitate mare de bunuri de valoare. Cuv\u00e2ntul &#8222;bonanza&#8221; are origini spaniole \u0219i a fost folosit ini\u021bial pentru a denota un filon bogat de minereu sau o descoperire mare de metale pre\u021bioase, \u00een special aur sau argint. Iat\u0103 c\u00e2teva motive pentru care acest nume se potrive\u0219te sloturilor:<\/p>\n<ul>\n<li><strong>Asocieri cu Bog\u0103\u021bia<\/strong><\/li>\n<\/ul>\n<p>Deoarece &#8222;bonanza&#8221; este asociat cu abunden\u021ba \u0219i bog\u0103\u021bia, acest nume atrage juc\u0103torii \u00een c\u0103utarea unor c\u00e2\u0219tiguri mari \u00een cazinouri online. Acest lucru este valabil \u00een special \u00een \u021b\u0103rile vorbitoare de spaniol\u0103, unde \u00eensu\u0219i cuv\u00e2ntul a devenit un instrument de marketing pentru a promova jocurile Bonanza.<\/p>\n<ul>\n<li><strong>Tematic\u0103 Minier\u0103<\/strong><\/li>\n<\/ul>\n<p>Multe sloturi Bonanza se \u00eenv\u00e2rt \u00een jurul temei exploat\u0103rii metalelor pre\u021bioase, ceea ce se potrive\u0219te perfect cu ideea de &#8222;bonanza&#8221; ca o descoperire semnificativ\u0103. Tema minier\u0103 \u00een sine s-a dovedit a fi foarte atractiv\u0103 pentru sloturi. P\u00e2n\u0103 la urm\u0103, \u00eentr-un aparat de sloturi, trebuie s\u0103 &#8222;extragi&#8221; \u0219i bani.<\/p>\n<ul>\n<li><strong>Atrac\u021bie de Marketing<\/strong><\/li>\n<\/ul>\n<p>Numele Bonanza este u\u0219or de memorat \u00een toate limbile, este str\u0103lucitor, creeaz\u0103 asocieri pozitive \u0219i poate atrage aten\u021bia asupra slotului \u00een mijlocul unei m\u0103ri de alte jocuri.<\/p>\n<h2><strong>Caracteristici Comune \u00centre Sloturile Bonanza<\/strong><\/h2>\n<p>Diverse sloturi cu numele Bonanza \u00een cazinouri online, \u00een ciuda diferen\u021belor lor, adesea \u00eemp\u0103rt\u0103\u0219esc mai multe tr\u0103s\u0103turi comune, bazate pe popularitatea slotului original &#8222;Bonanza&#8221; de la Big Time Gaming. Iat\u0103 c\u00e2teva dintre caracteristicile comune pe care le po\u021bi g\u0103si \u00een jocurile Bonanza la diferite cazinouri online:<\/p>\n<ul>\n<li><strong>Tematic\u0103 Minier\u0103 sau de Explorare<\/strong><\/li>\n<\/ul>\n<p>Multe sloturi Bonanza se \u00eenv\u00e2rt \u00een jurul temei exploat\u0103rii metalelor pre\u021bioase sau a pietrelor pre\u021bioase, reflectat\u0103 \u00een simbolurile \u0219i designul jocului. Aceast\u0103 tem\u0103 s-a dovedit a fi foarte atractiv\u0103 pentru aparatele de slot \u0219i este pe placul juc\u0103torilor.<\/p>\n<ul>\n<li><strong>Mecanic\u0103 Megaways<\/strong><\/li>\n<\/ul>\n<p>Una dintre caracteristicile cheie ale slotului original Bonanza este mecanica Megaways, care ofer\u0103 un num\u0103r uria\u0219 de combina\u021bii posibile de c\u00e2\u0219tig. Multe sloturi ulterioare Bonanza folosesc, de asemenea, aceast\u0103 mecanic\u0103 sau ceva similar, oferind un gameplay dinamic \u0219i imprevizibil. Desigur, acest lucru distinge aparatele de slot \u00eentr-o lumin\u0103 favorabil\u0103, f\u0103c\u00e2nd slotul mai interesant de jucat.<\/p>\n<ol>\n<li><strong>Rotiri Gratuite \u0219i Multiplicatori<\/strong><br \/>\nSloturile Bonanza ofer\u0103 adesea runde bonus cu rotiri gratuite \u0219i multiplicatori, care pot cre\u0219te semnificativ c\u00e2\u0219tigurile unui juc\u0103tor. Acest lucru este bine primit de c\u0103tre juc\u0103tori.<\/li>\n<li><strong>Rolele Cascad\u0103<\/strong><br \/>\nMulte jocuri prezint\u0103 func\u021bionalitatea rolelor cascade, \u00een care simbolurile c\u00e2\u0219tig\u0103toare dispar, iar simboluri noi cad \u00een locul lor, duc\u00e2nd poten\u021bial la o serie de c\u00e2\u0219tiguri.<\/li>\n<li><strong>Volatilitate Ridicat\u0103<\/strong><br \/>\nSloturile Bonanza sunt adesea caracterizate de o volatilitate ridicat\u0103, ceea ce \u00eenseamn\u0103 poten\u021bialul pentru c\u00e2\u0219tiguri foarte mari, dar c\u00e2\u0219tiguri mai pu\u021bin frecvente.<\/li>\n<\/ol>\n<p>Re\u021bine\u021bi c\u0103 nu toate sloturile cu numele Bonanza vor avea toate aceste caracteristici, iar diferi\u021bi dezvoltatori pot introduce propriile lor caracteristici \u0219i varia\u021bii unice. Sloturile Bonanza arat\u0103 de obicei foarte diferit una fa\u021b\u0103 de cealalt\u0103, dar au multe similitudini.<\/p>\n<h2><strong>Cele Mai Faimoase Sloturi Bonanza<\/strong><\/h2>\n<p>Printre sloturile cu numele &#8222;Bonanza&#8221;, unele au devenit deosebit de populare \u0219i cunoscute printre juc\u0103torii de cazino online. Iat\u0103 c\u00e2teva dintre cele mai faimoase:<\/p>\n<ol>\n<li><strong>Bonanza Megaways (Big Time Gaming):<\/strong> Unul dintre primele \u0219i cele mai populare sloturi cu mecanic\u0103 Megaways. Acest joc online a devenit revolu\u021bionar datorit\u0103 caracteristicii sale unice, oferind p\u00e2n\u0103 la 117,649 modalit\u0103\u021bi de c\u00e2\u0219tig, precum \u0219i o rund\u0103 bonus palpitant\u0103 cu rotiri gratuite \u0219i multiplicatori crescu\u021bi.<\/li>\n<li><strong>Sweet Bonanza (Pragmatic Play):<\/strong> Acest slot se remarc\u0103 fa\u021b\u0103 de alte jocuri Bonanza prin tema sa de bomboane \u0219i fructe. Este cunoscut pentru culorile vibrante, atmosfera vesel\u0103 \u0219i caracteristica Tumble, care permite combina\u021biilor c\u00e2\u0219tig\u0103toare s\u0103 dispar\u0103 \u0219i s\u0103 fac\u0103 loc pentru simboluri noi.<\/li>\n<li><strong>Gems Bonanza (Pragmatic Play):<\/strong> Acest slot este dedicat pietrelor pre\u021bioase \u0219i ofer\u0103 o mecanic\u0103 de joc pe o gril\u0103 8&#215;8. Jocul are multe caracteristici, inclusiv modificatori aleatorii \u0219i un poten\u021bial mare de c\u00e2\u0219tig datorit\u0103 c\u00e2\u0219tigurilor cascade \u0219i multiplicatorilor.<\/li>\n<\/ol>\n<p>Aceste sloturi au devenit populare datorit\u0103 mecanicilor lor inovatoare, temelor interesante \u0219i poten\u021bialului pentru c\u00e2\u0219tiguri mari. Fiecare joc are caracteristici unice care-l fac captivant \u0219i \u00eel deosebesc de alte sloturi de pe pia\u021b\u0103.<\/p>\n<h2><strong>Cele Mai Frecvente \u00centreb\u0103ri Despre Sloturile Bonanza \u00een Cazinourile Online<\/strong><\/h2>\n<p><strong>Ce sunt sloturile Bonanza?<\/strong><\/p>\n<p>Sloturile Bonanza sunt o categorie de sloturi online care adesea prezint\u0103 teme de extragere a metalelor sau pietrelor pre\u021bioase \u0219i sunt cunoscute pentru caracteristicile lor unice, cum ar fi mecanica Megaways, rotirile gratuite, multiplicatorii \u0219i volatilitatea ridicat\u0103, oferind juc\u0103torilor poten\u021bialul pentru c\u00e2\u0219tiguri mari.<\/p>\n<p><strong>Ce face mecanica Megaways special\u0103 \u00een sloturile Bonanza?<\/strong><\/p>\n<p>Mecanica Megaways, adesea utilizat\u0103 \u00een sloturile Bonanza, ofer\u0103 un num\u0103r variabil de simboluri pe fiecare rol\u0103 la fiecare rotire, cre\u00e2nd mii de modalit\u0103\u021bi poten\u021biale de c\u00e2\u0219tig, f\u0103c\u00e2nd jocul imprevizibil \u0219i dinamic.<\/p>\n<p><strong>Pot juca sloturile Bonanza gratuit?<\/strong><\/p>\n<p>Da, multe cazinouri online ofer\u0103 versiuni demo ale sloturilor Bonanza, permi\u021b\u00e2nd juc\u0103torilor s\u0103 \u00eencerce jocurile gratuit, f\u0103r\u0103 a risca bani reali.<\/p>\n<p><strong>Care sunt cele mai populare sloturi Bonanza?<\/strong><\/p>\n<p>Printre cele mai populare sloturi Bonanza se num\u0103r\u0103 &#8222;Bonanza Megaways&#8221; de la Big Time Gaming, &#8222;Sweet Bonanza&#8221; de la Pragmatic Play \u0219i &#8222;Gems Bonanza&#8221;, tot de la Pragmatic Play. Aceste jocuri atrag aten\u021bia cu caracteristicile lor unice \u0219i poten\u021bialul pentru c\u00e2\u0219tiguri mari.<\/p>\n<p><strong>Ce \u00eenseamn\u0103 volatilitatea ridicat\u0103 \u00een sloturile Bonanza?<\/strong><\/p>\n<p>Volatilitatea ridicat\u0103 \u00een sloturile Bonanza \u00eenseamn\u0103 c\u0103 jocurile pot oferi c\u00e2\u0219tiguri foarte mari, dar astfel de c\u00e2\u0219tiguri apar mai pu\u021bin frecvent. Acest lucru face jocul mai risipitor, dar \u0219i mai captivant pentru unii juc\u0103tori care vizeaz\u0103 c\u00e2\u0219tiguri mari.<\/p>\n","protected":false},"excerpt":{"rendered":"<p>Sloturile online Bonanza sunt o categorie de sloturi \u00een cazinouri online care adesea au cuv\u00e2ntul Bonanza \u00een numele lor datorit\u0103 unui tematic comun legat de bog\u0103\u021bie. Sloturile Bonanza sunt adesea asociate cu exploatarea aurului sau a pietrelor pre\u021bioase, precum \u0219i cu poten\u021bialul pentru c\u00e2\u0219tiguri mari. Consensul general printre juc\u0103tori este c\u0103 acestea sunt sloturi generoase care ofer\u0103 recompense reale \u00een bani. Iat\u0103 c\u00e2teva caracteristici cheie asociate \u00een mod obi\u0219nuit cu sloturile online Bonanza: Tematici Interesante&hellip; <\/p>\n","protected":false},"author":1,"featured_media":0,"parent":0,"menu_order":0,"comment_status":"closed","ping_status":"closed","template":"","meta":{"footnotes":""},"class_list":["post-6","page","type-page","status-publish","hentry"],"yoast_head":"<!-- This site is optimized with the Yoast SEO plugin v27.2 - https:\/\/yoast.com\/product\/yoast-seo-wordpress\/ -->\n<title>Juegos Bonanza en Casinos en L\u00ednea<\/title>\n<meta name=\"description\" content=\"Juca\u021bi jocurile Bonanza online pentru bani reali la cazinourile online. Slotul online Bonanza, juca\u021bi \u0219i c\u00e2\u0219tiga\u021bi la ma\u0219inile de slot Bonanza, care slot Bonanza s\u0103 juca\u021bi\" \/>\n<meta name=\"robots\" content=\"index, follow, max-snippet:-1, max-image-preview:large, max-video-preview:-1\" \/>\n<link rel=\"canonical\" href=\"https:\/\/bonanza888.online\/ro\/\" \/>\n<meta property=\"og:locale\" content=\"ro_RO\" \/>\n<meta property=\"og:locale:alternate\" content=\"ru_RU\" \/>\n<meta property=\"og:locale:alternate\" content=\"en_US\" \/>\n<meta property=\"og:locale:alternate\" content=\"pt_PT\" \/>\n<meta property=\"og:locale:alternate\" content=\"es_ES\" \/>\n<meta property=\"og:locale:alternate\" content=\"sr_RS\" \/>\n<meta property=\"og:locale:alternate\" content=\"bg_BG\" \/>\n<meta property=\"og:locale:alternate\" content=\"it_IT\" \/>\n<meta property=\"og:locale:alternate\" content=\"fr_FR\" \/>\n<meta property=\"og:locale:alternate\" content=\"de_DE\" \/>\n<meta property=\"og:locale:alternate\" content=\"pl_PL\" \/>\n<meta property=\"og:type\" content=\"article\" \/>\n<meta property=\"og:title\" content=\"Juegos Bonanza en Casinos en L\u00ednea\" \/>\n<meta property=\"og:description\" content=\"Juega juegos Bonanza en l\u00ednea por dinero real en casinos en l\u00ednea. Tragamonedas en l\u00ednea Bonanza, juega y gana m\u00e1quinas tragamonedas Bonanza, \u00bfen qu\u00e9 tragamonedas Bonanza jugar?\" \/>\n<meta property=\"og:url\" content=\"https:\/\/bonanza888.online\/ro\/\" \/>\n<meta property=\"og:site_name\" content=\"Bonanza\" \/>\n<meta property=\"article:modified_time\" content=\"2024-04-07T01:16:40+00:00\" \/>\n<meta name=\"twitter:card\" content=\"summary_large_image\" \/>\n<meta name=\"twitter:label1\" content=\"Timp estimat pentru citire\" \/>\n\t<meta name=\"twitter:data1\" content=\"53 de minute\" \/>\n<script type=\"application\/ld+json\" class=\"yoast-schema-graph\">{\"@context\":\"https:\/\/schema.org\",\"@graph\":[{\"@type\":\"WebPage\",\"@id\":\"https:\/\/bonanza888.online\/es\/\",\"url\":\"https:\/\/bonanza888.online\/es\/\",\"name\":\"Juegos Bonanza en Casinos en L\u00ednea\",\"isPartOf\":{\"@id\":\"https:\/\/bonanza888.online\/es\/#website\"},\"datePublished\":\"2024-02-07T16:24:34+00:00\",\"dateModified\":\"2024-04-07T01:16:40+00:00\",\"description\":\"Juega juegos Bonanza en l\u00ednea por dinero real en casinos en l\u00ednea. Tragamonedas en l\u00ednea Bonanza, juega y gana m\u00e1quinas tragamonedas Bonanza, \u00bfen qu\u00e9 tragamonedas Bonanza jugar?\",\"breadcrumb\":{\"@id\":\"https:\/\/bonanza888.online\/es\/#breadcrumb\"},\"inLanguage\":\"ro-RO\",\"potentialAction\":[{\"@type\":\"ReadAction\",\"target\":[\"https:\/\/bonanza888.online\/es\/\"]}]},{\"@type\":\"BreadcrumbList\",\"@id\":\"https:\/\/bonanza888.online\/es\/#breadcrumb\",\"itemListElement\":[{\"@type\":\"ListItem\",\"position\":1,\"name\":\"Home\",\"item\":\"https:\/\/bonanza888.online\/es\/\"},{\"@type\":\"ListItem\",\"position\":2,\"name\":\"Qu\u00e9 Son las Tragaperras en L\u00ednea Bonanza\"}]},{\"@type\":\"WebSite\",\"@id\":\"https:\/\/bonanza888.online\/es\/#website\",\"url\":\"https:\/\/bonanza888.online\/es\/\",\"name\":\"Bonanza\",\"description\":\"Just another WordPress site\",\"publisher\":{\"@id\":\"https:\/\/bonanza888.online\/es\/#organization\"},\"potentialAction\":[{\"@type\":\"SearchAction\",\"target\":{\"@type\":\"EntryPoint\",\"urlTemplate\":\"https:\/\/bonanza888.online\/es\/?s={search_term_string}\"},\"query-input\":{\"@type\":\"PropertyValueSpecification\",\"valueRequired\":true,\"valueName\":\"search_term_string\"}}],\"inLanguage\":\"ro-RO\"},{\"@type\":\"Organization\",\"@id\":\"https:\/\/bonanza888.online\/es\/#organization\",\"name\":\"Bonanza\",\"url\":\"https:\/\/bonanza888.online\/es\/\",\"logo\":{\"@type\":\"ImageObject\",\"inLanguage\":\"ro-RO\",\"@id\":\"https:\/\/bonanza888.online\/es\/#\/schema\/logo\/image\/\",\"url\":\"https:\/\/bonanza888.online\/wp-content\/uploads\/bonanza-logo.png\",\"contentUrl\":\"https:\/\/bonanza888.online\/wp-content\/uploads\/bonanza-logo.png\",\"width\":300,\"height\":82,\"caption\":\"Bonanza\"},\"image\":{\"@id\":\"https:\/\/bonanza888.online\/es\/#\/schema\/logo\/image\/\"}}]}<\/script>\n<!-- \/ Yoast SEO plugin. -->","yoast_head_json":{"title":"Juegos Bonanza en Casinos en L\u00ednea","description":"Juca\u021bi jocurile Bonanza online pentru bani reali la cazinourile online. Slotul online Bonanza, juca\u021bi \u0219i c\u00e2\u0219tiga\u021bi la ma\u0219inile de slot Bonanza, care slot Bonanza s\u0103 juca\u021bi","robots":{"index":"index","follow":"follow","max-snippet":"max-snippet:-1","max-image-preview":"max-image-preview:large","max-video-preview":"max-video-preview:-1"},"canonical":"https:\/\/bonanza888.online\/ro\/","og_locale":"ro_RO","og_type":"article","og_title":"Juegos Bonanza en Casinos en L\u00ednea","og_description":"Juega juegos Bonanza en l\u00ednea por dinero real en casinos en l\u00ednea. Tragamonedas en l\u00ednea Bonanza, juega y gana m\u00e1quinas tragamonedas Bonanza, \u00bfen qu\u00e9 tragamonedas Bonanza jugar?","og_url":"https:\/\/bonanza888.online\/ro\/","og_site_name":"Bonanza","article_modified_time":"2024-04-07T01:16:40+00:00","twitter_card":"summary_large_image","twitter_misc":{"Timp estimat pentru citire":"53 de minute"},"schema":{"@context":"https:\/\/schema.org","@graph":[{"@type":"WebPage","@id":"https:\/\/bonanza888.online\/es\/","url":"https:\/\/bonanza888.online\/es\/","name":"Juegos Bonanza en Casinos en L\u00ednea","isPartOf":{"@id":"https:\/\/bonanza888.online\/es\/#website"},"datePublished":"2024-02-07T16:24:34+00:00","dateModified":"2024-04-07T01:16:40+00:00","description":"Juega juegos Bonanza en l\u00ednea por dinero real en casinos en l\u00ednea. Tragamonedas en l\u00ednea Bonanza, juega y gana m\u00e1quinas tragamonedas Bonanza, \u00bfen qu\u00e9 tragamonedas Bonanza jugar?","breadcrumb":{"@id":"https:\/\/bonanza888.online\/es\/#breadcrumb"},"inLanguage":"ro-RO","potentialAction":[{"@type":"ReadAction","target":["https:\/\/bonanza888.online\/es\/"]}]},{"@type":"BreadcrumbList","@id":"https:\/\/bonanza888.online\/es\/#breadcrumb","itemListElement":[{"@type":"ListItem","position":1,"name":"Home","item":"https:\/\/bonanza888.online\/es\/"},{"@type":"ListItem","position":2,"name":"Qu\u00e9 Son las Tragaperras en L\u00ednea Bonanza"}]},{"@type":"WebSite","@id":"https:\/\/bonanza888.online\/es\/#website","url":"https:\/\/bonanza888.online\/es\/","name":"Bonanza","description":"Just another WordPress site","publisher":{"@id":"https:\/\/bonanza888.online\/es\/#organization"},"potentialAction":[{"@type":"SearchAction","target":{"@type":"EntryPoint","urlTemplate":"https:\/\/bonanza888.online\/es\/?s={search_term_string}"},"query-input":{"@type":"PropertyValueSpecification","valueRequired":true,"valueName":"search_term_string"}}],"inLanguage":"ro-RO"},{"@type":"Organization","@id":"https:\/\/bonanza888.online\/es\/#organization","name":"Bonanza","url":"https:\/\/bonanza888.online\/es\/","logo":{"@type":"ImageObject","inLanguage":"ro-RO","@id":"https:\/\/bonanza888.online\/es\/#\/schema\/logo\/image\/","url":"https:\/\/bonanza888.online\/wp-content\/uploads\/bonanza-logo.png","contentUrl":"https:\/\/bonanza888.online\/wp-content\/uploads\/bonanza-logo.png","width":300,"height":82,"caption":"Bonanza"},"image":{"@id":"https:\/\/bonanza888.online\/es\/#\/schema\/logo\/image\/"}}]}},"_links":{"self":[{"href":"https:\/\/bonanza888.online\/ro\/wp-json\/wp\/v2\/pages\/6","targetHints":{"allow":["GET"]}}],"collection":[{"href":"https:\/\/bonanza888.online\/ro\/wp-json\/wp\/v2\/pages"}],"about":[{"href":"https:\/\/bonanza888.online\/ro\/wp-json\/wp\/v2\/types\/page"}],"author":[{"embeddable":true,"href":"https:\/\/bonanza888.online\/ro\/wp-json\/wp\/v2\/users\/1"}],"replies":[{"embeddable":true,"href":"https:\/\/bonanza888.online\/ro\/wp-json\/wp\/v2\/comments?post=6"}],"version-history":[{"count":35,"href":"https:\/\/bonanza888.online\/ro\/wp-json\/wp\/v2\/pages\/6\/revisions"}],"predecessor-version":[{"id":276,"href":"https:\/\/bonanza888.online\/ro\/wp-json\/wp\/v2\/pages\/6\/revisions\/276"}],"wp:attachment":[{"href":"https:\/\/bonanza888.online\/ro\/wp-json\/wp\/v2\/media?parent=6"}],"curies":[{"name":"wp","href":"https:\/\/api.w.org\/{rel}","templated":true}]}}