{"id":12,"date":"2024-02-07T17:18:51","date_gmt":"2024-02-07T17:18:51","guid":{"rendered":"https:\/\/bonanza888.online\/?page_id=12"},"modified":"2024-04-07T01:35:07","modified_gmt":"2024-04-07T01:35:07","slug":"faq-about-online-slots-bonanza","status":"publish","type":"page","link":"https:\/\/bonanza888.online\/ro\/faq-about-online-slots-bonanza\/","title":{"rendered":"\u00centreb\u0103ri frecvente \u0219i r\u0103spunsuri despre sloturile online Bonanza"},"content":{"rendered":"<p>Mul\u021bi juc\u0103tori sunt curio\u0219i dac\u0103 merit\u0103 s\u0103 joace sloturile Bonanza. Am adunat 10 \u00eentreb\u0103ri frecvente despre sloturile Bonanza, inclusiv r\u0103spunsuri care ar putea fi de interes pentru juc\u0103tori de diferite v\u00e2rste, statuturi sociale \u0219i care locuiesc \u00een diferite \u021b\u0103ri:<\/p>\n<h3><strong>Ce este un slot Bonanza?<\/strong><\/h3>\n<p>Un slot Bonanza este o ma\u0219in\u0103 popular\u0103 de sloturi online de la diferi\u021bi dezvoltatori. Multe jocuri Bonanza sunt cunoscute pentru mecanica lor unic\u0103 Megaways, care ofer\u0103 mii de modalit\u0103\u021bi de c\u00e2\u0219tig \u00een fiecare rotire. Un lucru poate fi spus cu siguran\u021b\u0103 &#8211; sloturile Bonanza sunt mereu diferite, dar luminoase \u0219i colorate.<\/p>\n<h3><strong>Cum se joac\u0103 sloturile Bonanza?<\/strong><\/h3>\n<p>Pentru a \u00eencepe s\u0103 joci Bonanza, alege-\u021bi m\u0103rimea pariului \u0219i apas\u0103 butonul de rotire. Jocul are role, iar unele sloturi Bonanza au mecanica Megaways, ceea ce \u00eenseamn\u0103 c\u0103 num\u0103rul de simboluri de pe fiecare rol\u0103 poate s\u0103 se schimbe la fiecare rotire, cre\u00e2nd numeroase oportunit\u0103\u021bi de c\u00e2\u0219tig.<\/p>\n<h3><strong>Care este pariu minim \u0219i maxim \u00een Bonanza?<\/strong><\/h3>\n<p>Pariul minim \u00eencepe de obicei de la 0,20 unit\u0103\u021bi valutare, iar pariul maxim poate ajunge la 20 unit\u0103\u021bi valutare, dar aceste valori pot varia \u00een func\u021bie de cazinou. Cu alte cuvinte, dac\u0103 moneda cazinoului este USD sau EUR, atunci pariul minim este de 0,2 USD sau EUR, iar pariul maxim va fi egal cu 20 USD sau EUR.<\/p>\n<h3><strong>Exist\u0103 runde bonus \u00een slotul Bonanza?<\/strong><\/h3>\n<p>Da, slotul Bonanza are o rund\u0103 bonus de Free Spins, care este activat\u0103 atunci c\u00e2nd apar patru litere de aur G, O, L, D pe role. Juc\u0103torii primesc 12 rotiri gratuite cu posibilitatea de a ob\u021bine rotiri suplimentare. \u00cen cele mai multe alte sloturi Bonanza, pute\u021bi activa, de asemenea, runde bonus.<\/p>\n<h3><strong>Care este RTP-ul (Return to Player) \u00een Bonanza?<\/strong><\/h3>\n<p>RTP-ul slotului Bonanza este \u00een jur de 96%, care este o valoare standard pentru sloturile online. \u00cen func\u021bie de slotul specific Bonanza despre care vorbim, variabilitatea este de 95-96 la sut\u0103, pe care juc\u0103torul o prime\u0219te.<\/p>\n<h3><strong>Po\u021bi juca Bonanza gratuit?<\/strong><\/h3>\n<p>Da, multe cazinouri online ofer\u0103 o versiune demo a Bonanza, permi\u021b\u00e2ndu-v\u0103 s\u0103 juca\u021bi gratuit f\u0103r\u0103 pariuri reale.<\/p>\n<h3><strong>Care sunt simbolurile cele mai valoroase \u00een Bonanza?<\/strong><\/h3>\n<p>Cele mai valoroase simboluri \u00een Bonanza sunt pietrele pre\u021bioase, \u00een special diamantele, care aduc cele mai mari c\u00e2\u0219tiguri.<\/p>\n<h3><strong>Po\u021bi juca Bonanza pe dispozitive mobile?<\/strong><\/h3>\n<p>Da, slotul Bonanza este optimizat pentru a fi jucat pe dispozitive mobile Android \u0219i iOS. Slotul Bonanza este, de asemenea, disponibil \u00een cele mai multe cazinouri online prin intermediul unui browser mobil.<\/p>\n<h3><strong>Ce strategii pot cre\u0219te \u0219ansele de c\u00e2\u0219tig \u00een Bonanza?<\/strong><\/h3>\n<p>Este important s\u0103 \u021bii cont c\u0103 sloturile sunt jocuri de noroc \u0219i nu exist\u0103 modalit\u0103\u021bi garantate de a c\u00e2\u0219tiga. Cu toate acestea, gestionarea \u00een\u021beleapt\u0103 a capitalului \u0219i \u00een\u021belegerea mecanicii jocului pot ajuta la \u00eembun\u0103t\u0103\u021birea experien\u021bei de joc \u0219i la ob\u021binerea de bani reali. V\u0103 sf\u0103tuim s\u0103 citi\u021bi articolul despre strategiile de joc Bonanza pentru informa\u021bii mai detaliate.<\/p>\n<h3><strong>Unde pot juca slotul Bonanza?<\/strong><\/h3>\n<p>Slotul Bonanza este disponibil \u00een multe cazinouri online. Alege\u021bi \u00eentotdeauna platforme licen\u021biate \u0219i de \u00eencredere pentru jocul cu bani reali.<\/p>\n","protected":false},"excerpt":{"rendered":"<p>Mul\u021bi juc\u0103tori sunt curio\u0219i dac\u0103 merit\u0103 s\u0103 joace sloturile Bonanza. Am adunat 10 \u00eentreb\u0103ri frecvente despre sloturile Bonanza, inclusiv r\u0103spunsuri care ar putea fi de interes pentru juc\u0103tori de diferite v\u00e2rste, statuturi sociale \u0219i care locuiesc \u00een diferite \u021b\u0103ri: Ce este un slot Bonanza? Un slot Bonanza este o ma\u0219in\u0103 popular\u0103 de sloturi online de la diferi\u021bi dezvoltatori. Multe jocuri Bonanza sunt cunoscute pentru mecanica lor unic\u0103 Megaways, care ofer\u0103 mii de modalit\u0103\u021bi de c\u00e2\u0219tig&hellip; <\/p>\n","protected":false},"author":1,"featured_media":0,"parent":0,"menu_order":0,"comment_status":"closed","ping_status":"closed","template":"","meta":{"footnotes":""},"class_list":["post-12","page","type-page","status-publish","hentry"],"yoast_head":"<!-- This site is optimized with the Yoast SEO plugin v27.2 - https:\/\/yoast.com\/product\/yoast-seo-wordpress\/ -->\n<title>FAQ - Preguntas Frecuentes sobre Tragamonedas Bonanza<\/title>\n<meta name=\"description\" content=\"Am adunat cele mai populare \u00eentreb\u0103ri \u0219i r\u0103spunsuri despre sloturile Bonanza. \u00centreb\u0103ri frecvente despre sloturile Bonanza la cazinourile online, unde po\u021bi juca pe bani reali.\" \/>\n<meta name=\"robots\" content=\"index, follow, max-snippet:-1, max-image-preview:large, max-video-preview:-1\" \/>\n<link rel=\"canonical\" href=\"https:\/\/bonanza888.online\/ro\/faq-about-online-slots-bonanza\/\" \/>\n<meta property=\"og:locale\" content=\"ro_RO\" \/>\n<meta property=\"og:locale:alternate\" content=\"ru_RU\" \/>\n<meta property=\"og:locale:alternate\" content=\"en_US\" \/>\n<meta property=\"og:locale:alternate\" content=\"pt_PT\" \/>\n<meta property=\"og:locale:alternate\" content=\"es_ES\" \/>\n<meta property=\"og:locale:alternate\" content=\"sr_RS\" \/>\n<meta property=\"og:locale:alternate\" content=\"bg_BG\" \/>\n<meta property=\"og:locale:alternate\" content=\"it_IT\" \/>\n<meta property=\"og:locale:alternate\" content=\"fr_FR\" \/>\n<meta property=\"og:locale:alternate\" content=\"de_DE\" \/>\n<meta property=\"og:locale:alternate\" content=\"pl_PL\" \/>\n<meta property=\"og:type\" content=\"article\" \/>\n<meta property=\"og:title\" content=\"FAQ - Preguntas Frecuentes sobre Tragamonedas Bonanza\" \/>\n<meta property=\"og:description\" content=\"Hemos recopilado las preguntas y respuestas m\u00e1s populares sobre las m\u00e1quinas tragamonedas Bonanza. Preguntas frecuentes sobre las tragamonedas Bonanza en casinos en l\u00ednea, donde puedes jugar por dinero real.\" \/>\n<meta property=\"og:url\" content=\"https:\/\/bonanza888.online\/ro\/faq-about-online-slots-bonanza\/\" \/>\n<meta property=\"og:site_name\" content=\"Bonanza\" \/>\n<meta property=\"article:modified_time\" content=\"2024-04-07T01:35:07+00:00\" \/>\n<meta name=\"twitter:card\" content=\"summary_large_image\" \/>\n<meta name=\"twitter:label1\" content=\"Timp estimat pentru citire\" \/>\n\t<meta name=\"twitter:data1\" content=\"22 de minute\" \/>\n<script type=\"application\/ld+json\" class=\"yoast-schema-graph\">{\"@context\":\"https:\/\/schema.org\",\"@graph\":[{\"@type\":\"WebPage\",\"@id\":\"https:\/\/bonanza888.online\/es\/faq-about-online-slots-bonanza\/\",\"url\":\"https:\/\/bonanza888.online\/es\/faq-about-online-slots-bonanza\/\",\"name\":\"FAQ - Preguntas Frecuentes sobre Tragamonedas Bonanza\",\"isPartOf\":{\"@id\":\"https:\/\/bonanza888.online\/es\/#website\"},\"datePublished\":\"2024-02-07T17:18:51+00:00\",\"dateModified\":\"2024-04-07T01:35:07+00:00\",\"description\":\"Hemos recopilado las preguntas y respuestas m\u00e1s populares sobre las m\u00e1quinas tragamonedas Bonanza. Preguntas frecuentes sobre las tragamonedas Bonanza en casinos en l\u00ednea, donde puedes jugar por dinero real.\",\"breadcrumb\":{\"@id\":\"https:\/\/bonanza888.online\/es\/faq-about-online-slots-bonanza\/#breadcrumb\"},\"inLanguage\":\"ro-RO\",\"potentialAction\":[{\"@type\":\"ReadAction\",\"target\":[\"https:\/\/bonanza888.online\/es\/faq-about-online-slots-bonanza\/\"]}]},{\"@type\":\"BreadcrumbList\",\"@id\":\"https:\/\/bonanza888.online\/es\/faq-about-online-slots-bonanza\/#breadcrumb\",\"itemListElement\":[{\"@type\":\"ListItem\",\"position\":1,\"name\":\"Home\",\"item\":\"https:\/\/bonanza888.online\/es\/\"},{\"@type\":\"ListItem\",\"position\":2,\"name\":\"Preguntas Frecuentes y Respuestas sobre Tragaperras en L\u00ednea Bonanza\"}]},{\"@type\":\"WebSite\",\"@id\":\"https:\/\/bonanza888.online\/es\/#website\",\"url\":\"https:\/\/bonanza888.online\/es\/\",\"name\":\"Bonanza\",\"description\":\"Just another WordPress site\",\"publisher\":{\"@id\":\"https:\/\/bonanza888.online\/es\/#organization\"},\"potentialAction\":[{\"@type\":\"SearchAction\",\"target\":{\"@type\":\"EntryPoint\",\"urlTemplate\":\"https:\/\/bonanza888.online\/es\/?s={search_term_string}\"},\"query-input\":{\"@type\":\"PropertyValueSpecification\",\"valueRequired\":true,\"valueName\":\"search_term_string\"}}],\"inLanguage\":\"ro-RO\"},{\"@type\":\"Organization\",\"@id\":\"https:\/\/bonanza888.online\/es\/#organization\",\"name\":\"Bonanza\",\"url\":\"https:\/\/bonanza888.online\/es\/\",\"logo\":{\"@type\":\"ImageObject\",\"inLanguage\":\"ro-RO\",\"@id\":\"https:\/\/bonanza888.online\/es\/#\/schema\/logo\/image\/\",\"url\":\"https:\/\/bonanza888.online\/wp-content\/uploads\/bonanza-logo.png\",\"contentUrl\":\"https:\/\/bonanza888.online\/wp-content\/uploads\/bonanza-logo.png\",\"width\":300,\"height\":82,\"caption\":\"Bonanza\"},\"image\":{\"@id\":\"https:\/\/bonanza888.online\/es\/#\/schema\/logo\/image\/\"}}]}<\/script>\n<!-- \/ Yoast SEO plugin. -->","yoast_head_json":{"title":"FAQ - Preguntas Frecuentes sobre Tragamonedas Bonanza","description":"Am adunat cele mai populare \u00eentreb\u0103ri \u0219i r\u0103spunsuri despre sloturile Bonanza. \u00centreb\u0103ri frecvente despre sloturile Bonanza la cazinourile online, unde po\u021bi juca pe bani reali.","robots":{"index":"index","follow":"follow","max-snippet":"max-snippet:-1","max-image-preview":"max-image-preview:large","max-video-preview":"max-video-preview:-1"},"canonical":"https:\/\/bonanza888.online\/ro\/faq-about-online-slots-bonanza\/","og_locale":"ro_RO","og_type":"article","og_title":"FAQ - Preguntas Frecuentes sobre Tragamonedas Bonanza","og_description":"Hemos recopilado las preguntas y respuestas m\u00e1s populares sobre las m\u00e1quinas tragamonedas Bonanza. Preguntas frecuentes sobre las tragamonedas Bonanza en casinos en l\u00ednea, donde puedes jugar por dinero real.","og_url":"https:\/\/bonanza888.online\/ro\/faq-about-online-slots-bonanza\/","og_site_name":"Bonanza","article_modified_time":"2024-04-07T01:35:07+00:00","twitter_card":"summary_large_image","twitter_misc":{"Timp estimat pentru citire":"22 de minute"},"schema":{"@context":"https:\/\/schema.org","@graph":[{"@type":"WebPage","@id":"https:\/\/bonanza888.online\/es\/faq-about-online-slots-bonanza\/","url":"https:\/\/bonanza888.online\/es\/faq-about-online-slots-bonanza\/","name":"FAQ - Preguntas Frecuentes sobre Tragamonedas Bonanza","isPartOf":{"@id":"https:\/\/bonanza888.online\/es\/#website"},"datePublished":"2024-02-07T17:18:51+00:00","dateModified":"2024-04-07T01:35:07+00:00","description":"Hemos recopilado las preguntas y respuestas m\u00e1s populares sobre las m\u00e1quinas tragamonedas Bonanza. Preguntas frecuentes sobre las tragamonedas Bonanza en casinos en l\u00ednea, donde puedes jugar por dinero real.","breadcrumb":{"@id":"https:\/\/bonanza888.online\/es\/faq-about-online-slots-bonanza\/#breadcrumb"},"inLanguage":"ro-RO","potentialAction":[{"@type":"ReadAction","target":["https:\/\/bonanza888.online\/es\/faq-about-online-slots-bonanza\/"]}]},{"@type":"BreadcrumbList","@id":"https:\/\/bonanza888.online\/es\/faq-about-online-slots-bonanza\/#breadcrumb","itemListElement":[{"@type":"ListItem","position":1,"name":"Home","item":"https:\/\/bonanza888.online\/es\/"},{"@type":"ListItem","position":2,"name":"Preguntas Frecuentes y Respuestas sobre Tragaperras en L\u00ednea Bonanza"}]},{"@type":"WebSite","@id":"https:\/\/bonanza888.online\/es\/#website","url":"https:\/\/bonanza888.online\/es\/","name":"Bonanza","description":"Just another WordPress site","publisher":{"@id":"https:\/\/bonanza888.online\/es\/#organization"},"potentialAction":[{"@type":"SearchAction","target":{"@type":"EntryPoint","urlTemplate":"https:\/\/bonanza888.online\/es\/?s={search_term_string}"},"query-input":{"@type":"PropertyValueSpecification","valueRequired":true,"valueName":"search_term_string"}}],"inLanguage":"ro-RO"},{"@type":"Organization","@id":"https:\/\/bonanza888.online\/es\/#organization","name":"Bonanza","url":"https:\/\/bonanza888.online\/es\/","logo":{"@type":"ImageObject","inLanguage":"ro-RO","@id":"https:\/\/bonanza888.online\/es\/#\/schema\/logo\/image\/","url":"https:\/\/bonanza888.online\/wp-content\/uploads\/bonanza-logo.png","contentUrl":"https:\/\/bonanza888.online\/wp-content\/uploads\/bonanza-logo.png","width":300,"height":82,"caption":"Bonanza"},"image":{"@id":"https:\/\/bonanza888.online\/es\/#\/schema\/logo\/image\/"}}]}},"_links":{"self":[{"href":"https:\/\/bonanza888.online\/ro\/wp-json\/wp\/v2\/pages\/12","targetHints":{"allow":["GET"]}}],"collection":[{"href":"https:\/\/bonanza888.online\/ro\/wp-json\/wp\/v2\/pages"}],"about":[{"href":"https:\/\/bonanza888.online\/ro\/wp-json\/wp\/v2\/types\/page"}],"author":[{"embeddable":true,"href":"https:\/\/bonanza888.online\/ro\/wp-json\/wp\/v2\/users\/1"}],"replies":[{"embeddable":true,"href":"https:\/\/bonanza888.online\/ro\/wp-json\/wp\/v2\/comments?post=12"}],"version-history":[{"count":39,"href":"https:\/\/bonanza888.online\/ro\/wp-json\/wp\/v2\/pages\/12\/revisions"}],"predecessor-version":[{"id":281,"href":"https:\/\/bonanza888.online\/ro\/wp-json\/wp\/v2\/pages\/12\/revisions\/281"}],"wp:attachment":[{"href":"https:\/\/bonanza888.online\/ro\/wp-json\/wp\/v2\/media?parent=12"}],"curies":[{"name":"wp","href":"https:\/\/api.w.org\/{rel}","templated":true}]}}