{"id":10,"date":"2024-02-07T17:16:16","date_gmt":"2024-02-07T17:16:16","guid":{"rendered":"https:\/\/bonanza888.online\/?page_id=10"},"modified":"2024-04-07T00:51:42","modified_gmt":"2024-04-07T00:51:42","slug":"game-strategy-in-online-slots-bonanza","status":"publish","type":"page","link":"https:\/\/bonanza888.online\/ro\/game-strategy-in-online-slots-bonanza\/","title":{"rendered":"Strategie de joc \u00een sloturile online Bonanza"},"content":{"rendered":"<p>Sloturile Bonanza sunt extrem de populare printre juc\u0103torii de cazino online datorit\u0103 caracteristicilor lor unice. De\u0219i sloturile depind \u00een mare m\u0103sur\u0103 de noroc, exist\u0103 anumite strategii care v\u0103 pot ajuta s\u0103 v\u0103 \u00eembun\u0103t\u0103\u021bi\u021bi \u0219ansele de succes. \u00cen acest articol, vom discuta mai multe aspecte cheie ale strategiei de joc \u00een sloturile Bonanza. Citind acest articol, ve\u021bi \u00een\u021belege mai bine cum s\u0103 juca\u021bi \u0219i s\u0103 c\u00e2\u0219tiga\u021bi jocurile numite Bonanza.<\/p>\n<h2><strong>\u00cen\u021belegerea regulilor jocului<\/strong><\/h2>\n<p>Primul \u0219i cel mai important pas este s\u0103 \u00een\u021belege\u021bi profund modul \u00een care func\u021bioneaz\u0103 jocul. Regulile diferitelor sloturi Bonanza pot fi diferite, dar toate se \u00eenv\u00e2rt \u00een jurul rotirii rolelor. Studia\u021bi tabelul de pl\u0103\u021bi pentru a \u00een\u021belege care sunt combina\u021biile cele mai valoroase. De obicei, fiecare joc con\u021bine informa\u021bii despre reguli \u0219i tabele de pl\u0103\u021bi.<\/p>\n<h2><strong>Gestionarea bugetului<\/strong><\/h2>\n<p>Gestionarea eficient\u0103 a bugetului dumneavoastr\u0103 este critic de important\u0103. Stabili\u021bi suma pe care sunte\u021bi dispus s\u0103 o cheltui\u021bi \u0219i nu o dep\u0103\u0219i\u021bi. Cu alte cuvinte, imagina\u021bi-v\u0103 c\u0103 a\u021bi pierdut acea sum\u0103. Distribui\u021bi \u00een mod inteligent pariurile pentru a v\u0103 asigura c\u0103 ave\u021bi suficient\u0103 bani pentru a participa la cel pu\u021bin 200 de runde. Acest lucru \u00ee\u0219i m\u0103re\u0219te \u0219ansele de a activa caracteristici bonus. Dac\u0103 soldul contului dumneavoastr\u0103 este suficient doar pentru, s\u0103 spunem, 30 de rotiri, \u0219ansele de a pierde sunt foarte mari. \u00cen astfel de sloturi, pute\u021bi c\u00e2\u0219tiga doar pe termen lung, a\u0219a c\u0103 asigura\u021bi-v\u0103 c\u0103 soldul dumneavoastr\u0103 este suficient pentru 200 de rotiri.<\/p>\n<h2><strong>Utilizarea bonusurilor \u0219i promo\u021biilor<\/strong><\/h2>\n<p>Multe cazinouri online ofer\u0103 bonusuri \u0219i promo\u021bii care pot cre\u0219te bugetul dumneavoastr\u0103 sau v\u0103 pot oferi rotiri suplimentare. Folosi\u021bi aceste oferte \u00een mod inteligent, dar verifica\u021bi cu aten\u021bie termenii \u0219i cerin\u021bele de pariere. Multe bonusuri \u0219i coduri promo\u021bionale au condi\u021bii care trebuie \u00eendeplinite pentru a ob\u021bine profit.<\/p>\n<h2><strong>Strategie de pariere<\/strong><\/h2>\n<p>De\u0219i m\u0103rimea pariului nu afecteaz\u0103 frecven\u021ba combina\u021biilor c\u00e2\u0219tig\u0103toare \u00een sloturile Bonanza, poate afecta semnificativ dimensiunea c\u00e2\u0219tigului. Unii juc\u0103tori prefer\u0103 s\u0103 fac\u0103 pariuri maxime, sper\u00e2nd la un c\u00e2\u0219tig mare, \u00een timp ce al\u021bii fac pariuri minime pentru a prelungi durata jocului. G\u0103si\u021bi echilibrul care vi se potrive\u0219te cel mai bine.<\/p>\n<h2><strong>R\u0103bdare \u0219i disciplin\u0103<\/strong><\/h2>\n<p>Bonanza, ca majoritatea sloturilor, poate prezenta o volatilitate ridicat\u0103. Acest lucru \u00eenseamn\u0103 c\u0103 c\u00e2\u0219tigurile pot fi rare, dar poten\u021bial mari. Este important s\u0103 v\u0103 men\u021bine\u021bi r\u0103bdarea \u0219i s\u0103 nu devia\u021bi de la strategia dumneavoastr\u0103 de gestionare a bugetului, chiar dac\u0103 sim\u021bi\u021bi c\u0103 norocul s-a \u00eentors \u00eempotriva dumneavoastr\u0103.<\/p>\n<h2><strong>Evaluarea riscurilor \u0219i \u00een\u021belegerea volatilit\u0103\u021bii<\/strong><\/h2>\n<p>\u00cen\u021belegerea volatilit\u0103\u021bii jocului v\u0103 poate ajuta s\u0103 v\u0103 adapta\u021bi strategia de pariere. \u00cen jocurile cu volatilitate mare precum Bonanza, se recomand\u0103 s\u0103 v\u0103 preg\u0103ti\u021bi pentru perioade f\u0103r\u0103 c\u00e2\u0219tiguri \u00een anticiparea pl\u0103\u021bilor mari. \u0218i s\u0103 \u00een\u021belege\u021bi c\u0103 pute\u021bi pierde \u00eentotdeauna. Niciodat\u0103 s\u0103 nu juca\u021bi cu bani pe care nu v\u0103 permite\u021bi s\u0103 \u00eei pierde\u021bi.<\/p>\n","protected":false},"excerpt":{"rendered":"<p>Sloturile Bonanza sunt extrem de populare printre juc\u0103torii de cazino online datorit\u0103 caracteristicilor lor unice. De\u0219i sloturile depind \u00een mare m\u0103sur\u0103 de noroc, exist\u0103 anumite strategii care v\u0103 pot ajuta s\u0103 v\u0103 \u00eembun\u0103t\u0103\u021bi\u021bi \u0219ansele de succes. \u00cen acest articol, vom discuta mai multe aspecte cheie ale strategiei de joc \u00een sloturile Bonanza. Citind acest articol, ve\u021bi \u00een\u021belege mai bine cum s\u0103 juca\u021bi \u0219i s\u0103 c\u00e2\u0219tiga\u021bi jocurile numite Bonanza. \u00cen\u021belegerea regulilor jocului Primul \u0219i cel mai&hellip; <\/p>\n","protected":false},"author":1,"featured_media":0,"parent":0,"menu_order":0,"comment_status":"closed","ping_status":"closed","template":"","meta":{"footnotes":""},"class_list":["post-10","page","type-page","status-publish","hentry"],"yoast_head":"<!-- This site is optimized with the Yoast SEO plugin v27.2 - https:\/\/yoast.com\/product\/yoast-seo-wordpress\/ -->\n<title>Estrat\u00e9gia e t\u00e1ticas de jogo em slots Bonanza<\/title>\n<meta name=\"description\" content=\"Cum s\u0103 joci \u0219i s\u0103 c\u00e2\u0219tigi \u00een jocul online Bonanza. C\u00e2\u0219tig\u0103 bani reali \u00een jocul Bonanza la cazinourile online.\" \/>\n<meta name=\"robots\" content=\"index, follow, max-snippet:-1, max-image-preview:large, max-video-preview:-1\" \/>\n<link rel=\"canonical\" href=\"https:\/\/bonanza888.online\/ro\/game-strategy-in-online-slots-bonanza\/\" \/>\n<meta property=\"og:locale\" content=\"ro_RO\" \/>\n<meta property=\"og:locale:alternate\" content=\"ru_RU\" \/>\n<meta property=\"og:locale:alternate\" content=\"en_US\" \/>\n<meta property=\"og:locale:alternate\" content=\"pt_PT\" \/>\n<meta property=\"og:locale:alternate\" content=\"es_ES\" \/>\n<meta property=\"og:locale:alternate\" content=\"sr_RS\" \/>\n<meta property=\"og:locale:alternate\" content=\"bg_BG\" \/>\n<meta property=\"og:locale:alternate\" content=\"it_IT\" \/>\n<meta property=\"og:locale:alternate\" content=\"fr_FR\" \/>\n<meta property=\"og:locale:alternate\" content=\"de_DE\" \/>\n<meta property=\"og:locale:alternate\" content=\"pl_PL\" \/>\n<meta property=\"og:type\" content=\"article\" \/>\n<meta property=\"og:title\" content=\"Estrat\u00e9gia e t\u00e1ticas de jogo em slots Bonanza\" \/>\n<meta property=\"og:description\" content=\"Como jogar e vencer no jogo online Bonanza. Ganhar dinheiro real no jogo Bonanza em cassinos online.\" \/>\n<meta property=\"og:url\" content=\"https:\/\/bonanza888.online\/ro\/game-strategy-in-online-slots-bonanza\/\" \/>\n<meta property=\"og:site_name\" content=\"Bonanza\" \/>\n<meta property=\"article:modified_time\" content=\"2024-04-07T00:51:42+00:00\" \/>\n<meta name=\"twitter:card\" content=\"summary_large_image\" \/>\n<meta name=\"twitter:label1\" content=\"Timp estimat pentru citire\" \/>\n\t<meta name=\"twitter:data1\" content=\"19 minute\" \/>\n<script type=\"application\/ld+json\" class=\"yoast-schema-graph\">{\"@context\":\"https:\/\/schema.org\",\"@graph\":[{\"@type\":\"WebPage\",\"@id\":\"https:\/\/bonanza888.online\/pt\/game-strategy-in-online-slots-bonanza\/\",\"url\":\"https:\/\/bonanza888.online\/pt\/game-strategy-in-online-slots-bonanza\/\",\"name\":\"Estrat\u00e9gia e t\u00e1ticas de jogo em slots Bonanza\",\"isPartOf\":{\"@id\":\"https:\/\/bonanza888.online\/es\/#website\"},\"datePublished\":\"2024-02-07T17:16:16+00:00\",\"dateModified\":\"2024-04-07T00:51:42+00:00\",\"description\":\"Como jogar e vencer no jogo online Bonanza. Ganhar dinheiro real no jogo Bonanza em cassinos online.\",\"breadcrumb\":{\"@id\":\"https:\/\/bonanza888.online\/pt\/game-strategy-in-online-slots-bonanza\/#breadcrumb\"},\"inLanguage\":\"ro-RO\",\"potentialAction\":[{\"@type\":\"ReadAction\",\"target\":[\"https:\/\/bonanza888.online\/pt\/game-strategy-in-online-slots-bonanza\/\"]}]},{\"@type\":\"BreadcrumbList\",\"@id\":\"https:\/\/bonanza888.online\/pt\/game-strategy-in-online-slots-bonanza\/#breadcrumb\",\"itemListElement\":[{\"@type\":\"ListItem\",\"position\":1,\"name\":\"Home\",\"item\":\"https:\/\/bonanza888.online\/es\/\"},{\"@type\":\"ListItem\",\"position\":2,\"name\":\"Estrat\u00e9gia de Jogo em Ca\u00e7a-N\u00edqueis Online Bonanza\"}]},{\"@type\":\"WebSite\",\"@id\":\"https:\/\/bonanza888.online\/es\/#website\",\"url\":\"https:\/\/bonanza888.online\/es\/\",\"name\":\"Bonanza\",\"description\":\"Just another WordPress site\",\"publisher\":{\"@id\":\"https:\/\/bonanza888.online\/es\/#organization\"},\"potentialAction\":[{\"@type\":\"SearchAction\",\"target\":{\"@type\":\"EntryPoint\",\"urlTemplate\":\"https:\/\/bonanza888.online\/es\/?s={search_term_string}\"},\"query-input\":{\"@type\":\"PropertyValueSpecification\",\"valueRequired\":true,\"valueName\":\"search_term_string\"}}],\"inLanguage\":\"ro-RO\"},{\"@type\":\"Organization\",\"@id\":\"https:\/\/bonanza888.online\/es\/#organization\",\"name\":\"Bonanza\",\"url\":\"https:\/\/bonanza888.online\/es\/\",\"logo\":{\"@type\":\"ImageObject\",\"inLanguage\":\"ro-RO\",\"@id\":\"https:\/\/bonanza888.online\/es\/#\/schema\/logo\/image\/\",\"url\":\"https:\/\/bonanza888.online\/wp-content\/uploads\/bonanza-logo.png\",\"contentUrl\":\"https:\/\/bonanza888.online\/wp-content\/uploads\/bonanza-logo.png\",\"width\":300,\"height\":82,\"caption\":\"Bonanza\"},\"image\":{\"@id\":\"https:\/\/bonanza888.online\/es\/#\/schema\/logo\/image\/\"}}]}<\/script>\n<!-- \/ Yoast SEO plugin. -->","yoast_head_json":{"title":"Estrat\u00e9gia e t\u00e1ticas de jogo em slots Bonanza","description":"Cum s\u0103 joci \u0219i s\u0103 c\u00e2\u0219tigi \u00een jocul online Bonanza. C\u00e2\u0219tig\u0103 bani reali \u00een jocul Bonanza la cazinourile online.","robots":{"index":"index","follow":"follow","max-snippet":"max-snippet:-1","max-image-preview":"max-image-preview:large","max-video-preview":"max-video-preview:-1"},"canonical":"https:\/\/bonanza888.online\/ro\/game-strategy-in-online-slots-bonanza\/","og_locale":"ro_RO","og_type":"article","og_title":"Estrat\u00e9gia e t\u00e1ticas de jogo em slots Bonanza","og_description":"Como jogar e vencer no jogo online Bonanza. Ganhar dinheiro real no jogo Bonanza em cassinos online.","og_url":"https:\/\/bonanza888.online\/ro\/game-strategy-in-online-slots-bonanza\/","og_site_name":"Bonanza","article_modified_time":"2024-04-07T00:51:42+00:00","twitter_card":"summary_large_image","twitter_misc":{"Timp estimat pentru citire":"19 minute"},"schema":{"@context":"https:\/\/schema.org","@graph":[{"@type":"WebPage","@id":"https:\/\/bonanza888.online\/pt\/game-strategy-in-online-slots-bonanza\/","url":"https:\/\/bonanza888.online\/pt\/game-strategy-in-online-slots-bonanza\/","name":"Estrat\u00e9gia e t\u00e1ticas de jogo em slots Bonanza","isPartOf":{"@id":"https:\/\/bonanza888.online\/es\/#website"},"datePublished":"2024-02-07T17:16:16+00:00","dateModified":"2024-04-07T00:51:42+00:00","description":"Como jogar e vencer no jogo online Bonanza. Ganhar dinheiro real no jogo Bonanza em cassinos online.","breadcrumb":{"@id":"https:\/\/bonanza888.online\/pt\/game-strategy-in-online-slots-bonanza\/#breadcrumb"},"inLanguage":"ro-RO","potentialAction":[{"@type":"ReadAction","target":["https:\/\/bonanza888.online\/pt\/game-strategy-in-online-slots-bonanza\/"]}]},{"@type":"BreadcrumbList","@id":"https:\/\/bonanza888.online\/pt\/game-strategy-in-online-slots-bonanza\/#breadcrumb","itemListElement":[{"@type":"ListItem","position":1,"name":"Home","item":"https:\/\/bonanza888.online\/es\/"},{"@type":"ListItem","position":2,"name":"Estrat\u00e9gia de Jogo em Ca\u00e7a-N\u00edqueis Online Bonanza"}]},{"@type":"WebSite","@id":"https:\/\/bonanza888.online\/es\/#website","url":"https:\/\/bonanza888.online\/es\/","name":"Bonanza","description":"Just another WordPress site","publisher":{"@id":"https:\/\/bonanza888.online\/es\/#organization"},"potentialAction":[{"@type":"SearchAction","target":{"@type":"EntryPoint","urlTemplate":"https:\/\/bonanza888.online\/es\/?s={search_term_string}"},"query-input":{"@type":"PropertyValueSpecification","valueRequired":true,"valueName":"search_term_string"}}],"inLanguage":"ro-RO"},{"@type":"Organization","@id":"https:\/\/bonanza888.online\/es\/#organization","name":"Bonanza","url":"https:\/\/bonanza888.online\/es\/","logo":{"@type":"ImageObject","inLanguage":"ro-RO","@id":"https:\/\/bonanza888.online\/es\/#\/schema\/logo\/image\/","url":"https:\/\/bonanza888.online\/wp-content\/uploads\/bonanza-logo.png","contentUrl":"https:\/\/bonanza888.online\/wp-content\/uploads\/bonanza-logo.png","width":300,"height":82,"caption":"Bonanza"},"image":{"@id":"https:\/\/bonanza888.online\/es\/#\/schema\/logo\/image\/"}}]}},"_links":{"self":[{"href":"https:\/\/bonanza888.online\/ro\/wp-json\/wp\/v2\/pages\/10","targetHints":{"allow":["GET"]}}],"collection":[{"href":"https:\/\/bonanza888.online\/ro\/wp-json\/wp\/v2\/pages"}],"about":[{"href":"https:\/\/bonanza888.online\/ro\/wp-json\/wp\/v2\/types\/page"}],"author":[{"embeddable":true,"href":"https:\/\/bonanza888.online\/ro\/wp-json\/wp\/v2\/users\/1"}],"replies":[{"embeddable":true,"href":"https:\/\/bonanza888.online\/ro\/wp-json\/wp\/v2\/comments?post=10"}],"version-history":[{"count":29,"href":"https:\/\/bonanza888.online\/ro\/wp-json\/wp\/v2\/pages\/10\/revisions"}],"predecessor-version":[{"id":266,"href":"https:\/\/bonanza888.online\/ro\/wp-json\/wp\/v2\/pages\/10\/revisions\/266"}],"wp:attachment":[{"href":"https:\/\/bonanza888.online\/ro\/wp-json\/wp\/v2\/media?parent=10"}],"curies":[{"name":"wp","href":"https:\/\/api.w.org\/{rel}","templated":true}]}}