{"id":6,"date":"2024-02-07T16:24:34","date_gmt":"2024-02-07T16:24:34","guid":{"rendered":"https:\/\/bonanza888.online\/?page_id=6"},"modified":"2024-04-07T01:16:40","modified_gmt":"2024-04-07T01:16:40","slug":"what-are-online-slots-bonanza","status":"publish","type":"page","link":"https:\/\/bonanza888.online\/pt\/","title":{"rendered":"O Que S\u00e3o Ca\u00e7a-N\u00edqueis Online Bonanza"},"content":{"rendered":"<p>Os slots online Bonanza s\u00e3o uma categoria de m\u00e1quinas ca\u00e7a-n\u00edqueis em cassinos online que frequentemente t\u00eam a palavra Bonanza em seu nome devido a um tema comum relacionado \u00e0 riqueza. Os slots Bonanza est\u00e3o frequentemente associados \u00e0 minera\u00e7\u00e3o de ouro ou gemas preciosas, bem como ao potencial de grandes vit\u00f3rias. O consenso geral entre os jogadores \u00e9 que estes s\u00e3o slots generosos que oferecem recompensas em dinheiro real. Aqui est\u00e3o algumas caracter\u00edsticas-chave comumente associadas aos slots online Bonanza:<\/p>\n<ul>\n<li><strong>Temas Interessantes<\/strong><br \/>\nOs slots Bonanza geralmente est\u00e3o associados a temas de minera\u00e7\u00e3o de ouro, gemas preciosas ou outras formas de riqueza, criando uma experi\u00eancia de jogo envolvente. Eles s\u00e3o slots muito coloridos que criam um \u00f3timo clima.<\/li>\n<li><strong>Mec\u00e2nica Megaways<\/strong><br \/>\nMuitos slots Bonanza usam a mec\u00e2nica Megaways da Big Time Gaming, que oferece milhares de maneiras de ganhar em cada rodada devido ao n\u00famero vari\u00e1vel de s\u00edmbolos nos rolos. Isso \u00e9 caracter\u00edstico de um n\u00famero limitado de slots Bonanza, mas \u00e9 essa caracter\u00edstica que se tornou associada aos slots Bonanza recentemente.<\/li>\n<li><strong>Recursos de B\u00f4nus<\/strong><br \/>\nOs slots Bonanza frequentemente incluem v\u00e1rios recursos de b\u00f4nus, como giros gr\u00e1tis, multiplicadores, rolos em cascata e s\u00edmbolos especiais como coringas e dispersos. A abund\u00e2ncia de recursos extras torna o jogo mais emocionante e pode aumentar significativamente os ganhos, tanto em termos de valores quanto de probabilidade.<\/li>\n<li><strong>Alta Volatilidade<\/strong><br \/>\nEsses jogos s\u00e3o frequentemente caracterizados por alta volatilidade, o que significa o potencial de vit\u00f3rias muito grandes, mas tamb\u00e9m pagamentos menos frequentes. Em outras palavras, jogar slots Bonanza \u00e9 arriscado.<\/li>\n<li><strong>Gr\u00e1ficos e Efeitos Sonoros<\/strong><br \/>\nOs slots Bonanza online geralmente apresentam gr\u00e1ficos e efeitos sonoros de alta qualidade, criando uma atmosfera imersiva e aprimorando a experi\u00eancia de jogo.<\/li>\n<\/ul>\n<p>Os slots Bonanza s\u00e3o populares entre os jogadores devido \u00e0 sua jogabilidade emocionante, temas interessantes e potencial para grandes vit\u00f3rias.<\/p>\n<h2><strong>Por que eles s\u00e3o chamados de slots Bonanza?<\/strong><\/h2>\n<p>Muitos jogadores se perguntam por que os slots s\u00e3o chamados de Bonanza. Os slots com o nome Bonanza geralmente usam este t\u00edtulo para transmitir uma sensa\u00e7\u00e3o de riqueza, sorte e a oportunidade de obter uma grande quantidade de objetos de valor. A palavra &#8220;bonanza&#8221; tem origens espanholas e era originalmente usada para denotar uma rica veia de min\u00e9rio ou uma grande descoberta de metais preciosos, especialmente ouro ou prata. Aqui est\u00e3o v\u00e1rias raz\u00f5es pelas quais este nome se adequa aos slots:<\/p>\n<ul>\n<li><strong>Associa\u00e7\u00f5es com Riqueza<\/strong><br \/>\nComo &#8220;bonanza&#8221; est\u00e1 associado \u00e0 abund\u00e2ncia e \u00e0 riqueza, esse nome atrai jogadores que buscam grandes vit\u00f3rias em cassinos online. Isso \u00e9 especialmente verdadeiro em pa\u00edses de l\u00edngua espanhola, onde a palavra em si se tornou uma ferramenta de marketing para anunciar jogos Bonanza.<\/li>\n<li><strong>Tema de Minera\u00e7\u00e3o<\/strong><br \/>\nMuitos slots Bonanza giram em torno do tema da minera\u00e7\u00e3o de metais preciosos, o que se alinha perfeitamente com a ideia de uma &#8220;bonanza&#8221; como uma descoberta significativa. O tema da minera\u00e7\u00e3o em si tem se mostrado muito atraente para m\u00e1quinas ca\u00e7a-n\u00edqueis. Afinal, em uma m\u00e1quina ca\u00e7a-n\u00edqueis, voc\u00ea tamb\u00e9m precisa &#8220;minerar&#8221; dinheiro.<\/li>\n<li><strong>Apelo de Marketing<\/strong><br \/>\nO nome Bonanza \u00e9 facilmente memor\u00e1vel em todos os idiomas, \u00e9 brilhante, cria associa\u00e7\u00f5es positivas e pode chamar a aten\u00e7\u00e3o para o slot em meio a uma infinidade de outros jogos.<\/li>\n<\/ul>\n<h2><strong>Caracter\u00edsticas Comuns Entre os Slots Bonanza<\/strong><\/h2>\n<p>V\u00e1rios slots com o nome Bonanza em cassinos online, apesar de suas diferen\u00e7as, frequentemente compartilham v\u00e1rias caracter\u00edsticas comuns, com base na popularidade do slot original &#8220;Bonanza&#8221; da Big Time Gaming. Aqui est\u00e3o algumas das caracter\u00edsticas comuns que voc\u00ea pode encontrar nos jogos Bonanza em diferentes cassinos online:<\/p>\n<ul>\n<li><strong>Tema de Minera\u00e7\u00e3o ou Explora\u00e7\u00e3o<\/strong><br \/>\nMuitos slots Bonanza giram em torno do tema da minera\u00e7\u00e3o de metais preciosos ou gemas, o que se reflete nos s\u00edmbolos e no design do jogo. Este tema tem se mostrado muito atraente para m\u00e1quinas ca\u00e7a-n\u00edqueis e \u00e9 apreciado pelos jogadores.<\/li>\n<li><strong>Mec\u00e2nica Megaways<\/strong><br \/>\nUma das caracter\u00edsticas principais do slot original Bonanza \u00e9 a mec\u00e2nica Megaways, que oferece um enorme n\u00famero de combina\u00e7\u00f5es potenciais de vit\u00f3ria. Muitos slots Bonanza subsequentes tamb\u00e9m usam essa mec\u00e2nica ou algo semelhante, proporcionando uma jogabilidade din\u00e2mica e imprevis\u00edvel. Claro, isso distingue as m\u00e1quinas ca\u00e7a-n\u00edqueis de uma maneira favor\u00e1vel, tornando o slot mais interessante de jogar.<\/li>\n<li><strong>Giros Gr\u00e1tis e Multiplicadores<\/strong><br \/>\nOs slots Bonanza frequentemente oferecem rodadas de b\u00f4nus com giros gr\u00e1tis e multiplicadores, que podem aumentar significativamente os ganhos do jogador. Isso \u00e9 bem-vindo pelos jogadores.<\/li>\n<li><strong>Roletas em Cascata<\/strong><br \/>\nMuitos jogos apresentam a funcionalidade de roletas em cascata, onde os s\u00edmbolos vencedores desaparecem e novos s\u00edmbolos caem no lugar deles, potencialmente levando a uma s\u00e9rie de vit\u00f3rias.<\/li>\n<li><strong>Alta Volatilidade<\/strong><br \/>\nOs slots Bonanza s\u00e3o frequentemente caracterizados por alta volatilidade, o que significa o potencial de vit\u00f3rias muito grandes, mas menos vit\u00f3rias frequentes.<\/li>\n<\/ul>\n<p>Observe que nem todos os slots com o nome Bonanza ter\u00e3o todas essas caracter\u00edsticas, e diferentes desenvolvedores podem introduzir seus pr\u00f3prios recursos e varia\u00e7\u00f5es \u00fanicas. Os slots Bonanza geralmente t\u00eam apar\u00eancias muito diferentes entre si, mas compartilham muitas semelhan\u00e7as.<\/p>\n<h2><strong>Os Slots Bonanza Mais Famosos<\/strong><\/h2>\n<p>Entre os slots com o nome &#8220;Bonanza&#8221;, alguns se tornaram particularmente populares e conhecidos entre os jogadores de cassino online. Aqui est\u00e3o alguns dos mais famosos:<\/p>\n<ol>\n<li><strong>Bonanza Megaways (Big Time Gaming): <\/strong>Um dos primeiros e mais populares slots com a mec\u00e2nica Megaways. Este jogo online se tornou revolucion\u00e1rio gra\u00e7as ao seu recurso \u00fanico, oferecendo at\u00e9 117.649 formas de ganhar, al\u00e9m de uma emocionante rodada de b\u00f4nus com giros gr\u00e1tis e multiplicadores crescentes.<\/li>\n<li><strong>Sweet Bonanza (Pragmatic Play):<\/strong> Este slot se destaca dos outros jogos Bonanza com seu tema de doces e frutas. \u00c9 conhecido por suas cores vibrantes, atmosfera alegre e recurso Tumble, que permite que combina\u00e7\u00f5es vencedoras desapare\u00e7am e deem lugar a novos s\u00edmbolos.<\/li>\n<li><strong>Gems Bonanza (Pragmatic Play):<\/strong> Este slot \u00e9 dedicado a gemas preciosas e oferece uma jogabilidade \u00fanica em grade 8&#215;8. O jogo possui muitos recursos, incluindo modificadores aleat\u00f3rios e um grande potencial de ganhos devido a vit\u00f3rias em cascata e multiplicadores.<\/li>\n<\/ol>\n<p>Esses slots se tornaram populares devido \u00e0s suas mec\u00e2nicas inovadoras, temas interessantes e potencial para grandes vit\u00f3rias. Cada jogo tem seus recursos \u00fanicos que o tornam envolvente e o distinguem de outros slots no mercado.<\/p>\n<h2><strong>Perguntas Mais Frequentes Sobre os Slots Bonanza em Cassinos Online<\/strong><\/h2>\n<p><strong>O que s\u00e3o slots Bonanza?<\/strong><\/p>\n<p>Os slots Bonanza s\u00e3o uma categoria de m\u00e1quinas ca\u00e7a-n\u00edqueis online que frequentemente apresentam temas de minera\u00e7\u00e3o de metais preciosos ou pedras e s\u00e3o conhecidos por seus recursos \u00fanicos, como a mec\u00e2nica Megaways, giros gr\u00e1tis, multiplicadores e alta volatilidade, oferecendo aos jogadores o potencial para grandes vit\u00f3rias.<\/p>\n<p><strong>O que torna a mec\u00e2nica Megaways especial nos slots Bonanza?<\/strong><\/p>\n<p>A mec\u00e2nica Megaways, frequentemente usada nos slots Bonanza, oferece um n\u00famero vari\u00e1vel de s\u00edmbolos em cada rolo a cada rodada, criando milhares de formas potenciais de ganhar, tornando o jogo imprevis\u00edvel e din\u00e2mico.<\/p>\n<p><strong>Posso jogar slots Bonanza de gra\u00e7a?<\/strong><\/p>\n<p>Sim, muitos cassinos online oferecem vers\u00f5es de demonstra\u00e7\u00e3o dos slots Bonanza, permitindo que os jogadores experimentem os jogos gratuitamente sem arriscar dinheiro real.<\/p>\n<p><strong>Quais s\u00e3o os slots Bonanza mais populares?<\/strong><\/p>\n<p>Entre os slots Bonanza mais populares est\u00e3o &#8220;Bonanza Megaways&#8221; da Big Time Gaming, &#8220;Sweet Bonanza&#8221; da Pragmatic Play e &#8220;Gems Bonanza&#8221;, tamb\u00e9m da Pragmatic Play. Esses jogos chamam a aten\u00e7\u00e3o com seus recursos \u00fanicos e potencial para grandes vit\u00f3rias.<\/p>\n<p><strong>O que significa alta volatilidade nos slots Bonanza?<\/strong><\/p>\n<p>Alta volatilidade nos slots Bonanza significa que os jogos podem oferecer vit\u00f3rias muito grandes, mas essas vit\u00f3rias ocorrem com menos frequ\u00eancia. Isso torna o jogo mais arriscado, mas tamb\u00e9m mais emocionante para alguns jogadores que buscam grandes vit\u00f3rias.<\/p>\n","protected":false},"excerpt":{"rendered":"<p>Os slots online Bonanza s\u00e3o uma categoria de m\u00e1quinas ca\u00e7a-n\u00edqueis em cassinos online que frequentemente t\u00eam a palavra Bonanza em seu nome devido a um tema comum relacionado \u00e0 riqueza. Os slots Bonanza est\u00e3o frequentemente associados \u00e0 minera\u00e7\u00e3o de ouro ou gemas preciosas, bem como ao potencial de grandes vit\u00f3rias. O consenso geral entre os jogadores \u00e9 que estes s\u00e3o slots generosos que oferecem recompensas em dinheiro real. Aqui est\u00e3o algumas caracter\u00edsticas-chave comumente associadas aos&hellip; <\/p>\n","protected":false},"author":1,"featured_media":0,"parent":0,"menu_order":0,"comment_status":"closed","ping_status":"closed","template":"","meta":{"footnotes":""},"class_list":["post-6","page","type-page","status-publish","hentry"],"yoast_head":"<!-- This site is optimized with the Yoast SEO plugin v27.2 - https:\/\/yoast.com\/product\/yoast-seo-wordpress\/ -->\n<title>Juegos Bonanza en Casinos en L\u00ednea<\/title>\n<meta name=\"description\" content=\"Jogue jogos Bonanza online por dinheiro real em cassinos online. Slot online Bonanza, jogue e ganhe m\u00e1quinas ca\u00e7a-n\u00edqueis Bonanza, em qual slot Bonanza jogar\" \/>\n<meta name=\"robots\" content=\"index, follow, max-snippet:-1, max-image-preview:large, max-video-preview:-1\" \/>\n<link rel=\"canonical\" href=\"https:\/\/bonanza888.online\/pt\/\" \/>\n<meta property=\"og:locale\" content=\"pt_PT\" \/>\n<meta property=\"og:locale:alternate\" content=\"ru_RU\" \/>\n<meta property=\"og:locale:alternate\" content=\"en_US\" \/>\n<meta property=\"og:locale:alternate\" content=\"es_ES\" \/>\n<meta property=\"og:locale:alternate\" content=\"sr_RS\" \/>\n<meta property=\"og:locale:alternate\" content=\"bg_BG\" \/>\n<meta property=\"og:locale:alternate\" content=\"ro_RO\" \/>\n<meta property=\"og:locale:alternate\" content=\"it_IT\" \/>\n<meta property=\"og:locale:alternate\" content=\"fr_FR\" \/>\n<meta property=\"og:locale:alternate\" content=\"de_DE\" \/>\n<meta property=\"og:locale:alternate\" content=\"pl_PL\" \/>\n<meta property=\"og:type\" content=\"article\" \/>\n<meta property=\"og:title\" content=\"Juegos Bonanza en Casinos en L\u00ednea\" \/>\n<meta property=\"og:description\" content=\"Juega juegos Bonanza en l\u00ednea por dinero real en casinos en l\u00ednea. Tragamonedas en l\u00ednea Bonanza, juega y gana m\u00e1quinas tragamonedas Bonanza, \u00bfen qu\u00e9 tragamonedas Bonanza jugar?\" \/>\n<meta property=\"og:url\" content=\"https:\/\/bonanza888.online\/pt\/\" \/>\n<meta property=\"og:site_name\" content=\"Bonanza\" \/>\n<meta property=\"article:modified_time\" content=\"2024-04-07T01:16:40+00:00\" \/>\n<meta name=\"twitter:card\" content=\"summary_large_image\" \/>\n<meta name=\"twitter:label1\" content=\"Tempo estimado de leitura\" \/>\n\t<meta name=\"twitter:data1\" content=\"53 minutos\" \/>\n<script type=\"application\/ld+json\" class=\"yoast-schema-graph\">{\"@context\":\"https:\/\/schema.org\",\"@graph\":[{\"@type\":\"WebPage\",\"@id\":\"https:\/\/bonanza888.online\/es\/\",\"url\":\"https:\/\/bonanza888.online\/es\/\",\"name\":\"Juegos Bonanza en Casinos en L\u00ednea\",\"isPartOf\":{\"@id\":\"https:\/\/bonanza888.online\/es\/#website\"},\"datePublished\":\"2024-02-07T16:24:34+00:00\",\"dateModified\":\"2024-04-07T01:16:40+00:00\",\"description\":\"Juega juegos Bonanza en l\u00ednea por dinero real en casinos en l\u00ednea. Tragamonedas en l\u00ednea Bonanza, juega y gana m\u00e1quinas tragamonedas Bonanza, \u00bfen qu\u00e9 tragamonedas Bonanza jugar?\",\"breadcrumb\":{\"@id\":\"https:\/\/bonanza888.online\/es\/#breadcrumb\"},\"inLanguage\":\"pt-PT\",\"potentialAction\":[{\"@type\":\"ReadAction\",\"target\":[\"https:\/\/bonanza888.online\/es\/\"]}]},{\"@type\":\"BreadcrumbList\",\"@id\":\"https:\/\/bonanza888.online\/es\/#breadcrumb\",\"itemListElement\":[{\"@type\":\"ListItem\",\"position\":1,\"name\":\"Home\",\"item\":\"https:\/\/bonanza888.online\/es\/\"},{\"@type\":\"ListItem\",\"position\":2,\"name\":\"Qu\u00e9 Son las Tragaperras en L\u00ednea Bonanza\"}]},{\"@type\":\"WebSite\",\"@id\":\"https:\/\/bonanza888.online\/es\/#website\",\"url\":\"https:\/\/bonanza888.online\/es\/\",\"name\":\"Bonanza\",\"description\":\"Just another WordPress site\",\"publisher\":{\"@id\":\"https:\/\/bonanza888.online\/es\/#organization\"},\"potentialAction\":[{\"@type\":\"SearchAction\",\"target\":{\"@type\":\"EntryPoint\",\"urlTemplate\":\"https:\/\/bonanza888.online\/es\/?s={search_term_string}\"},\"query-input\":{\"@type\":\"PropertyValueSpecification\",\"valueRequired\":true,\"valueName\":\"search_term_string\"}}],\"inLanguage\":\"pt-PT\"},{\"@type\":\"Organization\",\"@id\":\"https:\/\/bonanza888.online\/es\/#organization\",\"name\":\"Bonanza\",\"url\":\"https:\/\/bonanza888.online\/es\/\",\"logo\":{\"@type\":\"ImageObject\",\"inLanguage\":\"pt-PT\",\"@id\":\"https:\/\/bonanza888.online\/es\/#\/schema\/logo\/image\/\",\"url\":\"https:\/\/bonanza888.online\/wp-content\/uploads\/bonanza-logo.png\",\"contentUrl\":\"https:\/\/bonanza888.online\/wp-content\/uploads\/bonanza-logo.png\",\"width\":300,\"height\":82,\"caption\":\"Bonanza\"},\"image\":{\"@id\":\"https:\/\/bonanza888.online\/es\/#\/schema\/logo\/image\/\"}}]}<\/script>\n<!-- \/ Yoast SEO plugin. -->","yoast_head_json":{"title":"Juegos Bonanza en Casinos en L\u00ednea","description":"Jogue jogos Bonanza online por dinheiro real em cassinos online. Slot online Bonanza, jogue e ganhe m\u00e1quinas ca\u00e7a-n\u00edqueis Bonanza, em qual slot Bonanza jogar","robots":{"index":"index","follow":"follow","max-snippet":"max-snippet:-1","max-image-preview":"max-image-preview:large","max-video-preview":"max-video-preview:-1"},"canonical":"https:\/\/bonanza888.online\/pt\/","og_locale":"pt_PT","og_type":"article","og_title":"Juegos Bonanza en Casinos en L\u00ednea","og_description":"Juega juegos Bonanza en l\u00ednea por dinero real en casinos en l\u00ednea. Tragamonedas en l\u00ednea Bonanza, juega y gana m\u00e1quinas tragamonedas Bonanza, \u00bfen qu\u00e9 tragamonedas Bonanza jugar?","og_url":"https:\/\/bonanza888.online\/pt\/","og_site_name":"Bonanza","article_modified_time":"2024-04-07T01:16:40+00:00","twitter_card":"summary_large_image","twitter_misc":{"Tempo estimado de leitura":"53 minutos"},"schema":{"@context":"https:\/\/schema.org","@graph":[{"@type":"WebPage","@id":"https:\/\/bonanza888.online\/es\/","url":"https:\/\/bonanza888.online\/es\/","name":"Juegos Bonanza en Casinos en L\u00ednea","isPartOf":{"@id":"https:\/\/bonanza888.online\/es\/#website"},"datePublished":"2024-02-07T16:24:34+00:00","dateModified":"2024-04-07T01:16:40+00:00","description":"Juega juegos Bonanza en l\u00ednea por dinero real en casinos en l\u00ednea. Tragamonedas en l\u00ednea Bonanza, juega y gana m\u00e1quinas tragamonedas Bonanza, \u00bfen qu\u00e9 tragamonedas Bonanza jugar?","breadcrumb":{"@id":"https:\/\/bonanza888.online\/es\/#breadcrumb"},"inLanguage":"pt-PT","potentialAction":[{"@type":"ReadAction","target":["https:\/\/bonanza888.online\/es\/"]}]},{"@type":"BreadcrumbList","@id":"https:\/\/bonanza888.online\/es\/#breadcrumb","itemListElement":[{"@type":"ListItem","position":1,"name":"Home","item":"https:\/\/bonanza888.online\/es\/"},{"@type":"ListItem","position":2,"name":"Qu\u00e9 Son las Tragaperras en L\u00ednea Bonanza"}]},{"@type":"WebSite","@id":"https:\/\/bonanza888.online\/es\/#website","url":"https:\/\/bonanza888.online\/es\/","name":"Bonanza","description":"Just another WordPress site","publisher":{"@id":"https:\/\/bonanza888.online\/es\/#organization"},"potentialAction":[{"@type":"SearchAction","target":{"@type":"EntryPoint","urlTemplate":"https:\/\/bonanza888.online\/es\/?s={search_term_string}"},"query-input":{"@type":"PropertyValueSpecification","valueRequired":true,"valueName":"search_term_string"}}],"inLanguage":"pt-PT"},{"@type":"Organization","@id":"https:\/\/bonanza888.online\/es\/#organization","name":"Bonanza","url":"https:\/\/bonanza888.online\/es\/","logo":{"@type":"ImageObject","inLanguage":"pt-PT","@id":"https:\/\/bonanza888.online\/es\/#\/schema\/logo\/image\/","url":"https:\/\/bonanza888.online\/wp-content\/uploads\/bonanza-logo.png","contentUrl":"https:\/\/bonanza888.online\/wp-content\/uploads\/bonanza-logo.png","width":300,"height":82,"caption":"Bonanza"},"image":{"@id":"https:\/\/bonanza888.online\/es\/#\/schema\/logo\/image\/"}}]}},"_links":{"self":[{"href":"https:\/\/bonanza888.online\/pt\/wp-json\/wp\/v2\/pages\/6","targetHints":{"allow":["GET"]}}],"collection":[{"href":"https:\/\/bonanza888.online\/pt\/wp-json\/wp\/v2\/pages"}],"about":[{"href":"https:\/\/bonanza888.online\/pt\/wp-json\/wp\/v2\/types\/page"}],"author":[{"embeddable":true,"href":"https:\/\/bonanza888.online\/pt\/wp-json\/wp\/v2\/users\/1"}],"replies":[{"embeddable":true,"href":"https:\/\/bonanza888.online\/pt\/wp-json\/wp\/v2\/comments?post=6"}],"version-history":[{"count":35,"href":"https:\/\/bonanza888.online\/pt\/wp-json\/wp\/v2\/pages\/6\/revisions"}],"predecessor-version":[{"id":276,"href":"https:\/\/bonanza888.online\/pt\/wp-json\/wp\/v2\/pages\/6\/revisions\/276"}],"wp:attachment":[{"href":"https:\/\/bonanza888.online\/pt\/wp-json\/wp\/v2\/media?parent=6"}],"curies":[{"name":"wp","href":"https:\/\/api.w.org\/{rel}","templated":true}]}}