{"id":12,"date":"2024-02-07T17:18:51","date_gmt":"2024-02-07T17:18:51","guid":{"rendered":"https:\/\/bonanza888.online\/?page_id=12"},"modified":"2024-04-07T01:35:07","modified_gmt":"2024-04-07T01:35:07","slug":"faq-about-online-slots-bonanza","status":"publish","type":"page","link":"https:\/\/bonanza888.online\/pt\/faq-about-online-slots-bonanza\/","title":{"rendered":"Perguntas Frequentes e Respostas sobre Ca\u00e7a-N\u00edqueis Online Bonanza"},"content":{"rendered":"<p>Muitos jogadores est\u00e3o curiosos para saber se vale a pena jogar nas slots Bonanza. Reunimos 10 perguntas frequentes sobre as m\u00e1quinas de slots Bonanza, incluindo respostas que podem interessar jogadores de diferentes idades, status sociais e que vivem em diferentes pa\u00edses:<\/p>\n<h3><strong>O que \u00e9 uma slot Bonanza?<\/strong><\/h3>\n<p>Uma slot Bonanza \u00e9 uma m\u00e1quina de slots online popular de v\u00e1rios desenvolvedores. Muitos jogos Bonanza s\u00e3o conhecidos pela sua mec\u00e2nica \u00fanica de Megaways, que oferece milhares de formas de ganhar em cada rodada. Pode-se dizer com certeza &#8211; as slots Bonanza s\u00e3o sempre diferentes, mas brilhantes e coloridas.<\/p>\n<h3><strong>Como se joga nas slots Bonanza?<\/strong><\/h3>\n<p>Para come\u00e7ar a jogar Bonanza, escolha o tamanho da sua aposta e clique no bot\u00e3o de rodar. O jogo apresenta bobinas, e algumas slots Bonanza t\u00eam o mecanismo Megaways, o que significa que o n\u00famero de s\u00edmbolos em cada bobina pode mudar a cada rodada, criando numerosas oportunidades de ganhar.<\/p>\n<h3><strong>Qual \u00e9 a aposta m\u00ednima e m\u00e1xima na Bonanza?<\/strong><\/h3>\n<p>A aposta m\u00ednima geralmente come\u00e7a em 0,20 unidades de moeda, e a aposta m\u00e1xima pode chegar a 20 unidades de moeda, mas esses valores podem variar dependendo do casino. Em outras palavras, se a moeda do seu casino for USD ou EUR, ent\u00e3o a aposta m\u00ednima \u00e9 de 0,2 USD ou EUR, e a aposta m\u00e1xima ser\u00e1 igual a 20 USD ou EUR.<\/p>\n<h3><strong>Existem rondas de b\u00f4nus na slot Bonanza?<\/strong><\/h3>\n<p>Sim, a slot Bonanza tem uma ronda de b\u00f4nus de Free Spins, que \u00e9 ativada quando quatro letras douradas G, O, L, D aparecem nas bobinas. Os jogadores recebem 12 rodadas gr\u00e1tis com a possibilidade de obter rodadas adicionais. Na maioria das outras slots Bonanza, voc\u00ea tamb\u00e9m pode ativar rondas de b\u00f4nus.<\/p>\n<h3><strong>Qual \u00e9 o RTP (Retorno ao Jogador) na Bonanza?<\/strong><\/h3>\n<p>O RTP da slot Bonanza \u00e9 cerca de 96%, que \u00e9 um valor padr\u00e3o para slots online. Dependendo da slot Bonanza espec\u00edfica de que estamos falando, a variabilidade \u00e9 de 95-96 por cento, que o jogador recebe.<\/p>\n<h3><strong>\u00c9 poss\u00edvel jogar Bonanza gratuitamente?<\/strong><\/h3>\n<p>Sim, muitos casinos online oferecem uma vers\u00e3o de demonstra\u00e7\u00e3o da Bonanza, permitindo que voc\u00ea jogue gratuitamente sem apostas reais.<\/p>\n<h3><strong>Quais s\u00e3o os s\u00edmbolos mais valiosos na Bonanza?<\/strong><\/h3>\n<p>Os s\u00edmbolos mais valiosos na Bonanza s\u00e3o pedras preciosas, especialmente diamantes, que trazem os maiores ganhos.<\/p>\n<h3><strong>\u00c9 poss\u00edvel jogar Bonanza em dispositivos m\u00f3veis?<\/strong><\/h3>\n<p>Sim, a slot Bonanza \u00e9 otimizada para jogar em dispositivos m\u00f3veis Android e iOS. A slot Bonanza tamb\u00e9m est\u00e1 dispon\u00edvel na maioria dos casinos online atrav\u00e9s de um navegador m\u00f3vel.<\/p>\n<h3><strong>Que estrat\u00e9gias podem aumentar suas chances de ganhar na Bonanza?<\/strong><\/h3>\n<p>\u00c9 importante lembrar que as slots s\u00e3o jogos de azar, e n\u00e3o h\u00e1 maneiras garantidas de ganhar. No entanto, uma gest\u00e3o prudente da banca e a compreens\u00e3o da mec\u00e2nica do jogo podem ajudar a melhorar sua experi\u00eancia de jogo e ganhar dinheiro real. Aconselhamos que leia o artigo sobre estrat\u00e9gias de jogo na Bonanza para obter informa\u00e7\u00f5es mais detalhadas.<\/p>\n<h3><strong>Onde posso jogar na slot Bonanza?<\/strong><\/h3>\n<p>A slot Bonanza est\u00e1 dispon\u00edvel em muitos casinos online. Escolha sempre plataformas licenciadas e respeit\u00e1veis para jogar com dinheiro real.<\/p>\n","protected":false},"excerpt":{"rendered":"<p>Muitos jogadores est\u00e3o curiosos para saber se vale a pena jogar nas slots Bonanza. Reunimos 10 perguntas frequentes sobre as m\u00e1quinas de slots Bonanza, incluindo respostas que podem interessar jogadores de diferentes idades, status sociais e que vivem em diferentes pa\u00edses: O que \u00e9 uma slot Bonanza? Uma slot Bonanza \u00e9 uma m\u00e1quina de slots online popular de v\u00e1rios desenvolvedores. Muitos jogos Bonanza s\u00e3o conhecidos pela sua mec\u00e2nica \u00fanica de Megaways, que oferece milhares de&hellip; <\/p>\n","protected":false},"author":1,"featured_media":0,"parent":0,"menu_order":0,"comment_status":"closed","ping_status":"closed","template":"","meta":{"footnotes":""},"class_list":["post-12","page","type-page","status-publish","hentry"],"yoast_head":"<!-- This site is optimized with the Yoast SEO plugin v27.2 - https:\/\/yoast.com\/product\/yoast-seo-wordpress\/ -->\n<title>FAQ - Preguntas Frecuentes sobre Tragamonedas Bonanza<\/title>\n<meta name=\"description\" content=\"Reunimos as perguntas e respostas mais populares sobre as m\u00e1quinas ca\u00e7a-n\u00edqueis Bonanza. FAQ sobre slots Bonanza em cassinos online, onde voc\u00ea pode jogar por dinheiro real.\" \/>\n<meta name=\"robots\" content=\"index, follow, max-snippet:-1, max-image-preview:large, max-video-preview:-1\" \/>\n<link rel=\"canonical\" href=\"https:\/\/bonanza888.online\/pt\/faq-about-online-slots-bonanza\/\" \/>\n<meta property=\"og:locale\" content=\"pt_PT\" \/>\n<meta property=\"og:locale:alternate\" content=\"ru_RU\" \/>\n<meta property=\"og:locale:alternate\" content=\"en_US\" \/>\n<meta property=\"og:locale:alternate\" content=\"es_ES\" \/>\n<meta property=\"og:locale:alternate\" content=\"sr_RS\" \/>\n<meta property=\"og:locale:alternate\" content=\"bg_BG\" \/>\n<meta property=\"og:locale:alternate\" content=\"ro_RO\" \/>\n<meta property=\"og:locale:alternate\" content=\"it_IT\" \/>\n<meta property=\"og:locale:alternate\" content=\"fr_FR\" \/>\n<meta property=\"og:locale:alternate\" content=\"de_DE\" \/>\n<meta property=\"og:locale:alternate\" content=\"pl_PL\" \/>\n<meta property=\"og:type\" content=\"article\" \/>\n<meta property=\"og:title\" content=\"FAQ - Preguntas Frecuentes sobre Tragamonedas Bonanza\" \/>\n<meta property=\"og:description\" content=\"Hemos recopilado las preguntas y respuestas m\u00e1s populares sobre las m\u00e1quinas tragamonedas Bonanza. Preguntas frecuentes sobre las tragamonedas Bonanza en casinos en l\u00ednea, donde puedes jugar por dinero real.\" \/>\n<meta property=\"og:url\" content=\"https:\/\/bonanza888.online\/pt\/faq-about-online-slots-bonanza\/\" \/>\n<meta property=\"og:site_name\" content=\"Bonanza\" \/>\n<meta property=\"article:modified_time\" content=\"2024-04-07T01:35:07+00:00\" \/>\n<meta name=\"twitter:card\" content=\"summary_large_image\" \/>\n<meta name=\"twitter:label1\" content=\"Tempo estimado de leitura\" \/>\n\t<meta name=\"twitter:data1\" content=\"22 minutos\" \/>\n<script type=\"application\/ld+json\" class=\"yoast-schema-graph\">{\"@context\":\"https:\/\/schema.org\",\"@graph\":[{\"@type\":\"WebPage\",\"@id\":\"https:\/\/bonanza888.online\/es\/faq-about-online-slots-bonanza\/\",\"url\":\"https:\/\/bonanza888.online\/es\/faq-about-online-slots-bonanza\/\",\"name\":\"FAQ - Preguntas Frecuentes sobre Tragamonedas Bonanza\",\"isPartOf\":{\"@id\":\"https:\/\/bonanza888.online\/es\/#website\"},\"datePublished\":\"2024-02-07T17:18:51+00:00\",\"dateModified\":\"2024-04-07T01:35:07+00:00\",\"description\":\"Hemos recopilado las preguntas y respuestas m\u00e1s populares sobre las m\u00e1quinas tragamonedas Bonanza. Preguntas frecuentes sobre las tragamonedas Bonanza en casinos en l\u00ednea, donde puedes jugar por dinero real.\",\"breadcrumb\":{\"@id\":\"https:\/\/bonanza888.online\/es\/faq-about-online-slots-bonanza\/#breadcrumb\"},\"inLanguage\":\"pt-PT\",\"potentialAction\":[{\"@type\":\"ReadAction\",\"target\":[\"https:\/\/bonanza888.online\/es\/faq-about-online-slots-bonanza\/\"]}]},{\"@type\":\"BreadcrumbList\",\"@id\":\"https:\/\/bonanza888.online\/es\/faq-about-online-slots-bonanza\/#breadcrumb\",\"itemListElement\":[{\"@type\":\"ListItem\",\"position\":1,\"name\":\"Home\",\"item\":\"https:\/\/bonanza888.online\/es\/\"},{\"@type\":\"ListItem\",\"position\":2,\"name\":\"Preguntas Frecuentes y Respuestas sobre Tragaperras en L\u00ednea Bonanza\"}]},{\"@type\":\"WebSite\",\"@id\":\"https:\/\/bonanza888.online\/es\/#website\",\"url\":\"https:\/\/bonanza888.online\/es\/\",\"name\":\"Bonanza\",\"description\":\"Just another WordPress site\",\"publisher\":{\"@id\":\"https:\/\/bonanza888.online\/es\/#organization\"},\"potentialAction\":[{\"@type\":\"SearchAction\",\"target\":{\"@type\":\"EntryPoint\",\"urlTemplate\":\"https:\/\/bonanza888.online\/es\/?s={search_term_string}\"},\"query-input\":{\"@type\":\"PropertyValueSpecification\",\"valueRequired\":true,\"valueName\":\"search_term_string\"}}],\"inLanguage\":\"pt-PT\"},{\"@type\":\"Organization\",\"@id\":\"https:\/\/bonanza888.online\/es\/#organization\",\"name\":\"Bonanza\",\"url\":\"https:\/\/bonanza888.online\/es\/\",\"logo\":{\"@type\":\"ImageObject\",\"inLanguage\":\"pt-PT\",\"@id\":\"https:\/\/bonanza888.online\/es\/#\/schema\/logo\/image\/\",\"url\":\"https:\/\/bonanza888.online\/wp-content\/uploads\/bonanza-logo.png\",\"contentUrl\":\"https:\/\/bonanza888.online\/wp-content\/uploads\/bonanza-logo.png\",\"width\":300,\"height\":82,\"caption\":\"Bonanza\"},\"image\":{\"@id\":\"https:\/\/bonanza888.online\/es\/#\/schema\/logo\/image\/\"}}]}<\/script>\n<!-- \/ Yoast SEO plugin. -->","yoast_head_json":{"title":"FAQ - Preguntas Frecuentes sobre Tragamonedas Bonanza","description":"Reunimos as perguntas e respostas mais populares sobre as m\u00e1quinas ca\u00e7a-n\u00edqueis Bonanza. FAQ sobre slots Bonanza em cassinos online, onde voc\u00ea pode jogar por dinheiro real.","robots":{"index":"index","follow":"follow","max-snippet":"max-snippet:-1","max-image-preview":"max-image-preview:large","max-video-preview":"max-video-preview:-1"},"canonical":"https:\/\/bonanza888.online\/pt\/faq-about-online-slots-bonanza\/","og_locale":"pt_PT","og_type":"article","og_title":"FAQ - Preguntas Frecuentes sobre Tragamonedas Bonanza","og_description":"Hemos recopilado las preguntas y respuestas m\u00e1s populares sobre las m\u00e1quinas tragamonedas Bonanza. Preguntas frecuentes sobre las tragamonedas Bonanza en casinos en l\u00ednea, donde puedes jugar por dinero real.","og_url":"https:\/\/bonanza888.online\/pt\/faq-about-online-slots-bonanza\/","og_site_name":"Bonanza","article_modified_time":"2024-04-07T01:35:07+00:00","twitter_card":"summary_large_image","twitter_misc":{"Tempo estimado de leitura":"22 minutos"},"schema":{"@context":"https:\/\/schema.org","@graph":[{"@type":"WebPage","@id":"https:\/\/bonanza888.online\/es\/faq-about-online-slots-bonanza\/","url":"https:\/\/bonanza888.online\/es\/faq-about-online-slots-bonanza\/","name":"FAQ - Preguntas Frecuentes sobre Tragamonedas Bonanza","isPartOf":{"@id":"https:\/\/bonanza888.online\/es\/#website"},"datePublished":"2024-02-07T17:18:51+00:00","dateModified":"2024-04-07T01:35:07+00:00","description":"Hemos recopilado las preguntas y respuestas m\u00e1s populares sobre las m\u00e1quinas tragamonedas Bonanza. Preguntas frecuentes sobre las tragamonedas Bonanza en casinos en l\u00ednea, donde puedes jugar por dinero real.","breadcrumb":{"@id":"https:\/\/bonanza888.online\/es\/faq-about-online-slots-bonanza\/#breadcrumb"},"inLanguage":"pt-PT","potentialAction":[{"@type":"ReadAction","target":["https:\/\/bonanza888.online\/es\/faq-about-online-slots-bonanza\/"]}]},{"@type":"BreadcrumbList","@id":"https:\/\/bonanza888.online\/es\/faq-about-online-slots-bonanza\/#breadcrumb","itemListElement":[{"@type":"ListItem","position":1,"name":"Home","item":"https:\/\/bonanza888.online\/es\/"},{"@type":"ListItem","position":2,"name":"Preguntas Frecuentes y Respuestas sobre Tragaperras en L\u00ednea Bonanza"}]},{"@type":"WebSite","@id":"https:\/\/bonanza888.online\/es\/#website","url":"https:\/\/bonanza888.online\/es\/","name":"Bonanza","description":"Just another WordPress site","publisher":{"@id":"https:\/\/bonanza888.online\/es\/#organization"},"potentialAction":[{"@type":"SearchAction","target":{"@type":"EntryPoint","urlTemplate":"https:\/\/bonanza888.online\/es\/?s={search_term_string}"},"query-input":{"@type":"PropertyValueSpecification","valueRequired":true,"valueName":"search_term_string"}}],"inLanguage":"pt-PT"},{"@type":"Organization","@id":"https:\/\/bonanza888.online\/es\/#organization","name":"Bonanza","url":"https:\/\/bonanza888.online\/es\/","logo":{"@type":"ImageObject","inLanguage":"pt-PT","@id":"https:\/\/bonanza888.online\/es\/#\/schema\/logo\/image\/","url":"https:\/\/bonanza888.online\/wp-content\/uploads\/bonanza-logo.png","contentUrl":"https:\/\/bonanza888.online\/wp-content\/uploads\/bonanza-logo.png","width":300,"height":82,"caption":"Bonanza"},"image":{"@id":"https:\/\/bonanza888.online\/es\/#\/schema\/logo\/image\/"}}]}},"_links":{"self":[{"href":"https:\/\/bonanza888.online\/pt\/wp-json\/wp\/v2\/pages\/12","targetHints":{"allow":["GET"]}}],"collection":[{"href":"https:\/\/bonanza888.online\/pt\/wp-json\/wp\/v2\/pages"}],"about":[{"href":"https:\/\/bonanza888.online\/pt\/wp-json\/wp\/v2\/types\/page"}],"author":[{"embeddable":true,"href":"https:\/\/bonanza888.online\/pt\/wp-json\/wp\/v2\/users\/1"}],"replies":[{"embeddable":true,"href":"https:\/\/bonanza888.online\/pt\/wp-json\/wp\/v2\/comments?post=12"}],"version-history":[{"count":39,"href":"https:\/\/bonanza888.online\/pt\/wp-json\/wp\/v2\/pages\/12\/revisions"}],"predecessor-version":[{"id":281,"href":"https:\/\/bonanza888.online\/pt\/wp-json\/wp\/v2\/pages\/12\/revisions\/281"}],"wp:attachment":[{"href":"https:\/\/bonanza888.online\/pt\/wp-json\/wp\/v2\/media?parent=12"}],"curies":[{"name":"wp","href":"https:\/\/api.w.org\/{rel}","templated":true}]}}