{"id":10,"date":"2024-02-07T17:16:16","date_gmt":"2024-02-07T17:16:16","guid":{"rendered":"https:\/\/bonanza888.online\/?page_id=10"},"modified":"2024-04-07T00:51:42","modified_gmt":"2024-04-07T00:51:42","slug":"game-strategy-in-online-slots-bonanza","status":"publish","type":"page","link":"https:\/\/bonanza888.online\/pt\/game-strategy-in-online-slots-bonanza\/","title":{"rendered":"Estrat\u00e9gia de Jogo em Ca\u00e7a-N\u00edqueis Online Bonanza"},"content":{"rendered":"<p>Os slots Bonanza s\u00e3o extremamente populares entre os jogadores de cassino online gra\u00e7as \u00e0s suas caracter\u00edsticas \u00fanicas. Embora os slots dependam principalmente da sorte, existem certas estrat\u00e9gias que podem ajud\u00e1-lo a melhorar suas chances de sucesso. Neste artigo, discutiremos v\u00e1rios aspectos-chave da estrat\u00e9gia de jogo nos slots Bonanza. Ao ler este artigo, voc\u00ea entender\u00e1 melhor como jogar e vencer os jogos chamados Bonanza.<\/p>\n<h2><strong>Compreens\u00e3o das Regras do Jogo<\/strong><\/h2>\n<p>O primeiro e mais importante passo \u00e9 entender profundamente como o jogo funciona. As regras de v\u00e1rios slots Bonanza podem diferir, mas todos giram em torno de girar os rolos. Estude a tabela de pagamentos para entender quais combina\u00e7\u00f5es s\u00e3o as mais valiosas. Tipicamente, cada jogo cont\u00e9m informa\u00e7\u00f5es sobre as regras e tabelas de pagamentos.<\/p>\n<h2><strong>Gest\u00e3o do Bankroll<\/strong><\/h2>\n<p>A gest\u00e3o eficaz do seu bankroll \u00e9 de vital import\u00e2ncia. Determine a quantia que est\u00e1 disposto a gastar e n\u00e3o a ultrapasse. Em outras palavras, imagine que perdeu essa quantia. Distribua sabiamente suas apostas para garantir que tenha dinheiro suficiente para participar de pelo menos 200 rodadas. Isso aumenta suas chances de ativar os recursos de b\u00f4nus. Se o saldo da sua conta for suficiente apenas para, digamos, 30 giros, as chances de perder s\u00e3o muito altas. Em tais slots, voc\u00ea s\u00f3 pode ganhar a longo prazo, ent\u00e3o certifique-se de que seu saldo seja suficiente para 200 giros.<\/p>\n<h2><strong>Utilizando B\u00f4nus e Promo\u00e7\u00f5es<\/strong><\/h2>\n<p>Muitos cassinos online oferecem b\u00f4nus e promo\u00e7\u00f5es que podem aumentar seu bankroll ou fornecer giros adicionais. Use essas ofertas com sabedoria, mas revise cuidadosamente os termos e requisitos de aposta. Muitos b\u00f4nus e c\u00f3digos promocionais t\u00eam condi\u00e7\u00f5es que devem ser cumpridas para obter lucro.<\/p>\n<h2><strong>Estrat\u00e9gia de Apostas<\/strong><\/h2>\n<p>Embora o tamanho da aposta n\u00e3o afete a frequ\u00eancia de combina\u00e7\u00f5es vencedoras nos slots Bonanza, ele pode afetar significativamente o tamanho da vit\u00f3ria. Alguns jogadores preferem fazer apostas m\u00e1ximas, esperando uma grande vit\u00f3ria, enquanto outros fazem apostas m\u00ednimas para prolongar a dura\u00e7\u00e3o do jogo. Encontre o equil\u00edbrio que melhor lhe convier.<\/p>\n<h2><strong>Paci\u00eancia e Disciplina<\/strong><\/h2>\n<p>Bonanza, como a maioria dos slots, pode apresentar alta volatilidade. Isso significa que as vit\u00f3rias podem ser pouco frequentes, mas potencialmente grandes. \u00c9 importante manter a paci\u00eancia e n\u00e3o se desviar da estrat\u00e9gia de gest\u00e3o do seu bankroll, mesmo se sentir que a sorte est\u00e1 contra voc\u00ea.<\/p>\n<h2><strong>Avalia\u00e7\u00e3o de Risco e Compreens\u00e3o da Volatilidade<\/strong><\/h2>\n<p>Entender a volatilidade do jogo pode ajud\u00e1-lo a adaptar sua estrat\u00e9gia de apostas. Em jogos de alta volatilidade como Bonanza, \u00e9 recomend\u00e1vel se preparar para per\u00edodos sem vit\u00f3rias na expectativa de grandes pagamentos. E entenda que voc\u00ea sempre pode perder. Nunca jogue com dinheiro que n\u00e3o pode perder.<\/p>\n","protected":false},"excerpt":{"rendered":"<p>Os slots Bonanza s\u00e3o extremamente populares entre os jogadores de cassino online gra\u00e7as \u00e0s suas caracter\u00edsticas \u00fanicas. Embora os slots dependam principalmente da sorte, existem certas estrat\u00e9gias que podem ajud\u00e1-lo a melhorar suas chances de sucesso. Neste artigo, discutiremos v\u00e1rios aspectos-chave da estrat\u00e9gia de jogo nos slots Bonanza. Ao ler este artigo, voc\u00ea entender\u00e1 melhor como jogar e vencer os jogos chamados Bonanza. Compreens\u00e3o das Regras do Jogo O primeiro e mais importante passo \u00e9&hellip; <\/p>\n","protected":false},"author":1,"featured_media":0,"parent":0,"menu_order":0,"comment_status":"closed","ping_status":"closed","template":"","meta":{"footnotes":""},"class_list":["post-10","page","type-page","status-publish","hentry"],"yoast_head":"<!-- This site is optimized with the Yoast SEO plugin v27.2 - https:\/\/yoast.com\/product\/yoast-seo-wordpress\/ -->\n<title>Estrat\u00e9gia e t\u00e1ticas de jogo em slots Bonanza<\/title>\n<meta name=\"description\" content=\"Como jogar e vencer no jogo online Bonanza. Ganhar dinheiro real no jogo Bonanza em cassinos online.\" \/>\n<meta name=\"robots\" content=\"index, follow, max-snippet:-1, max-image-preview:large, max-video-preview:-1\" \/>\n<link rel=\"canonical\" href=\"https:\/\/bonanza888.online\/pt\/game-strategy-in-online-slots-bonanza\/\" \/>\n<meta property=\"og:locale\" content=\"pt_PT\" \/>\n<meta property=\"og:locale:alternate\" content=\"ru_RU\" \/>\n<meta property=\"og:locale:alternate\" content=\"en_US\" \/>\n<meta property=\"og:locale:alternate\" content=\"es_ES\" \/>\n<meta property=\"og:locale:alternate\" content=\"sr_RS\" \/>\n<meta property=\"og:locale:alternate\" content=\"bg_BG\" \/>\n<meta property=\"og:locale:alternate\" content=\"ro_RO\" \/>\n<meta property=\"og:locale:alternate\" content=\"it_IT\" \/>\n<meta property=\"og:locale:alternate\" content=\"fr_FR\" \/>\n<meta property=\"og:locale:alternate\" content=\"de_DE\" \/>\n<meta property=\"og:locale:alternate\" content=\"pl_PL\" \/>\n<meta property=\"og:type\" content=\"article\" \/>\n<meta property=\"og:title\" content=\"Estrat\u00e9gia e t\u00e1ticas de jogo em slots Bonanza\" \/>\n<meta property=\"og:description\" content=\"Como jogar e vencer no jogo online Bonanza. Ganhar dinheiro real no jogo Bonanza em cassinos online.\" \/>\n<meta property=\"og:url\" content=\"https:\/\/bonanza888.online\/pt\/game-strategy-in-online-slots-bonanza\/\" \/>\n<meta property=\"og:site_name\" content=\"Bonanza\" \/>\n<meta property=\"article:modified_time\" content=\"2024-04-07T00:51:42+00:00\" \/>\n<meta name=\"twitter:card\" content=\"summary_large_image\" \/>\n<meta name=\"twitter:label1\" content=\"Tempo estimado de leitura\" \/>\n\t<meta name=\"twitter:data1\" content=\"19 minutos\" \/>\n<script type=\"application\/ld+json\" class=\"yoast-schema-graph\">{\"@context\":\"https:\/\/schema.org\",\"@graph\":[{\"@type\":\"WebPage\",\"@id\":\"https:\/\/bonanza888.online\/pt\/game-strategy-in-online-slots-bonanza\/\",\"url\":\"https:\/\/bonanza888.online\/pt\/game-strategy-in-online-slots-bonanza\/\",\"name\":\"Estrat\u00e9gia e t\u00e1ticas de jogo em slots Bonanza\",\"isPartOf\":{\"@id\":\"https:\/\/bonanza888.online\/es\/#website\"},\"datePublished\":\"2024-02-07T17:16:16+00:00\",\"dateModified\":\"2024-04-07T00:51:42+00:00\",\"description\":\"Como jogar e vencer no jogo online Bonanza. Ganhar dinheiro real no jogo Bonanza em cassinos online.\",\"breadcrumb\":{\"@id\":\"https:\/\/bonanza888.online\/pt\/game-strategy-in-online-slots-bonanza\/#breadcrumb\"},\"inLanguage\":\"pt-PT\",\"potentialAction\":[{\"@type\":\"ReadAction\",\"target\":[\"https:\/\/bonanza888.online\/pt\/game-strategy-in-online-slots-bonanza\/\"]}]},{\"@type\":\"BreadcrumbList\",\"@id\":\"https:\/\/bonanza888.online\/pt\/game-strategy-in-online-slots-bonanza\/#breadcrumb\",\"itemListElement\":[{\"@type\":\"ListItem\",\"position\":1,\"name\":\"Home\",\"item\":\"https:\/\/bonanza888.online\/es\/\"},{\"@type\":\"ListItem\",\"position\":2,\"name\":\"Estrat\u00e9gia de Jogo em Ca\u00e7a-N\u00edqueis Online Bonanza\"}]},{\"@type\":\"WebSite\",\"@id\":\"https:\/\/bonanza888.online\/es\/#website\",\"url\":\"https:\/\/bonanza888.online\/es\/\",\"name\":\"Bonanza\",\"description\":\"Just another WordPress site\",\"publisher\":{\"@id\":\"https:\/\/bonanza888.online\/es\/#organization\"},\"potentialAction\":[{\"@type\":\"SearchAction\",\"target\":{\"@type\":\"EntryPoint\",\"urlTemplate\":\"https:\/\/bonanza888.online\/es\/?s={search_term_string}\"},\"query-input\":{\"@type\":\"PropertyValueSpecification\",\"valueRequired\":true,\"valueName\":\"search_term_string\"}}],\"inLanguage\":\"pt-PT\"},{\"@type\":\"Organization\",\"@id\":\"https:\/\/bonanza888.online\/es\/#organization\",\"name\":\"Bonanza\",\"url\":\"https:\/\/bonanza888.online\/es\/\",\"logo\":{\"@type\":\"ImageObject\",\"inLanguage\":\"pt-PT\",\"@id\":\"https:\/\/bonanza888.online\/es\/#\/schema\/logo\/image\/\",\"url\":\"https:\/\/bonanza888.online\/wp-content\/uploads\/bonanza-logo.png\",\"contentUrl\":\"https:\/\/bonanza888.online\/wp-content\/uploads\/bonanza-logo.png\",\"width\":300,\"height\":82,\"caption\":\"Bonanza\"},\"image\":{\"@id\":\"https:\/\/bonanza888.online\/es\/#\/schema\/logo\/image\/\"}}]}<\/script>\n<!-- \/ Yoast SEO plugin. -->","yoast_head_json":{"title":"Estrat\u00e9gia e t\u00e1ticas de jogo em slots Bonanza","description":"Como jogar e vencer no jogo online Bonanza. Ganhar dinheiro real no jogo Bonanza em cassinos online.","robots":{"index":"index","follow":"follow","max-snippet":"max-snippet:-1","max-image-preview":"max-image-preview:large","max-video-preview":"max-video-preview:-1"},"canonical":"https:\/\/bonanza888.online\/pt\/game-strategy-in-online-slots-bonanza\/","og_locale":"pt_PT","og_type":"article","og_title":"Estrat\u00e9gia e t\u00e1ticas de jogo em slots Bonanza","og_description":"Como jogar e vencer no jogo online Bonanza. Ganhar dinheiro real no jogo Bonanza em cassinos online.","og_url":"https:\/\/bonanza888.online\/pt\/game-strategy-in-online-slots-bonanza\/","og_site_name":"Bonanza","article_modified_time":"2024-04-07T00:51:42+00:00","twitter_card":"summary_large_image","twitter_misc":{"Tempo estimado de leitura":"19 minutos"},"schema":{"@context":"https:\/\/schema.org","@graph":[{"@type":"WebPage","@id":"https:\/\/bonanza888.online\/pt\/game-strategy-in-online-slots-bonanza\/","url":"https:\/\/bonanza888.online\/pt\/game-strategy-in-online-slots-bonanza\/","name":"Estrat\u00e9gia e t\u00e1ticas de jogo em slots Bonanza","isPartOf":{"@id":"https:\/\/bonanza888.online\/es\/#website"},"datePublished":"2024-02-07T17:16:16+00:00","dateModified":"2024-04-07T00:51:42+00:00","description":"Como jogar e vencer no jogo online Bonanza. Ganhar dinheiro real no jogo Bonanza em cassinos online.","breadcrumb":{"@id":"https:\/\/bonanza888.online\/pt\/game-strategy-in-online-slots-bonanza\/#breadcrumb"},"inLanguage":"pt-PT","potentialAction":[{"@type":"ReadAction","target":["https:\/\/bonanza888.online\/pt\/game-strategy-in-online-slots-bonanza\/"]}]},{"@type":"BreadcrumbList","@id":"https:\/\/bonanza888.online\/pt\/game-strategy-in-online-slots-bonanza\/#breadcrumb","itemListElement":[{"@type":"ListItem","position":1,"name":"Home","item":"https:\/\/bonanza888.online\/es\/"},{"@type":"ListItem","position":2,"name":"Estrat\u00e9gia de Jogo em Ca\u00e7a-N\u00edqueis Online Bonanza"}]},{"@type":"WebSite","@id":"https:\/\/bonanza888.online\/es\/#website","url":"https:\/\/bonanza888.online\/es\/","name":"Bonanza","description":"Just another WordPress site","publisher":{"@id":"https:\/\/bonanza888.online\/es\/#organization"},"potentialAction":[{"@type":"SearchAction","target":{"@type":"EntryPoint","urlTemplate":"https:\/\/bonanza888.online\/es\/?s={search_term_string}"},"query-input":{"@type":"PropertyValueSpecification","valueRequired":true,"valueName":"search_term_string"}}],"inLanguage":"pt-PT"},{"@type":"Organization","@id":"https:\/\/bonanza888.online\/es\/#organization","name":"Bonanza","url":"https:\/\/bonanza888.online\/es\/","logo":{"@type":"ImageObject","inLanguage":"pt-PT","@id":"https:\/\/bonanza888.online\/es\/#\/schema\/logo\/image\/","url":"https:\/\/bonanza888.online\/wp-content\/uploads\/bonanza-logo.png","contentUrl":"https:\/\/bonanza888.online\/wp-content\/uploads\/bonanza-logo.png","width":300,"height":82,"caption":"Bonanza"},"image":{"@id":"https:\/\/bonanza888.online\/es\/#\/schema\/logo\/image\/"}}]}},"_links":{"self":[{"href":"https:\/\/bonanza888.online\/pt\/wp-json\/wp\/v2\/pages\/10","targetHints":{"allow":["GET"]}}],"collection":[{"href":"https:\/\/bonanza888.online\/pt\/wp-json\/wp\/v2\/pages"}],"about":[{"href":"https:\/\/bonanza888.online\/pt\/wp-json\/wp\/v2\/types\/page"}],"author":[{"embeddable":true,"href":"https:\/\/bonanza888.online\/pt\/wp-json\/wp\/v2\/users\/1"}],"replies":[{"embeddable":true,"href":"https:\/\/bonanza888.online\/pt\/wp-json\/wp\/v2\/comments?post=10"}],"version-history":[{"count":29,"href":"https:\/\/bonanza888.online\/pt\/wp-json\/wp\/v2\/pages\/10\/revisions"}],"predecessor-version":[{"id":266,"href":"https:\/\/bonanza888.online\/pt\/wp-json\/wp\/v2\/pages\/10\/revisions\/266"}],"wp:attachment":[{"href":"https:\/\/bonanza888.online\/pt\/wp-json\/wp\/v2\/media?parent=10"}],"curies":[{"name":"wp","href":"https:\/\/api.w.org\/{rel}","templated":true}]}}