{"id":12,"date":"2024-02-07T17:18:51","date_gmt":"2024-02-07T17:18:51","guid":{"rendered":"https:\/\/bonanza888.online\/?page_id=12"},"modified":"2024-04-07T01:35:07","modified_gmt":"2024-04-07T01:35:07","slug":"faq-about-online-slots-bonanza","status":"publish","type":"page","link":"https:\/\/bonanza888.online\/pl\/faq-about-online-slots-bonanza\/","title":{"rendered":"Najcz\u0119\u015bciej zadawane pytania i odpowiedzi na temat slot\u00f3w online Bonanza"},"content":{"rendered":"<p>Wielu graczy jest ciekawych, czy warto gra\u0107 w automaty Bonanza. Zebrali\u015bmy 10 cz\u0119sto zadawanych pyta\u0144 dotycz\u0105cych automat\u00f3w do gier Bonanza, w tym odpowiedzi, kt\u00f3re mog\u0105 by\u0107 interesuj\u0105ce dla graczy r\u00f3\u017cnych wiek\u00f3w, status\u00f3w spo\u0142ecznych i \u017cyj\u0105cych w r\u00f3\u017cnych krajach:<\/p>\n<h3><strong>1. Co to jest automat Bonanza?<\/strong><\/h3>\n<p>Automat Bonanza to popularny automat do gry online od r\u00f3\u017cnych producent\u00f3w. Wiele gier Bonanza jest znanych z unikalnej mechaniki Megaways, kt\u00f3ra oferuje tysi\u0105ce sposob\u00f3w na wygran\u0105 w ka\u017cdym spinie. Jedno mo\u017cna powiedzie\u0107 na pewno &#8211; automaty Bonanza zawsze s\u0105 r\u00f3\u017cne, ale jasne i kolorowe.<\/p>\n<h3><strong>2. Jak gra\u0107 w automaty Bonanza?<\/strong><\/h3>\n<p>Aby zacz\u0105\u0107 gra\u0107 w Bonanza, wybierz rozmiar zak\u0142adu i naci\u015bnij przycisk spin. Gra posiada b\u0119bny, a niekt\u00f3re automaty Bonanza maj\u0105 mechanik\u0119 Megaways, co oznacza, \u017ce liczba symboli na ka\u017cdym b\u0119bnie mo\u017ce zmienia\u0107 si\u0119 z ka\u017cdym spinem, tworz\u0105c liczne mo\u017cliwo\u015bci wygranej.<\/p>\n<h3><strong>3. Jaki jest minimalny i maksymalny zak\u0142ad w Bonanza?<\/strong><\/h3>\n<p>Minimalny zak\u0142ad zazwyczaj zaczyna si\u0119 od 0,20 jednostek waluty, a maksymalny zak\u0142ad mo\u017ce wynosi\u0107 nawet 20 jednostek waluty, ale warto\u015bci te mog\u0105 si\u0119 r\u00f3\u017cni\u0107 w zale\u017cno\u015bci od kasyna. Innymi s\u0142owy, je\u015bli walut\u0105 kasyna s\u0105 USD lub EUR, to minimalny zak\u0142ad wynosi 0,2 USD lub EUR, a maksymalny zak\u0142ad b\u0119dzie r\u00f3wny 20 USD lub EUR.<\/p>\n<h3><strong>4. Czy w automacie Bonanza s\u0105 rundy bonusowe?<\/strong><\/h3>\n<p>Tak, automat Bonanza ma rund\u0119 bonusow\u0105 Free Spins, kt\u00f3ra jest aktywowana, gdy na b\u0119bnach pojawi\u0105 si\u0119 cztery z\u0142ote litery G, O, L, D. Graczom przyznaje si\u0119 12 darmowych spin\u00f3w z mo\u017cliwo\u015bci\u0105 zdobycia dodatkowych spin\u00f3w. W wi\u0119kszo\u015bci innych automat\u00f3w Bonanza mo\u017cna r\u00f3wnie\u017c aktywowa\u0107 rundy bonusowe.<\/p>\n<h3><strong>5. Jaki jest RTP (Return to Player) w Bonanza?<\/strong><\/h3>\n<p>RTP automatu Bonanza wynosi oko\u0142o 96%, co jest standardow\u0105 warto\u015bci\u0105 dla automat\u00f3w online. W zale\u017cno\u015bci od konkretnej wersji automatu Bonanza m\u00f3wimy o zmienno\u015bci wynosz\u0105cej od 95 do 96 procent, kt\u00f3re gracz otrzymuje.<\/p>\n<h3><strong>6. Czy mo\u017cna gra\u0107 w Bonanza za darmo?<\/strong><\/h3>\n<p>Tak, wiele kasyn online oferuje wersj\u0119 demonstracyjn\u0105 Bonanza, pozwalaj\u0105c\u0105 na gr\u0119 za darmo bez prawdziwych zak\u0142ad\u00f3w.<\/p>\n<h3><strong>7. Jakie symbole s\u0105 najbardziej warto\u015bciowe w Bonanza?<\/strong><\/h3>\n<p>Najbardziej warto\u015bciowe symbole w Bonanza to kamienie szlachetne, zw\u0142aszcza diamenty, kt\u00f3re przynosz\u0105 najwi\u0119ksze wygrane.<\/p>\n<h3><strong>8. Czy mo\u017cna gra\u0107 w Bonanza na urz\u0105dzeniach mobilnych?<\/strong><\/h3>\n<p>Tak, automat Bonanza jest zoptymalizowany do gry na urz\u0105dzeniach mobilnych z systemami Android i iOS. Automat Bonanza jest r\u00f3wnie\u017c dost\u0119pny w wi\u0119kszo\u015bci kasyn online za po\u015brednictwem przegl\u0105darki mobilnej.<\/p>\n<h3><strong>9. Jakie strategie mog\u0105 zwi\u0119kszy\u0107 szanse na wygran\u0105 w Bonanza?<\/strong><\/h3>\n<p>Wa\u017cne jest pami\u0119tanie, \u017ce automaty to gry losowe, i nie ma gwarantowanych sposob\u00f3w na wygran\u0105. Jednak rozs\u0105dne zarz\u0105dzanie kapita\u0142em i zrozumienie mechaniki gry mog\u0105 pom\u00f3c poprawi\u0107 do\u015bwiadczenie z gr\u0105 i zdoby\u0107 prawdziwe pieni\u0105dze. Zalecamy przeczytanie artyku\u0142u na temat strategii gry w Bonanza dla bardziej szczeg\u00f3\u0142owych informacji.<\/p>\n<h3><strong>10. Gdzie mo\u017cna zagra\u0107 w automat Bonanza?<\/strong><\/h3>\n<p>Automat Bonanza jest dost\u0119pny w wielu kasynach online. Zawsze wybieraj licencjonowane i renomowane platformy do gry na prawdziwe pieni\u0105dze.<\/p>\n","protected":false},"excerpt":{"rendered":"<p>Wielu graczy jest ciekawych, czy warto gra\u0107 w automaty Bonanza. Zebrali\u015bmy 10 cz\u0119sto zadawanych pyta\u0144 dotycz\u0105cych automat\u00f3w do gier Bonanza, w tym odpowiedzi, kt\u00f3re mog\u0105 by\u0107 interesuj\u0105ce dla graczy r\u00f3\u017cnych wiek\u00f3w, status\u00f3w spo\u0142ecznych i \u017cyj\u0105cych w r\u00f3\u017cnych krajach: 1. Co to jest automat Bonanza? Automat Bonanza to popularny automat do gry online od r\u00f3\u017cnych producent\u00f3w. Wiele gier Bonanza jest znanych z unikalnej mechaniki Megaways, kt\u00f3ra oferuje tysi\u0105ce sposob\u00f3w na wygran\u0105 w ka\u017cdym spinie. Jedno mo\u017cna&hellip; <\/p>\n","protected":false},"author":1,"featured_media":0,"parent":0,"menu_order":0,"comment_status":"closed","ping_status":"closed","template":"","meta":{"footnotes":""},"class_list":["post-12","page","type-page","status-publish","hentry"],"yoast_head":"<!-- This site is optimized with the Yoast SEO plugin v27.2 - https:\/\/yoast.com\/product\/yoast-seo-wordpress\/ -->\n<title>FAQ - Preguntas Frecuentes sobre Tragamonedas Bonanza<\/title>\n<meta name=\"description\" content=\"Zebrali\u015bmy najpopularniejsze pytania i odpowiedzi dotycz\u0105ce automat\u00f3w Bonanza. FAQ dotycz\u0105ce automat\u00f3w Bonanza w kasynach online, gdzie mo\u017cna gra\u0107 na prawdziwe pieni\u0105dze.\" \/>\n<meta name=\"robots\" content=\"index, follow, max-snippet:-1, max-image-preview:large, max-video-preview:-1\" \/>\n<link rel=\"canonical\" href=\"https:\/\/bonanza888.online\/pl\/faq-about-online-slots-bonanza\/\" \/>\n<meta property=\"og:locale\" content=\"pl_PL\" \/>\n<meta property=\"og:locale:alternate\" content=\"ru_RU\" \/>\n<meta property=\"og:locale:alternate\" content=\"en_US\" \/>\n<meta property=\"og:locale:alternate\" content=\"pt_PT\" \/>\n<meta property=\"og:locale:alternate\" content=\"es_ES\" \/>\n<meta property=\"og:locale:alternate\" content=\"sr_RS\" \/>\n<meta property=\"og:locale:alternate\" content=\"bg_BG\" \/>\n<meta property=\"og:locale:alternate\" content=\"ro_RO\" \/>\n<meta property=\"og:locale:alternate\" content=\"it_IT\" \/>\n<meta property=\"og:locale:alternate\" content=\"fr_FR\" \/>\n<meta property=\"og:locale:alternate\" content=\"de_DE\" \/>\n<meta property=\"og:type\" content=\"article\" \/>\n<meta property=\"og:title\" content=\"FAQ - Preguntas Frecuentes sobre Tragamonedas Bonanza\" \/>\n<meta property=\"og:description\" content=\"Hemos recopilado las preguntas y respuestas m\u00e1s populares sobre las m\u00e1quinas tragamonedas Bonanza. Preguntas frecuentes sobre las tragamonedas Bonanza en casinos en l\u00ednea, donde puedes jugar por dinero real.\" \/>\n<meta property=\"og:url\" content=\"https:\/\/bonanza888.online\/pl\/faq-about-online-slots-bonanza\/\" \/>\n<meta property=\"og:site_name\" content=\"Bonanza\" \/>\n<meta property=\"article:modified_time\" content=\"2024-04-07T01:35:07+00:00\" \/>\n<meta name=\"twitter:card\" content=\"summary_large_image\" \/>\n<meta name=\"twitter:label1\" content=\"Szacowany czas czytania\" \/>\n\t<meta name=\"twitter:data1\" content=\"22 minuty\" \/>\n<script type=\"application\/ld+json\" class=\"yoast-schema-graph\">{\"@context\":\"https:\/\/schema.org\",\"@graph\":[{\"@type\":\"WebPage\",\"@id\":\"https:\/\/bonanza888.online\/es\/faq-about-online-slots-bonanza\/\",\"url\":\"https:\/\/bonanza888.online\/es\/faq-about-online-slots-bonanza\/\",\"name\":\"FAQ - Preguntas Frecuentes sobre Tragamonedas Bonanza\",\"isPartOf\":{\"@id\":\"https:\/\/bonanza888.online\/es\/#website\"},\"datePublished\":\"2024-02-07T17:18:51+00:00\",\"dateModified\":\"2024-04-07T01:35:07+00:00\",\"description\":\"Hemos recopilado las preguntas y respuestas m\u00e1s populares sobre las m\u00e1quinas tragamonedas Bonanza. Preguntas frecuentes sobre las tragamonedas Bonanza en casinos en l\u00ednea, donde puedes jugar por dinero real.\",\"breadcrumb\":{\"@id\":\"https:\/\/bonanza888.online\/es\/faq-about-online-slots-bonanza\/#breadcrumb\"},\"inLanguage\":\"pl-PL\",\"potentialAction\":[{\"@type\":\"ReadAction\",\"target\":[\"https:\/\/bonanza888.online\/es\/faq-about-online-slots-bonanza\/\"]}]},{\"@type\":\"BreadcrumbList\",\"@id\":\"https:\/\/bonanza888.online\/es\/faq-about-online-slots-bonanza\/#breadcrumb\",\"itemListElement\":[{\"@type\":\"ListItem\",\"position\":1,\"name\":\"Home\",\"item\":\"https:\/\/bonanza888.online\/es\/\"},{\"@type\":\"ListItem\",\"position\":2,\"name\":\"Preguntas Frecuentes y Respuestas sobre Tragaperras en L\u00ednea Bonanza\"}]},{\"@type\":\"WebSite\",\"@id\":\"https:\/\/bonanza888.online\/es\/#website\",\"url\":\"https:\/\/bonanza888.online\/es\/\",\"name\":\"Bonanza\",\"description\":\"Just another WordPress site\",\"publisher\":{\"@id\":\"https:\/\/bonanza888.online\/es\/#organization\"},\"potentialAction\":[{\"@type\":\"SearchAction\",\"target\":{\"@type\":\"EntryPoint\",\"urlTemplate\":\"https:\/\/bonanza888.online\/es\/?s={search_term_string}\"},\"query-input\":{\"@type\":\"PropertyValueSpecification\",\"valueRequired\":true,\"valueName\":\"search_term_string\"}}],\"inLanguage\":\"pl-PL\"},{\"@type\":\"Organization\",\"@id\":\"https:\/\/bonanza888.online\/es\/#organization\",\"name\":\"Bonanza\",\"url\":\"https:\/\/bonanza888.online\/es\/\",\"logo\":{\"@type\":\"ImageObject\",\"inLanguage\":\"pl-PL\",\"@id\":\"https:\/\/bonanza888.online\/es\/#\/schema\/logo\/image\/\",\"url\":\"https:\/\/bonanza888.online\/wp-content\/uploads\/bonanza-logo.png\",\"contentUrl\":\"https:\/\/bonanza888.online\/wp-content\/uploads\/bonanza-logo.png\",\"width\":300,\"height\":82,\"caption\":\"Bonanza\"},\"image\":{\"@id\":\"https:\/\/bonanza888.online\/es\/#\/schema\/logo\/image\/\"}}]}<\/script>\n<!-- \/ Yoast SEO plugin. -->","yoast_head_json":{"title":"FAQ - Preguntas Frecuentes sobre Tragamonedas Bonanza","description":"Zebrali\u015bmy najpopularniejsze pytania i odpowiedzi dotycz\u0105ce automat\u00f3w Bonanza. FAQ dotycz\u0105ce automat\u00f3w Bonanza w kasynach online, gdzie mo\u017cna gra\u0107 na prawdziwe pieni\u0105dze.","robots":{"index":"index","follow":"follow","max-snippet":"max-snippet:-1","max-image-preview":"max-image-preview:large","max-video-preview":"max-video-preview:-1"},"canonical":"https:\/\/bonanza888.online\/pl\/faq-about-online-slots-bonanza\/","og_locale":"pl_PL","og_type":"article","og_title":"FAQ - Preguntas Frecuentes sobre Tragamonedas Bonanza","og_description":"Hemos recopilado las preguntas y respuestas m\u00e1s populares sobre las m\u00e1quinas tragamonedas Bonanza. Preguntas frecuentes sobre las tragamonedas Bonanza en casinos en l\u00ednea, donde puedes jugar por dinero real.","og_url":"https:\/\/bonanza888.online\/pl\/faq-about-online-slots-bonanza\/","og_site_name":"Bonanza","article_modified_time":"2024-04-07T01:35:07+00:00","twitter_card":"summary_large_image","twitter_misc":{"Szacowany czas czytania":"22 minuty"},"schema":{"@context":"https:\/\/schema.org","@graph":[{"@type":"WebPage","@id":"https:\/\/bonanza888.online\/es\/faq-about-online-slots-bonanza\/","url":"https:\/\/bonanza888.online\/es\/faq-about-online-slots-bonanza\/","name":"FAQ - Preguntas Frecuentes sobre Tragamonedas Bonanza","isPartOf":{"@id":"https:\/\/bonanza888.online\/es\/#website"},"datePublished":"2024-02-07T17:18:51+00:00","dateModified":"2024-04-07T01:35:07+00:00","description":"Hemos recopilado las preguntas y respuestas m\u00e1s populares sobre las m\u00e1quinas tragamonedas Bonanza. Preguntas frecuentes sobre las tragamonedas Bonanza en casinos en l\u00ednea, donde puedes jugar por dinero real.","breadcrumb":{"@id":"https:\/\/bonanza888.online\/es\/faq-about-online-slots-bonanza\/#breadcrumb"},"inLanguage":"pl-PL","potentialAction":[{"@type":"ReadAction","target":["https:\/\/bonanza888.online\/es\/faq-about-online-slots-bonanza\/"]}]},{"@type":"BreadcrumbList","@id":"https:\/\/bonanza888.online\/es\/faq-about-online-slots-bonanza\/#breadcrumb","itemListElement":[{"@type":"ListItem","position":1,"name":"Home","item":"https:\/\/bonanza888.online\/es\/"},{"@type":"ListItem","position":2,"name":"Preguntas Frecuentes y Respuestas sobre Tragaperras en L\u00ednea Bonanza"}]},{"@type":"WebSite","@id":"https:\/\/bonanza888.online\/es\/#website","url":"https:\/\/bonanza888.online\/es\/","name":"Bonanza","description":"Just another WordPress site","publisher":{"@id":"https:\/\/bonanza888.online\/es\/#organization"},"potentialAction":[{"@type":"SearchAction","target":{"@type":"EntryPoint","urlTemplate":"https:\/\/bonanza888.online\/es\/?s={search_term_string}"},"query-input":{"@type":"PropertyValueSpecification","valueRequired":true,"valueName":"search_term_string"}}],"inLanguage":"pl-PL"},{"@type":"Organization","@id":"https:\/\/bonanza888.online\/es\/#organization","name":"Bonanza","url":"https:\/\/bonanza888.online\/es\/","logo":{"@type":"ImageObject","inLanguage":"pl-PL","@id":"https:\/\/bonanza888.online\/es\/#\/schema\/logo\/image\/","url":"https:\/\/bonanza888.online\/wp-content\/uploads\/bonanza-logo.png","contentUrl":"https:\/\/bonanza888.online\/wp-content\/uploads\/bonanza-logo.png","width":300,"height":82,"caption":"Bonanza"},"image":{"@id":"https:\/\/bonanza888.online\/es\/#\/schema\/logo\/image\/"}}]}},"_links":{"self":[{"href":"https:\/\/bonanza888.online\/pl\/wp-json\/wp\/v2\/pages\/12","targetHints":{"allow":["GET"]}}],"collection":[{"href":"https:\/\/bonanza888.online\/pl\/wp-json\/wp\/v2\/pages"}],"about":[{"href":"https:\/\/bonanza888.online\/pl\/wp-json\/wp\/v2\/types\/page"}],"author":[{"embeddable":true,"href":"https:\/\/bonanza888.online\/pl\/wp-json\/wp\/v2\/users\/1"}],"replies":[{"embeddable":true,"href":"https:\/\/bonanza888.online\/pl\/wp-json\/wp\/v2\/comments?post=12"}],"version-history":[{"count":39,"href":"https:\/\/bonanza888.online\/pl\/wp-json\/wp\/v2\/pages\/12\/revisions"}],"predecessor-version":[{"id":281,"href":"https:\/\/bonanza888.online\/pl\/wp-json\/wp\/v2\/pages\/12\/revisions\/281"}],"wp:attachment":[{"href":"https:\/\/bonanza888.online\/pl\/wp-json\/wp\/v2\/media?parent=12"}],"curies":[{"name":"wp","href":"https:\/\/api.w.org\/{rel}","templated":true}]}}