{"id":8,"date":"2024-02-07T17:14:24","date_gmt":"2024-02-07T17:14:24","guid":{"rendered":"https:\/\/bonanza888.online\/?page_id=8"},"modified":"2024-04-07T01:00:31","modified_gmt":"2024-04-07T01:00:31","slug":"reviews-of-real-players-about-the-bonanza-online-slot","status":"publish","type":"page","link":"https:\/\/bonanza888.online\/it\/reviews-of-real-players-about-the-bonanza-online-slot\/","title":{"rendered":"Recensioni dei veri giocatori sullo slot online Bonanza"},"content":{"rendered":"<p>Molti giocatori si chiedono se valga la pena giocare alle slot Bonanza. Specialmente considerando che sotto il nome di Bonanza ci sono slot molto diverse di sviluppatori diversi. Cosa sono le slot online Bonanza? Abbiamo raccolto recensioni da veri giocatori.<\/p>\n<ul>\n<li><strong>Maxim, 28 anni:<\/strong><br \/>\n&#8220;Bonanza \u00e8 il mio gioco preferito al momento! La meccanica delle Megaways rende davvero ogni spin imprevedibile ed emozionante. I giri bonus con moltiplicatori sono semplicemente fantastici. L&#8217;unica cosa che non mi piace sono le strisce talvolta lunghe senza vincite, ma quando arriva la vincita, ne vale la pena! Le vincite sono davvero grandi e ti fanno sentire un giocatore di successo.&#8221;<\/li>\n<li><strong>Anna, 34 anni:<\/strong><br \/>\n&#8220;Ho giocato a Bonanza alcune volte e mi piace il design e l&#8217;animazione. Tuttavia, mi sembra che lo slot dipenda troppo dal caso, specialmente quando si tratta di attivare i giri gratuiti. Non ho capito se esiste una strategia di gioco che pu\u00f2 garantire una vittoria. A volte posso girare i rulli per molto tempo e non vincere nulla.&#8221;<\/li>\n<li><strong>Igor, 25 anni:<\/strong><br \/>\n&#8220;Bonanza \u00e8 semplicemente un gioco top per me! Amo questo gioco per la sua dinamicit\u00e0 e il potenziale per grandi vincite. Ma s\u00ec, il gioco richiede pazienza e un buon capitale per sopravvivere ai periodi senza vincite. Per me, fa parte dell&#8217;emozione! Il rischio di perdere \u00e8 effettivamente alto, ma lo prendo filosoficamente.&#8221;<\/li>\n<li><strong>Elena, 40 anni:<\/strong><br \/>\n&#8220;All&#8217;inizio, ero entusiasta di Bonanza per il suo interfaccia colorata e la promessa di molti modi per vincere. Tuttavia, dopo diverse sessioni, sono rimasta delusa. Sembra che l&#8217;RTP non sia cos\u00ec alto nella realt\u00e0 e i giri bonus siano troppo rari. \u00c8 molto difficile vincere secondo me.&#8221;<\/li>\n<li><strong>Denis, 31 anni:<\/strong><br \/>\n&#8220;Mi piace tutto delle slot Bonanza, dal design visivo alla meccanica di gioco. \u00c8 particolarmente bello quando riesci a attivare una serie di giri gratuiti con moltiplicatori crescenti. Tuttavia, il gioco pu\u00f2 essere piuttosto volatile, quindi preparati a alti e bassi. In ogni casin\u00f2 online, ci sono molte diverse slot Bonanza, ma sono tutte molto attraenti da giocare.&#8221;<\/li>\n<li><strong>Victoria, 29 anni:<\/strong><br \/>\n&#8220;Onestamente, le slot Bonanza non mi hanno affascinato. Forse non \u00e8 semplicemente il mio giorno, ma sembrava che le vincite fossero troppo piccole e rare. Tuttavia, capisco perch\u00e9 altri lo trovano emozionante &#8211; molti modi per vincere e un concetto interessante. E design molto luminoso. Le slot Bonanza sono molto luminose e interessanti ora.&#8221;<\/li>\n<li><strong>Alexey, 22 anni:<\/strong><br \/>\n&#8220;Il gioco Bonanza mi ha davvero catturato! Questo gioco \u00e8 come montagne russe, pieno di alti e bassi. A volte perdi molte volte di seguito, ma poi un buon giro pu\u00f2 cambiare tutto. Il bonus con i giri gratuiti \u00e8 semplicemente incredibile, specialmente quando i moltiplicatori iniziano ad accumularsi! Raccomando le slot Bonanza a tutti i miei amici perch\u00e9 di solito giocano a slot brutte.&#8221;<\/li>\n<li><strong>Olga, 35 anni:<\/strong><br \/>\n&#8220;Dopo alcune partite a Bonanza, i miei sentimenti sono contrastanti. Da una parte, il gioco ha una meccanica di gioco interessante e il potenziale per grandi vincite. D&#8217;altra parte, sembra che le possibilit\u00e0 di attivare i giri gratuiti siano abbastanza basse, e questo \u00e8 un po&#8217; deludente. Questo non \u00e8 il gioco in cui puoi vincere grosso. Se giochi, gioca per il tuo divertimento.&#8221;<\/li>\n<li><strong>Sergey, 27 anni:<\/strong><br \/>\n&#8220;Mi piace tutto dello slot online Bonanza &#8211; dall&#8217;emozione alla possibilit\u00e0 di vincere grosso. Naturalmente, non si ha sempre fortuna, e ci sono momenti in cui sembra che le perdite siano inevitabili, ma nel complesso, il gioco porta molta gioia. La grafica e il suono sono di prim&#8217;ordine, creando un&#8217;immersione completa nel processo.&#8221;<\/li>\n<li><strong>Marina, 33 anni:<\/strong><br \/>\n&#8220;Ho giocato a molte slot, ma Bonanza si distingue per la sua meccanica unica e lo stile visivo. Anche se a volte sembra che vincere sia pi\u00f9 difficile che in altri giochi, le emozioni di una grande vittoria sono indescrivibili. Tuttavia, devi essere preparato al fatto che non \u00e8 sempre possibile uscirne vincitori. Pi\u00f9 spesso, perdo, ma \u00e8 comunque uno slot molto piacevole.&#8221;<\/li>\n<\/ul>\n","protected":false},"excerpt":{"rendered":"<p>Molti giocatori si chiedono se valga la pena giocare alle slot Bonanza. Specialmente considerando che sotto il nome di Bonanza ci sono slot molto diverse di sviluppatori diversi. Cosa sono le slot online Bonanza? Abbiamo raccolto recensioni da veri giocatori. Maxim, 28 anni: &#8220;Bonanza \u00e8 il mio gioco preferito al momento! La meccanica delle Megaways rende davvero ogni spin imprevedibile ed emozionante. I giri bonus con moltiplicatori sono semplicemente fantastici. L&#8217;unica cosa che non mi&hellip; <\/p>\n","protected":false},"author":1,"featured_media":0,"parent":0,"menu_order":0,"comment_status":"closed","ping_status":"closed","template":"","meta":{"footnotes":""},"class_list":["post-8","page","type-page","status-publish","hentry"],"yoast_head":"<!-- This site is optimized with the Yoast SEO plugin v27.2 - https:\/\/yoast.com\/product\/yoast-seo-wordpress\/ -->\n<title>Bewertungen von echten Spielern \u00fcber Online-Slots Bonanza.<\/title>\n<meta name=\"description\" content=\"Panoramica della slot machine Bonanza dai veri giocatori. Opinioni, recensioni, panoramica dei giochi online Bonanza. Gioca e vinci ora alle slot Bonanza.\" \/>\n<meta name=\"robots\" content=\"index, follow, max-snippet:-1, max-image-preview:large, max-video-preview:-1\" \/>\n<link rel=\"canonical\" href=\"https:\/\/bonanza888.online\/it\/reviews-of-real-players-about-the-bonanza-online-slot\/\" \/>\n<meta property=\"og:locale\" content=\"it_IT\" \/>\n<meta property=\"og:locale:alternate\" content=\"ru_RU\" \/>\n<meta property=\"og:locale:alternate\" content=\"en_US\" \/>\n<meta property=\"og:locale:alternate\" content=\"pt_PT\" \/>\n<meta property=\"og:locale:alternate\" content=\"es_ES\" \/>\n<meta property=\"og:locale:alternate\" content=\"sr_RS\" \/>\n<meta property=\"og:locale:alternate\" content=\"bg_BG\" \/>\n<meta property=\"og:locale:alternate\" content=\"ro_RO\" \/>\n<meta property=\"og:locale:alternate\" content=\"fr_FR\" \/>\n<meta property=\"og:locale:alternate\" content=\"de_DE\" \/>\n<meta property=\"og:locale:alternate\" content=\"pl_PL\" \/>\n<meta property=\"og:type\" content=\"article\" \/>\n<meta property=\"og:title\" content=\"Bewertungen von echten Spielern \u00fcber Online-Slots Bonanza.\" \/>\n<meta property=\"og:description\" content=\"\u00dcberblick \u00fcber den Bonanza-Spielautomaten von echten Spielern. Meinungen, Bewertungen, \u00dcbersicht \u00fcber Online-Bonanza-Spiele. Spielen Sie jetzt und gewinnen Sie in den Bonanza-Slots.\" \/>\n<meta property=\"og:url\" content=\"https:\/\/bonanza888.online\/it\/reviews-of-real-players-about-the-bonanza-online-slot\/\" \/>\n<meta property=\"og:site_name\" content=\"Bonanza\" \/>\n<meta property=\"article:modified_time\" content=\"2024-04-07T01:00:31+00:00\" \/>\n<meta name=\"twitter:card\" content=\"summary_large_image\" \/>\n<meta name=\"twitter:label1\" content=\"Tempo di lettura stimato\" \/>\n\t<meta name=\"twitter:data1\" content=\"28 minuti\" \/>\n<script type=\"application\/ld+json\" class=\"yoast-schema-graph\">{\"@context\":\"https:\/\/schema.org\",\"@graph\":[{\"@type\":\"WebPage\",\"@id\":\"https:\/\/bonanza888.online\/de\/reviews-of-real-players-about-the-bonanza-online-slot\/\",\"url\":\"https:\/\/bonanza888.online\/de\/reviews-of-real-players-about-the-bonanza-online-slot\/\",\"name\":\"Bewertungen von echten Spielern \u00fcber Online-Slots Bonanza.\",\"isPartOf\":{\"@id\":\"https:\/\/bonanza888.online\/es\/#website\"},\"datePublished\":\"2024-02-07T17:14:24+00:00\",\"dateModified\":\"2024-04-07T01:00:31+00:00\",\"description\":\"\u00dcberblick \u00fcber den Bonanza-Spielautomaten von echten Spielern. Meinungen, Bewertungen, \u00dcbersicht \u00fcber Online-Bonanza-Spiele. Spielen Sie jetzt und gewinnen Sie in den Bonanza-Slots.\",\"breadcrumb\":{\"@id\":\"https:\/\/bonanza888.online\/de\/reviews-of-real-players-about-the-bonanza-online-slot\/#breadcrumb\"},\"inLanguage\":\"it-IT\",\"potentialAction\":[{\"@type\":\"ReadAction\",\"target\":[\"https:\/\/bonanza888.online\/de\/reviews-of-real-players-about-the-bonanza-online-slot\/\"]}]},{\"@type\":\"BreadcrumbList\",\"@id\":\"https:\/\/bonanza888.online\/de\/reviews-of-real-players-about-the-bonanza-online-slot\/#breadcrumb\",\"itemListElement\":[{\"@type\":\"ListItem\",\"position\":1,\"name\":\"Home\",\"item\":\"https:\/\/bonanza888.online\/es\/\"},{\"@type\":\"ListItem\",\"position\":2,\"name\":\"Bewertungen echter Spieler \u00fcber den Online-Slot Bonanza\"}]},{\"@type\":\"WebSite\",\"@id\":\"https:\/\/bonanza888.online\/es\/#website\",\"url\":\"https:\/\/bonanza888.online\/es\/\",\"name\":\"Bonanza\",\"description\":\"Just another WordPress site\",\"publisher\":{\"@id\":\"https:\/\/bonanza888.online\/es\/#organization\"},\"potentialAction\":[{\"@type\":\"SearchAction\",\"target\":{\"@type\":\"EntryPoint\",\"urlTemplate\":\"https:\/\/bonanza888.online\/es\/?s={search_term_string}\"},\"query-input\":{\"@type\":\"PropertyValueSpecification\",\"valueRequired\":true,\"valueName\":\"search_term_string\"}}],\"inLanguage\":\"it-IT\"},{\"@type\":\"Organization\",\"@id\":\"https:\/\/bonanza888.online\/es\/#organization\",\"name\":\"Bonanza\",\"url\":\"https:\/\/bonanza888.online\/es\/\",\"logo\":{\"@type\":\"ImageObject\",\"inLanguage\":\"it-IT\",\"@id\":\"https:\/\/bonanza888.online\/es\/#\/schema\/logo\/image\/\",\"url\":\"https:\/\/bonanza888.online\/wp-content\/uploads\/bonanza-logo.png\",\"contentUrl\":\"https:\/\/bonanza888.online\/wp-content\/uploads\/bonanza-logo.png\",\"width\":300,\"height\":82,\"caption\":\"Bonanza\"},\"image\":{\"@id\":\"https:\/\/bonanza888.online\/es\/#\/schema\/logo\/image\/\"}}]}<\/script>\n<!-- \/ Yoast SEO plugin. -->","yoast_head_json":{"title":"Bewertungen von echten Spielern \u00fcber Online-Slots Bonanza.","description":"Panoramica della slot machine Bonanza dai veri giocatori. Opinioni, recensioni, panoramica dei giochi online Bonanza. Gioca e vinci ora alle slot Bonanza.","robots":{"index":"index","follow":"follow","max-snippet":"max-snippet:-1","max-image-preview":"max-image-preview:large","max-video-preview":"max-video-preview:-1"},"canonical":"https:\/\/bonanza888.online\/it\/reviews-of-real-players-about-the-bonanza-online-slot\/","og_locale":"it_IT","og_type":"article","og_title":"Bewertungen von echten Spielern \u00fcber Online-Slots Bonanza.","og_description":"\u00dcberblick \u00fcber den Bonanza-Spielautomaten von echten Spielern. Meinungen, Bewertungen, \u00dcbersicht \u00fcber Online-Bonanza-Spiele. Spielen Sie jetzt und gewinnen Sie in den Bonanza-Slots.","og_url":"https:\/\/bonanza888.online\/it\/reviews-of-real-players-about-the-bonanza-online-slot\/","og_site_name":"Bonanza","article_modified_time":"2024-04-07T01:00:31+00:00","twitter_card":"summary_large_image","twitter_misc":{"Tempo di lettura stimato":"28 minuti"},"schema":{"@context":"https:\/\/schema.org","@graph":[{"@type":"WebPage","@id":"https:\/\/bonanza888.online\/de\/reviews-of-real-players-about-the-bonanza-online-slot\/","url":"https:\/\/bonanza888.online\/de\/reviews-of-real-players-about-the-bonanza-online-slot\/","name":"Bewertungen von echten Spielern \u00fcber Online-Slots Bonanza.","isPartOf":{"@id":"https:\/\/bonanza888.online\/es\/#website"},"datePublished":"2024-02-07T17:14:24+00:00","dateModified":"2024-04-07T01:00:31+00:00","description":"\u00dcberblick \u00fcber den Bonanza-Spielautomaten von echten Spielern. Meinungen, Bewertungen, \u00dcbersicht \u00fcber Online-Bonanza-Spiele. Spielen Sie jetzt und gewinnen Sie in den Bonanza-Slots.","breadcrumb":{"@id":"https:\/\/bonanza888.online\/de\/reviews-of-real-players-about-the-bonanza-online-slot\/#breadcrumb"},"inLanguage":"it-IT","potentialAction":[{"@type":"ReadAction","target":["https:\/\/bonanza888.online\/de\/reviews-of-real-players-about-the-bonanza-online-slot\/"]}]},{"@type":"BreadcrumbList","@id":"https:\/\/bonanza888.online\/de\/reviews-of-real-players-about-the-bonanza-online-slot\/#breadcrumb","itemListElement":[{"@type":"ListItem","position":1,"name":"Home","item":"https:\/\/bonanza888.online\/es\/"},{"@type":"ListItem","position":2,"name":"Bewertungen echter Spieler \u00fcber den Online-Slot Bonanza"}]},{"@type":"WebSite","@id":"https:\/\/bonanza888.online\/es\/#website","url":"https:\/\/bonanza888.online\/es\/","name":"Bonanza","description":"Just another WordPress site","publisher":{"@id":"https:\/\/bonanza888.online\/es\/#organization"},"potentialAction":[{"@type":"SearchAction","target":{"@type":"EntryPoint","urlTemplate":"https:\/\/bonanza888.online\/es\/?s={search_term_string}"},"query-input":{"@type":"PropertyValueSpecification","valueRequired":true,"valueName":"search_term_string"}}],"inLanguage":"it-IT"},{"@type":"Organization","@id":"https:\/\/bonanza888.online\/es\/#organization","name":"Bonanza","url":"https:\/\/bonanza888.online\/es\/","logo":{"@type":"ImageObject","inLanguage":"it-IT","@id":"https:\/\/bonanza888.online\/es\/#\/schema\/logo\/image\/","url":"https:\/\/bonanza888.online\/wp-content\/uploads\/bonanza-logo.png","contentUrl":"https:\/\/bonanza888.online\/wp-content\/uploads\/bonanza-logo.png","width":300,"height":82,"caption":"Bonanza"},"image":{"@id":"https:\/\/bonanza888.online\/es\/#\/schema\/logo\/image\/"}}]}},"_links":{"self":[{"href":"https:\/\/bonanza888.online\/it\/wp-json\/wp\/v2\/pages\/8","targetHints":{"allow":["GET"]}}],"collection":[{"href":"https:\/\/bonanza888.online\/it\/wp-json\/wp\/v2\/pages"}],"about":[{"href":"https:\/\/bonanza888.online\/it\/wp-json\/wp\/v2\/types\/page"}],"author":[{"embeddable":true,"href":"https:\/\/bonanza888.online\/it\/wp-json\/wp\/v2\/users\/1"}],"replies":[{"embeddable":true,"href":"https:\/\/bonanza888.online\/it\/wp-json\/wp\/v2\/comments?post=8"}],"version-history":[{"count":35,"href":"https:\/\/bonanza888.online\/it\/wp-json\/wp\/v2\/pages\/8\/revisions"}],"predecessor-version":[{"id":271,"href":"https:\/\/bonanza888.online\/it\/wp-json\/wp\/v2\/pages\/8\/revisions\/271"}],"wp:attachment":[{"href":"https:\/\/bonanza888.online\/it\/wp-json\/wp\/v2\/media?parent=8"}],"curies":[{"name":"wp","href":"https:\/\/api.w.org\/{rel}","templated":true}]}}