{"id":6,"date":"2024-02-07T16:24:34","date_gmt":"2024-02-07T16:24:34","guid":{"rendered":"https:\/\/bonanza888.online\/?page_id=6"},"modified":"2024-04-07T01:16:40","modified_gmt":"2024-04-07T01:16:40","slug":"what-are-online-slots-bonanza","status":"publish","type":"page","link":"https:\/\/bonanza888.online\/it\/","title":{"rendered":"Cosa sono le slot online Bonanza"},"content":{"rendered":"<p>Le slot online Bonanza sono una categoria di slot machine presenti nei casin\u00f2 online che spesso includono la parola Bonanza nel loro nome a causa di un tema comune legato alla ricchezza. Le slot Bonanza sono spesso associate alla ricerca dell&#8217;oro o delle gemme preziose, cos\u00ec come al potenziale per grandi vincite. Il consenso generale tra i giocatori \u00e8 che si tratti di slot generose che offrono ricompense in denaro reale. Ecco alcune caratteristiche chiave comunemente associate alle slot online Bonanza:<\/p>\n<ul>\n<li><strong>Temi Interessanti<\/strong><\/li>\n<\/ul>\n<p>Le slot Bonanza sono tipicamente associate a temi come la ricerca dell&#8217;oro, le gemme preziose o altre forme di ricchezza, creando un&#8217;esperienza di gioco coinvolgente. Si tratta di slot molto colorate che creano un&#8217;ottima atmosfera.<\/p>\n<ul>\n<li><strong>Meccanica Megaways<\/strong><\/li>\n<\/ul>\n<p>Molte slot Bonanza utilizzano la meccanica Megaways di Big Time Gaming, che offre migliaia di modi per vincere su ogni spin grazie al numero variabile di simboli sui rulli. Questo \u00e8 caratteristico di un numero limitato di slot Bonanza, ma \u00e8 questa caratteristica che \u00e8 diventata associata alle slot Bonanza di recente.<\/p>\n<ul>\n<li><strong>Funzionalit\u00e0 Bonus<\/strong><\/li>\n<\/ul>\n<p>Le slot Bonanza spesso includono varie funzionalit\u00e0 bonus come giri gratuiti, moltiplicatori, rulli cadenti e simboli speciali come wild e scatter. L&#8217;abbondanza di funzionalit\u00e0 extra rende il gioco pi\u00f9 eccitante e pu\u00f2 aumentare significativamente le vincite, sia in termini di importi che di probabilit\u00e0.<\/p>\n<ul>\n<li><strong>Alta Volatilit\u00e0<\/strong><\/li>\n<\/ul>\n<p>Questi giochi sono spesso caratterizzati da un&#8217;alta volatilit\u00e0, il che significa il potenziale per vincite molto grandi ma anche pagamenti meno frequenti. In altre parole, giocare alle slot Bonanza \u00e8 rischioso.<\/p>\n<ul>\n<li><strong>Grafica ed Effetti Sonori<\/strong><\/li>\n<\/ul>\n<p>Le slot online Bonanza di solito presentano grafica di alta qualit\u00e0 e effetti sonori, creando un&#8217;atmosfera coinvolgente e migliorando l&#8217;esperienza di gioco.<\/p>\n<p>Le slot Bonanza sono popolari tra i giocatori grazie al loro gameplay emozionante, temi interessanti e potenziale per grandi vincite.<\/p>\n<h2><strong>Perch\u00e9 si chiamano slot Bonanza?<\/strong><\/h2>\n<p>Molti giocatori si chiedono perch\u00e9 le slot si chiamano Bonanza. Le slot con il nome Bonanza spesso utilizzano questo titolo per trasmettere un senso di ricchezza, fortuna e l&#8217;opportunit\u00e0 di ottenere una grande quantit\u00e0 di beni preziosi. La parola &#8220;bonanza&#8221; ha origini spagnole ed era originariamente usata per indicare una ricca vena di minerale o una grande scoperta di metalli preziosi, soprattutto oro o argento. Ecco alcuni motivi per cui questo nome si adatta alle slot:<\/p>\n<ul>\n<li><strong>Associazioni con la Ricchezza<\/strong><\/li>\n<\/ul>\n<p>Poich\u00e9 &#8220;bonanza&#8221; \u00e8 associato all&#8217;abbondanza e alla ricchezza, questo nome attira i giocatori in cerca di grosse vincite nei casin\u00f2 online. Questo \u00e8 particolarmente vero nei paesi di lingua spagnola, dove la parola stessa \u00e8 diventata uno strumento di marketing per pubblicizzare i giochi Bonanza.<\/p>\n<ul>\n<li><strong>Tema della Miniera<\/strong><\/li>\n<\/ul>\n<p>Molte slot Bonanza ruotano attorno al tema della ricerca di metalli preziosi, il che si allinea perfettamente con l&#8217;idea di &#8220;bonanza&#8221; come una scoperta significativa. Il tema della miniera stesso si \u00e8 dimostrato molto attraente per le slot machine. Dopotutto, anche in una slot machine, devi &#8220;minare&#8221; denaro.<\/p>\n<ul>\n<li><strong>Attrattiva di Marketing<\/strong><\/li>\n<\/ul>\n<p>Il nome Bonanza \u00e8 facilmente memorabile in tutte le lingue, \u00e8 luminoso, crea associazioni positive e pu\u00f2 attirare l&#8217;attenzione sulla slot in mezzo a una moltitudine di altri giochi.<\/p>\n<h2><strong>Caratteristiche Comuni Tra le Slot Bonanza<\/strong><\/h2>\n<p>Diverse slot con il nome Bonanza nei casin\u00f2 online, nonostante le loro differenze, spesso condividono diversi tratti comuni, basati sulla popolarit\u00e0 della slot originale &#8220;Bonanza&#8221; di Big Time Gaming. Ecco alcune delle caratteristiche comuni che potresti trovare nei giochi Bonanza presso diversi casin\u00f2 online:<\/p>\n<ul>\n<li><strong>Tema della Miniera o dell&#8217;Esplorazione<\/strong><\/li>\n<\/ul>\n<p>Molte slot Bonanza ruotano attorno al tema della ricerca di metalli preziosi o gemme, che si riflette nei simboli e nel design del gioco. Questo tema si \u00e8 dimostrato molto attraente per le slot machine e piace ai giocatori.<\/p>\n<ul>\n<li><strong>Meccanica Megaways<\/strong><\/li>\n<\/ul>\n<p>Una delle caratteristiche principali della slot originale Bonanza \u00e8 la meccanica Megaways, che offre un enorme numero di combinazioni vincenti potenziali. Molte slot Bonanza successive utilizzano anche questa meccanica o qualcosa di simile, offrendo un gameplay dinamico e imprevedibile. Naturalmente, questo distingue le slot in una luce favorevole, rendendo la slot pi\u00f9 interessante da giocare.<\/p>\n<ol>\n<li><strong>Giri Gratuiti e Moltiplicatori<\/strong><br \/>\nLe slot Bonanza spesso offrono round bonus con giri gratuiti e moltiplicatori, che possono aumentare significativamente le vincite di un giocatore. Questo \u00e8 accolto dai giocatori.<\/li>\n<li><strong>Rulli Cadenti<\/strong><br \/>\nMolti giochi presentano la funzionalit\u00e0 di rulli cadenti, dove i simboli vincenti scompaiono e nuovi simboli cadono al loro posto, portando potenzialmente a una serie di vincite.<\/li>\n<li><strong>Alta Volatilit\u00e0<\/strong><br \/>\nLe slot Bonanza sono spesso caratterizzate da un&#8217;alta volatilit\u00e0, il che significa che i giochi possono offrire vincite molto grandi, ma tali vincite si verificano meno frequentemente. Ci\u00f2 rende il gioco pi\u00f9 rischioso ma anche pi\u00f9 eccitante per alcuni giocatori che puntano a grosse vincite.<\/li>\n<\/ol>\n<p>Si noti che non tutte le slot con il nome Bonanza avranno tutte queste caratteristiche e sviluppatori diversi possono introdurre le proprie caratteristiche uniche e variazioni. Le slot Bonanza di solito si presentano molto diverse l&#8217;una dall&#8217;altra, ma condividono molte somiglianze.<\/p>\n<h2><strong>Le Slot Bonanza Pi\u00f9 Famose<\/strong><\/h2>\n<p>Tra le slot con il nome &#8220;Bonanza&#8221;, alcune sono diventate particolarmente popolari e conosciute tra i giocatori di casin\u00f2 online. Ecco alcune delle pi\u00f9 famose:<\/p>\n<ol>\n<li><strong>Bonanza Megaways (Big Time Gaming):<\/strong><br \/>\nUno dei primi e pi\u00f9 popolari giochi di slot con la meccanica Megaways. Questo gioco online \u00e8 diventato rivoluzionario grazie alla sua caratteristica unica, offrendo fino a 117.649 modi per vincere, oltre a un emozionante round bonus con giri gratuiti e moltiplicatori crescenti.<\/li>\n<li><strong>Sweet Bonanza (Pragmatic Play):<\/strong><br \/>\nQuesta slot si distingue dagli altri giochi Bonanza per il suo tema di dolci e frutta. \u00c8 nota per i suoi colori vibranti, atmosfera allegra e la funzione Tumble, che permette alle combinazioni vincenti di scomparire e fare spazio a nuovi simboli.<\/li>\n<li><strong>Gems Bonanza (Pragmatic Play):<\/strong><br \/>\nQuesta slot \u00e8 dedicata alle gemme preziose e offre un unico gameplay a griglia 8&#215;8. Il gioco ha molte funzionalit\u00e0, tra cui modificatori casuali e un grande potenziale di vincita grazie alle vincite in cascata e ai moltiplicatori.<\/li>\n<\/ol>\n<p>Queste slot sono diventate popolari grazie alle loro meccaniche innovative, temi interessanti e potenziale per grandi vincite. Ogni gioco ha le sue caratteristiche uniche che lo rendono coinvolgente e lo distinguono dagli altri giochi sul mercato.<\/p>\n<h2><strong>Domande pi\u00f9 frequenti sulle slot Bonanza nei casin\u00f2 online<\/strong><\/h2>\n<p><strong>Cosa sono le slot Bonanza?<\/strong><\/p>\n<p>Le slot Bonanza sono una categoria di slot machine online che spesso presentano temi di estrazione di metalli preziosi o pietre e sono note per le loro caratteristiche uniche come la meccanica Megaways, giri gratuiti, moltiplicatori e alta volatilit\u00e0, offrendo ai giocatori il potenziale per grandi vincite.<\/p>\n<p><strong>Cosa rende speciale la meccanica Megaways nelle slot Bonanza?<\/strong><\/p>\n<p>La meccanica Megaways, spesso utilizzata nelle slot Bonanza, offre un numero variabile di simboli su ogni rullo con ogni spin, creando migliaia di modi potenziali per vincere, rendendo il gioco imprevedibile e dinamico.<\/p>\n<p><strong>Posso giocare alle slot Bonanza gratuitamente?<\/strong><\/p>\n<p>S\u00ec, molti casin\u00f2 online offrono versioni demo delle slot Bonanza, permettendo ai giocatori di provare i giochi gratuitamente senza rischiare denaro reale.<\/p>\n<p><strong>Quali sono le slot Bonanza pi\u00f9 popolari?<\/strong><\/p>\n<p>Tra le slot Bonanza pi\u00f9 popolari ci sono &#8220;Bonanza Megaways&#8221; di Big Time Gaming, &#8220;Sweet Bonanza&#8221; di Pragmatic Play e &#8220;Gems Bonanza&#8221;, sempre di Pragmatic Play. Questi giochi attirano l&#8217;attenzione con le loro caratteristiche uniche e il potenziale per grandi vincite.<\/p>\n<p><strong>Cosa significa alta volatilit\u00e0 nelle slot Bonanza?<\/strong><\/p>\n<p>L&#8217;alta volatilit\u00e0 nelle slot Bonanza significa che i giochi possono offrire vincite molto grandi, ma tali vincite si verificano meno frequentemente. Ci\u00f2 rende il gioco pi\u00f9 rischioso ma anche pi\u00f9 emozionante per alcuni giocatori che puntano a grandi vincite.<\/p>\n","protected":false},"excerpt":{"rendered":"<p>Le slot online Bonanza sono una categoria di slot machine presenti nei casin\u00f2 online che spesso includono la parola Bonanza nel loro nome a causa di un tema comune legato alla ricchezza. Le slot Bonanza sono spesso associate alla ricerca dell&#8217;oro o delle gemme preziose, cos\u00ec come al potenziale per grandi vincite. Il consenso generale tra i giocatori \u00e8 che si tratti di slot generose che offrono ricompense in denaro reale. Ecco alcune caratteristiche chiave&hellip; <\/p>\n","protected":false},"author":1,"featured_media":0,"parent":0,"menu_order":0,"comment_status":"closed","ping_status":"closed","template":"","meta":{"footnotes":""},"class_list":["post-6","page","type-page","status-publish","hentry"],"yoast_head":"<!-- This site is optimized with the Yoast SEO plugin v27.2 - https:\/\/yoast.com\/product\/yoast-seo-wordpress\/ -->\n<title>Juegos Bonanza en Casinos en L\u00ednea<\/title>\n<meta name=\"description\" content=\"Gioca ai giochi Bonanza online con soldi veri nei casin\u00f2 online. Slot online Bonanza, gioca e vinci alle slot machine Bonanza, quale slot Bonanza giocare\" \/>\n<meta name=\"robots\" content=\"index, follow, max-snippet:-1, max-image-preview:large, max-video-preview:-1\" \/>\n<link rel=\"canonical\" href=\"https:\/\/bonanza888.online\/it\/\" \/>\n<meta property=\"og:locale\" content=\"it_IT\" \/>\n<meta property=\"og:locale:alternate\" content=\"ru_RU\" \/>\n<meta property=\"og:locale:alternate\" content=\"en_US\" \/>\n<meta property=\"og:locale:alternate\" content=\"pt_PT\" \/>\n<meta property=\"og:locale:alternate\" content=\"es_ES\" \/>\n<meta property=\"og:locale:alternate\" content=\"sr_RS\" \/>\n<meta property=\"og:locale:alternate\" content=\"bg_BG\" \/>\n<meta property=\"og:locale:alternate\" content=\"ro_RO\" \/>\n<meta property=\"og:locale:alternate\" content=\"fr_FR\" \/>\n<meta property=\"og:locale:alternate\" content=\"de_DE\" \/>\n<meta property=\"og:locale:alternate\" content=\"pl_PL\" \/>\n<meta property=\"og:type\" content=\"article\" \/>\n<meta property=\"og:title\" content=\"Juegos Bonanza en Casinos en L\u00ednea\" \/>\n<meta property=\"og:description\" content=\"Juega juegos Bonanza en l\u00ednea por dinero real en casinos en l\u00ednea. Tragamonedas en l\u00ednea Bonanza, juega y gana m\u00e1quinas tragamonedas Bonanza, \u00bfen qu\u00e9 tragamonedas Bonanza jugar?\" \/>\n<meta property=\"og:url\" content=\"https:\/\/bonanza888.online\/it\/\" \/>\n<meta property=\"og:site_name\" content=\"Bonanza\" \/>\n<meta property=\"article:modified_time\" content=\"2024-04-07T01:16:40+00:00\" \/>\n<meta name=\"twitter:card\" content=\"summary_large_image\" \/>\n<meta name=\"twitter:label1\" content=\"Tempo di lettura stimato\" \/>\n\t<meta name=\"twitter:data1\" content=\"53 minuti\" \/>\n<script type=\"application\/ld+json\" class=\"yoast-schema-graph\">{\"@context\":\"https:\/\/schema.org\",\"@graph\":[{\"@type\":\"WebPage\",\"@id\":\"https:\/\/bonanza888.online\/es\/\",\"url\":\"https:\/\/bonanza888.online\/es\/\",\"name\":\"Juegos Bonanza en Casinos en L\u00ednea\",\"isPartOf\":{\"@id\":\"https:\/\/bonanza888.online\/es\/#website\"},\"datePublished\":\"2024-02-07T16:24:34+00:00\",\"dateModified\":\"2024-04-07T01:16:40+00:00\",\"description\":\"Juega juegos Bonanza en l\u00ednea por dinero real en casinos en l\u00ednea. Tragamonedas en l\u00ednea Bonanza, juega y gana m\u00e1quinas tragamonedas Bonanza, \u00bfen qu\u00e9 tragamonedas Bonanza jugar?\",\"breadcrumb\":{\"@id\":\"https:\/\/bonanza888.online\/es\/#breadcrumb\"},\"inLanguage\":\"it-IT\",\"potentialAction\":[{\"@type\":\"ReadAction\",\"target\":[\"https:\/\/bonanza888.online\/es\/\"]}]},{\"@type\":\"BreadcrumbList\",\"@id\":\"https:\/\/bonanza888.online\/es\/#breadcrumb\",\"itemListElement\":[{\"@type\":\"ListItem\",\"position\":1,\"name\":\"Home\",\"item\":\"https:\/\/bonanza888.online\/es\/\"},{\"@type\":\"ListItem\",\"position\":2,\"name\":\"Qu\u00e9 Son las Tragaperras en L\u00ednea Bonanza\"}]},{\"@type\":\"WebSite\",\"@id\":\"https:\/\/bonanza888.online\/es\/#website\",\"url\":\"https:\/\/bonanza888.online\/es\/\",\"name\":\"Bonanza\",\"description\":\"Just another WordPress site\",\"publisher\":{\"@id\":\"https:\/\/bonanza888.online\/es\/#organization\"},\"potentialAction\":[{\"@type\":\"SearchAction\",\"target\":{\"@type\":\"EntryPoint\",\"urlTemplate\":\"https:\/\/bonanza888.online\/es\/?s={search_term_string}\"},\"query-input\":{\"@type\":\"PropertyValueSpecification\",\"valueRequired\":true,\"valueName\":\"search_term_string\"}}],\"inLanguage\":\"it-IT\"},{\"@type\":\"Organization\",\"@id\":\"https:\/\/bonanza888.online\/es\/#organization\",\"name\":\"Bonanza\",\"url\":\"https:\/\/bonanza888.online\/es\/\",\"logo\":{\"@type\":\"ImageObject\",\"inLanguage\":\"it-IT\",\"@id\":\"https:\/\/bonanza888.online\/es\/#\/schema\/logo\/image\/\",\"url\":\"https:\/\/bonanza888.online\/wp-content\/uploads\/bonanza-logo.png\",\"contentUrl\":\"https:\/\/bonanza888.online\/wp-content\/uploads\/bonanza-logo.png\",\"width\":300,\"height\":82,\"caption\":\"Bonanza\"},\"image\":{\"@id\":\"https:\/\/bonanza888.online\/es\/#\/schema\/logo\/image\/\"}}]}<\/script>\n<!-- \/ Yoast SEO plugin. -->","yoast_head_json":{"title":"Juegos Bonanza en Casinos en L\u00ednea","description":"Gioca ai giochi Bonanza online con soldi veri nei casin\u00f2 online. Slot online Bonanza, gioca e vinci alle slot machine Bonanza, quale slot Bonanza giocare","robots":{"index":"index","follow":"follow","max-snippet":"max-snippet:-1","max-image-preview":"max-image-preview:large","max-video-preview":"max-video-preview:-1"},"canonical":"https:\/\/bonanza888.online\/it\/","og_locale":"it_IT","og_type":"article","og_title":"Juegos Bonanza en Casinos en L\u00ednea","og_description":"Juega juegos Bonanza en l\u00ednea por dinero real en casinos en l\u00ednea. Tragamonedas en l\u00ednea Bonanza, juega y gana m\u00e1quinas tragamonedas Bonanza, \u00bfen qu\u00e9 tragamonedas Bonanza jugar?","og_url":"https:\/\/bonanza888.online\/it\/","og_site_name":"Bonanza","article_modified_time":"2024-04-07T01:16:40+00:00","twitter_card":"summary_large_image","twitter_misc":{"Tempo di lettura stimato":"53 minuti"},"schema":{"@context":"https:\/\/schema.org","@graph":[{"@type":"WebPage","@id":"https:\/\/bonanza888.online\/es\/","url":"https:\/\/bonanza888.online\/es\/","name":"Juegos Bonanza en Casinos en L\u00ednea","isPartOf":{"@id":"https:\/\/bonanza888.online\/es\/#website"},"datePublished":"2024-02-07T16:24:34+00:00","dateModified":"2024-04-07T01:16:40+00:00","description":"Juega juegos Bonanza en l\u00ednea por dinero real en casinos en l\u00ednea. Tragamonedas en l\u00ednea Bonanza, juega y gana m\u00e1quinas tragamonedas Bonanza, \u00bfen qu\u00e9 tragamonedas Bonanza jugar?","breadcrumb":{"@id":"https:\/\/bonanza888.online\/es\/#breadcrumb"},"inLanguage":"it-IT","potentialAction":[{"@type":"ReadAction","target":["https:\/\/bonanza888.online\/es\/"]}]},{"@type":"BreadcrumbList","@id":"https:\/\/bonanza888.online\/es\/#breadcrumb","itemListElement":[{"@type":"ListItem","position":1,"name":"Home","item":"https:\/\/bonanza888.online\/es\/"},{"@type":"ListItem","position":2,"name":"Qu\u00e9 Son las Tragaperras en L\u00ednea Bonanza"}]},{"@type":"WebSite","@id":"https:\/\/bonanza888.online\/es\/#website","url":"https:\/\/bonanza888.online\/es\/","name":"Bonanza","description":"Just another WordPress site","publisher":{"@id":"https:\/\/bonanza888.online\/es\/#organization"},"potentialAction":[{"@type":"SearchAction","target":{"@type":"EntryPoint","urlTemplate":"https:\/\/bonanza888.online\/es\/?s={search_term_string}"},"query-input":{"@type":"PropertyValueSpecification","valueRequired":true,"valueName":"search_term_string"}}],"inLanguage":"it-IT"},{"@type":"Organization","@id":"https:\/\/bonanza888.online\/es\/#organization","name":"Bonanza","url":"https:\/\/bonanza888.online\/es\/","logo":{"@type":"ImageObject","inLanguage":"it-IT","@id":"https:\/\/bonanza888.online\/es\/#\/schema\/logo\/image\/","url":"https:\/\/bonanza888.online\/wp-content\/uploads\/bonanza-logo.png","contentUrl":"https:\/\/bonanza888.online\/wp-content\/uploads\/bonanza-logo.png","width":300,"height":82,"caption":"Bonanza"},"image":{"@id":"https:\/\/bonanza888.online\/es\/#\/schema\/logo\/image\/"}}]}},"_links":{"self":[{"href":"https:\/\/bonanza888.online\/it\/wp-json\/wp\/v2\/pages\/6","targetHints":{"allow":["GET"]}}],"collection":[{"href":"https:\/\/bonanza888.online\/it\/wp-json\/wp\/v2\/pages"}],"about":[{"href":"https:\/\/bonanza888.online\/it\/wp-json\/wp\/v2\/types\/page"}],"author":[{"embeddable":true,"href":"https:\/\/bonanza888.online\/it\/wp-json\/wp\/v2\/users\/1"}],"replies":[{"embeddable":true,"href":"https:\/\/bonanza888.online\/it\/wp-json\/wp\/v2\/comments?post=6"}],"version-history":[{"count":35,"href":"https:\/\/bonanza888.online\/it\/wp-json\/wp\/v2\/pages\/6\/revisions"}],"predecessor-version":[{"id":276,"href":"https:\/\/bonanza888.online\/it\/wp-json\/wp\/v2\/pages\/6\/revisions\/276"}],"wp:attachment":[{"href":"https:\/\/bonanza888.online\/it\/wp-json\/wp\/v2\/media?parent=6"}],"curies":[{"name":"wp","href":"https:\/\/api.w.org\/{rel}","templated":true}]}}