{"id":12,"date":"2024-02-07T17:18:51","date_gmt":"2024-02-07T17:18:51","guid":{"rendered":"https:\/\/bonanza888.online\/?page_id=12"},"modified":"2024-04-07T01:35:07","modified_gmt":"2024-04-07T01:35:07","slug":"faq-about-online-slots-bonanza","status":"publish","type":"page","link":"https:\/\/bonanza888.online\/it\/faq-about-online-slots-bonanza\/","title":{"rendered":"Domande frequenti e risposte sugli slot online Bonanza"},"content":{"rendered":"<p>Molti giocatori sono curiosi di sapere se vale la pena giocare alle slot Bonanza. Abbiamo raccolto 10 domande frequenti sulle macchine da gioco Bonanza, incluse risposte che potrebbero interessare giocatori di diverse et\u00e0, status sociali e che vivono in paesi diversi:<\/p>\n<h3><strong>Cos&#8217;\u00e8 una slot Bonanza?<\/strong><\/h3>\n<p>Una slot Bonanza \u00e8 una popolare macchina da gioco online di vari sviluppatori. Molte delle slot Bonanza sono conosciute per la loro unica meccanica Megaways, che offre migliaia di modi per vincere ad ogni giro. Una cosa \u00e8 certa: le slot Bonanza sono sempre diverse ma luminose e colorate.<\/p>\n<h3><strong>Come si gioca alle slot Bonanza?<\/strong><\/h3>\n<p>Per iniziare a giocare alle slot Bonanza, scegli la dimensione della tua scommessa e premi il pulsante di spin. Il gioco presenta dei rulli, e alcune slot Bonanza hanno la meccanica Megaways, il che significa che il numero di simboli su ogni rullo pu\u00f2 cambiare ad ogni giro, creando numerose opportunit\u00e0 di vincita.<\/p>\n<h3><strong>Qual \u00e8 la scommessa minima e massima nella slot Bonanza?<\/strong><\/h3>\n<p>La scommessa minima di solito parte da 0,20 unit\u00e0 di valuta, e la scommessa massima pu\u00f2 arrivare a 20 unit\u00e0 di valuta, ma questi valori possono variare a seconda del casin\u00f2. In altre parole, se la valuta del tuo casin\u00f2 \u00e8 USD o EUR, allora la scommessa minima \u00e8 di 0,2 USD o EUR, e la scommessa massima sar\u00e0 pari a 20 USD o EUR.<\/p>\n<h3><strong>Ci sono round bonus nella slot Bonanza?<\/strong><\/h3>\n<p>S\u00ec, la slot Bonanza ha un round bonus di Free Spins, che si attiva quando quattro lettere dorate G, O, L, D appaiono sui rulli. Ai giocatori vengono dati 12 giri gratuiti con la possibilit\u00e0 di ottenere giri aggiuntivi. Nella maggior parte delle altre slot Bonanza, \u00e8 possibile attivare anche round bonus.<\/p>\n<h3><strong>Qual \u00e8 l&#8217;RTP (Ritorno al Giocatore) nella Bonanza?<\/strong><\/h3>\n<p>L&#8217;RTP della slot Bonanza si aggira intorno al 96%, che \u00e8 un valore standard per le slot online. A seconda della specifica slot Bonanza di cui stiamo parlando, la variabilit\u00e0 \u00e8 del 95-96 percento, che il giocatore riceve.<\/p>\n<h3><strong>Si pu\u00f2 giocare a Bonanza gratuitamente?<\/strong><\/h3>\n<p>S\u00ec, molti casin\u00f2 online offrono una versione demo di Bonanza, che ti consente di giocare gratuitamente senza scommesse reali.<\/p>\n<h3><strong>Quali simboli sono i pi\u00f9 preziosi in Bonanza?<\/strong><\/h3>\n<p>I simboli pi\u00f9 preziosi in Bonanza sono le pietre preziose, specialmente i diamanti, che portano le vincite pi\u00f9 grandi.<\/p>\n<h3><strong>Si pu\u00f2 giocare a Bonanza su dispositivi mobili?<\/strong><\/h3>\n<p>S\u00ec, la slot Bonanza \u00e8 ottimizzata per essere giocata su dispositivi mobili Android e iOS. La slot Bonanza \u00e8 anche disponibile nella maggior parte dei casin\u00f2 online tramite un browser mobile.<\/p>\n<h3><strong>Quali strategie possono aumentare le tue possibilit\u00e0 di vincita in Bonanza?<\/strong><\/h3>\n<p>\u00c8 importante ricordare che le slot sono giochi di fortuna e non ci sono modi garantiti per vincere. Tuttavia, una prudente gestione del bankroll e la comprensione della meccanica di gioco possono aiutare a migliorare la tua esperienza di gioco e guadagnare denaro reale. Ti consigliamo di leggere l&#8217;articolo sulle strategie di gioco di Bonanza per informazioni pi\u00f9 dettagliate.<\/p>\n<h3><strong>Dove posso giocare alla slot Bonanza?<\/strong><\/h3>\n<p>La slot Bonanza \u00e8 disponibile in molti casin\u00f2 online. Scegli sempre piattaforme autorizzate e affidabili per giocare con denaro reale.<\/p>\n","protected":false},"excerpt":{"rendered":"<p>Molti giocatori sono curiosi di sapere se vale la pena giocare alle slot Bonanza. Abbiamo raccolto 10 domande frequenti sulle macchine da gioco Bonanza, incluse risposte che potrebbero interessare giocatori di diverse et\u00e0, status sociali e che vivono in paesi diversi: Cos&#8217;\u00e8 una slot Bonanza? Una slot Bonanza \u00e8 una popolare macchina da gioco online di vari sviluppatori. Molte delle slot Bonanza sono conosciute per la loro unica meccanica Megaways, che offre migliaia di modi&hellip; <\/p>\n","protected":false},"author":1,"featured_media":0,"parent":0,"menu_order":0,"comment_status":"closed","ping_status":"closed","template":"","meta":{"footnotes":""},"class_list":["post-12","page","type-page","status-publish","hentry"],"yoast_head":"<!-- This site is optimized with the Yoast SEO plugin v27.2 - https:\/\/yoast.com\/product\/yoast-seo-wordpress\/ -->\n<title>FAQ - Preguntas Frecuentes sobre Tragamonedas Bonanza<\/title>\n<meta name=\"description\" content=\"Abbiamo raccolto le domande e risposte pi\u00f9 popolari sui slot Bonanza. Domande frequenti sui slot Bonanza nei casin\u00f2 online, dove puoi giocare con denaro reale.\" \/>\n<meta name=\"robots\" content=\"index, follow, max-snippet:-1, max-image-preview:large, max-video-preview:-1\" \/>\n<link rel=\"canonical\" href=\"https:\/\/bonanza888.online\/it\/faq-about-online-slots-bonanza\/\" \/>\n<meta property=\"og:locale\" content=\"it_IT\" \/>\n<meta property=\"og:locale:alternate\" content=\"ru_RU\" \/>\n<meta property=\"og:locale:alternate\" content=\"en_US\" \/>\n<meta property=\"og:locale:alternate\" content=\"pt_PT\" \/>\n<meta property=\"og:locale:alternate\" content=\"es_ES\" \/>\n<meta property=\"og:locale:alternate\" content=\"sr_RS\" \/>\n<meta property=\"og:locale:alternate\" content=\"bg_BG\" \/>\n<meta property=\"og:locale:alternate\" content=\"ro_RO\" \/>\n<meta property=\"og:locale:alternate\" content=\"fr_FR\" \/>\n<meta property=\"og:locale:alternate\" content=\"de_DE\" \/>\n<meta property=\"og:locale:alternate\" content=\"pl_PL\" \/>\n<meta property=\"og:type\" content=\"article\" \/>\n<meta property=\"og:title\" content=\"FAQ - Preguntas Frecuentes sobre Tragamonedas Bonanza\" \/>\n<meta property=\"og:description\" content=\"Hemos recopilado las preguntas y respuestas m\u00e1s populares sobre las m\u00e1quinas tragamonedas Bonanza. Preguntas frecuentes sobre las tragamonedas Bonanza en casinos en l\u00ednea, donde puedes jugar por dinero real.\" \/>\n<meta property=\"og:url\" content=\"https:\/\/bonanza888.online\/it\/faq-about-online-slots-bonanza\/\" \/>\n<meta property=\"og:site_name\" content=\"Bonanza\" \/>\n<meta property=\"article:modified_time\" content=\"2024-04-07T01:35:07+00:00\" \/>\n<meta name=\"twitter:card\" content=\"summary_large_image\" \/>\n<meta name=\"twitter:label1\" content=\"Tempo di lettura stimato\" \/>\n\t<meta name=\"twitter:data1\" content=\"22 minuti\" \/>\n<script type=\"application\/ld+json\" class=\"yoast-schema-graph\">{\"@context\":\"https:\/\/schema.org\",\"@graph\":[{\"@type\":\"WebPage\",\"@id\":\"https:\/\/bonanza888.online\/es\/faq-about-online-slots-bonanza\/\",\"url\":\"https:\/\/bonanza888.online\/es\/faq-about-online-slots-bonanza\/\",\"name\":\"FAQ - Preguntas Frecuentes sobre Tragamonedas Bonanza\",\"isPartOf\":{\"@id\":\"https:\/\/bonanza888.online\/es\/#website\"},\"datePublished\":\"2024-02-07T17:18:51+00:00\",\"dateModified\":\"2024-04-07T01:35:07+00:00\",\"description\":\"Hemos recopilado las preguntas y respuestas m\u00e1s populares sobre las m\u00e1quinas tragamonedas Bonanza. Preguntas frecuentes sobre las tragamonedas Bonanza en casinos en l\u00ednea, donde puedes jugar por dinero real.\",\"breadcrumb\":{\"@id\":\"https:\/\/bonanza888.online\/es\/faq-about-online-slots-bonanza\/#breadcrumb\"},\"inLanguage\":\"it-IT\",\"potentialAction\":[{\"@type\":\"ReadAction\",\"target\":[\"https:\/\/bonanza888.online\/es\/faq-about-online-slots-bonanza\/\"]}]},{\"@type\":\"BreadcrumbList\",\"@id\":\"https:\/\/bonanza888.online\/es\/faq-about-online-slots-bonanza\/#breadcrumb\",\"itemListElement\":[{\"@type\":\"ListItem\",\"position\":1,\"name\":\"Home\",\"item\":\"https:\/\/bonanza888.online\/es\/\"},{\"@type\":\"ListItem\",\"position\":2,\"name\":\"Preguntas Frecuentes y Respuestas sobre Tragaperras en L\u00ednea Bonanza\"}]},{\"@type\":\"WebSite\",\"@id\":\"https:\/\/bonanza888.online\/es\/#website\",\"url\":\"https:\/\/bonanza888.online\/es\/\",\"name\":\"Bonanza\",\"description\":\"Just another WordPress site\",\"publisher\":{\"@id\":\"https:\/\/bonanza888.online\/es\/#organization\"},\"potentialAction\":[{\"@type\":\"SearchAction\",\"target\":{\"@type\":\"EntryPoint\",\"urlTemplate\":\"https:\/\/bonanza888.online\/es\/?s={search_term_string}\"},\"query-input\":{\"@type\":\"PropertyValueSpecification\",\"valueRequired\":true,\"valueName\":\"search_term_string\"}}],\"inLanguage\":\"it-IT\"},{\"@type\":\"Organization\",\"@id\":\"https:\/\/bonanza888.online\/es\/#organization\",\"name\":\"Bonanza\",\"url\":\"https:\/\/bonanza888.online\/es\/\",\"logo\":{\"@type\":\"ImageObject\",\"inLanguage\":\"it-IT\",\"@id\":\"https:\/\/bonanza888.online\/es\/#\/schema\/logo\/image\/\",\"url\":\"https:\/\/bonanza888.online\/wp-content\/uploads\/bonanza-logo.png\",\"contentUrl\":\"https:\/\/bonanza888.online\/wp-content\/uploads\/bonanza-logo.png\",\"width\":300,\"height\":82,\"caption\":\"Bonanza\"},\"image\":{\"@id\":\"https:\/\/bonanza888.online\/es\/#\/schema\/logo\/image\/\"}}]}<\/script>\n<!-- \/ Yoast SEO plugin. -->","yoast_head_json":{"title":"FAQ - Preguntas Frecuentes sobre Tragamonedas Bonanza","description":"Abbiamo raccolto le domande e risposte pi\u00f9 popolari sui slot Bonanza. Domande frequenti sui slot Bonanza nei casin\u00f2 online, dove puoi giocare con denaro reale.","robots":{"index":"index","follow":"follow","max-snippet":"max-snippet:-1","max-image-preview":"max-image-preview:large","max-video-preview":"max-video-preview:-1"},"canonical":"https:\/\/bonanza888.online\/it\/faq-about-online-slots-bonanza\/","og_locale":"it_IT","og_type":"article","og_title":"FAQ - Preguntas Frecuentes sobre Tragamonedas Bonanza","og_description":"Hemos recopilado las preguntas y respuestas m\u00e1s populares sobre las m\u00e1quinas tragamonedas Bonanza. Preguntas frecuentes sobre las tragamonedas Bonanza en casinos en l\u00ednea, donde puedes jugar por dinero real.","og_url":"https:\/\/bonanza888.online\/it\/faq-about-online-slots-bonanza\/","og_site_name":"Bonanza","article_modified_time":"2024-04-07T01:35:07+00:00","twitter_card":"summary_large_image","twitter_misc":{"Tempo di lettura stimato":"22 minuti"},"schema":{"@context":"https:\/\/schema.org","@graph":[{"@type":"WebPage","@id":"https:\/\/bonanza888.online\/es\/faq-about-online-slots-bonanza\/","url":"https:\/\/bonanza888.online\/es\/faq-about-online-slots-bonanza\/","name":"FAQ - Preguntas Frecuentes sobre Tragamonedas Bonanza","isPartOf":{"@id":"https:\/\/bonanza888.online\/es\/#website"},"datePublished":"2024-02-07T17:18:51+00:00","dateModified":"2024-04-07T01:35:07+00:00","description":"Hemos recopilado las preguntas y respuestas m\u00e1s populares sobre las m\u00e1quinas tragamonedas Bonanza. Preguntas frecuentes sobre las tragamonedas Bonanza en casinos en l\u00ednea, donde puedes jugar por dinero real.","breadcrumb":{"@id":"https:\/\/bonanza888.online\/es\/faq-about-online-slots-bonanza\/#breadcrumb"},"inLanguage":"it-IT","potentialAction":[{"@type":"ReadAction","target":["https:\/\/bonanza888.online\/es\/faq-about-online-slots-bonanza\/"]}]},{"@type":"BreadcrumbList","@id":"https:\/\/bonanza888.online\/es\/faq-about-online-slots-bonanza\/#breadcrumb","itemListElement":[{"@type":"ListItem","position":1,"name":"Home","item":"https:\/\/bonanza888.online\/es\/"},{"@type":"ListItem","position":2,"name":"Preguntas Frecuentes y Respuestas sobre Tragaperras en L\u00ednea Bonanza"}]},{"@type":"WebSite","@id":"https:\/\/bonanza888.online\/es\/#website","url":"https:\/\/bonanza888.online\/es\/","name":"Bonanza","description":"Just another WordPress site","publisher":{"@id":"https:\/\/bonanza888.online\/es\/#organization"},"potentialAction":[{"@type":"SearchAction","target":{"@type":"EntryPoint","urlTemplate":"https:\/\/bonanza888.online\/es\/?s={search_term_string}"},"query-input":{"@type":"PropertyValueSpecification","valueRequired":true,"valueName":"search_term_string"}}],"inLanguage":"it-IT"},{"@type":"Organization","@id":"https:\/\/bonanza888.online\/es\/#organization","name":"Bonanza","url":"https:\/\/bonanza888.online\/es\/","logo":{"@type":"ImageObject","inLanguage":"it-IT","@id":"https:\/\/bonanza888.online\/es\/#\/schema\/logo\/image\/","url":"https:\/\/bonanza888.online\/wp-content\/uploads\/bonanza-logo.png","contentUrl":"https:\/\/bonanza888.online\/wp-content\/uploads\/bonanza-logo.png","width":300,"height":82,"caption":"Bonanza"},"image":{"@id":"https:\/\/bonanza888.online\/es\/#\/schema\/logo\/image\/"}}]}},"_links":{"self":[{"href":"https:\/\/bonanza888.online\/it\/wp-json\/wp\/v2\/pages\/12","targetHints":{"allow":["GET"]}}],"collection":[{"href":"https:\/\/bonanza888.online\/it\/wp-json\/wp\/v2\/pages"}],"about":[{"href":"https:\/\/bonanza888.online\/it\/wp-json\/wp\/v2\/types\/page"}],"author":[{"embeddable":true,"href":"https:\/\/bonanza888.online\/it\/wp-json\/wp\/v2\/users\/1"}],"replies":[{"embeddable":true,"href":"https:\/\/bonanza888.online\/it\/wp-json\/wp\/v2\/comments?post=12"}],"version-history":[{"count":39,"href":"https:\/\/bonanza888.online\/it\/wp-json\/wp\/v2\/pages\/12\/revisions"}],"predecessor-version":[{"id":281,"href":"https:\/\/bonanza888.online\/it\/wp-json\/wp\/v2\/pages\/12\/revisions\/281"}],"wp:attachment":[{"href":"https:\/\/bonanza888.online\/it\/wp-json\/wp\/v2\/media?parent=12"}],"curies":[{"name":"wp","href":"https:\/\/api.w.org\/{rel}","templated":true}]}}