{"id":10,"date":"2024-02-07T17:16:16","date_gmt":"2024-02-07T17:16:16","guid":{"rendered":"https:\/\/bonanza888.online\/?page_id=10"},"modified":"2024-04-07T00:51:42","modified_gmt":"2024-04-07T00:51:42","slug":"game-strategy-in-online-slots-bonanza","status":"publish","type":"page","link":"https:\/\/bonanza888.online\/it\/game-strategy-in-online-slots-bonanza\/","title":{"rendered":"Strategia di gioco nelle slot online Bonanza"},"content":{"rendered":"<p>Le slot Bonanza sono estremamente popolari tra i giocatori di casin\u00f2 online grazie alle loro caratteristiche uniche. Anche se le slot si basano principalmente sulla fortuna, esistono alcune strategie che possono aiutarti a migliorare le tue possibilit\u00e0 di successo. In questo articolo discuteremo diversi aspetti chiave della strategia di gioco nelle slot Bonanza. Leggendo questo articolo, capirai meglio come giocare e vincere nei giochi chiamati Bonanza.<\/p>\n<h2><strong>Comprensione delle regole del gioco<\/strong><\/h2>\n<p>Il primo e pi\u00f9 importante passo \u00e8 comprendere profondamente come funziona il gioco. Le regole delle diverse slot Bonanza possono differire, ma ruotano tutte attorno al girare i rulli. Studia la tabella dei pagamenti per capire quali combinazioni sono le pi\u00f9 preziose. Tipicamente, ogni gioco contiene informazioni sulle regole e sulle tabelle dei pagamenti.<\/p>\n<h2><strong>Gestione del bankroll<\/strong><\/h2>\n<p>Una gestione efficace del tuo bankroll \u00e8 criticamente importante. Determina l&#8217;importo che sei disposto a spendere e non superarlo. In altre parole, immagina di aver perso quella cifra. Distribuisci saggiamente le tue scommesse per assicurarti di avere abbastanza denaro per partecipare almeno a 200 giri. Questo aumenta le tue possibilit\u00e0 di attivare le funzioni bonus. Se il saldo del tuo account \u00e8 sufficiente solo per, diciamo, 30 giri, le possibilit\u00e0 di perdita sono molto alte. In tali slot, puoi vincere solo a lungo termine, quindi assicurati che il tuo saldo sia sufficiente per 200 giri.<\/p>\n<h2><strong>Utilizzo di bonus e promozioni<\/strong><\/h2>\n<p>Molti casin\u00f2 online offrono bonus e promozioni che possono aumentare il tuo bankroll o fornirti giri aggiuntivi. Usa queste offerte saggiamente, ma controlla attentamente i termini e i requisiti di scommessa. Molti bonus e codici promozionali hanno condizioni che devono essere soddisfatte per ottenere profitto.<\/p>\n<h2><strong>Strategia di scommessa<\/strong><\/h2>\n<p>Sebbene la dimensione della scommessa non influenzi la frequenza delle combinazioni vincenti nelle slot Bonanza, pu\u00f2 influire significativamente sulla dimensione della vincita. Alcuni giocatori preferiscono fare scommesse massime, sperando in una grande vincita, mentre altri fanno scommesse minime per prolungare la durata del gioco. Trova l&#8217;equilibrio che ti si addice meglio.<\/p>\n<h2><strong>Pazienza e disciplina<\/strong><\/h2>\n<p>Bonanza, come la maggior parte delle slot, pu\u00f2 mostrare una alta volatilit\u00e0. Ci\u00f2 significa che le vincite possono essere poco frequenti ma potenzialmente grandi. \u00c8 importante mantenere la pazienza e non deviare dalla tua strategia di gestione del bankroll, anche se senti che la fortuna si \u00e8 voltata contro di te.<\/p>\n<h2><strong>Valutazione del rischio e comprensione della volatilit\u00e0<\/strong><\/h2>\n<p>Comprendere la volatilit\u00e0 del gioco pu\u00f2 aiutarti ad adattare la tua strategia di scommessa. Nei giochi ad alta volatilit\u00e0 come Bonanza, \u00e8 consigliabile prepararsi a periodi senza vincite in attesa di grandi pagamenti. E capire che puoi sempre perdere. Non giocare mai con soldi che non puoi permetterti di perdere.<\/p>\n","protected":false},"excerpt":{"rendered":"<p>Le slot Bonanza sono estremamente popolari tra i giocatori di casin\u00f2 online grazie alle loro caratteristiche uniche. Anche se le slot si basano principalmente sulla fortuna, esistono alcune strategie che possono aiutarti a migliorare le tue possibilit\u00e0 di successo. In questo articolo discuteremo diversi aspetti chiave della strategia di gioco nelle slot Bonanza. Leggendo questo articolo, capirai meglio come giocare e vincere nei giochi chiamati Bonanza. Comprensione delle regole del gioco Il primo e pi\u00f9&hellip; <\/p>\n","protected":false},"author":1,"featured_media":0,"parent":0,"menu_order":0,"comment_status":"closed","ping_status":"closed","template":"","meta":{"footnotes":""},"class_list":["post-10","page","type-page","status-publish","hentry"],"yoast_head":"<!-- This site is optimized with the Yoast SEO plugin v27.2 - https:\/\/yoast.com\/product\/yoast-seo-wordpress\/ -->\n<title>Estrat\u00e9gia e t\u00e1ticas de jogo em slots Bonanza<\/title>\n<meta name=\"description\" content=\"Come giocare e vincere nel gioco online Bonanza. Vincere soldi veri nel gioco Bonanza nei casin\u00f2 online.\" \/>\n<meta name=\"robots\" content=\"index, follow, max-snippet:-1, max-image-preview:large, max-video-preview:-1\" \/>\n<link rel=\"canonical\" href=\"https:\/\/bonanza888.online\/it\/game-strategy-in-online-slots-bonanza\/\" \/>\n<meta property=\"og:locale\" content=\"it_IT\" \/>\n<meta property=\"og:locale:alternate\" content=\"ru_RU\" \/>\n<meta property=\"og:locale:alternate\" content=\"en_US\" \/>\n<meta property=\"og:locale:alternate\" content=\"pt_PT\" \/>\n<meta property=\"og:locale:alternate\" content=\"es_ES\" \/>\n<meta property=\"og:locale:alternate\" content=\"sr_RS\" \/>\n<meta property=\"og:locale:alternate\" content=\"bg_BG\" \/>\n<meta property=\"og:locale:alternate\" content=\"ro_RO\" \/>\n<meta property=\"og:locale:alternate\" content=\"fr_FR\" \/>\n<meta property=\"og:locale:alternate\" content=\"de_DE\" \/>\n<meta property=\"og:locale:alternate\" content=\"pl_PL\" \/>\n<meta property=\"og:type\" content=\"article\" \/>\n<meta property=\"og:title\" content=\"Estrat\u00e9gia e t\u00e1ticas de jogo em slots Bonanza\" \/>\n<meta property=\"og:description\" content=\"Como jogar e vencer no jogo online Bonanza. Ganhar dinheiro real no jogo Bonanza em cassinos online.\" \/>\n<meta property=\"og:url\" content=\"https:\/\/bonanza888.online\/it\/game-strategy-in-online-slots-bonanza\/\" \/>\n<meta property=\"og:site_name\" content=\"Bonanza\" \/>\n<meta property=\"article:modified_time\" content=\"2024-04-07T00:51:42+00:00\" \/>\n<meta name=\"twitter:card\" content=\"summary_large_image\" \/>\n<meta name=\"twitter:label1\" content=\"Tempo di lettura stimato\" \/>\n\t<meta name=\"twitter:data1\" content=\"19 minuti\" \/>\n<script type=\"application\/ld+json\" class=\"yoast-schema-graph\">{\"@context\":\"https:\/\/schema.org\",\"@graph\":[{\"@type\":\"WebPage\",\"@id\":\"https:\/\/bonanza888.online\/pt\/game-strategy-in-online-slots-bonanza\/\",\"url\":\"https:\/\/bonanza888.online\/pt\/game-strategy-in-online-slots-bonanza\/\",\"name\":\"Estrat\u00e9gia e t\u00e1ticas de jogo em slots Bonanza\",\"isPartOf\":{\"@id\":\"https:\/\/bonanza888.online\/es\/#website\"},\"datePublished\":\"2024-02-07T17:16:16+00:00\",\"dateModified\":\"2024-04-07T00:51:42+00:00\",\"description\":\"Como jogar e vencer no jogo online Bonanza. Ganhar dinheiro real no jogo Bonanza em cassinos online.\",\"breadcrumb\":{\"@id\":\"https:\/\/bonanza888.online\/pt\/game-strategy-in-online-slots-bonanza\/#breadcrumb\"},\"inLanguage\":\"it-IT\",\"potentialAction\":[{\"@type\":\"ReadAction\",\"target\":[\"https:\/\/bonanza888.online\/pt\/game-strategy-in-online-slots-bonanza\/\"]}]},{\"@type\":\"BreadcrumbList\",\"@id\":\"https:\/\/bonanza888.online\/pt\/game-strategy-in-online-slots-bonanza\/#breadcrumb\",\"itemListElement\":[{\"@type\":\"ListItem\",\"position\":1,\"name\":\"Home\",\"item\":\"https:\/\/bonanza888.online\/es\/\"},{\"@type\":\"ListItem\",\"position\":2,\"name\":\"Estrat\u00e9gia de Jogo em Ca\u00e7a-N\u00edqueis Online Bonanza\"}]},{\"@type\":\"WebSite\",\"@id\":\"https:\/\/bonanza888.online\/es\/#website\",\"url\":\"https:\/\/bonanza888.online\/es\/\",\"name\":\"Bonanza\",\"description\":\"Just another WordPress site\",\"publisher\":{\"@id\":\"https:\/\/bonanza888.online\/es\/#organization\"},\"potentialAction\":[{\"@type\":\"SearchAction\",\"target\":{\"@type\":\"EntryPoint\",\"urlTemplate\":\"https:\/\/bonanza888.online\/es\/?s={search_term_string}\"},\"query-input\":{\"@type\":\"PropertyValueSpecification\",\"valueRequired\":true,\"valueName\":\"search_term_string\"}}],\"inLanguage\":\"it-IT\"},{\"@type\":\"Organization\",\"@id\":\"https:\/\/bonanza888.online\/es\/#organization\",\"name\":\"Bonanza\",\"url\":\"https:\/\/bonanza888.online\/es\/\",\"logo\":{\"@type\":\"ImageObject\",\"inLanguage\":\"it-IT\",\"@id\":\"https:\/\/bonanza888.online\/es\/#\/schema\/logo\/image\/\",\"url\":\"https:\/\/bonanza888.online\/wp-content\/uploads\/bonanza-logo.png\",\"contentUrl\":\"https:\/\/bonanza888.online\/wp-content\/uploads\/bonanza-logo.png\",\"width\":300,\"height\":82,\"caption\":\"Bonanza\"},\"image\":{\"@id\":\"https:\/\/bonanza888.online\/es\/#\/schema\/logo\/image\/\"}}]}<\/script>\n<!-- \/ Yoast SEO plugin. -->","yoast_head_json":{"title":"Estrat\u00e9gia e t\u00e1ticas de jogo em slots Bonanza","description":"Come giocare e vincere nel gioco online Bonanza. Vincere soldi veri nel gioco Bonanza nei casin\u00f2 online.","robots":{"index":"index","follow":"follow","max-snippet":"max-snippet:-1","max-image-preview":"max-image-preview:large","max-video-preview":"max-video-preview:-1"},"canonical":"https:\/\/bonanza888.online\/it\/game-strategy-in-online-slots-bonanza\/","og_locale":"it_IT","og_type":"article","og_title":"Estrat\u00e9gia e t\u00e1ticas de jogo em slots Bonanza","og_description":"Como jogar e vencer no jogo online Bonanza. Ganhar dinheiro real no jogo Bonanza em cassinos online.","og_url":"https:\/\/bonanza888.online\/it\/game-strategy-in-online-slots-bonanza\/","og_site_name":"Bonanza","article_modified_time":"2024-04-07T00:51:42+00:00","twitter_card":"summary_large_image","twitter_misc":{"Tempo di lettura stimato":"19 minuti"},"schema":{"@context":"https:\/\/schema.org","@graph":[{"@type":"WebPage","@id":"https:\/\/bonanza888.online\/pt\/game-strategy-in-online-slots-bonanza\/","url":"https:\/\/bonanza888.online\/pt\/game-strategy-in-online-slots-bonanza\/","name":"Estrat\u00e9gia e t\u00e1ticas de jogo em slots Bonanza","isPartOf":{"@id":"https:\/\/bonanza888.online\/es\/#website"},"datePublished":"2024-02-07T17:16:16+00:00","dateModified":"2024-04-07T00:51:42+00:00","description":"Como jogar e vencer no jogo online Bonanza. Ganhar dinheiro real no jogo Bonanza em cassinos online.","breadcrumb":{"@id":"https:\/\/bonanza888.online\/pt\/game-strategy-in-online-slots-bonanza\/#breadcrumb"},"inLanguage":"it-IT","potentialAction":[{"@type":"ReadAction","target":["https:\/\/bonanza888.online\/pt\/game-strategy-in-online-slots-bonanza\/"]}]},{"@type":"BreadcrumbList","@id":"https:\/\/bonanza888.online\/pt\/game-strategy-in-online-slots-bonanza\/#breadcrumb","itemListElement":[{"@type":"ListItem","position":1,"name":"Home","item":"https:\/\/bonanza888.online\/es\/"},{"@type":"ListItem","position":2,"name":"Estrat\u00e9gia de Jogo em Ca\u00e7a-N\u00edqueis Online Bonanza"}]},{"@type":"WebSite","@id":"https:\/\/bonanza888.online\/es\/#website","url":"https:\/\/bonanza888.online\/es\/","name":"Bonanza","description":"Just another WordPress site","publisher":{"@id":"https:\/\/bonanza888.online\/es\/#organization"},"potentialAction":[{"@type":"SearchAction","target":{"@type":"EntryPoint","urlTemplate":"https:\/\/bonanza888.online\/es\/?s={search_term_string}"},"query-input":{"@type":"PropertyValueSpecification","valueRequired":true,"valueName":"search_term_string"}}],"inLanguage":"it-IT"},{"@type":"Organization","@id":"https:\/\/bonanza888.online\/es\/#organization","name":"Bonanza","url":"https:\/\/bonanza888.online\/es\/","logo":{"@type":"ImageObject","inLanguage":"it-IT","@id":"https:\/\/bonanza888.online\/es\/#\/schema\/logo\/image\/","url":"https:\/\/bonanza888.online\/wp-content\/uploads\/bonanza-logo.png","contentUrl":"https:\/\/bonanza888.online\/wp-content\/uploads\/bonanza-logo.png","width":300,"height":82,"caption":"Bonanza"},"image":{"@id":"https:\/\/bonanza888.online\/es\/#\/schema\/logo\/image\/"}}]}},"_links":{"self":[{"href":"https:\/\/bonanza888.online\/it\/wp-json\/wp\/v2\/pages\/10","targetHints":{"allow":["GET"]}}],"collection":[{"href":"https:\/\/bonanza888.online\/it\/wp-json\/wp\/v2\/pages"}],"about":[{"href":"https:\/\/bonanza888.online\/it\/wp-json\/wp\/v2\/types\/page"}],"author":[{"embeddable":true,"href":"https:\/\/bonanza888.online\/it\/wp-json\/wp\/v2\/users\/1"}],"replies":[{"embeddable":true,"href":"https:\/\/bonanza888.online\/it\/wp-json\/wp\/v2\/comments?post=10"}],"version-history":[{"count":29,"href":"https:\/\/bonanza888.online\/it\/wp-json\/wp\/v2\/pages\/10\/revisions"}],"predecessor-version":[{"id":266,"href":"https:\/\/bonanza888.online\/it\/wp-json\/wp\/v2\/pages\/10\/revisions\/266"}],"wp:attachment":[{"href":"https:\/\/bonanza888.online\/it\/wp-json\/wp\/v2\/media?parent=10"}],"curies":[{"name":"wp","href":"https:\/\/api.w.org\/{rel}","templated":true}]}}