{"id":8,"date":"2024-02-07T17:14:24","date_gmt":"2024-02-07T17:14:24","guid":{"rendered":"https:\/\/bonanza888.online\/?page_id=8"},"modified":"2024-04-07T01:00:31","modified_gmt":"2024-04-07T01:00:31","slug":"reviews-of-real-players-about-the-bonanza-online-slot","status":"publish","type":"page","link":"https:\/\/bonanza888.online\/fr\/reviews-of-real-players-about-the-bonanza-online-slot\/","title":{"rendered":"Avis des vrais joueurs sur la machine \u00e0 sous en ligne Bonanza"},"content":{"rendered":"<p>De nombreux joueurs se demandent s&rsquo;il vaut la peine de jouer aux machines \u00e0 sous Bonanza. Surtout quand on sait que sous le nom de Bonanza, il existe des machines \u00e0 sous tr\u00e8s diff\u00e9rentes de diff\u00e9rents d\u00e9veloppeurs. Quels sont les jeux de machines \u00e0 sous Bonanza en ligne ? Nous avons recueilli des avis de vrais joueurs.<\/p>\n<ul>\n<li><strong>Maxim, 28 ans :<\/strong><br \/>\n\u00ab\u00a0Bonanza est mon jeu pr\u00e9f\u00e9r\u00e9 en ce moment ! La m\u00e9canique Megaways rend vraiment chaque tour impr\u00e9visible et excitant. Les tours bonus avec des multiplicateurs sont tout simplement fantastiques. La seule chose que je n&rsquo;aime pas, ce sont parfois de longues s\u00e9ries sans gains, mais lorsque le gain arrive, \u00e7a vaut le coup d&rsquo;attendre ! Les gains sont vraiment gros et vous font vous sentir comme un joueur r\u00e9ussi.\u00a0\u00bb<\/li>\n<li><strong>Anna, 34 ans :<\/strong><br \/>\n\u00ab\u00a0J&rsquo;ai jou\u00e9 \u00e0 Bonanza quelques fois et j&rsquo;aime le design et l&rsquo;animation. Cependant, j&rsquo;ai l&rsquo;impression que la machine d\u00e9pend trop du hasard, surtout en ce qui concerne le d\u00e9clenchement des tours gratuits. Je n&rsquo;ai pas compris s&rsquo;il existe une strat\u00e9gie de jeu qui peut garantir une victoire. Parfois, je peux faire tourner les rouleaux pendant longtemps sans rien gagner.\u00a0\u00bb<\/li>\n<li><strong>Igor, 25 ans :<\/strong><br \/>\n\u00ab\u00a0Bonanza est juste un jeu top pour moi ! J&rsquo;adore ce jeu pour sa dynamique et son potentiel de gros gains. Mais oui, le jeu demande de la patience et un bon capital pour survivre aux p\u00e9riodes sans gains. Pour moi, c&rsquo;est une partie de l&rsquo;excitation ! Le risque de perte est en effet \u00e9lev\u00e9, mais je le prends philosophiquement.\u00a0\u00bb<\/li>\n<li><strong>Elena, 40 ans :<\/strong><br \/>\n\u00ab\u00a0Au d\u00e9but, j&rsquo;\u00e9tais ravie de Bonanza \u00e0 cause de son interface color\u00e9e et de sa promesse de nombreuses fa\u00e7ons de gagner. Cependant, apr\u00e8s plusieurs sessions, j&rsquo;ai \u00e9t\u00e9 d\u00e9\u00e7ue. Il semble que le RTP ne soit pas si \u00e9lev\u00e9 en r\u00e9alit\u00e9, et les tours bonus sont trop rares. Il est tr\u00e8s difficile de gagner \u00e0 mon avis.\u00a0\u00bb<\/li>\n<li><strong>Denis, 31 ans :<\/strong><br \/>\n\u00ab\u00a0J&rsquo;aime tout dans les machines \u00e0 sous Bonanza &#8211; du design visuel \u00e0 la m\u00e9canique du jeu. C&rsquo;est surtout agr\u00e9able lorsque vous parvenez \u00e0 activer une s\u00e9rie de tours gratuits avec des multiplicateurs croissants. Cependant, le jeu peut \u00eatre assez volatil, alors pr\u00e9parez-vous \u00e0 des hauts et des bas. Dans n&rsquo;importe quel casino en ligne, il y a de nombreuses machines \u00e0 sous Bonanza diff\u00e9rentes, mais elles sont toutes tr\u00e8s attrayantes \u00e0 jouer.\u00a0\u00bb<\/li>\n<li><strong>Victoria, 29 ans :<\/strong><br \/>\n\u00ab\u00a0Honn\u00eatement, les machines \u00e0 sous Bonanza ne m&rsquo;ont pas accroch\u00e9. Peut-\u00eatre que ce n&rsquo;est tout simplement pas mon jour, mais il semblait que les gains \u00e9taient trop petits et rares. Cependant, je comprends pourquoi d&rsquo;autres le trouvent excitant &#8211; beaucoup de fa\u00e7ons de gagner et un concept int\u00e9ressant. Et un design tr\u00e8s lumineux. Les machines \u00e0 sous Bonanza sont tr\u00e8s lumineuses et int\u00e9ressantes maintenant.\u00a0\u00bb<\/li>\n<li><strong>Alexey, 22 ans :<\/strong><br \/>\n\u00ab\u00a0Le jeu Bonanza m&rsquo;a vraiment accroch\u00e9 ! Ce jeu est comme des montagnes russes, plein de hauts et de bas. Parfois, vous perdez beaucoup de fois d&rsquo;affil\u00e9e, mais alors un bon tour peut tout changer. Le bonus avec les tours gratuits est tout simplement incroyable, surtout lorsque les multiplicateurs commencent \u00e0 s&rsquo;accumuler ! Je recommande les machines \u00e0 sous Bonanza \u00e0 tous mes amis parce qu&rsquo;ils jouent g\u00e9n\u00e9ralement \u00e0 des mauvaises machines.\u00a0\u00bb<\/li>\n<li><strong>Olga, 35 ans :<\/strong><br \/>\n\u00ab\u00a0Apr\u00e8s quelques parties \u00e0 Bonanza, mes sentiments sont mitig\u00e9s. D&rsquo;une part, le jeu a une m\u00e9canique de gameplay int\u00e9ressante et un potentiel de gros gains. D&rsquo;autre part, il semble que les chances d&rsquo;activer les tours gratuits soient assez faibles, et c&rsquo;est un peu d\u00e9cevant. Ce n&rsquo;est pas le jeu o\u00f9 vous pouvez gagner gros. Si vous jouez, jouez pour votre propre plaisir.\u00a0\u00bb<\/li>\n<li><strong>Sergey, 27 ans :<\/strong><br \/>\n\u00ab\u00a0J&rsquo;aime tout dans la machine \u00e0 sous en ligne Bonanza &#8211; de l&rsquo;excitation \u00e0 la possibilit\u00e9 de gagner gros. Bien s\u00fbr, ce n&rsquo;est pas toujours de la chance, et il y a des moments o\u00f9 il semble que les pertes sont in\u00e9vitables, mais dans l&rsquo;ensemble, le jeu apporte beaucoup de plaisir. Les graphismes et le son sont de haute qualit\u00e9, cr\u00e9ant une immersion totale dans le processus.\u00a0\u00bb<\/li>\n<li><strong>Marina, 33 ans :<\/strong><br \/>\n\u00ab\u00a0J&rsquo;ai jou\u00e9 \u00e0 de nombreuses machines \u00e0 sous, mais Bonanza se distingue par sa m\u00e9canique unique et son style visuel. Bien qu&rsquo;il semble parfois que gagner soit plus difficile que dans d&rsquo;autres jeux, les \u00e9motions d&rsquo;une grosse victoire sont indescriptibles. Cependant, vous devez \u00eatre pr\u00eat \u00e0 ce qu&rsquo;il ne soit pas toujours possible de sortir gagnant. Plus souvent, je perds, mais c&rsquo;est toujours une machine \u00e0 sous tr\u00e8s agr\u00e9able.\u00a0\u00bb<\/li>\n<\/ul>\n","protected":false},"excerpt":{"rendered":"<p>De nombreux joueurs se demandent s&rsquo;il vaut la peine de jouer aux machines \u00e0 sous Bonanza. Surtout quand on sait que sous le nom de Bonanza, il existe des machines \u00e0 sous tr\u00e8s diff\u00e9rentes de diff\u00e9rents d\u00e9veloppeurs. Quels sont les jeux de machines \u00e0 sous Bonanza en ligne ? Nous avons recueilli des avis de vrais joueurs. Maxim, 28 ans : \u00ab\u00a0Bonanza est mon jeu pr\u00e9f\u00e9r\u00e9 en ce moment ! La m\u00e9canique Megaways rend vraiment&hellip; <\/p>\n","protected":false},"author":1,"featured_media":0,"parent":0,"menu_order":0,"comment_status":"closed","ping_status":"closed","template":"","meta":{"footnotes":""},"class_list":["post-8","page","type-page","status-publish","hentry"],"yoast_head":"<!-- This site is optimized with the Yoast SEO plugin v27.2 - https:\/\/yoast.com\/product\/yoast-seo-wordpress\/ -->\n<title>Bewertungen von echten Spielern \u00fcber Online-Slots Bonanza.<\/title>\n<meta name=\"description\" content=\"Aper\u00e7u de la machine \u00e0 sous Bonanza par de vrais joueurs. Avis, critiques, vue d&#039;ensemble des jeux en ligne Bonanza. Jouez et gagnez maintenant aux machines \u00e0 sous Bonanza.\" \/>\n<meta name=\"robots\" content=\"index, follow, max-snippet:-1, max-image-preview:large, max-video-preview:-1\" \/>\n<link rel=\"canonical\" href=\"https:\/\/bonanza888.online\/fr\/reviews-of-real-players-about-the-bonanza-online-slot\/\" \/>\n<meta property=\"og:locale\" content=\"fr_FR\" \/>\n<meta property=\"og:locale:alternate\" content=\"ru_RU\" \/>\n<meta property=\"og:locale:alternate\" content=\"en_US\" \/>\n<meta property=\"og:locale:alternate\" content=\"pt_PT\" \/>\n<meta property=\"og:locale:alternate\" content=\"es_ES\" \/>\n<meta property=\"og:locale:alternate\" content=\"sr_RS\" \/>\n<meta property=\"og:locale:alternate\" content=\"bg_BG\" \/>\n<meta property=\"og:locale:alternate\" content=\"ro_RO\" \/>\n<meta property=\"og:locale:alternate\" content=\"it_IT\" \/>\n<meta property=\"og:locale:alternate\" content=\"de_DE\" \/>\n<meta property=\"og:locale:alternate\" content=\"pl_PL\" \/>\n<meta property=\"og:type\" content=\"article\" \/>\n<meta property=\"og:title\" content=\"Bewertungen von echten Spielern \u00fcber Online-Slots Bonanza.\" \/>\n<meta property=\"og:description\" content=\"\u00dcberblick \u00fcber den Bonanza-Spielautomaten von echten Spielern. Meinungen, Bewertungen, \u00dcbersicht \u00fcber Online-Bonanza-Spiele. Spielen Sie jetzt und gewinnen Sie in den Bonanza-Slots.\" \/>\n<meta property=\"og:url\" content=\"https:\/\/bonanza888.online\/fr\/reviews-of-real-players-about-the-bonanza-online-slot\/\" \/>\n<meta property=\"og:site_name\" content=\"Bonanza\" \/>\n<meta property=\"article:modified_time\" content=\"2024-04-07T01:00:31+00:00\" \/>\n<meta name=\"twitter:card\" content=\"summary_large_image\" \/>\n<meta name=\"twitter:label1\" content=\"Dur\u00e9e de lecture estim\u00e9e\" \/>\n\t<meta name=\"twitter:data1\" content=\"28 minutes\" \/>\n<script type=\"application\/ld+json\" class=\"yoast-schema-graph\">{\"@context\":\"https:\/\/schema.org\",\"@graph\":[{\"@type\":\"WebPage\",\"@id\":\"https:\/\/bonanza888.online\/de\/reviews-of-real-players-about-the-bonanza-online-slot\/\",\"url\":\"https:\/\/bonanza888.online\/de\/reviews-of-real-players-about-the-bonanza-online-slot\/\",\"name\":\"Bewertungen von echten Spielern \u00fcber Online-Slots Bonanza.\",\"isPartOf\":{\"@id\":\"https:\/\/bonanza888.online\/es\/#website\"},\"datePublished\":\"2024-02-07T17:14:24+00:00\",\"dateModified\":\"2024-04-07T01:00:31+00:00\",\"description\":\"\u00dcberblick \u00fcber den Bonanza-Spielautomaten von echten Spielern. Meinungen, Bewertungen, \u00dcbersicht \u00fcber Online-Bonanza-Spiele. Spielen Sie jetzt und gewinnen Sie in den Bonanza-Slots.\",\"breadcrumb\":{\"@id\":\"https:\/\/bonanza888.online\/de\/reviews-of-real-players-about-the-bonanza-online-slot\/#breadcrumb\"},\"inLanguage\":\"fr-FR\",\"potentialAction\":[{\"@type\":\"ReadAction\",\"target\":[\"https:\/\/bonanza888.online\/de\/reviews-of-real-players-about-the-bonanza-online-slot\/\"]}]},{\"@type\":\"BreadcrumbList\",\"@id\":\"https:\/\/bonanza888.online\/de\/reviews-of-real-players-about-the-bonanza-online-slot\/#breadcrumb\",\"itemListElement\":[{\"@type\":\"ListItem\",\"position\":1,\"name\":\"Home\",\"item\":\"https:\/\/bonanza888.online\/es\/\"},{\"@type\":\"ListItem\",\"position\":2,\"name\":\"Bewertungen echter Spieler \u00fcber den Online-Slot Bonanza\"}]},{\"@type\":\"WebSite\",\"@id\":\"https:\/\/bonanza888.online\/es\/#website\",\"url\":\"https:\/\/bonanza888.online\/es\/\",\"name\":\"Bonanza\",\"description\":\"Just another WordPress site\",\"publisher\":{\"@id\":\"https:\/\/bonanza888.online\/es\/#organization\"},\"potentialAction\":[{\"@type\":\"SearchAction\",\"target\":{\"@type\":\"EntryPoint\",\"urlTemplate\":\"https:\/\/bonanza888.online\/es\/?s={search_term_string}\"},\"query-input\":{\"@type\":\"PropertyValueSpecification\",\"valueRequired\":true,\"valueName\":\"search_term_string\"}}],\"inLanguage\":\"fr-FR\"},{\"@type\":\"Organization\",\"@id\":\"https:\/\/bonanza888.online\/es\/#organization\",\"name\":\"Bonanza\",\"url\":\"https:\/\/bonanza888.online\/es\/\",\"logo\":{\"@type\":\"ImageObject\",\"inLanguage\":\"fr-FR\",\"@id\":\"https:\/\/bonanza888.online\/es\/#\/schema\/logo\/image\/\",\"url\":\"https:\/\/bonanza888.online\/wp-content\/uploads\/bonanza-logo.png\",\"contentUrl\":\"https:\/\/bonanza888.online\/wp-content\/uploads\/bonanza-logo.png\",\"width\":300,\"height\":82,\"caption\":\"Bonanza\"},\"image\":{\"@id\":\"https:\/\/bonanza888.online\/es\/#\/schema\/logo\/image\/\"}}]}<\/script>\n<!-- \/ Yoast SEO plugin. -->","yoast_head_json":{"title":"Bewertungen von echten Spielern \u00fcber Online-Slots Bonanza.","description":"Aper\u00e7u de la machine \u00e0 sous Bonanza par de vrais joueurs. Avis, critiques, vue d'ensemble des jeux en ligne Bonanza. Jouez et gagnez maintenant aux machines \u00e0 sous Bonanza.","robots":{"index":"index","follow":"follow","max-snippet":"max-snippet:-1","max-image-preview":"max-image-preview:large","max-video-preview":"max-video-preview:-1"},"canonical":"https:\/\/bonanza888.online\/fr\/reviews-of-real-players-about-the-bonanza-online-slot\/","og_locale":"fr_FR","og_type":"article","og_title":"Bewertungen von echten Spielern \u00fcber Online-Slots Bonanza.","og_description":"\u00dcberblick \u00fcber den Bonanza-Spielautomaten von echten Spielern. Meinungen, Bewertungen, \u00dcbersicht \u00fcber Online-Bonanza-Spiele. Spielen Sie jetzt und gewinnen Sie in den Bonanza-Slots.","og_url":"https:\/\/bonanza888.online\/fr\/reviews-of-real-players-about-the-bonanza-online-slot\/","og_site_name":"Bonanza","article_modified_time":"2024-04-07T01:00:31+00:00","twitter_card":"summary_large_image","twitter_misc":{"Dur\u00e9e de lecture estim\u00e9e":"28 minutes"},"schema":{"@context":"https:\/\/schema.org","@graph":[{"@type":"WebPage","@id":"https:\/\/bonanza888.online\/de\/reviews-of-real-players-about-the-bonanza-online-slot\/","url":"https:\/\/bonanza888.online\/de\/reviews-of-real-players-about-the-bonanza-online-slot\/","name":"Bewertungen von echten Spielern \u00fcber Online-Slots Bonanza.","isPartOf":{"@id":"https:\/\/bonanza888.online\/es\/#website"},"datePublished":"2024-02-07T17:14:24+00:00","dateModified":"2024-04-07T01:00:31+00:00","description":"\u00dcberblick \u00fcber den Bonanza-Spielautomaten von echten Spielern. Meinungen, Bewertungen, \u00dcbersicht \u00fcber Online-Bonanza-Spiele. Spielen Sie jetzt und gewinnen Sie in den Bonanza-Slots.","breadcrumb":{"@id":"https:\/\/bonanza888.online\/de\/reviews-of-real-players-about-the-bonanza-online-slot\/#breadcrumb"},"inLanguage":"fr-FR","potentialAction":[{"@type":"ReadAction","target":["https:\/\/bonanza888.online\/de\/reviews-of-real-players-about-the-bonanza-online-slot\/"]}]},{"@type":"BreadcrumbList","@id":"https:\/\/bonanza888.online\/de\/reviews-of-real-players-about-the-bonanza-online-slot\/#breadcrumb","itemListElement":[{"@type":"ListItem","position":1,"name":"Home","item":"https:\/\/bonanza888.online\/es\/"},{"@type":"ListItem","position":2,"name":"Bewertungen echter Spieler \u00fcber den Online-Slot Bonanza"}]},{"@type":"WebSite","@id":"https:\/\/bonanza888.online\/es\/#website","url":"https:\/\/bonanza888.online\/es\/","name":"Bonanza","description":"Just another WordPress site","publisher":{"@id":"https:\/\/bonanza888.online\/es\/#organization"},"potentialAction":[{"@type":"SearchAction","target":{"@type":"EntryPoint","urlTemplate":"https:\/\/bonanza888.online\/es\/?s={search_term_string}"},"query-input":{"@type":"PropertyValueSpecification","valueRequired":true,"valueName":"search_term_string"}}],"inLanguage":"fr-FR"},{"@type":"Organization","@id":"https:\/\/bonanza888.online\/es\/#organization","name":"Bonanza","url":"https:\/\/bonanza888.online\/es\/","logo":{"@type":"ImageObject","inLanguage":"fr-FR","@id":"https:\/\/bonanza888.online\/es\/#\/schema\/logo\/image\/","url":"https:\/\/bonanza888.online\/wp-content\/uploads\/bonanza-logo.png","contentUrl":"https:\/\/bonanza888.online\/wp-content\/uploads\/bonanza-logo.png","width":300,"height":82,"caption":"Bonanza"},"image":{"@id":"https:\/\/bonanza888.online\/es\/#\/schema\/logo\/image\/"}}]}},"_links":{"self":[{"href":"https:\/\/bonanza888.online\/fr\/wp-json\/wp\/v2\/pages\/8","targetHints":{"allow":["GET"]}}],"collection":[{"href":"https:\/\/bonanza888.online\/fr\/wp-json\/wp\/v2\/pages"}],"about":[{"href":"https:\/\/bonanza888.online\/fr\/wp-json\/wp\/v2\/types\/page"}],"author":[{"embeddable":true,"href":"https:\/\/bonanza888.online\/fr\/wp-json\/wp\/v2\/users\/1"}],"replies":[{"embeddable":true,"href":"https:\/\/bonanza888.online\/fr\/wp-json\/wp\/v2\/comments?post=8"}],"version-history":[{"count":35,"href":"https:\/\/bonanza888.online\/fr\/wp-json\/wp\/v2\/pages\/8\/revisions"}],"predecessor-version":[{"id":271,"href":"https:\/\/bonanza888.online\/fr\/wp-json\/wp\/v2\/pages\/8\/revisions\/271"}],"wp:attachment":[{"href":"https:\/\/bonanza888.online\/fr\/wp-json\/wp\/v2\/media?parent=8"}],"curies":[{"name":"wp","href":"https:\/\/api.w.org\/{rel}","templated":true}]}}