{"id":6,"date":"2024-02-07T16:24:34","date_gmt":"2024-02-07T16:24:34","guid":{"rendered":"https:\/\/bonanza888.online\/?page_id=6"},"modified":"2024-04-07T01:16:40","modified_gmt":"2024-04-07T01:16:40","slug":"what-are-online-slots-bonanza","status":"publish","type":"page","link":"https:\/\/bonanza888.online\/fr\/","title":{"rendered":"Qu&rsquo;est-ce que les machines \u00e0 sous en ligne Bonanza"},"content":{"rendered":"<p>Les machines \u00e0 sous en ligne Bonanza sont une cat\u00e9gorie de machines \u00e0 sous dans les casinos en ligne qui ont souvent le mot Bonanza dans leur nom en raison d&rsquo;un th\u00e8me commun li\u00e9 \u00e0 la richesse. Les machines \u00e0 sous Bonanza sont souvent associ\u00e9es \u00e0 l&rsquo;exploitation aurif\u00e8re ou aux pierres pr\u00e9cieuses, ainsi qu&rsquo;au potentiel de gros gains. Le consensus g\u00e9n\u00e9ral parmi les joueurs est que ce sont des machines \u00e0 sous g\u00e9n\u00e9reuses qui offrent des r\u00e9compenses en argent r\u00e9el. Voici quelques caract\u00e9ristiques cl\u00e9s g\u00e9n\u00e9ralement associ\u00e9es aux machines \u00e0 sous en ligne Bonanza :<\/p>\n<ul>\n<li><strong>Th\u00e8mes int\u00e9ressants<\/strong><\/li>\n<\/ul>\n<p>Les machines \u00e0 sous Bonanza sont g\u00e9n\u00e9ralement associ\u00e9es \u00e0 des th\u00e8mes d&rsquo;exploitation aurif\u00e8re, de pierres pr\u00e9cieuses ou d&rsquo;autres formes de richesse, cr\u00e9ant une exp\u00e9rience de jeu engageante. Ce sont des machines \u00e0 sous tr\u00e8s color\u00e9es qui cr\u00e9ent une ambiance formidable.<\/p>\n<ul>\n<li><strong>M\u00e9canisme Megaways<\/strong><\/li>\n<\/ul>\n<p>De nombreuses machines \u00e0 sous Bonanza utilisent le m\u00e9canisme Megaways de Big Time Gaming, qui offre des milliers de fa\u00e7ons de gagner \u00e0 chaque rotation en raison du nombre variable de symboles sur les rouleaux. C&rsquo;est une caract\u00e9ristique d&rsquo;un nombre limit\u00e9 de machines \u00e0 sous Bonanza, mais c&rsquo;est cette fonctionnalit\u00e9 qui est r\u00e9cemment devenue associ\u00e9e aux machines \u00e0 sous Bonanza.<\/p>\n<ul>\n<li><strong>Fonctionnalit\u00e9s de bonus<\/strong><\/li>\n<\/ul>\n<p>Les machines \u00e0 sous Bonanza incluent souvent diverses fonctionnalit\u00e9s de bonus telles que des tours gratuits, des multiplicateurs, des rouleaux en cascade et des symboles sp\u00e9ciaux tels que des jokers et des scatters. L&rsquo;abondance de fonctionnalit\u00e9s suppl\u00e9mentaires rend le jeu plus excitant et peut augmenter consid\u00e9rablement les gains, tant en termes de montants que de probabilit\u00e9.<\/p>\n<ul>\n<li><strong>Volatilit\u00e9 \u00e9lev\u00e9e<\/strong><\/li>\n<\/ul>\n<p>Ces jeux sont souvent caract\u00e9ris\u00e9s par une volatilit\u00e9 \u00e9lev\u00e9e, ce qui signifie le potentiel de gains tr\u00e8s importants mais \u00e9galement des paiements moins fr\u00e9quents. En d&rsquo;autres termes, jouer aux machines \u00e0 sous Bonanza est risqu\u00e9.<\/p>\n<ul>\n<li><strong>Graphismes et effets sonores<\/strong><\/li>\n<\/ul>\n<p>Les machines \u00e0 sous Bonanza en ligne pr\u00e9sentent g\u00e9n\u00e9ralement des graphismes de haute qualit\u00e9 et des effets sonores, cr\u00e9ant une atmosph\u00e8re immersive et am\u00e9liorant l&rsquo;exp\u00e9rience de jeu.<\/p>\n<p>Les machines \u00e0 sous Bonanza sont populaires parmi les joueurs en raison de leur gameplay excitant, de leurs th\u00e8mes int\u00e9ressants et de leur potentiel de gros gains.<\/p>\n<h2><strong>Pourquoi les appelle-t-on machines \u00e0 sous Bonanza ?<\/strong><\/h2>\n<p>Beaucoup de joueurs se demandent pourquoi les machines \u00e0 sous sont appel\u00e9es Bonanza. Les machines \u00e0 sous portant le nom Bonanza utilisent souvent ce titre pour transmettre un sentiment de richesse, de chance et l&rsquo;opportunit\u00e9 d&rsquo;obtenir une grande quantit\u00e9 de biens pr\u00e9cieux. Le mot \u00ab\u00a0bonanza\u00a0\u00bb a des origines espagnoles et \u00e9tait initialement utilis\u00e9 pour d\u00e9signer une veine riche en minerai ou une grande d\u00e9couverte de m\u00e9taux pr\u00e9cieux, en particulier l&rsquo;or ou l&rsquo;argent. Voici plusieurs raisons pour lesquelles ce nom convient aux machines \u00e0 sous :<\/p>\n<ul>\n<li><strong>Associations avec la richesse<\/strong><\/li>\n<\/ul>\n<p>Puisque \u00ab\u00a0bonanza\u00a0\u00bb est associ\u00e9 \u00e0 l&rsquo;abondance et \u00e0 la richesse, ce nom attire les joueurs recherchant de gros gains dans les casinos en ligne. Cela est particuli\u00e8rement vrai dans les pays hispanophones, o\u00f9 le mot lui-m\u00eame est devenu un outil de marketing pour promouvoir les jeux Bonanza.<\/p>\n<ul>\n<li><strong>Th\u00e8me de l&rsquo;exploitation mini\u00e8re<\/strong><\/li>\n<\/ul>\n<p>De nombreuses machines \u00e0 sous Bonanza tournent autour du th\u00e8me de l&rsquo;exploitation mini\u00e8re des m\u00e9taux pr\u00e9cieux, ce qui correspond parfaitement \u00e0 l&rsquo;id\u00e9e d&rsquo;une \u00ab\u00a0bonanza\u00a0\u00bb comme une d\u00e9couverte significative. Le th\u00e8me de l&rsquo;exploitation mini\u00e8re s&rsquo;est av\u00e9r\u00e9 tr\u00e8s attrayant pour les machines \u00e0 sous. Apr\u00e8s tout, dans une machine \u00e0 sous, vous devez aussi \u00ab\u00a0extraire\u00a0\u00bb de l&rsquo;argent.<\/p>\n<ul>\n<li><strong>Attrait marketing<\/strong><\/li>\n<\/ul>\n<p>Le nom Bonanza est facilement m\u00e9morable dans toutes les langues, il est lumineux, cr\u00e9e des associations positives et peut attirer l&rsquo;attention sur la machine \u00e0 sous au milieu d&rsquo;une multitude d&rsquo;autres jeux.<\/p>\n<h2><strong>Caract\u00e9ristiques communes parmi les machines \u00e0 sous Bonanza<\/strong><\/h2>\n<p>Diverses machines \u00e0 sous portant le nom de Bonanza dans les casinos en ligne, malgr\u00e9 leurs diff\u00e9rences, partagent souvent plusieurs traits communs, bas\u00e9s sur la popularit\u00e9 de la machine \u00e0 sous originale \u00ab\u00a0Bonanza\u00a0\u00bb de Big Time Gaming. Voici quelques-unes des caract\u00e9ristiques communes que vous pouvez trouver dans les jeux Bonanza sur diff\u00e9rents casinos en ligne :<\/p>\n<ul>\n<li><strong>Th\u00e8me de l&rsquo;exploitation mini\u00e8re ou de l&rsquo;exploration<\/strong><\/li>\n<\/ul>\n<p>De nombreuses machines \u00e0 sous Bonanza tournent autour du th\u00e8me de l&rsquo;exploitation mini\u00e8re des m\u00e9taux pr\u00e9cieux ou des gemmes, ce qui se refl\u00e8te dans les symboles et le design du jeu. Ce th\u00e8me s&rsquo;est av\u00e9r\u00e9 tr\u00e8s attractif pour les machines \u00e0 sous et est appr\u00e9ci\u00e9 par les joueurs.<\/p>\n<ul>\n<li><strong>M\u00e9canisme Megaways<\/strong><\/li>\n<\/ul>\n<p>Une des caract\u00e9ristiques cl\u00e9s de la machine \u00e0 sous originale Bonanza est le m\u00e9canisme Megaways, qui offre un grand nombre de combinaisons gagnantes potentielles. De nombreuses machines \u00e0 sous Bonanza ult\u00e9rieures utilisent \u00e9galement ce m\u00e9canisme ou quelque chose de similaire, offrant un gameplay dynamique et impr\u00e9visible. Bien s\u00fbr, cela distingue les machines \u00e0 sous sous un jour favorable, rendant la machine \u00e0 sous plus int\u00e9ressante \u00e0 jouer.<\/p>\n<ol>\n<li><strong>Tours gratuits et multiplicateurs<\/strong><br \/>\nLes machines \u00e0 sous Bonanza offrent souvent des tours bonus avec des tours gratuits et des multiplicateurs, ce qui peut augmenter significativement les gains d&rsquo;un joueur. C&rsquo;est une fonctionnalit\u00e9 appr\u00e9ci\u00e9e par les joueurs.<\/li>\n<li><strong>Bobines en cascade<\/strong><br \/>\nDe nombreux jeux pr\u00e9sentent une fonctionnalit\u00e9 de bobines en cascade, o\u00f9 les symboles gagnants disparaissent et de nouveaux symboles tombent \u00e0 leur place, pouvant potentiellement conduire \u00e0 une s\u00e9rie de gains.<\/li>\n<li><strong>Volatilit\u00e9 \u00e9lev\u00e9e<\/strong><br \/>\nLes machines \u00e0 sous Bonanza sont souvent caract\u00e9ris\u00e9es par une volatilit\u00e9 \u00e9lev\u00e9e, ce qui signifie un potentiel de gains tr\u00e8s \u00e9lev\u00e9, mais des gains moins fr\u00e9quents.<\/li>\n<\/ol>\n<p>Notez que toutes les machines \u00e0 sous portant le nom de Bonanza n&rsquo;auront pas toutes ces caract\u00e9ristiques, et diff\u00e9rents d\u00e9veloppeurs peuvent introduire leurs propres fonctionnalit\u00e9s uniques et variations. Les machines \u00e0 sous Bonanza ont g\u00e9n\u00e9ralement un aspect tr\u00e8s diff\u00e9rent les unes des autres, mais elles partagent de nombreuses similitudes.<\/p>\n<h2><strong>Les machines \u00e0 sous Bonanza les plus c\u00e9l\u00e8bres<\/strong><\/h2>\n<p>Parmi les machines \u00e0 sous portant le nom de \u00ab\u00a0Bonanza\u00a0\u00bb, certaines sont devenues particuli\u00e8rement populaires et bien connues des joueurs de casino en ligne. Voici quelques-unes des plus c\u00e9l\u00e8bres :<\/p>\n<ol>\n<li><strong>Bonanza Megaways (Big Time Gaming) :<\/strong><br \/>\nUne des premi\u00e8res et des plus populaires machines \u00e0 sous avec le m\u00e9canisme Megaways. Ce jeu en ligne est devenu r\u00e9volutionnaire gr\u00e2ce \u00e0 sa fonction unique, offrant jusqu&rsquo;\u00e0 117 649 fa\u00e7ons de gagner, ainsi qu&rsquo;un excitant tour bonus avec des tours gratuits et des multiplicateurs croissants.<\/li>\n<li><strong>Sweet Bonanza (Pragmatic Play) :<\/strong><br \/>\nCette machine \u00e0 sous se distingue des autres jeux Bonanza par son th\u00e8me de sucreries et de fruits. Elle est connue pour ses couleurs vives, son ambiance joyeuse et sa fonction Tumble, qui permet aux combinaisons gagnantes de dispara\u00eetre et de laisser place \u00e0 de nouveaux symboles.<\/li>\n<li><strong>Gems Bonanza (Pragmatic Play) :<\/strong><br \/>\nCette machine \u00e0 sous est d\u00e9di\u00e9e aux gemmes pr\u00e9cieuses et propose un gameplay unique en grille 8&#215;8. Le jeu poss\u00e8de de nombreuses fonctionnalit\u00e9s, dont des modificateurs al\u00e9atoires et un grand potentiel de gain gr\u00e2ce aux cascades de gains et aux multiplicateurs.<\/li>\n<\/ol>\n<p>Ces machines \u00e0 sous sont devenues populaires gr\u00e2ce \u00e0 leurs m\u00e9canismes innovants, leurs th\u00e8mes int\u00e9ressants et leur potentiel de gros gains. Chaque jeu a ses caract\u00e9ristiques uniques qui le rendent attractif et le distinguent des autres machines \u00e0 sous sur le march\u00e9.<\/p>\n<h2><strong>Les questions les plus fr\u00e9quemment pos\u00e9es sur les machines \u00e0 sous Bonanza dans les casinos en ligne<\/strong><\/h2>\n<p><strong>Qu&rsquo;est-ce que les machines \u00e0 sous Bonanza ?<\/strong><\/p>\n<p>Les machines \u00e0 sous Bonanza sont une cat\u00e9gorie de machines \u00e0 sous en ligne qui pr\u00e9sentent souvent des th\u00e8mes li\u00e9s \u00e0 l&rsquo;extraction de m\u00e9taux pr\u00e9cieux ou de pierres et sont connues pour leurs caract\u00e9ristiques uniques telles que le m\u00e9canisme Megaways, les tours gratuits, les multiplicateurs et la haute volatilit\u00e9, offrant aux joueurs la possibilit\u00e9 de gros gains.<\/p>\n<p><strong>Qu&rsquo;est-ce qui rend le m\u00e9canisme Megaways sp\u00e9cial dans les machines \u00e0 sous Bonanza ?<\/strong><\/p>\n<p>Le m\u00e9canisme Megaways, souvent utilis\u00e9 dans les machines \u00e0 sous Bonanza, offre un nombre variable de symboles sur chaque rouleau \u00e0 chaque rotation, cr\u00e9ant ainsi des milliers de fa\u00e7ons potentielles de gagner, rendant le jeu impr\u00e9visible et dynamique.<\/p>\n<p><strong>Puis-je jouer aux machines \u00e0 sous Bonanza gratuitement ?<\/strong><\/p>\n<p>Oui, de nombreux casinos en ligne proposent des versions de d\u00e9monstration des machines \u00e0 sous Bonanza, permettant aux joueurs d&rsquo;essayer les jeux gratuitement sans risquer d&rsquo;argent r\u00e9el.<\/p>\n<p><strong>Quelles sont les machines \u00e0 sous Bonanza les plus populaires ?<\/strong><\/p>\n<p>Parmi les machines \u00e0 sous Bonanza les plus populaires figurent \u00ab\u00a0Bonanza Megaways\u00a0\u00bb de Big Time Gaming, \u00ab\u00a0Sweet Bonanza\u00a0\u00bb de Pragmatic Play et \u00ab\u00a0Gems Bonanza\u00a0\u00bb, \u00e9galement de Pragmatic Play. Ces jeux attirent l&rsquo;attention par leurs caract\u00e9ristiques uniques et leur potentiel de gros gains.<\/p>\n<p><strong>Que signifie la haute volatilit\u00e9 dans les machines \u00e0 sous Bonanza ?<\/strong><\/p>\n<p>La haute volatilit\u00e9 dans les machines \u00e0 sous Bonanza signifie que les jeux peuvent offrir des gains tr\u00e8s importants, mais que ces gains se produisent moins fr\u00e9quemment. Cela rend le jeu plus risqu\u00e9 mais aussi plus excitant pour certains joueurs visant de gros gains.<\/p>\n","protected":false},"excerpt":{"rendered":"<p>Les machines \u00e0 sous en ligne Bonanza sont une cat\u00e9gorie de machines \u00e0 sous dans les casinos en ligne qui ont souvent le mot Bonanza dans leur nom en raison d&rsquo;un th\u00e8me commun li\u00e9 \u00e0 la richesse. Les machines \u00e0 sous Bonanza sont souvent associ\u00e9es \u00e0 l&rsquo;exploitation aurif\u00e8re ou aux pierres pr\u00e9cieuses, ainsi qu&rsquo;au potentiel de gros gains. Le consensus g\u00e9n\u00e9ral parmi les joueurs est que ce sont des machines \u00e0 sous g\u00e9n\u00e9reuses qui offrent&hellip; <\/p>\n","protected":false},"author":1,"featured_media":0,"parent":0,"menu_order":0,"comment_status":"closed","ping_status":"closed","template":"","meta":{"footnotes":""},"class_list":["post-6","page","type-page","status-publish","hentry"],"yoast_head":"<!-- This site is optimized with the Yoast SEO plugin v27.2 - https:\/\/yoast.com\/product\/yoast-seo-wordpress\/ -->\n<title>Juegos Bonanza en Casinos en L\u00ednea<\/title>\n<meta name=\"description\" content=\"Jouez aux jeux Bonanza en ligne pour de l&#039;argent r\u00e9el dans les casinos en ligne. Machine \u00e0 sous en ligne Bonanza, jouez et gagnez aux machines \u00e0 sous Bonanza, quelle machine \u00e0 sous Bonanza jouer\" \/>\n<meta name=\"robots\" content=\"index, follow, max-snippet:-1, max-image-preview:large, max-video-preview:-1\" \/>\n<link rel=\"canonical\" href=\"https:\/\/bonanza888.online\/fr\/\" \/>\n<meta property=\"og:locale\" content=\"fr_FR\" \/>\n<meta property=\"og:locale:alternate\" content=\"ru_RU\" \/>\n<meta property=\"og:locale:alternate\" content=\"en_US\" \/>\n<meta property=\"og:locale:alternate\" content=\"pt_PT\" \/>\n<meta property=\"og:locale:alternate\" content=\"es_ES\" \/>\n<meta property=\"og:locale:alternate\" content=\"sr_RS\" \/>\n<meta property=\"og:locale:alternate\" content=\"bg_BG\" \/>\n<meta property=\"og:locale:alternate\" content=\"ro_RO\" \/>\n<meta property=\"og:locale:alternate\" content=\"it_IT\" \/>\n<meta property=\"og:locale:alternate\" content=\"de_DE\" \/>\n<meta property=\"og:locale:alternate\" content=\"pl_PL\" \/>\n<meta property=\"og:type\" content=\"article\" \/>\n<meta property=\"og:title\" content=\"Juegos Bonanza en Casinos en L\u00ednea\" \/>\n<meta property=\"og:description\" content=\"Juega juegos Bonanza en l\u00ednea por dinero real en casinos en l\u00ednea. Tragamonedas en l\u00ednea Bonanza, juega y gana m\u00e1quinas tragamonedas Bonanza, \u00bfen qu\u00e9 tragamonedas Bonanza jugar?\" \/>\n<meta property=\"og:url\" content=\"https:\/\/bonanza888.online\/fr\/\" \/>\n<meta property=\"og:site_name\" content=\"Bonanza\" \/>\n<meta property=\"article:modified_time\" content=\"2024-04-07T01:16:40+00:00\" \/>\n<meta name=\"twitter:card\" content=\"summary_large_image\" \/>\n<meta name=\"twitter:label1\" content=\"Dur\u00e9e de lecture estim\u00e9e\" \/>\n\t<meta name=\"twitter:data1\" content=\"53 minutes\" \/>\n<script type=\"application\/ld+json\" class=\"yoast-schema-graph\">{\"@context\":\"https:\/\/schema.org\",\"@graph\":[{\"@type\":\"WebPage\",\"@id\":\"https:\/\/bonanza888.online\/es\/\",\"url\":\"https:\/\/bonanza888.online\/es\/\",\"name\":\"Juegos Bonanza en Casinos en L\u00ednea\",\"isPartOf\":{\"@id\":\"https:\/\/bonanza888.online\/es\/#website\"},\"datePublished\":\"2024-02-07T16:24:34+00:00\",\"dateModified\":\"2024-04-07T01:16:40+00:00\",\"description\":\"Juega juegos Bonanza en l\u00ednea por dinero real en casinos en l\u00ednea. Tragamonedas en l\u00ednea Bonanza, juega y gana m\u00e1quinas tragamonedas Bonanza, \u00bfen qu\u00e9 tragamonedas Bonanza jugar?\",\"breadcrumb\":{\"@id\":\"https:\/\/bonanza888.online\/es\/#breadcrumb\"},\"inLanguage\":\"fr-FR\",\"potentialAction\":[{\"@type\":\"ReadAction\",\"target\":[\"https:\/\/bonanza888.online\/es\/\"]}]},{\"@type\":\"BreadcrumbList\",\"@id\":\"https:\/\/bonanza888.online\/es\/#breadcrumb\",\"itemListElement\":[{\"@type\":\"ListItem\",\"position\":1,\"name\":\"Home\",\"item\":\"https:\/\/bonanza888.online\/es\/\"},{\"@type\":\"ListItem\",\"position\":2,\"name\":\"Qu\u00e9 Son las Tragaperras en L\u00ednea Bonanza\"}]},{\"@type\":\"WebSite\",\"@id\":\"https:\/\/bonanza888.online\/es\/#website\",\"url\":\"https:\/\/bonanza888.online\/es\/\",\"name\":\"Bonanza\",\"description\":\"Just another WordPress site\",\"publisher\":{\"@id\":\"https:\/\/bonanza888.online\/es\/#organization\"},\"potentialAction\":[{\"@type\":\"SearchAction\",\"target\":{\"@type\":\"EntryPoint\",\"urlTemplate\":\"https:\/\/bonanza888.online\/es\/?s={search_term_string}\"},\"query-input\":{\"@type\":\"PropertyValueSpecification\",\"valueRequired\":true,\"valueName\":\"search_term_string\"}}],\"inLanguage\":\"fr-FR\"},{\"@type\":\"Organization\",\"@id\":\"https:\/\/bonanza888.online\/es\/#organization\",\"name\":\"Bonanza\",\"url\":\"https:\/\/bonanza888.online\/es\/\",\"logo\":{\"@type\":\"ImageObject\",\"inLanguage\":\"fr-FR\",\"@id\":\"https:\/\/bonanza888.online\/es\/#\/schema\/logo\/image\/\",\"url\":\"https:\/\/bonanza888.online\/wp-content\/uploads\/bonanza-logo.png\",\"contentUrl\":\"https:\/\/bonanza888.online\/wp-content\/uploads\/bonanza-logo.png\",\"width\":300,\"height\":82,\"caption\":\"Bonanza\"},\"image\":{\"@id\":\"https:\/\/bonanza888.online\/es\/#\/schema\/logo\/image\/\"}}]}<\/script>\n<!-- \/ Yoast SEO plugin. -->","yoast_head_json":{"title":"Juegos Bonanza en Casinos en L\u00ednea","description":"Jouez aux jeux Bonanza en ligne pour de l'argent r\u00e9el dans les casinos en ligne. Machine \u00e0 sous en ligne Bonanza, jouez et gagnez aux machines \u00e0 sous Bonanza, quelle machine \u00e0 sous Bonanza jouer","robots":{"index":"index","follow":"follow","max-snippet":"max-snippet:-1","max-image-preview":"max-image-preview:large","max-video-preview":"max-video-preview:-1"},"canonical":"https:\/\/bonanza888.online\/fr\/","og_locale":"fr_FR","og_type":"article","og_title":"Juegos Bonanza en Casinos en L\u00ednea","og_description":"Juega juegos Bonanza en l\u00ednea por dinero real en casinos en l\u00ednea. Tragamonedas en l\u00ednea Bonanza, juega y gana m\u00e1quinas tragamonedas Bonanza, \u00bfen qu\u00e9 tragamonedas Bonanza jugar?","og_url":"https:\/\/bonanza888.online\/fr\/","og_site_name":"Bonanza","article_modified_time":"2024-04-07T01:16:40+00:00","twitter_card":"summary_large_image","twitter_misc":{"Dur\u00e9e de lecture estim\u00e9e":"53 minutes"},"schema":{"@context":"https:\/\/schema.org","@graph":[{"@type":"WebPage","@id":"https:\/\/bonanza888.online\/es\/","url":"https:\/\/bonanza888.online\/es\/","name":"Juegos Bonanza en Casinos en L\u00ednea","isPartOf":{"@id":"https:\/\/bonanza888.online\/es\/#website"},"datePublished":"2024-02-07T16:24:34+00:00","dateModified":"2024-04-07T01:16:40+00:00","description":"Juega juegos Bonanza en l\u00ednea por dinero real en casinos en l\u00ednea. Tragamonedas en l\u00ednea Bonanza, juega y gana m\u00e1quinas tragamonedas Bonanza, \u00bfen qu\u00e9 tragamonedas Bonanza jugar?","breadcrumb":{"@id":"https:\/\/bonanza888.online\/es\/#breadcrumb"},"inLanguage":"fr-FR","potentialAction":[{"@type":"ReadAction","target":["https:\/\/bonanza888.online\/es\/"]}]},{"@type":"BreadcrumbList","@id":"https:\/\/bonanza888.online\/es\/#breadcrumb","itemListElement":[{"@type":"ListItem","position":1,"name":"Home","item":"https:\/\/bonanza888.online\/es\/"},{"@type":"ListItem","position":2,"name":"Qu\u00e9 Son las Tragaperras en L\u00ednea Bonanza"}]},{"@type":"WebSite","@id":"https:\/\/bonanza888.online\/es\/#website","url":"https:\/\/bonanza888.online\/es\/","name":"Bonanza","description":"Just another WordPress site","publisher":{"@id":"https:\/\/bonanza888.online\/es\/#organization"},"potentialAction":[{"@type":"SearchAction","target":{"@type":"EntryPoint","urlTemplate":"https:\/\/bonanza888.online\/es\/?s={search_term_string}"},"query-input":{"@type":"PropertyValueSpecification","valueRequired":true,"valueName":"search_term_string"}}],"inLanguage":"fr-FR"},{"@type":"Organization","@id":"https:\/\/bonanza888.online\/es\/#organization","name":"Bonanza","url":"https:\/\/bonanza888.online\/es\/","logo":{"@type":"ImageObject","inLanguage":"fr-FR","@id":"https:\/\/bonanza888.online\/es\/#\/schema\/logo\/image\/","url":"https:\/\/bonanza888.online\/wp-content\/uploads\/bonanza-logo.png","contentUrl":"https:\/\/bonanza888.online\/wp-content\/uploads\/bonanza-logo.png","width":300,"height":82,"caption":"Bonanza"},"image":{"@id":"https:\/\/bonanza888.online\/es\/#\/schema\/logo\/image\/"}}]}},"_links":{"self":[{"href":"https:\/\/bonanza888.online\/fr\/wp-json\/wp\/v2\/pages\/6","targetHints":{"allow":["GET"]}}],"collection":[{"href":"https:\/\/bonanza888.online\/fr\/wp-json\/wp\/v2\/pages"}],"about":[{"href":"https:\/\/bonanza888.online\/fr\/wp-json\/wp\/v2\/types\/page"}],"author":[{"embeddable":true,"href":"https:\/\/bonanza888.online\/fr\/wp-json\/wp\/v2\/users\/1"}],"replies":[{"embeddable":true,"href":"https:\/\/bonanza888.online\/fr\/wp-json\/wp\/v2\/comments?post=6"}],"version-history":[{"count":35,"href":"https:\/\/bonanza888.online\/fr\/wp-json\/wp\/v2\/pages\/6\/revisions"}],"predecessor-version":[{"id":276,"href":"https:\/\/bonanza888.online\/fr\/wp-json\/wp\/v2\/pages\/6\/revisions\/276"}],"wp:attachment":[{"href":"https:\/\/bonanza888.online\/fr\/wp-json\/wp\/v2\/media?parent=6"}],"curies":[{"name":"wp","href":"https:\/\/api.w.org\/{rel}","templated":true}]}}