{"id":12,"date":"2024-02-07T17:18:51","date_gmt":"2024-02-07T17:18:51","guid":{"rendered":"https:\/\/bonanza888.online\/?page_id=12"},"modified":"2024-04-07T01:35:07","modified_gmt":"2024-04-07T01:35:07","slug":"faq-about-online-slots-bonanza","status":"publish","type":"page","link":"https:\/\/bonanza888.online\/fr\/faq-about-online-slots-bonanza\/","title":{"rendered":"Questions fr\u00e9quemment pos\u00e9es et r\u00e9ponses sur les machines \u00e0 sous en ligne Bonanza"},"content":{"rendered":"<p>De nombreux joueurs se demandent s&rsquo;il vaut la peine de jouer aux machines \u00e0 sous Bonanza. Nous avons rassembl\u00e9 10 questions fr\u00e9quemment pos\u00e9es sur les machines \u00e0 sous Bonanza, y compris des r\u00e9ponses qui pourraient int\u00e9resser les joueurs de diff\u00e9rents \u00e2ges, statuts sociaux et vivant dans diff\u00e9rents pays :<\/p>\n<h3><strong>Qu&rsquo;est-ce qu&rsquo;une machine \u00e0 sous Bonanza ?<\/strong><\/h3>\n<p>Une machine \u00e0 sous Bonanza est une machine \u00e0 sous en ligne populaire de divers d\u00e9veloppeurs. De nombreuses jeux Bonanza sont connus pour leur m\u00e9canique unique Megaways, qui offrent des milliers de fa\u00e7ons de gagner \u00e0 chaque rotation. Une chose est s\u00fbre &#8211; les machines \u00e0 sous Bonanza sont toujours diff\u00e9rentes mais lumineuses et color\u00e9es.<\/p>\n<h3><strong>Comment jouer aux machines \u00e0 sous Bonanza ?<\/strong><\/h3>\n<p>Pour commencer \u00e0 jouer \u00e0 Bonanza, choisissez la taille de votre mise et appuyez sur le bouton de rotation. Le jeu pr\u00e9sente des rouleaux, et certaines machines \u00e0 sous Bonanza ont le m\u00e9canisme Megaways, ce qui signifie que le nombre de symboles sur chaque rouleau peut changer \u00e0 chaque rotation, cr\u00e9ant de nombreuses opportunit\u00e9s de gains.<\/p>\n<h3><strong>Quelle est la mise minimale et maximale dans Bonanza ?<\/strong><\/h3>\n<p>La mise minimale commence g\u00e9n\u00e9ralement \u00e0 partir de 0,20 unit\u00e9s de monnaie, et la mise maximale peut atteindre 20 unit\u00e9s de monnaie, mais ces valeurs peuvent varier en fonction du casino. En d&rsquo;autres termes, si votre monnaie de casino est le USD ou l&rsquo;EUR, alors la mise minimale est de 0,2 USD ou EUR, et la mise maximale sera \u00e9gale \u00e0 20 USD ou EUR.<\/p>\n<h3><strong>Y a-t-il des tours bonus dans la machine \u00e0 sous Bonanza ?<\/strong><\/h3>\n<p>Oui, la machine \u00e0 sous Bonanza a un tour bonus de tours gratuits, qui est activ\u00e9 lorsque quatre lettres dor\u00e9es G, O, L, D apparaissent sur les rouleaux. Les joueurs re\u00e7oivent 12 tours gratuits avec la possibilit\u00e9 d&rsquo;obtenir des tours suppl\u00e9mentaires. Dans la plupart des autres machines \u00e0 sous Bonanza, vous pouvez \u00e9galement activer des tours bonus.<\/p>\n<h3><strong>Quel est le RTP (Retour au Joueur) dans Bonanza ?<\/strong><\/h3>\n<p>Le RTP de la machine \u00e0 sous Bonanza est d&rsquo;environ 96%, ce qui est une valeur standard pour les machines \u00e0 sous en ligne. En fonction de la machine \u00e0 sous Bonanza sp\u00e9cifique dont nous parlons, la variabilit\u00e9 est de 95 \u00e0 96 pour cent, que le joueur re\u00e7oit.<\/p>\n<h3><strong>Pouvez-vous jouer \u00e0 Bonanza gratuitement ?<\/strong><\/h3>\n<p>Oui, de nombreux casinos en ligne proposent une version de d\u00e9monstration de Bonanza, vous permettant de jouer gratuitement sans paris r\u00e9els.<\/p>\n<h3><strong>Quels symboles sont les plus pr\u00e9cieux dans Bonanza ?<\/strong><\/h3>\n<p>Les symboles les plus pr\u00e9cieux dans Bonanza sont les pierres pr\u00e9cieuses, surtout les diamants, qui apportent les plus gros gains.<\/p>\n<h3><strong>Pouvez-vous jouer \u00e0 Bonanza sur des appareils mobiles ?<\/strong><\/h3>\n<p>Oui, la machine \u00e0 sous Bonanza est optimis\u00e9e pour jouer sur les appareils mobiles Android et iOS. La machine \u00e0 sous Bonanza est \u00e9galement disponible dans la plupart des casinos en ligne via un navigateur mobile.<\/p>\n<h3><strong>Quelles strat\u00e9gies peuvent augmenter vos chances de gagner dans Bonanza ?<\/strong><\/h3>\n<p>Il est important de se rappeler que les machines \u00e0 sous sont des jeux de hasard, et qu&rsquo;il n&rsquo;existe aucune m\u00e9thode garantie pour gagner. Cependant, une gestion prudente de votre bankroll et une compr\u00e9hension de la m\u00e9canique du jeu peuvent aider \u00e0 am\u00e9liorer votre exp\u00e9rience de jeu et \u00e0 gagner de l&rsquo;argent r\u00e9el. Nous vous conseillons de lire l&rsquo;article sur les strat\u00e9gies de jeu Bonanza pour des informations plus d\u00e9taill\u00e9es.<\/p>\n<h3><strong>O\u00f9 puis-je jouer \u00e0 la machine \u00e0 sous Bonanza ?<\/strong><\/h3>\n<p>La machine \u00e0 sous Bonanza est disponible dans de nombreux casinos en ligne. Choisissez toujours des plateformes agr\u00e9\u00e9es et r\u00e9put\u00e9es pour jouer avec de l&rsquo;argent r\u00e9el.<\/p>\n","protected":false},"excerpt":{"rendered":"<p>De nombreux joueurs se demandent s&rsquo;il vaut la peine de jouer aux machines \u00e0 sous Bonanza. Nous avons rassembl\u00e9 10 questions fr\u00e9quemment pos\u00e9es sur les machines \u00e0 sous Bonanza, y compris des r\u00e9ponses qui pourraient int\u00e9resser les joueurs de diff\u00e9rents \u00e2ges, statuts sociaux et vivant dans diff\u00e9rents pays : Qu&rsquo;est-ce qu&rsquo;une machine \u00e0 sous Bonanza ? Une machine \u00e0 sous Bonanza est une machine \u00e0 sous en ligne populaire de divers d\u00e9veloppeurs. De nombreuses jeux&hellip; <\/p>\n","protected":false},"author":1,"featured_media":0,"parent":0,"menu_order":0,"comment_status":"closed","ping_status":"closed","template":"","meta":{"footnotes":""},"class_list":["post-12","page","type-page","status-publish","hentry"],"yoast_head":"<!-- This site is optimized with the Yoast SEO plugin v27.2 - https:\/\/yoast.com\/product\/yoast-seo-wordpress\/ -->\n<title>FAQ - Preguntas Frecuentes sobre Tragamonedas Bonanza<\/title>\n<meta name=\"description\" content=\"Nous avons rassembl\u00e9 les questions et r\u00e9ponses les plus populaires sur les machines \u00e0 sous Bonanza. FAQ sur les machines \u00e0 sous Bonanza dans les casinos en ligne, o\u00f9 vous pouvez jouer pour de l&#039;argent r\u00e9el.\" \/>\n<meta name=\"robots\" content=\"index, follow, max-snippet:-1, max-image-preview:large, max-video-preview:-1\" \/>\n<link rel=\"canonical\" href=\"https:\/\/bonanza888.online\/fr\/faq-about-online-slots-bonanza\/\" \/>\n<meta property=\"og:locale\" content=\"fr_FR\" \/>\n<meta property=\"og:locale:alternate\" content=\"ru_RU\" \/>\n<meta property=\"og:locale:alternate\" content=\"en_US\" \/>\n<meta property=\"og:locale:alternate\" content=\"pt_PT\" \/>\n<meta property=\"og:locale:alternate\" content=\"es_ES\" \/>\n<meta property=\"og:locale:alternate\" content=\"sr_RS\" \/>\n<meta property=\"og:locale:alternate\" content=\"bg_BG\" \/>\n<meta property=\"og:locale:alternate\" content=\"ro_RO\" \/>\n<meta property=\"og:locale:alternate\" content=\"it_IT\" \/>\n<meta property=\"og:locale:alternate\" content=\"de_DE\" \/>\n<meta property=\"og:locale:alternate\" content=\"pl_PL\" \/>\n<meta property=\"og:type\" content=\"article\" \/>\n<meta property=\"og:title\" content=\"FAQ - Preguntas Frecuentes sobre Tragamonedas Bonanza\" \/>\n<meta property=\"og:description\" content=\"Hemos recopilado las preguntas y respuestas m\u00e1s populares sobre las m\u00e1quinas tragamonedas Bonanza. Preguntas frecuentes sobre las tragamonedas Bonanza en casinos en l\u00ednea, donde puedes jugar por dinero real.\" \/>\n<meta property=\"og:url\" content=\"https:\/\/bonanza888.online\/fr\/faq-about-online-slots-bonanza\/\" \/>\n<meta property=\"og:site_name\" content=\"Bonanza\" \/>\n<meta property=\"article:modified_time\" content=\"2024-04-07T01:35:07+00:00\" \/>\n<meta name=\"twitter:card\" content=\"summary_large_image\" \/>\n<meta name=\"twitter:label1\" content=\"Dur\u00e9e de lecture estim\u00e9e\" \/>\n\t<meta name=\"twitter:data1\" content=\"22 minutes\" \/>\n<script type=\"application\/ld+json\" class=\"yoast-schema-graph\">{\"@context\":\"https:\/\/schema.org\",\"@graph\":[{\"@type\":\"WebPage\",\"@id\":\"https:\/\/bonanza888.online\/es\/faq-about-online-slots-bonanza\/\",\"url\":\"https:\/\/bonanza888.online\/es\/faq-about-online-slots-bonanza\/\",\"name\":\"FAQ - Preguntas Frecuentes sobre Tragamonedas Bonanza\",\"isPartOf\":{\"@id\":\"https:\/\/bonanza888.online\/es\/#website\"},\"datePublished\":\"2024-02-07T17:18:51+00:00\",\"dateModified\":\"2024-04-07T01:35:07+00:00\",\"description\":\"Hemos recopilado las preguntas y respuestas m\u00e1s populares sobre las m\u00e1quinas tragamonedas Bonanza. Preguntas frecuentes sobre las tragamonedas Bonanza en casinos en l\u00ednea, donde puedes jugar por dinero real.\",\"breadcrumb\":{\"@id\":\"https:\/\/bonanza888.online\/es\/faq-about-online-slots-bonanza\/#breadcrumb\"},\"inLanguage\":\"fr-FR\",\"potentialAction\":[{\"@type\":\"ReadAction\",\"target\":[\"https:\/\/bonanza888.online\/es\/faq-about-online-slots-bonanza\/\"]}]},{\"@type\":\"BreadcrumbList\",\"@id\":\"https:\/\/bonanza888.online\/es\/faq-about-online-slots-bonanza\/#breadcrumb\",\"itemListElement\":[{\"@type\":\"ListItem\",\"position\":1,\"name\":\"Home\",\"item\":\"https:\/\/bonanza888.online\/es\/\"},{\"@type\":\"ListItem\",\"position\":2,\"name\":\"Preguntas Frecuentes y Respuestas sobre Tragaperras en L\u00ednea Bonanza\"}]},{\"@type\":\"WebSite\",\"@id\":\"https:\/\/bonanza888.online\/es\/#website\",\"url\":\"https:\/\/bonanza888.online\/es\/\",\"name\":\"Bonanza\",\"description\":\"Just another WordPress site\",\"publisher\":{\"@id\":\"https:\/\/bonanza888.online\/es\/#organization\"},\"potentialAction\":[{\"@type\":\"SearchAction\",\"target\":{\"@type\":\"EntryPoint\",\"urlTemplate\":\"https:\/\/bonanza888.online\/es\/?s={search_term_string}\"},\"query-input\":{\"@type\":\"PropertyValueSpecification\",\"valueRequired\":true,\"valueName\":\"search_term_string\"}}],\"inLanguage\":\"fr-FR\"},{\"@type\":\"Organization\",\"@id\":\"https:\/\/bonanza888.online\/es\/#organization\",\"name\":\"Bonanza\",\"url\":\"https:\/\/bonanza888.online\/es\/\",\"logo\":{\"@type\":\"ImageObject\",\"inLanguage\":\"fr-FR\",\"@id\":\"https:\/\/bonanza888.online\/es\/#\/schema\/logo\/image\/\",\"url\":\"https:\/\/bonanza888.online\/wp-content\/uploads\/bonanza-logo.png\",\"contentUrl\":\"https:\/\/bonanza888.online\/wp-content\/uploads\/bonanza-logo.png\",\"width\":300,\"height\":82,\"caption\":\"Bonanza\"},\"image\":{\"@id\":\"https:\/\/bonanza888.online\/es\/#\/schema\/logo\/image\/\"}}]}<\/script>\n<!-- \/ Yoast SEO plugin. -->","yoast_head_json":{"title":"FAQ - Preguntas Frecuentes sobre Tragamonedas Bonanza","description":"Nous avons rassembl\u00e9 les questions et r\u00e9ponses les plus populaires sur les machines \u00e0 sous Bonanza. FAQ sur les machines \u00e0 sous Bonanza dans les casinos en ligne, o\u00f9 vous pouvez jouer pour de l'argent r\u00e9el.","robots":{"index":"index","follow":"follow","max-snippet":"max-snippet:-1","max-image-preview":"max-image-preview:large","max-video-preview":"max-video-preview:-1"},"canonical":"https:\/\/bonanza888.online\/fr\/faq-about-online-slots-bonanza\/","og_locale":"fr_FR","og_type":"article","og_title":"FAQ - Preguntas Frecuentes sobre Tragamonedas Bonanza","og_description":"Hemos recopilado las preguntas y respuestas m\u00e1s populares sobre las m\u00e1quinas tragamonedas Bonanza. Preguntas frecuentes sobre las tragamonedas Bonanza en casinos en l\u00ednea, donde puedes jugar por dinero real.","og_url":"https:\/\/bonanza888.online\/fr\/faq-about-online-slots-bonanza\/","og_site_name":"Bonanza","article_modified_time":"2024-04-07T01:35:07+00:00","twitter_card":"summary_large_image","twitter_misc":{"Dur\u00e9e de lecture estim\u00e9e":"22 minutes"},"schema":{"@context":"https:\/\/schema.org","@graph":[{"@type":"WebPage","@id":"https:\/\/bonanza888.online\/es\/faq-about-online-slots-bonanza\/","url":"https:\/\/bonanza888.online\/es\/faq-about-online-slots-bonanza\/","name":"FAQ - Preguntas Frecuentes sobre Tragamonedas Bonanza","isPartOf":{"@id":"https:\/\/bonanza888.online\/es\/#website"},"datePublished":"2024-02-07T17:18:51+00:00","dateModified":"2024-04-07T01:35:07+00:00","description":"Hemos recopilado las preguntas y respuestas m\u00e1s populares sobre las m\u00e1quinas tragamonedas Bonanza. Preguntas frecuentes sobre las tragamonedas Bonanza en casinos en l\u00ednea, donde puedes jugar por dinero real.","breadcrumb":{"@id":"https:\/\/bonanza888.online\/es\/faq-about-online-slots-bonanza\/#breadcrumb"},"inLanguage":"fr-FR","potentialAction":[{"@type":"ReadAction","target":["https:\/\/bonanza888.online\/es\/faq-about-online-slots-bonanza\/"]}]},{"@type":"BreadcrumbList","@id":"https:\/\/bonanza888.online\/es\/faq-about-online-slots-bonanza\/#breadcrumb","itemListElement":[{"@type":"ListItem","position":1,"name":"Home","item":"https:\/\/bonanza888.online\/es\/"},{"@type":"ListItem","position":2,"name":"Preguntas Frecuentes y Respuestas sobre Tragaperras en L\u00ednea Bonanza"}]},{"@type":"WebSite","@id":"https:\/\/bonanza888.online\/es\/#website","url":"https:\/\/bonanza888.online\/es\/","name":"Bonanza","description":"Just another WordPress site","publisher":{"@id":"https:\/\/bonanza888.online\/es\/#organization"},"potentialAction":[{"@type":"SearchAction","target":{"@type":"EntryPoint","urlTemplate":"https:\/\/bonanza888.online\/es\/?s={search_term_string}"},"query-input":{"@type":"PropertyValueSpecification","valueRequired":true,"valueName":"search_term_string"}}],"inLanguage":"fr-FR"},{"@type":"Organization","@id":"https:\/\/bonanza888.online\/es\/#organization","name":"Bonanza","url":"https:\/\/bonanza888.online\/es\/","logo":{"@type":"ImageObject","inLanguage":"fr-FR","@id":"https:\/\/bonanza888.online\/es\/#\/schema\/logo\/image\/","url":"https:\/\/bonanza888.online\/wp-content\/uploads\/bonanza-logo.png","contentUrl":"https:\/\/bonanza888.online\/wp-content\/uploads\/bonanza-logo.png","width":300,"height":82,"caption":"Bonanza"},"image":{"@id":"https:\/\/bonanza888.online\/es\/#\/schema\/logo\/image\/"}}]}},"_links":{"self":[{"href":"https:\/\/bonanza888.online\/fr\/wp-json\/wp\/v2\/pages\/12","targetHints":{"allow":["GET"]}}],"collection":[{"href":"https:\/\/bonanza888.online\/fr\/wp-json\/wp\/v2\/pages"}],"about":[{"href":"https:\/\/bonanza888.online\/fr\/wp-json\/wp\/v2\/types\/page"}],"author":[{"embeddable":true,"href":"https:\/\/bonanza888.online\/fr\/wp-json\/wp\/v2\/users\/1"}],"replies":[{"embeddable":true,"href":"https:\/\/bonanza888.online\/fr\/wp-json\/wp\/v2\/comments?post=12"}],"version-history":[{"count":39,"href":"https:\/\/bonanza888.online\/fr\/wp-json\/wp\/v2\/pages\/12\/revisions"}],"predecessor-version":[{"id":281,"href":"https:\/\/bonanza888.online\/fr\/wp-json\/wp\/v2\/pages\/12\/revisions\/281"}],"wp:attachment":[{"href":"https:\/\/bonanza888.online\/fr\/wp-json\/wp\/v2\/media?parent=12"}],"curies":[{"name":"wp","href":"https:\/\/api.w.org\/{rel}","templated":true}]}}