{"id":10,"date":"2024-02-07T17:16:16","date_gmt":"2024-02-07T17:16:16","guid":{"rendered":"https:\/\/bonanza888.online\/?page_id=10"},"modified":"2024-04-07T00:51:42","modified_gmt":"2024-04-07T00:51:42","slug":"game-strategy-in-online-slots-bonanza","status":"publish","type":"page","link":"https:\/\/bonanza888.online\/fr\/game-strategy-in-online-slots-bonanza\/","title":{"rendered":"Strat\u00e9gie de jeu dans les machines \u00e0 sous en ligne Bonanza"},"content":{"rendered":"<p>Les machines \u00e0 sous Bonanza sont extr\u00eamement populaires parmi les joueurs de casino en ligne gr\u00e2ce \u00e0 leurs fonctionnalit\u00e9s uniques. Bien que les machines \u00e0 sous d\u00e9pendent largement de la chance, il existe certaines strat\u00e9gies qui peuvent vous aider \u00e0 am\u00e9liorer vos chances de succ\u00e8s. Dans cet article, nous discuterons de plusieurs aspects cl\u00e9s de la strat\u00e9gie de jeu dans les machines \u00e0 sous Bonanza. En lisant cet article, vous comprendrez mieux comment jouer et gagner aux jeux appel\u00e9s Bonanza.<\/p>\n<h2><strong>Comprendre les R\u00e8gles du Jeu<\/strong><\/h2>\n<p>La premi\u00e8re et la plus importante \u00e9tape est de comprendre profond\u00e9ment comment fonctionne le jeu. Les r\u00e8gles des diff\u00e9rentes machines \u00e0 sous Bonanza peuvent diff\u00e9rer, mais elles tournent toutes autour du fait de faire tourner les rouleaux. \u00c9tudiez la table des paiements pour comprendre quelles combinaisons sont les plus pr\u00e9cieuses. G\u00e9n\u00e9ralement, chaque jeu contient des informations sur les r\u00e8gles et les tables de paiement.<\/p>\n<h2><strong>Gestion de la Bankroll<\/strong><\/h2>\n<p>La gestion efficace de votre bankroll est d&rsquo;une importance capitale. D\u00e9terminez le montant que vous \u00eates pr\u00eat \u00e0 d\u00e9penser et ne le d\u00e9passez pas. En d&rsquo;autres termes, imaginez que vous avez perdu ce montant. R\u00e9partissez judicieusement vos paris pour vous assurer d&rsquo;avoir suffisamment d&rsquo;argent pour participer \u00e0 au moins 200 tours. Cela augmente vos chances d&rsquo;activer les fonctionnalit\u00e9s bonus. Si le solde de votre compte est seulement suffisant pour, disons, 30 spins, les chances de perdre sont tr\u00e8s \u00e9lev\u00e9es. Dans de telles machines \u00e0 sous, vous ne pouvez gagner qu&rsquo;\u00e0 long terme, alors assurez-vous que votre solde est suffisant pour 200 spins.<\/p>\n<h2><strong>Utilisation des Bonus et des Promotions<\/strong><\/h2>\n<p>De nombreux casinos en ligne offrent des bonus et des promotions qui peuvent augmenter votre bankroll ou vous fournir des tours suppl\u00e9mentaires. Utilisez ces offres judicieusement, mais examinez attentivement les termes et conditions de mise. De nombreux bonus et codes promo ont des conditions qui doivent \u00eatre remplies pour en tirer profit.<\/p>\n<h2><strong>Strat\u00e9gie de Mise<\/strong><\/h2>\n<p>Bien que la taille de la mise n&rsquo;affecte pas la fr\u00e9quence des combinaisons gagnantes dans les machines \u00e0 sous Bonanza, elle peut affecter significativement la taille de la victoire. Certains joueurs pr\u00e9f\u00e8rent faire des mises maximales, esp\u00e9rant un gros gain, tandis que d&rsquo;autres font des mises minimales pour prolonger la dur\u00e9e du jeu. Trouvez l&rsquo;\u00e9quilibre qui vous convient le mieux.<\/p>\n<h2><strong>Patience et Discipline<\/strong><\/h2>\n<p>Bonanza, comme la plupart des machines \u00e0 sous, peut pr\u00e9senter une grande volatilit\u00e9. Cela signifie que les gains peuvent \u00eatre peu fr\u00e9quents mais potentiellement importants. Il est important de faire preuve de patience et de ne pas d\u00e9vier de votre strat\u00e9gie de gestion de la bankroll, m\u00eame si vous avez l&rsquo;impression que la chance vous a tourn\u00e9 le dos.<\/p>\n<h2><strong>\u00c9valuation des Risques et Compr\u00e9hension de la Volatilit\u00e9<\/strong><\/h2>\n<p>Comprendre la volatilit\u00e9 du jeu peut vous aider \u00e0 adapter votre strat\u00e9gie de mise. Dans les jeux \u00e0 haute volatilit\u00e9 comme Bonanza, il est recommand\u00e9 de se pr\u00e9parer \u00e0 des p\u00e9riodes sans gains en pr\u00e9vision de gros paiements. Et comprenez que vous pouvez toujours perdre. Ne jouez jamais avec de l&rsquo;argent que vous ne pouvez pas vous permettre de perdre.<\/p>\n","protected":false},"excerpt":{"rendered":"<p>Les machines \u00e0 sous Bonanza sont extr\u00eamement populaires parmi les joueurs de casino en ligne gr\u00e2ce \u00e0 leurs fonctionnalit\u00e9s uniques. Bien que les machines \u00e0 sous d\u00e9pendent largement de la chance, il existe certaines strat\u00e9gies qui peuvent vous aider \u00e0 am\u00e9liorer vos chances de succ\u00e8s. Dans cet article, nous discuterons de plusieurs aspects cl\u00e9s de la strat\u00e9gie de jeu dans les machines \u00e0 sous Bonanza. En lisant cet article, vous comprendrez mieux comment jouer et&hellip; <\/p>\n","protected":false},"author":1,"featured_media":0,"parent":0,"menu_order":0,"comment_status":"closed","ping_status":"closed","template":"","meta":{"footnotes":""},"class_list":["post-10","page","type-page","status-publish","hentry"],"yoast_head":"<!-- This site is optimized with the Yoast SEO plugin v27.2 - https:\/\/yoast.com\/product\/yoast-seo-wordpress\/ -->\n<title>Estrat\u00e9gia e t\u00e1ticas de jogo em slots Bonanza<\/title>\n<meta name=\"description\" content=\"Comment jouer et gagner dans le jeu en ligne Bonanza. Gagnez de l&#039;argent r\u00e9el dans le jeu Bonanza sur les casinos en ligne.\" \/>\n<meta name=\"robots\" content=\"index, follow, max-snippet:-1, max-image-preview:large, max-video-preview:-1\" \/>\n<link rel=\"canonical\" href=\"https:\/\/bonanza888.online\/fr\/game-strategy-in-online-slots-bonanza\/\" \/>\n<meta property=\"og:locale\" content=\"fr_FR\" \/>\n<meta property=\"og:locale:alternate\" content=\"ru_RU\" \/>\n<meta property=\"og:locale:alternate\" content=\"en_US\" \/>\n<meta property=\"og:locale:alternate\" content=\"pt_PT\" \/>\n<meta property=\"og:locale:alternate\" content=\"es_ES\" \/>\n<meta property=\"og:locale:alternate\" content=\"sr_RS\" \/>\n<meta property=\"og:locale:alternate\" content=\"bg_BG\" \/>\n<meta property=\"og:locale:alternate\" content=\"ro_RO\" \/>\n<meta property=\"og:locale:alternate\" content=\"it_IT\" \/>\n<meta property=\"og:locale:alternate\" content=\"de_DE\" \/>\n<meta property=\"og:locale:alternate\" content=\"pl_PL\" \/>\n<meta property=\"og:type\" content=\"article\" \/>\n<meta property=\"og:title\" content=\"Estrat\u00e9gia e t\u00e1ticas de jogo em slots Bonanza\" \/>\n<meta property=\"og:description\" content=\"Como jogar e vencer no jogo online Bonanza. Ganhar dinheiro real no jogo Bonanza em cassinos online.\" \/>\n<meta property=\"og:url\" content=\"https:\/\/bonanza888.online\/fr\/game-strategy-in-online-slots-bonanza\/\" \/>\n<meta property=\"og:site_name\" content=\"Bonanza\" \/>\n<meta property=\"article:modified_time\" content=\"2024-04-07T00:51:42+00:00\" \/>\n<meta name=\"twitter:card\" content=\"summary_large_image\" \/>\n<meta name=\"twitter:label1\" content=\"Dur\u00e9e de lecture estim\u00e9e\" \/>\n\t<meta name=\"twitter:data1\" content=\"19 minutes\" \/>\n<script type=\"application\/ld+json\" class=\"yoast-schema-graph\">{\"@context\":\"https:\/\/schema.org\",\"@graph\":[{\"@type\":\"WebPage\",\"@id\":\"https:\/\/bonanza888.online\/pt\/game-strategy-in-online-slots-bonanza\/\",\"url\":\"https:\/\/bonanza888.online\/pt\/game-strategy-in-online-slots-bonanza\/\",\"name\":\"Estrat\u00e9gia e t\u00e1ticas de jogo em slots Bonanza\",\"isPartOf\":{\"@id\":\"https:\/\/bonanza888.online\/es\/#website\"},\"datePublished\":\"2024-02-07T17:16:16+00:00\",\"dateModified\":\"2024-04-07T00:51:42+00:00\",\"description\":\"Como jogar e vencer no jogo online Bonanza. Ganhar dinheiro real no jogo Bonanza em cassinos online.\",\"breadcrumb\":{\"@id\":\"https:\/\/bonanza888.online\/pt\/game-strategy-in-online-slots-bonanza\/#breadcrumb\"},\"inLanguage\":\"fr-FR\",\"potentialAction\":[{\"@type\":\"ReadAction\",\"target\":[\"https:\/\/bonanza888.online\/pt\/game-strategy-in-online-slots-bonanza\/\"]}]},{\"@type\":\"BreadcrumbList\",\"@id\":\"https:\/\/bonanza888.online\/pt\/game-strategy-in-online-slots-bonanza\/#breadcrumb\",\"itemListElement\":[{\"@type\":\"ListItem\",\"position\":1,\"name\":\"Home\",\"item\":\"https:\/\/bonanza888.online\/es\/\"},{\"@type\":\"ListItem\",\"position\":2,\"name\":\"Estrat\u00e9gia de Jogo em Ca\u00e7a-N\u00edqueis Online Bonanza\"}]},{\"@type\":\"WebSite\",\"@id\":\"https:\/\/bonanza888.online\/es\/#website\",\"url\":\"https:\/\/bonanza888.online\/es\/\",\"name\":\"Bonanza\",\"description\":\"Just another WordPress site\",\"publisher\":{\"@id\":\"https:\/\/bonanza888.online\/es\/#organization\"},\"potentialAction\":[{\"@type\":\"SearchAction\",\"target\":{\"@type\":\"EntryPoint\",\"urlTemplate\":\"https:\/\/bonanza888.online\/es\/?s={search_term_string}\"},\"query-input\":{\"@type\":\"PropertyValueSpecification\",\"valueRequired\":true,\"valueName\":\"search_term_string\"}}],\"inLanguage\":\"fr-FR\"},{\"@type\":\"Organization\",\"@id\":\"https:\/\/bonanza888.online\/es\/#organization\",\"name\":\"Bonanza\",\"url\":\"https:\/\/bonanza888.online\/es\/\",\"logo\":{\"@type\":\"ImageObject\",\"inLanguage\":\"fr-FR\",\"@id\":\"https:\/\/bonanza888.online\/es\/#\/schema\/logo\/image\/\",\"url\":\"https:\/\/bonanza888.online\/wp-content\/uploads\/bonanza-logo.png\",\"contentUrl\":\"https:\/\/bonanza888.online\/wp-content\/uploads\/bonanza-logo.png\",\"width\":300,\"height\":82,\"caption\":\"Bonanza\"},\"image\":{\"@id\":\"https:\/\/bonanza888.online\/es\/#\/schema\/logo\/image\/\"}}]}<\/script>\n<!-- \/ Yoast SEO plugin. -->","yoast_head_json":{"title":"Estrat\u00e9gia e t\u00e1ticas de jogo em slots Bonanza","description":"Comment jouer et gagner dans le jeu en ligne Bonanza. Gagnez de l'argent r\u00e9el dans le jeu Bonanza sur les casinos en ligne.","robots":{"index":"index","follow":"follow","max-snippet":"max-snippet:-1","max-image-preview":"max-image-preview:large","max-video-preview":"max-video-preview:-1"},"canonical":"https:\/\/bonanza888.online\/fr\/game-strategy-in-online-slots-bonanza\/","og_locale":"fr_FR","og_type":"article","og_title":"Estrat\u00e9gia e t\u00e1ticas de jogo em slots Bonanza","og_description":"Como jogar e vencer no jogo online Bonanza. Ganhar dinheiro real no jogo Bonanza em cassinos online.","og_url":"https:\/\/bonanza888.online\/fr\/game-strategy-in-online-slots-bonanza\/","og_site_name":"Bonanza","article_modified_time":"2024-04-07T00:51:42+00:00","twitter_card":"summary_large_image","twitter_misc":{"Dur\u00e9e de lecture estim\u00e9e":"19 minutes"},"schema":{"@context":"https:\/\/schema.org","@graph":[{"@type":"WebPage","@id":"https:\/\/bonanza888.online\/pt\/game-strategy-in-online-slots-bonanza\/","url":"https:\/\/bonanza888.online\/pt\/game-strategy-in-online-slots-bonanza\/","name":"Estrat\u00e9gia e t\u00e1ticas de jogo em slots Bonanza","isPartOf":{"@id":"https:\/\/bonanza888.online\/es\/#website"},"datePublished":"2024-02-07T17:16:16+00:00","dateModified":"2024-04-07T00:51:42+00:00","description":"Como jogar e vencer no jogo online Bonanza. Ganhar dinheiro real no jogo Bonanza em cassinos online.","breadcrumb":{"@id":"https:\/\/bonanza888.online\/pt\/game-strategy-in-online-slots-bonanza\/#breadcrumb"},"inLanguage":"fr-FR","potentialAction":[{"@type":"ReadAction","target":["https:\/\/bonanza888.online\/pt\/game-strategy-in-online-slots-bonanza\/"]}]},{"@type":"BreadcrumbList","@id":"https:\/\/bonanza888.online\/pt\/game-strategy-in-online-slots-bonanza\/#breadcrumb","itemListElement":[{"@type":"ListItem","position":1,"name":"Home","item":"https:\/\/bonanza888.online\/es\/"},{"@type":"ListItem","position":2,"name":"Estrat\u00e9gia de Jogo em Ca\u00e7a-N\u00edqueis Online Bonanza"}]},{"@type":"WebSite","@id":"https:\/\/bonanza888.online\/es\/#website","url":"https:\/\/bonanza888.online\/es\/","name":"Bonanza","description":"Just another WordPress site","publisher":{"@id":"https:\/\/bonanza888.online\/es\/#organization"},"potentialAction":[{"@type":"SearchAction","target":{"@type":"EntryPoint","urlTemplate":"https:\/\/bonanza888.online\/es\/?s={search_term_string}"},"query-input":{"@type":"PropertyValueSpecification","valueRequired":true,"valueName":"search_term_string"}}],"inLanguage":"fr-FR"},{"@type":"Organization","@id":"https:\/\/bonanza888.online\/es\/#organization","name":"Bonanza","url":"https:\/\/bonanza888.online\/es\/","logo":{"@type":"ImageObject","inLanguage":"fr-FR","@id":"https:\/\/bonanza888.online\/es\/#\/schema\/logo\/image\/","url":"https:\/\/bonanza888.online\/wp-content\/uploads\/bonanza-logo.png","contentUrl":"https:\/\/bonanza888.online\/wp-content\/uploads\/bonanza-logo.png","width":300,"height":82,"caption":"Bonanza"},"image":{"@id":"https:\/\/bonanza888.online\/es\/#\/schema\/logo\/image\/"}}]}},"_links":{"self":[{"href":"https:\/\/bonanza888.online\/fr\/wp-json\/wp\/v2\/pages\/10","targetHints":{"allow":["GET"]}}],"collection":[{"href":"https:\/\/bonanza888.online\/fr\/wp-json\/wp\/v2\/pages"}],"about":[{"href":"https:\/\/bonanza888.online\/fr\/wp-json\/wp\/v2\/types\/page"}],"author":[{"embeddable":true,"href":"https:\/\/bonanza888.online\/fr\/wp-json\/wp\/v2\/users\/1"}],"replies":[{"embeddable":true,"href":"https:\/\/bonanza888.online\/fr\/wp-json\/wp\/v2\/comments?post=10"}],"version-history":[{"count":29,"href":"https:\/\/bonanza888.online\/fr\/wp-json\/wp\/v2\/pages\/10\/revisions"}],"predecessor-version":[{"id":266,"href":"https:\/\/bonanza888.online\/fr\/wp-json\/wp\/v2\/pages\/10\/revisions\/266"}],"wp:attachment":[{"href":"https:\/\/bonanza888.online\/fr\/wp-json\/wp\/v2\/media?parent=10"}],"curies":[{"name":"wp","href":"https:\/\/api.w.org\/{rel}","templated":true}]}}