{"id":8,"date":"2024-02-07T17:14:24","date_gmt":"2024-02-07T17:14:24","guid":{"rendered":"https:\/\/bonanza888.online\/?page_id=8"},"modified":"2024-04-07T01:00:31","modified_gmt":"2024-04-07T01:00:31","slug":"reviews-of-real-players-about-the-bonanza-online-slot","status":"publish","type":"page","link":"https:\/\/bonanza888.online\/es\/reviews-of-real-players-about-the-bonanza-online-slot\/","title":{"rendered":"Rese\u00f1as de Jugadores Reales sobre la Tragaperras en L\u00ednea Bonanza"},"content":{"rendered":"<p>Muchos jugadores se preguntan si vale la pena jugar a las tragamonedas de Bonanza. Especialmente considerando que bajo la tragamonedas Bonanza, hay tragamonedas muy diferentes de diferentes desarrolladores. \u00bfQu\u00e9 son las tragamonedas de Bonanza en l\u00ednea? Hemos recopilado opiniones de jugadores reales.<\/p>\n<ul>\n<li><strong>M\u00e1ximo, 28 a\u00f1os:<\/strong><br \/>\n\u00ab\u00a1Bonanza es mi juego favorito en este momento! La mec\u00e1nica de Megaways realmente hace que cada giro sea impredecible y emocionante. Los giros de bonificaci\u00f3n con multiplicadores son simplemente fant\u00e1sticos. Lo \u00fanico que no me gusta es a veces las largas rachas sin ganancias, pero cuando llega la victoria, \u00a1vale la pena la espera! Las ganancias son realmente grandes y te hacen sentir como un jugador exitoso.\u00bb<\/li>\n<li><strong>Anna, 34 a\u00f1os:<\/strong><br \/>\n\u00abHe jugado a Bonanza varias veces y me gusta el dise\u00f1o y la animaci\u00f3n. Sin embargo, siento que la tragamonedas depende demasiado de la suerte, especialmente cuando se trata de activar giros gratis. No entend\u00ed si hay una estrategia de juego que pueda garantizar una victoria. A veces puedo girar los carretes durante mucho tiempo y no ganar nada.\u00bb<\/li>\n<li><strong>Igor, 25 a\u00f1os:<\/strong><br \/>\n\u00ab\u00a1Bonanza es simplemente un juego superior para m\u00ed! Me encanta este juego por su din\u00e1mica y potencial para grandes victorias. Pero s\u00ed, el juego requiere paciencia y un buen bankroll para sobrevivir a per\u00edodos sin ganancias. \u00a1Para m\u00ed, esto es parte de la emoci\u00f3n! El riesgo de perder es realmente alto, pero lo tomo filos\u00f3ficamente.\u00bb<\/li>\n<li><strong>Elena, 40 a\u00f1os:<\/strong><br \/>\n\u00abAl principio, estaba encantada con Bonanza debido a su interfaz colorida y la promesa de muchas formas de ganar. Sin embargo, despu\u00e9s de varias sesiones, me decepcion\u00e9. Parece que el RTP no es tan alto en realidad y los rondas de bonificaci\u00f3n son demasiado raras. Es muy dif\u00edcil ganar en mi opini\u00f3n.\u00bb<\/li>\n<li><strong>Denis, 31 a\u00f1os:<\/strong><br \/>\n\u00abMe gusta todo acerca de las tragamonedas de Bonanza, desde el dise\u00f1o visual hasta la mec\u00e1nica del juego. Es especialmente agradable cuando logras activar una serie de giros gratis con multiplicadores crecientes. Sin embargo, el juego puede ser bastante vol\u00e1til, as\u00ed que prep\u00e1rate para altibajos. En cualquier casino en l\u00ednea, hay muchas tragamonedas de Bonanza diferentes, pero todas son muy atractivas para jugar.\u00bb<\/li>\n<li><strong>Victoria, 29 a\u00f1os:<\/strong><br \/>\n\u00abHonestamente, las tragamonedas de Bonanza no me atraparon. Tal vez no era mi d\u00eda, pero parec\u00eda que las ganancias eran demasiado peque\u00f1as y raras. Sin embargo, entiendo por qu\u00e9 otros lo encuentran emocionante: muchas formas de ganar y un concepto interesante. Y un dise\u00f1o muy brillante. Las tragamonedas de Bonanza son muy brillantes e interesantes ahora.\u00bb<\/li>\n<li><strong>Alexey, 22 a\u00f1os:<\/strong><br \/>\n\u00ab\u00a1El juego de Bonanza realmente me enganch\u00f3! Este juego es como monta\u00f1as rusas, lleno de altibajos. A veces pierdes muchas veces seguidas, pero luego un buen giro puede cambiarlo todo. \u00a1El bono con giros gratis es simplemente incre\u00edble, especialmente cuando los multiplicadores comienzan a acumularse! Recomiendo las tragamonedas de Bonanza a todos mis amigos porque suelen jugar a tragamonedas malas.\u00bb<\/li>\n<li><strong>Olga, 35 a\u00f1os:<\/strong><br \/>\n\u00abDespu\u00e9s de algunos juegos en Bonanza, mis sentimientos est\u00e1n mezclados. Por un lado, el juego tiene una mec\u00e1nica de juego interesante y potencial para grandes victorias. Por otro lado, parece que las posibilidades de activar giros gratis son bastante bajas, y esto es un poco decepcionante. Este no es el juego donde puedes ganar grandes premios. Si juegas, juega por tu propio placer.\u00bb<\/li>\n<li><strong>Sergey, 27 a\u00f1os:<\/strong><br \/>\n\u00abMe gusta todo acerca de la tragamonedas en l\u00ednea Bonanza, desde la emoci\u00f3n hasta la posibilidad de ganar grandes premios. Por supuesto, no siempre es suerte, y hay momentos en los que parece que las p\u00e9rdidas son inevitables, pero en general, el juego brinda mucho placer. Los gr\u00e1ficos y el sonido son de primera clase, creando una inmersi\u00f3n completa en el proceso.\u00bb<\/li>\n<li><strong>Marina, 33 a\u00f1os:<\/strong><br \/>\n\u00abHe jugado muchas tragamonedas, pero Bonanza se destaca gracias a su mec\u00e1nica \u00fanica y estilo visual. Aunque a veces parece que ganar es m\u00e1s dif\u00edcil que en otros juegos, las emociones de una gran victoria son indescriptibles. Sin embargo, debes estar preparado para que no siempre sea posible salir adelante. M\u00e1s a menudo, pierdo, pero sigue siendo una tragamonedas muy agradable.\u00bb<\/li>\n<\/ul>\n","protected":false},"excerpt":{"rendered":"<p>Muchos jugadores se preguntan si vale la pena jugar a las tragamonedas de Bonanza. Especialmente considerando que bajo la tragamonedas Bonanza, hay tragamonedas muy diferentes de diferentes desarrolladores. \u00bfQu\u00e9 son las tragamonedas de Bonanza en l\u00ednea? Hemos recopilado opiniones de jugadores reales. M\u00e1ximo, 28 a\u00f1os: \u00ab\u00a1Bonanza es mi juego favorito en este momento! La mec\u00e1nica de Megaways realmente hace que cada giro sea impredecible y emocionante. Los giros de bonificaci\u00f3n con multiplicadores son simplemente fant\u00e1sticos.&hellip; <\/p>\n","protected":false},"author":1,"featured_media":0,"parent":0,"menu_order":0,"comment_status":"closed","ping_status":"closed","template":"","meta":{"footnotes":""},"class_list":["post-8","page","type-page","status-publish","hentry"],"yoast_head":"<!-- This site is optimized with the Yoast SEO plugin v27.2 - https:\/\/yoast.com\/product\/yoast-seo-wordpress\/ -->\n<title>Bewertungen von echten Spielern \u00fcber Online-Slots Bonanza.<\/title>\n<meta name=\"description\" content=\"Rese\u00f1a de la m\u00e1quina tragamonedas Bonanza de jugadores reales. Opiniones, rese\u00f1as, visi\u00f3n general de los juegos en l\u00ednea de Bonanza. Juega y gana ahora en las tragamonedas Bonanza.\" \/>\n<meta name=\"robots\" content=\"index, follow, max-snippet:-1, max-image-preview:large, max-video-preview:-1\" \/>\n<link rel=\"canonical\" href=\"https:\/\/bonanza888.online\/es\/reviews-of-real-players-about-the-bonanza-online-slot\/\" \/>\n<meta property=\"og:locale\" content=\"es_ES\" \/>\n<meta property=\"og:locale:alternate\" content=\"ru_RU\" \/>\n<meta property=\"og:locale:alternate\" content=\"en_US\" \/>\n<meta property=\"og:locale:alternate\" content=\"pt_PT\" \/>\n<meta property=\"og:locale:alternate\" content=\"sr_RS\" \/>\n<meta property=\"og:locale:alternate\" content=\"bg_BG\" \/>\n<meta property=\"og:locale:alternate\" content=\"ro_RO\" \/>\n<meta property=\"og:locale:alternate\" content=\"it_IT\" \/>\n<meta property=\"og:locale:alternate\" content=\"fr_FR\" \/>\n<meta property=\"og:locale:alternate\" content=\"de_DE\" \/>\n<meta property=\"og:locale:alternate\" content=\"pl_PL\" \/>\n<meta property=\"og:type\" content=\"article\" \/>\n<meta property=\"og:title\" content=\"Bewertungen von echten Spielern \u00fcber Online-Slots Bonanza.\" \/>\n<meta property=\"og:description\" content=\"\u00dcberblick \u00fcber den Bonanza-Spielautomaten von echten Spielern. Meinungen, Bewertungen, \u00dcbersicht \u00fcber Online-Bonanza-Spiele. Spielen Sie jetzt und gewinnen Sie in den Bonanza-Slots.\" \/>\n<meta property=\"og:url\" content=\"https:\/\/bonanza888.online\/es\/reviews-of-real-players-about-the-bonanza-online-slot\/\" \/>\n<meta property=\"og:site_name\" content=\"Bonanza\" \/>\n<meta property=\"article:modified_time\" content=\"2024-04-07T01:00:31+00:00\" \/>\n<meta name=\"twitter:card\" content=\"summary_large_image\" \/>\n<meta name=\"twitter:label1\" content=\"Tiempo de lectura\" \/>\n\t<meta name=\"twitter:data1\" content=\"28 minutos\" \/>\n<script type=\"application\/ld+json\" class=\"yoast-schema-graph\">{\"@context\":\"https:\/\/schema.org\",\"@graph\":[{\"@type\":\"WebPage\",\"@id\":\"https:\/\/bonanza888.online\/de\/reviews-of-real-players-about-the-bonanza-online-slot\/\",\"url\":\"https:\/\/bonanza888.online\/de\/reviews-of-real-players-about-the-bonanza-online-slot\/\",\"name\":\"Bewertungen von echten Spielern \u00fcber Online-Slots Bonanza.\",\"isPartOf\":{\"@id\":\"https:\/\/bonanza888.online\/es\/#website\"},\"datePublished\":\"2024-02-07T17:14:24+00:00\",\"dateModified\":\"2024-04-07T01:00:31+00:00\",\"description\":\"\u00dcberblick \u00fcber den Bonanza-Spielautomaten von echten Spielern. Meinungen, Bewertungen, \u00dcbersicht \u00fcber Online-Bonanza-Spiele. Spielen Sie jetzt und gewinnen Sie in den Bonanza-Slots.\",\"breadcrumb\":{\"@id\":\"https:\/\/bonanza888.online\/de\/reviews-of-real-players-about-the-bonanza-online-slot\/#breadcrumb\"},\"inLanguage\":\"es-ES\",\"potentialAction\":[{\"@type\":\"ReadAction\",\"target\":[\"https:\/\/bonanza888.online\/de\/reviews-of-real-players-about-the-bonanza-online-slot\/\"]}]},{\"@type\":\"BreadcrumbList\",\"@id\":\"https:\/\/bonanza888.online\/de\/reviews-of-real-players-about-the-bonanza-online-slot\/#breadcrumb\",\"itemListElement\":[{\"@type\":\"ListItem\",\"position\":1,\"name\":\"Home\",\"item\":\"https:\/\/bonanza888.online\/es\/\"},{\"@type\":\"ListItem\",\"position\":2,\"name\":\"Bewertungen echter Spieler \u00fcber den Online-Slot Bonanza\"}]},{\"@type\":\"WebSite\",\"@id\":\"https:\/\/bonanza888.online\/es\/#website\",\"url\":\"https:\/\/bonanza888.online\/es\/\",\"name\":\"Bonanza\",\"description\":\"Just another WordPress site\",\"publisher\":{\"@id\":\"https:\/\/bonanza888.online\/es\/#organization\"},\"potentialAction\":[{\"@type\":\"SearchAction\",\"target\":{\"@type\":\"EntryPoint\",\"urlTemplate\":\"https:\/\/bonanza888.online\/es\/?s={search_term_string}\"},\"query-input\":{\"@type\":\"PropertyValueSpecification\",\"valueRequired\":true,\"valueName\":\"search_term_string\"}}],\"inLanguage\":\"es-ES\"},{\"@type\":\"Organization\",\"@id\":\"https:\/\/bonanza888.online\/es\/#organization\",\"name\":\"Bonanza\",\"url\":\"https:\/\/bonanza888.online\/es\/\",\"logo\":{\"@type\":\"ImageObject\",\"inLanguage\":\"es-ES\",\"@id\":\"https:\/\/bonanza888.online\/es\/#\/schema\/logo\/image\/\",\"url\":\"https:\/\/bonanza888.online\/wp-content\/uploads\/bonanza-logo.png\",\"contentUrl\":\"https:\/\/bonanza888.online\/wp-content\/uploads\/bonanza-logo.png\",\"width\":300,\"height\":82,\"caption\":\"Bonanza\"},\"image\":{\"@id\":\"https:\/\/bonanza888.online\/es\/#\/schema\/logo\/image\/\"}}]}<\/script>\n<!-- \/ Yoast SEO plugin. -->","yoast_head_json":{"title":"Bewertungen von echten Spielern \u00fcber Online-Slots Bonanza.","description":"Rese\u00f1a de la m\u00e1quina tragamonedas Bonanza de jugadores reales. Opiniones, rese\u00f1as, visi\u00f3n general de los juegos en l\u00ednea de Bonanza. Juega y gana ahora en las tragamonedas Bonanza.","robots":{"index":"index","follow":"follow","max-snippet":"max-snippet:-1","max-image-preview":"max-image-preview:large","max-video-preview":"max-video-preview:-1"},"canonical":"https:\/\/bonanza888.online\/es\/reviews-of-real-players-about-the-bonanza-online-slot\/","og_locale":"es_ES","og_type":"article","og_title":"Bewertungen von echten Spielern \u00fcber Online-Slots Bonanza.","og_description":"\u00dcberblick \u00fcber den Bonanza-Spielautomaten von echten Spielern. Meinungen, Bewertungen, \u00dcbersicht \u00fcber Online-Bonanza-Spiele. Spielen Sie jetzt und gewinnen Sie in den Bonanza-Slots.","og_url":"https:\/\/bonanza888.online\/es\/reviews-of-real-players-about-the-bonanza-online-slot\/","og_site_name":"Bonanza","article_modified_time":"2024-04-07T01:00:31+00:00","twitter_card":"summary_large_image","twitter_misc":{"Tiempo de lectura":"28 minutos"},"schema":{"@context":"https:\/\/schema.org","@graph":[{"@type":"WebPage","@id":"https:\/\/bonanza888.online\/de\/reviews-of-real-players-about-the-bonanza-online-slot\/","url":"https:\/\/bonanza888.online\/de\/reviews-of-real-players-about-the-bonanza-online-slot\/","name":"Bewertungen von echten Spielern \u00fcber Online-Slots Bonanza.","isPartOf":{"@id":"https:\/\/bonanza888.online\/es\/#website"},"datePublished":"2024-02-07T17:14:24+00:00","dateModified":"2024-04-07T01:00:31+00:00","description":"\u00dcberblick \u00fcber den Bonanza-Spielautomaten von echten Spielern. Meinungen, Bewertungen, \u00dcbersicht \u00fcber Online-Bonanza-Spiele. Spielen Sie jetzt und gewinnen Sie in den Bonanza-Slots.","breadcrumb":{"@id":"https:\/\/bonanza888.online\/de\/reviews-of-real-players-about-the-bonanza-online-slot\/#breadcrumb"},"inLanguage":"es-ES","potentialAction":[{"@type":"ReadAction","target":["https:\/\/bonanza888.online\/de\/reviews-of-real-players-about-the-bonanza-online-slot\/"]}]},{"@type":"BreadcrumbList","@id":"https:\/\/bonanza888.online\/de\/reviews-of-real-players-about-the-bonanza-online-slot\/#breadcrumb","itemListElement":[{"@type":"ListItem","position":1,"name":"Home","item":"https:\/\/bonanza888.online\/es\/"},{"@type":"ListItem","position":2,"name":"Bewertungen echter Spieler \u00fcber den Online-Slot Bonanza"}]},{"@type":"WebSite","@id":"https:\/\/bonanza888.online\/es\/#website","url":"https:\/\/bonanza888.online\/es\/","name":"Bonanza","description":"Just another WordPress site","publisher":{"@id":"https:\/\/bonanza888.online\/es\/#organization"},"potentialAction":[{"@type":"SearchAction","target":{"@type":"EntryPoint","urlTemplate":"https:\/\/bonanza888.online\/es\/?s={search_term_string}"},"query-input":{"@type":"PropertyValueSpecification","valueRequired":true,"valueName":"search_term_string"}}],"inLanguage":"es-ES"},{"@type":"Organization","@id":"https:\/\/bonanza888.online\/es\/#organization","name":"Bonanza","url":"https:\/\/bonanza888.online\/es\/","logo":{"@type":"ImageObject","inLanguage":"es-ES","@id":"https:\/\/bonanza888.online\/es\/#\/schema\/logo\/image\/","url":"https:\/\/bonanza888.online\/wp-content\/uploads\/bonanza-logo.png","contentUrl":"https:\/\/bonanza888.online\/wp-content\/uploads\/bonanza-logo.png","width":300,"height":82,"caption":"Bonanza"},"image":{"@id":"https:\/\/bonanza888.online\/es\/#\/schema\/logo\/image\/"}}]}},"_links":{"self":[{"href":"https:\/\/bonanza888.online\/es\/wp-json\/wp\/v2\/pages\/8","targetHints":{"allow":["GET"]}}],"collection":[{"href":"https:\/\/bonanza888.online\/es\/wp-json\/wp\/v2\/pages"}],"about":[{"href":"https:\/\/bonanza888.online\/es\/wp-json\/wp\/v2\/types\/page"}],"author":[{"embeddable":true,"href":"https:\/\/bonanza888.online\/es\/wp-json\/wp\/v2\/users\/1"}],"replies":[{"embeddable":true,"href":"https:\/\/bonanza888.online\/es\/wp-json\/wp\/v2\/comments?post=8"}],"version-history":[{"count":35,"href":"https:\/\/bonanza888.online\/es\/wp-json\/wp\/v2\/pages\/8\/revisions"}],"predecessor-version":[{"id":271,"href":"https:\/\/bonanza888.online\/es\/wp-json\/wp\/v2\/pages\/8\/revisions\/271"}],"wp:attachment":[{"href":"https:\/\/bonanza888.online\/es\/wp-json\/wp\/v2\/media?parent=8"}],"curies":[{"name":"wp","href":"https:\/\/api.w.org\/{rel}","templated":true}]}}