{"id":6,"date":"2024-02-07T16:24:34","date_gmt":"2024-02-07T16:24:34","guid":{"rendered":"https:\/\/bonanza888.online\/?page_id=6"},"modified":"2024-04-07T01:16:40","modified_gmt":"2024-04-07T01:16:40","slug":"what-are-online-slots-bonanza","status":"publish","type":"page","link":"https:\/\/bonanza888.online\/es\/","title":{"rendered":"Qu\u00e9 Son las Tragaperras en L\u00ednea Bonanza"},"content":{"rendered":"<p>Las tragaperras en l\u00ednea Bonanza son una categor\u00eda de m\u00e1quinas tragamonedas en casinos en l\u00ednea que a menudo tienen la palabra Bonanza en su nombre debido a un tema com\u00fan relacionado con la riqueza. Las tragaperras Bonanza suelen estar asociadas con la miner\u00eda de oro o gemas preciosas, as\u00ed como con el potencial de grandes ganancias. El consenso general entre los jugadores es que estas son tragaperras generosas que ofrecen recompensas en dinero real. Aqu\u00ed hay algunas caracter\u00edsticas clave com\u00fanmente asociadas con las tragaperras en l\u00ednea Bonanza:<\/p>\n<ul>\n<li><strong>Temas interesantes:<\/strong> Las tragaperras Bonanza suelen estar asociadas con temas de miner\u00eda de oro, gemas preciosas u otras formas de riqueza, creando una experiencia de juego atractiva. Son tragaperras muy coloridas que crean un gran ambiente.<\/li>\n<li><strong>Mec\u00e1nica Megaways:<\/strong> Muchas tragaperras Bonanza utilizan la mec\u00e1nica Megaways de Big Time Gaming, que ofrece miles de formas de ganar en cada giro debido al n\u00famero variable de s\u00edmbolos en los carretes. Esto es caracter\u00edstico de un n\u00famero limitado de tragaperras Bonanza, pero es esta funci\u00f3n la que se ha asociado recientemente con las tragaperras Bonanza.<\/li>\n<li><strong>Funciones de bonificaci\u00f3n:<\/strong> Las tragaperras Bonanza a menudo incluyen diversas funciones de bonificaci\u00f3n como giros gratis, multiplicadores, carretes en cascada y s\u00edmbolos especiales como comodines y dispersos. La abundancia de caracter\u00edsticas adicionales hace que el juego sea m\u00e1s emocionante y puede aumentar significativamente las ganancias, tanto en t\u00e9rminos de cantidades como de probabilidad.<\/li>\n<li><strong>Alta volatilidad:<\/strong> Estos juegos suelen caracterizarse por una alta volatilidad, lo que significa el potencial de ganancias muy grandes pero tambi\u00e9n pagos menos frecuentes. En otras palabras, jugar a las tragaperras Bonanza es arriesgado.<\/li>\n<li><strong>Gr\u00e1ficos y efectos de sonido:<\/strong> Las tragaperras Bonanza en l\u00ednea suelen contar con gr\u00e1ficos de alta calidad y efectos de sonido, creando una atm\u00f3sfera inmersiva y mejorando la experiencia de juego.<\/li>\n<\/ul>\n<p>Las tragaperras Bonanza son populares entre los jugadores debido a su emocionante jugabilidad, temas interesantes y potencial para grandes ganancias.<\/p>\n<h2><strong>\u00bfPor qu\u00e9 se llaman tragaperras Bonanza?<\/strong><\/h2>\n<p>Muchos jugadores se preguntan por qu\u00e9 las tragaperras se llaman Bonanza. Las tragaperras con el nombre Bonanza a menudo usan este t\u00edtulo para transmitir una sensaci\u00f3n de riqueza, suerte y la oportunidad de obtener una gran cantidad de objetos de valor. La palabra \u00abbonanza\u00bb tiene origen espa\u00f1ol y originalmente se usaba para denotar una veta rica de mineral o un gran descubrimiento de metales preciosos, especialmente oro o plata. Aqu\u00ed hay varias razones por las que este nombre se adapta a las tragaperras:<\/p>\n<ul>\n<li><strong>Asociaciones con la riqueza:<\/strong> Dado que \u00abbonanza\u00bb est\u00e1 asociado con la abundancia y la riqueza, este nombre atrae a jugadores que buscan grandes ganancias en casinos en l\u00ednea. Esto es especialmente cierto en pa\u00edses de habla hispana, donde la palabra en s\u00ed misma se ha convertido en una herramienta de marketing para anunciar juegos de Bonanza.<\/li>\n<li><strong>Tema de miner\u00eda:<\/strong> Muchas tragaperras Bonanza giran en torno al tema de la miner\u00eda de metales preciosos, lo que se alinea perfectamente con la idea de una \u00abbonanza\u00bb como un hallazgo significativo. El tema de la miner\u00eda en s\u00ed mismo ha demostrado ser muy atractivo para las m\u00e1quinas tragamonedas. Despu\u00e9s de todo, tambi\u00e9n necesitas \u00abminar\u00bb dinero en una m\u00e1quina tragamonedas.<\/li>\n<li><strong>Atractivo de marketing:<\/strong> El nombre Bonanza es f\u00e1cil de recordar en todos los idiomas, es brillante, crea asociaciones positivas y puede llamar la atenci\u00f3n sobre la tragaperras en medio de un mar de otros juegos.<\/li>\n<\/ul>\n<h2><strong>Caracter\u00edsticas comunes entre las tragaperras Bonanza<\/strong><\/h2>\n<p>Varias tragaperras con el nombre Bonanza en casinos en l\u00ednea, a pesar de sus diferencias, a menudo comparten varias caracter\u00edsticas comunes, basadas en la popularidad de la tragaperras original \u00abBonanza\u00bb de Big Time Gaming. Aqu\u00ed hay algunas de las caracter\u00edsticas comunes que puede encontrar en los juegos Bonanza en diferentes casinos en l\u00ednea:<\/p>\n<ul>\n<li><strong>Tema de miner\u00eda o exploraci\u00f3n:<\/strong> Muchas tragaperras Bonanza giran en torno al tema de la miner\u00eda de metales preciosos o gemas, lo que se refleja en los s\u00edmbolos y el dise\u00f1o del juego. Este tema ha demostrado ser muy atractivo para las m\u00e1quinas tragamonedas y gusta a los jugadores.<\/li>\n<li><strong>Mec\u00e1nica Megaways:<\/strong> Una de las caracter\u00edsticas clave de la tragaperras original Bonanza es la mec\u00e1nica Megaways, que ofrece una gran cantidad de combinaciones ganadoras potenciales. Muchas tragaperras Bonanza posteriores tambi\u00e9n utilizan esta mec\u00e1nica o algo similar, proporcionando una jugabilidad din\u00e1mica e impredecible. Por supuesto, esto distingue a las m\u00e1quinas tragamonedas de manera favorable, haciendo que la tragaperras sea m\u00e1s interesante de jugar.<\/li>\n<li><strong>Giros gratis y multiplicadores:<\/strong> Las tragaperras Bonanza a menudo ofrecen rondas de bonificaci\u00f3n con giros gratis y multiplicadores, que pueden aumentar significativamente las ganancias de un jugador. Esto es bien recibido por los jugadores.<\/li>\n<li><strong>Carretes en cascada:<\/strong> Muchos juegos cuentan con la funcionalidad de carretes en cascada, donde los s\u00edmbolos ganadores desaparecen y nuevos s\u00edmbolos caen en su lugar, lo que puede conducir a una serie de victorias.<\/li>\n<li><strong>Alta volatilidad:<\/strong> Las tragaperras Bonanza suelen caracterizarse por una alta volatilidad, lo que significa el potencial de ganancias muy grandes, pero menos ganancias frecuentes.<\/li>\n<\/ul>\n<p>Tenga en\u00a0cuenta que no todas las tragaperras con el nombre Bonanza tendr\u00e1n todas estas caracter\u00edsticas, y diferentes desarrolladores pueden introducir sus propias caracter\u00edsticas y variaciones \u00fanicas. Las tragaperras Bonanza suelen tener un aspecto muy diferente entre s\u00ed, pero comparten muchas similitudes.<\/p>\n<h2><strong>Las tragaperras Bonanza m\u00e1s famosas<\/strong><\/h2>\n<p>Entre las tragaperras con el nombre \u00abBonanza\u00bb, algunas se han vuelto particularmente populares y conocidas entre los jugadores de casinos en l\u00ednea. Aqu\u00ed hay algunas de las m\u00e1s famosas:<\/p>\n<ol>\n<li><strong>Bonanza Megaways (Big Time Gaming):<\/strong> Una de las primeras y m\u00e1s populares tragaperras con la mec\u00e1nica Megaways. Este juego en l\u00ednea se convirti\u00f3 en revolucionario gracias a su caracter\u00edstica \u00fanica, que ofrece hasta 117.649 formas de ganar, as\u00ed como una emocionante ronda de bonificaci\u00f3n con giros gratis y multiplicadores crecientes.<\/li>\n<li><strong>Sweet Bonanza (Pragmatic Play):<\/strong> Esta tragaperras se destaca de otras tragaperras Bonanza con su tema de dulces y frutas. Es conocida por sus colores vibrantes, su atm\u00f3sfera alegre y su funci\u00f3n de Tumble, que permite que las combinaciones ganadoras desaparezcan y hagan espacio para nuevos s\u00edmbolos.<\/li>\n<li><strong>Gems Bonanza (Pragmatic Play):<\/strong> Esta tragaperras est\u00e1 dedicada a las gemas preciosas y ofrece una jugabilidad \u00fanica en una rejilla 8&#215;8. El juego cuenta con muchas caracter\u00edsticas, incluidos modificadores aleatorios y un gran potencial de ganancias gracias a las victorias en cascada y los multiplicadores.<\/li>\n<\/ol>\n<p>Estas tragaperras se han vuelto populares debido a sus mec\u00e1nicas innovadoras, temas interesantes y potencial para grandes ganancias. Cada juego tiene sus caracter\u00edsticas \u00fanicas que lo hacen atractivo y lo distinguen de otras tragaperras en el mercado.<\/p>\n<h2><strong>Preguntas m\u00e1s frecuentes sobre las tragaperras Bonanza en casinos en l\u00ednea<\/strong><\/h2>\n<p><strong>\u00bfQu\u00e9 son las tragaperras Bonanza?<\/strong><\/p>\n<p>Las tragaperras Bonanza son una categor\u00eda de m\u00e1quinas tragamonedas en l\u00ednea que a menudo presentan temas de miner\u00eda de metales preciosos o piedras y son conocidas por sus caracter\u00edsticas \u00fanicas como la mec\u00e1nica Megaways, los giros gratis, los multiplicadores y la alta volatilidad, ofreciendo a los jugadores el potencial para grandes ganancias.<\/p>\n<p><strong>\u00bfQu\u00e9 hace especial a la mec\u00e1nica Megaways en las tragaperras Bonanza?<\/strong><\/p>\n<p>La mec\u00e1nica Megaways, a menudo utilizada en las tragaperras Bonanza, ofrece una cantidad variable de s\u00edmbolos en cada carrete con cada giro, creando miles de combinaciones potenciales de ganancias, lo que hace que el juego sea impredecible y din\u00e1mico.<\/p>\n<p><strong>\u00bfPuedo jugar a las tragaperras Bonanza gratis?<\/strong><\/p>\n<p>S\u00ed, muchos casinos en l\u00ednea ofrecen versiones de demostraci\u00f3n de las tragaperras Bonanza, lo que permite a los jugadores probar los juegos de forma gratuita sin arriesgar dinero real.<\/p>\n<p><strong>\u00bfCu\u00e1les son las tragaperras Bonanza m\u00e1s populares?<\/strong><\/p>\n<p>Entre las tragaperras Bonanza m\u00e1s populares se encuentran \u00abBonanza Megaways\u00bb de Big Time Gaming, \u00abSweet Bonanza\u00bb de Pragmatic Play y \u00abGems Bonanza\u00bb, tambi\u00e9n de Pragmatic Play. Estos juegos llaman la atenci\u00f3n con sus caracter\u00edsticas \u00fanicas y su potencial para grandes ganancias.<\/p>\n<p><strong>\u00bfQu\u00e9 significa alta volatilidad en las tragaperras Bonanza?<\/strong><\/p>\n<p>La alta volatilidad en las tragaperras Bonanza significa que los juegos pueden ofrecer ganancias muy grandes, pero estas ganancias ocurren con menos frecuencia. Esto hace que el juego sea m\u00e1s arriesgado pero tambi\u00e9n m\u00e1s emocionante para algunos jugadores que buscan grandes ganancias.<\/p>\n","protected":false},"excerpt":{"rendered":"<p>Las tragaperras en l\u00ednea Bonanza son una categor\u00eda de m\u00e1quinas tragamonedas en casinos en l\u00ednea que a menudo tienen la palabra Bonanza en su nombre debido a un tema com\u00fan relacionado con la riqueza. Las tragaperras Bonanza suelen estar asociadas con la miner\u00eda de oro o gemas preciosas, as\u00ed como con el potencial de grandes ganancias. El consenso general entre los jugadores es que estas son tragaperras generosas que ofrecen recompensas en dinero real. Aqu\u00ed&hellip; <\/p>\n","protected":false},"author":1,"featured_media":0,"parent":0,"menu_order":0,"comment_status":"closed","ping_status":"closed","template":"","meta":{"footnotes":""},"class_list":["post-6","page","type-page","status-publish","hentry"],"yoast_head":"<!-- This site is optimized with the Yoast SEO plugin v27.2 - https:\/\/yoast.com\/product\/yoast-seo-wordpress\/ -->\n<title>Juegos Bonanza en Casinos en L\u00ednea<\/title>\n<meta name=\"description\" content=\"Juega juegos Bonanza en l\u00ednea por dinero real en casinos en l\u00ednea. Tragamonedas en l\u00ednea Bonanza, juega y gana m\u00e1quinas tragamonedas Bonanza, \u00bfen qu\u00e9 tragamonedas Bonanza jugar?\" \/>\n<meta name=\"robots\" content=\"index, follow, max-snippet:-1, max-image-preview:large, max-video-preview:-1\" \/>\n<link rel=\"canonical\" href=\"https:\/\/bonanza888.online\/es\/\" \/>\n<meta property=\"og:locale\" content=\"es_ES\" \/>\n<meta property=\"og:locale:alternate\" content=\"ru_RU\" \/>\n<meta property=\"og:locale:alternate\" content=\"en_US\" \/>\n<meta property=\"og:locale:alternate\" content=\"pt_PT\" \/>\n<meta property=\"og:locale:alternate\" content=\"sr_RS\" \/>\n<meta property=\"og:locale:alternate\" content=\"bg_BG\" \/>\n<meta property=\"og:locale:alternate\" content=\"ro_RO\" \/>\n<meta property=\"og:locale:alternate\" content=\"it_IT\" \/>\n<meta property=\"og:locale:alternate\" content=\"fr_FR\" \/>\n<meta property=\"og:locale:alternate\" content=\"de_DE\" \/>\n<meta property=\"og:locale:alternate\" content=\"pl_PL\" \/>\n<meta property=\"og:type\" content=\"article\" \/>\n<meta property=\"og:title\" content=\"Juegos Bonanza en Casinos en L\u00ednea\" \/>\n<meta property=\"og:description\" content=\"Juega juegos Bonanza en l\u00ednea por dinero real en casinos en l\u00ednea. Tragamonedas en l\u00ednea Bonanza, juega y gana m\u00e1quinas tragamonedas Bonanza, \u00bfen qu\u00e9 tragamonedas Bonanza jugar?\" \/>\n<meta property=\"og:url\" content=\"https:\/\/bonanza888.online\/es\/\" \/>\n<meta property=\"og:site_name\" content=\"Bonanza\" \/>\n<meta property=\"article:modified_time\" content=\"2024-04-07T01:16:40+00:00\" \/>\n<meta name=\"twitter:card\" content=\"summary_large_image\" \/>\n<meta name=\"twitter:label1\" content=\"Tiempo de lectura\" \/>\n\t<meta name=\"twitter:data1\" content=\"53 minutos\" \/>\n<script type=\"application\/ld+json\" class=\"yoast-schema-graph\">{\"@context\":\"https:\/\/schema.org\",\"@graph\":[{\"@type\":\"WebPage\",\"@id\":\"https:\/\/bonanza888.online\/es\/\",\"url\":\"https:\/\/bonanza888.online\/es\/\",\"name\":\"Juegos Bonanza en Casinos en L\u00ednea\",\"isPartOf\":{\"@id\":\"https:\/\/bonanza888.online\/es\/#website\"},\"datePublished\":\"2024-02-07T16:24:34+00:00\",\"dateModified\":\"2024-04-07T01:16:40+00:00\",\"description\":\"Juega juegos Bonanza en l\u00ednea por dinero real en casinos en l\u00ednea. Tragamonedas en l\u00ednea Bonanza, juega y gana m\u00e1quinas tragamonedas Bonanza, \u00bfen qu\u00e9 tragamonedas Bonanza jugar?\",\"breadcrumb\":{\"@id\":\"https:\/\/bonanza888.online\/es\/#breadcrumb\"},\"inLanguage\":\"es-ES\",\"potentialAction\":[{\"@type\":\"ReadAction\",\"target\":[\"https:\/\/bonanza888.online\/es\/\"]}]},{\"@type\":\"BreadcrumbList\",\"@id\":\"https:\/\/bonanza888.online\/es\/#breadcrumb\",\"itemListElement\":[{\"@type\":\"ListItem\",\"position\":1,\"name\":\"Home\",\"item\":\"https:\/\/bonanza888.online\/es\/\"},{\"@type\":\"ListItem\",\"position\":2,\"name\":\"Qu\u00e9 Son las Tragaperras en L\u00ednea Bonanza\"}]},{\"@type\":\"WebSite\",\"@id\":\"https:\/\/bonanza888.online\/es\/#website\",\"url\":\"https:\/\/bonanza888.online\/es\/\",\"name\":\"Bonanza\",\"description\":\"Just another WordPress site\",\"publisher\":{\"@id\":\"https:\/\/bonanza888.online\/es\/#organization\"},\"potentialAction\":[{\"@type\":\"SearchAction\",\"target\":{\"@type\":\"EntryPoint\",\"urlTemplate\":\"https:\/\/bonanza888.online\/es\/?s={search_term_string}\"},\"query-input\":{\"@type\":\"PropertyValueSpecification\",\"valueRequired\":true,\"valueName\":\"search_term_string\"}}],\"inLanguage\":\"es-ES\"},{\"@type\":\"Organization\",\"@id\":\"https:\/\/bonanza888.online\/es\/#organization\",\"name\":\"Bonanza\",\"url\":\"https:\/\/bonanza888.online\/es\/\",\"logo\":{\"@type\":\"ImageObject\",\"inLanguage\":\"es-ES\",\"@id\":\"https:\/\/bonanza888.online\/es\/#\/schema\/logo\/image\/\",\"url\":\"https:\/\/bonanza888.online\/wp-content\/uploads\/bonanza-logo.png\",\"contentUrl\":\"https:\/\/bonanza888.online\/wp-content\/uploads\/bonanza-logo.png\",\"width\":300,\"height\":82,\"caption\":\"Bonanza\"},\"image\":{\"@id\":\"https:\/\/bonanza888.online\/es\/#\/schema\/logo\/image\/\"}}]}<\/script>\n<!-- \/ Yoast SEO plugin. -->","yoast_head_json":{"title":"Juegos Bonanza en Casinos en L\u00ednea","description":"Juega juegos Bonanza en l\u00ednea por dinero real en casinos en l\u00ednea. Tragamonedas en l\u00ednea Bonanza, juega y gana m\u00e1quinas tragamonedas Bonanza, \u00bfen qu\u00e9 tragamonedas Bonanza jugar?","robots":{"index":"index","follow":"follow","max-snippet":"max-snippet:-1","max-image-preview":"max-image-preview:large","max-video-preview":"max-video-preview:-1"},"canonical":"https:\/\/bonanza888.online\/es\/","og_locale":"es_ES","og_type":"article","og_title":"Juegos Bonanza en Casinos en L\u00ednea","og_description":"Juega juegos Bonanza en l\u00ednea por dinero real en casinos en l\u00ednea. Tragamonedas en l\u00ednea Bonanza, juega y gana m\u00e1quinas tragamonedas Bonanza, \u00bfen qu\u00e9 tragamonedas Bonanza jugar?","og_url":"https:\/\/bonanza888.online\/es\/","og_site_name":"Bonanza","article_modified_time":"2024-04-07T01:16:40+00:00","twitter_card":"summary_large_image","twitter_misc":{"Tiempo de lectura":"53 minutos"},"schema":{"@context":"https:\/\/schema.org","@graph":[{"@type":"WebPage","@id":"https:\/\/bonanza888.online\/es\/","url":"https:\/\/bonanza888.online\/es\/","name":"Juegos Bonanza en Casinos en L\u00ednea","isPartOf":{"@id":"https:\/\/bonanza888.online\/es\/#website"},"datePublished":"2024-02-07T16:24:34+00:00","dateModified":"2024-04-07T01:16:40+00:00","description":"Juega juegos Bonanza en l\u00ednea por dinero real en casinos en l\u00ednea. Tragamonedas en l\u00ednea Bonanza, juega y gana m\u00e1quinas tragamonedas Bonanza, \u00bfen qu\u00e9 tragamonedas Bonanza jugar?","breadcrumb":{"@id":"https:\/\/bonanza888.online\/es\/#breadcrumb"},"inLanguage":"es-ES","potentialAction":[{"@type":"ReadAction","target":["https:\/\/bonanza888.online\/es\/"]}]},{"@type":"BreadcrumbList","@id":"https:\/\/bonanza888.online\/es\/#breadcrumb","itemListElement":[{"@type":"ListItem","position":1,"name":"Home","item":"https:\/\/bonanza888.online\/es\/"},{"@type":"ListItem","position":2,"name":"Qu\u00e9 Son las Tragaperras en L\u00ednea Bonanza"}]},{"@type":"WebSite","@id":"https:\/\/bonanza888.online\/es\/#website","url":"https:\/\/bonanza888.online\/es\/","name":"Bonanza","description":"Just another WordPress site","publisher":{"@id":"https:\/\/bonanza888.online\/es\/#organization"},"potentialAction":[{"@type":"SearchAction","target":{"@type":"EntryPoint","urlTemplate":"https:\/\/bonanza888.online\/es\/?s={search_term_string}"},"query-input":{"@type":"PropertyValueSpecification","valueRequired":true,"valueName":"search_term_string"}}],"inLanguage":"es-ES"},{"@type":"Organization","@id":"https:\/\/bonanza888.online\/es\/#organization","name":"Bonanza","url":"https:\/\/bonanza888.online\/es\/","logo":{"@type":"ImageObject","inLanguage":"es-ES","@id":"https:\/\/bonanza888.online\/es\/#\/schema\/logo\/image\/","url":"https:\/\/bonanza888.online\/wp-content\/uploads\/bonanza-logo.png","contentUrl":"https:\/\/bonanza888.online\/wp-content\/uploads\/bonanza-logo.png","width":300,"height":82,"caption":"Bonanza"},"image":{"@id":"https:\/\/bonanza888.online\/es\/#\/schema\/logo\/image\/"}}]}},"_links":{"self":[{"href":"https:\/\/bonanza888.online\/es\/wp-json\/wp\/v2\/pages\/6","targetHints":{"allow":["GET"]}}],"collection":[{"href":"https:\/\/bonanza888.online\/es\/wp-json\/wp\/v2\/pages"}],"about":[{"href":"https:\/\/bonanza888.online\/es\/wp-json\/wp\/v2\/types\/page"}],"author":[{"embeddable":true,"href":"https:\/\/bonanza888.online\/es\/wp-json\/wp\/v2\/users\/1"}],"replies":[{"embeddable":true,"href":"https:\/\/bonanza888.online\/es\/wp-json\/wp\/v2\/comments?post=6"}],"version-history":[{"count":35,"href":"https:\/\/bonanza888.online\/es\/wp-json\/wp\/v2\/pages\/6\/revisions"}],"predecessor-version":[{"id":276,"href":"https:\/\/bonanza888.online\/es\/wp-json\/wp\/v2\/pages\/6\/revisions\/276"}],"wp:attachment":[{"href":"https:\/\/bonanza888.online\/es\/wp-json\/wp\/v2\/media?parent=6"}],"curies":[{"name":"wp","href":"https:\/\/api.w.org\/{rel}","templated":true}]}}