{"id":12,"date":"2024-02-07T17:18:51","date_gmt":"2024-02-07T17:18:51","guid":{"rendered":"https:\/\/bonanza888.online\/?page_id=12"},"modified":"2024-04-07T01:35:07","modified_gmt":"2024-04-07T01:35:07","slug":"faq-about-online-slots-bonanza","status":"publish","type":"page","link":"https:\/\/bonanza888.online\/es\/faq-about-online-slots-bonanza\/","title":{"rendered":"Preguntas Frecuentes y Respuestas sobre Tragaperras en L\u00ednea Bonanza"},"content":{"rendered":"<p>Muchos jugadores se preguntan si vale la pena jugar a las tragamonedas de Bonanza. Hemos recopilado 10 preguntas frecuentes sobre las m\u00e1quinas tragamonedas de Bonanza, incluyendo respuestas que podr\u00edan ser de inter\u00e9s para jugadores de diferentes edades, estatus sociales y que viven en diferentes pa\u00edses:<\/p>\n<h3><strong>\u00bfQu\u00e9 es una tragamonedas de Bonanza?<\/strong><\/h3>\n<p>Una tragamonedas de Bonanza es una popular m\u00e1quina tragamonedas en l\u00ednea de varios desarrolladores. Muchos juegos de Bonanza son conocidos por su mec\u00e1nica \u00fanica de Megaways, que ofrece miles de formas de ganar en cada giro. Una cosa se puede decir con certeza: las tragamonedas de Bonanza siempre son diferentes pero brillantes y coloridas.<\/p>\n<h3><strong>\u00bfC\u00f3mo se juega a las tragamonedas de Bonanza?<\/strong><\/h3>\n<p>Para comenzar a jugar a Bonanza, elige el tama\u00f1o de tu apuesta y presiona el bot\u00f3n de giro. El juego presenta carretes, y algunas tragamonedas de Bonanza tienen la mec\u00e1nica de Megaways, lo que significa que el n\u00famero de s\u00edmbolos en cada carrete puede cambiar con cada giro, creando numerosas oportunidades de ganar.<\/p>\n<h3><strong>\u00bfCu\u00e1l es la apuesta m\u00ednima y m\u00e1xima en Bonanza?<\/strong><\/h3>\n<p>La apuesta m\u00ednima generalmente comienza desde 0.20 unidades de moneda, y la apuesta m\u00e1xima puede llegar a 20 unidades de moneda, pero estos valores pueden variar dependiendo del casino. En otras palabras, si la moneda de tu casino es USD o EUR, entonces la apuesta m\u00ednima es de 0.2 USD o EUR, y la apuesta m\u00e1xima ser\u00e1 igual a 20 USD o EUR.<\/p>\n<h3><strong>\u00bfHay rondas de bonificaci\u00f3n en la tragamonedas de Bonanza?<\/strong><\/h3>\n<p>S\u00ed, la tragamonedas de Bonanza tiene una ronda de bonificaci\u00f3n de giros gratis, que se activa cuando aparecen cuatro letras doradas G, O, L, D en los carretes. A los jugadores se les otorgan 12 giros gratis con la posibilidad de obtener giros adicionales. En la mayor\u00eda de las otras tragamonedas de Bonanza, tambi\u00e9n puedes activar rondas de bonificaci\u00f3n.<\/p>\n<h3><strong>\u00bfCu\u00e1l es el RTP (Retorno al Jugador) en Bonanza?<\/strong><\/h3>\n<p>El RTP de la tragamonedas de Bonanza es de alrededor del 96%, que es un valor est\u00e1ndar para las tragamonedas en l\u00ednea. Dependiendo de la tragamonedas de Bonanza espec\u00edfica de la que estemos hablando, la variabilidad es del 95 al 96 por ciento, que recibe el jugador.<\/p>\n<h3><strong>\u00bfSe puede jugar a Bonanza gratis?<\/strong><\/h3>\n<p>S\u00ed, muchos casinos en l\u00ednea ofrecen una versi\u00f3n demo de Bonanza, que te permite jugar gratis sin apuestas reales.<\/p>\n<h3><strong>\u00bfQu\u00e9 s\u00edmbolos son los m\u00e1s valiosos en Bonanza?<\/strong><\/h3>\n<p>Los s\u00edmbolos m\u00e1s valiosos en Bonanza son las piedras preciosas, especialmente los diamantes, que traen las mayores ganancias.<\/p>\n<h3><strong>\u00bfSe puede jugar a Bonanza en dispositivos m\u00f3viles?<\/strong><\/h3>\n<p>S\u00ed, la tragamonedas de Bonanza est\u00e1 optimizada para jugar en dispositivos m\u00f3viles Android e iOS. La tragamonedas de Bonanza tambi\u00e9n est\u00e1 disponible en la mayor\u00eda de los casinos en l\u00ednea a trav\u00e9s de un navegador m\u00f3vil.<\/p>\n<h3><strong>\u00bfQu\u00e9 estrategias pueden aumentar tus posibilidades de ganar en Bonanza?<\/strong><\/h3>\n<p>Es importante recordar que las tragamonedas son juegos de azar y no hay formas garantizadas de ganar. Sin embargo, una gesti\u00f3n prudente del bankroll y la comprensi\u00f3n de la mec\u00e1nica del juego pueden ayudar a mejorar tu experiencia de juego y ganar dinero real. Te recomendamos que leas el art\u00edculo sobre estrategias de juego de Bonanza para obtener informaci\u00f3n m\u00e1s detallada.<\/p>\n<h3><strong>\u00bfD\u00f3nde puedo jugar a la tragamonedas de Bonanza?<\/strong><\/h3>\n<p>La tragamonedas de Bonanza est\u00e1 disponible en muchos casinos en l\u00ednea. Siempre elige plataformas con licencia y reputables para jugar con dinero real.<\/p>\n","protected":false},"excerpt":{"rendered":"<p>Muchos jugadores se preguntan si vale la pena jugar a las tragamonedas de Bonanza. Hemos recopilado 10 preguntas frecuentes sobre las m\u00e1quinas tragamonedas de Bonanza, incluyendo respuestas que podr\u00edan ser de inter\u00e9s para jugadores de diferentes edades, estatus sociales y que viven en diferentes pa\u00edses: \u00bfQu\u00e9 es una tragamonedas de Bonanza? Una tragamonedas de Bonanza es una popular m\u00e1quina tragamonedas en l\u00ednea de varios desarrolladores. Muchos juegos de Bonanza son conocidos por su mec\u00e1nica \u00fanica&hellip; <\/p>\n","protected":false},"author":1,"featured_media":0,"parent":0,"menu_order":0,"comment_status":"closed","ping_status":"closed","template":"","meta":{"footnotes":""},"class_list":["post-12","page","type-page","status-publish","hentry"],"yoast_head":"<!-- This site is optimized with the Yoast SEO plugin v27.2 - https:\/\/yoast.com\/product\/yoast-seo-wordpress\/ -->\n<title>FAQ - Preguntas Frecuentes sobre Tragamonedas Bonanza<\/title>\n<meta name=\"description\" content=\"Hemos recopilado las preguntas y respuestas m\u00e1s populares sobre las m\u00e1quinas tragamonedas Bonanza. Preguntas frecuentes sobre las tragamonedas Bonanza en casinos en l\u00ednea, donde puedes jugar por dinero real.\" \/>\n<meta name=\"robots\" content=\"index, follow, max-snippet:-1, max-image-preview:large, max-video-preview:-1\" \/>\n<link rel=\"canonical\" href=\"https:\/\/bonanza888.online\/es\/faq-about-online-slots-bonanza\/\" \/>\n<meta property=\"og:locale\" content=\"es_ES\" \/>\n<meta property=\"og:locale:alternate\" content=\"ru_RU\" \/>\n<meta property=\"og:locale:alternate\" content=\"en_US\" \/>\n<meta property=\"og:locale:alternate\" content=\"pt_PT\" \/>\n<meta property=\"og:locale:alternate\" content=\"sr_RS\" \/>\n<meta property=\"og:locale:alternate\" content=\"bg_BG\" \/>\n<meta property=\"og:locale:alternate\" content=\"ro_RO\" \/>\n<meta property=\"og:locale:alternate\" content=\"it_IT\" \/>\n<meta property=\"og:locale:alternate\" content=\"fr_FR\" \/>\n<meta property=\"og:locale:alternate\" content=\"de_DE\" \/>\n<meta property=\"og:locale:alternate\" content=\"pl_PL\" \/>\n<meta property=\"og:type\" content=\"article\" \/>\n<meta property=\"og:title\" content=\"FAQ - Preguntas Frecuentes sobre Tragamonedas Bonanza\" \/>\n<meta property=\"og:description\" content=\"Hemos recopilado las preguntas y respuestas m\u00e1s populares sobre las m\u00e1quinas tragamonedas Bonanza. Preguntas frecuentes sobre las tragamonedas Bonanza en casinos en l\u00ednea, donde puedes jugar por dinero real.\" \/>\n<meta property=\"og:url\" content=\"https:\/\/bonanza888.online\/es\/faq-about-online-slots-bonanza\/\" \/>\n<meta property=\"og:site_name\" content=\"Bonanza\" \/>\n<meta property=\"article:modified_time\" content=\"2024-04-07T01:35:07+00:00\" \/>\n<meta name=\"twitter:card\" content=\"summary_large_image\" \/>\n<meta name=\"twitter:label1\" content=\"Tiempo de lectura\" \/>\n\t<meta name=\"twitter:data1\" content=\"22 minutos\" \/>\n<script type=\"application\/ld+json\" class=\"yoast-schema-graph\">{\"@context\":\"https:\/\/schema.org\",\"@graph\":[{\"@type\":\"WebPage\",\"@id\":\"https:\/\/bonanza888.online\/es\/faq-about-online-slots-bonanza\/\",\"url\":\"https:\/\/bonanza888.online\/es\/faq-about-online-slots-bonanza\/\",\"name\":\"FAQ - Preguntas Frecuentes sobre Tragamonedas Bonanza\",\"isPartOf\":{\"@id\":\"https:\/\/bonanza888.online\/es\/#website\"},\"datePublished\":\"2024-02-07T17:18:51+00:00\",\"dateModified\":\"2024-04-07T01:35:07+00:00\",\"description\":\"Hemos recopilado las preguntas y respuestas m\u00e1s populares sobre las m\u00e1quinas tragamonedas Bonanza. Preguntas frecuentes sobre las tragamonedas Bonanza en casinos en l\u00ednea, donde puedes jugar por dinero real.\",\"breadcrumb\":{\"@id\":\"https:\/\/bonanza888.online\/es\/faq-about-online-slots-bonanza\/#breadcrumb\"},\"inLanguage\":\"es-ES\",\"potentialAction\":[{\"@type\":\"ReadAction\",\"target\":[\"https:\/\/bonanza888.online\/es\/faq-about-online-slots-bonanza\/\"]}]},{\"@type\":\"BreadcrumbList\",\"@id\":\"https:\/\/bonanza888.online\/es\/faq-about-online-slots-bonanza\/#breadcrumb\",\"itemListElement\":[{\"@type\":\"ListItem\",\"position\":1,\"name\":\"Home\",\"item\":\"https:\/\/bonanza888.online\/es\/\"},{\"@type\":\"ListItem\",\"position\":2,\"name\":\"Preguntas Frecuentes y Respuestas sobre Tragaperras en L\u00ednea Bonanza\"}]},{\"@type\":\"WebSite\",\"@id\":\"https:\/\/bonanza888.online\/es\/#website\",\"url\":\"https:\/\/bonanza888.online\/es\/\",\"name\":\"Bonanza\",\"description\":\"Just another WordPress site\",\"publisher\":{\"@id\":\"https:\/\/bonanza888.online\/es\/#organization\"},\"potentialAction\":[{\"@type\":\"SearchAction\",\"target\":{\"@type\":\"EntryPoint\",\"urlTemplate\":\"https:\/\/bonanza888.online\/es\/?s={search_term_string}\"},\"query-input\":{\"@type\":\"PropertyValueSpecification\",\"valueRequired\":true,\"valueName\":\"search_term_string\"}}],\"inLanguage\":\"es-ES\"},{\"@type\":\"Organization\",\"@id\":\"https:\/\/bonanza888.online\/es\/#organization\",\"name\":\"Bonanza\",\"url\":\"https:\/\/bonanza888.online\/es\/\",\"logo\":{\"@type\":\"ImageObject\",\"inLanguage\":\"es-ES\",\"@id\":\"https:\/\/bonanza888.online\/es\/#\/schema\/logo\/image\/\",\"url\":\"https:\/\/bonanza888.online\/wp-content\/uploads\/bonanza-logo.png\",\"contentUrl\":\"https:\/\/bonanza888.online\/wp-content\/uploads\/bonanza-logo.png\",\"width\":300,\"height\":82,\"caption\":\"Bonanza\"},\"image\":{\"@id\":\"https:\/\/bonanza888.online\/es\/#\/schema\/logo\/image\/\"}}]}<\/script>\n<!-- \/ Yoast SEO plugin. -->","yoast_head_json":{"title":"FAQ - Preguntas Frecuentes sobre Tragamonedas Bonanza","description":"Hemos recopilado las preguntas y respuestas m\u00e1s populares sobre las m\u00e1quinas tragamonedas Bonanza. Preguntas frecuentes sobre las tragamonedas Bonanza en casinos en l\u00ednea, donde puedes jugar por dinero real.","robots":{"index":"index","follow":"follow","max-snippet":"max-snippet:-1","max-image-preview":"max-image-preview:large","max-video-preview":"max-video-preview:-1"},"canonical":"https:\/\/bonanza888.online\/es\/faq-about-online-slots-bonanza\/","og_locale":"es_ES","og_type":"article","og_title":"FAQ - Preguntas Frecuentes sobre Tragamonedas Bonanza","og_description":"Hemos recopilado las preguntas y respuestas m\u00e1s populares sobre las m\u00e1quinas tragamonedas Bonanza. Preguntas frecuentes sobre las tragamonedas Bonanza en casinos en l\u00ednea, donde puedes jugar por dinero real.","og_url":"https:\/\/bonanza888.online\/es\/faq-about-online-slots-bonanza\/","og_site_name":"Bonanza","article_modified_time":"2024-04-07T01:35:07+00:00","twitter_card":"summary_large_image","twitter_misc":{"Tiempo de lectura":"22 minutos"},"schema":{"@context":"https:\/\/schema.org","@graph":[{"@type":"WebPage","@id":"https:\/\/bonanza888.online\/es\/faq-about-online-slots-bonanza\/","url":"https:\/\/bonanza888.online\/es\/faq-about-online-slots-bonanza\/","name":"FAQ - Preguntas Frecuentes sobre Tragamonedas Bonanza","isPartOf":{"@id":"https:\/\/bonanza888.online\/es\/#website"},"datePublished":"2024-02-07T17:18:51+00:00","dateModified":"2024-04-07T01:35:07+00:00","description":"Hemos recopilado las preguntas y respuestas m\u00e1s populares sobre las m\u00e1quinas tragamonedas Bonanza. Preguntas frecuentes sobre las tragamonedas Bonanza en casinos en l\u00ednea, donde puedes jugar por dinero real.","breadcrumb":{"@id":"https:\/\/bonanza888.online\/es\/faq-about-online-slots-bonanza\/#breadcrumb"},"inLanguage":"es-ES","potentialAction":[{"@type":"ReadAction","target":["https:\/\/bonanza888.online\/es\/faq-about-online-slots-bonanza\/"]}]},{"@type":"BreadcrumbList","@id":"https:\/\/bonanza888.online\/es\/faq-about-online-slots-bonanza\/#breadcrumb","itemListElement":[{"@type":"ListItem","position":1,"name":"Home","item":"https:\/\/bonanza888.online\/es\/"},{"@type":"ListItem","position":2,"name":"Preguntas Frecuentes y Respuestas sobre Tragaperras en L\u00ednea Bonanza"}]},{"@type":"WebSite","@id":"https:\/\/bonanza888.online\/es\/#website","url":"https:\/\/bonanza888.online\/es\/","name":"Bonanza","description":"Just another WordPress site","publisher":{"@id":"https:\/\/bonanza888.online\/es\/#organization"},"potentialAction":[{"@type":"SearchAction","target":{"@type":"EntryPoint","urlTemplate":"https:\/\/bonanza888.online\/es\/?s={search_term_string}"},"query-input":{"@type":"PropertyValueSpecification","valueRequired":true,"valueName":"search_term_string"}}],"inLanguage":"es-ES"},{"@type":"Organization","@id":"https:\/\/bonanza888.online\/es\/#organization","name":"Bonanza","url":"https:\/\/bonanza888.online\/es\/","logo":{"@type":"ImageObject","inLanguage":"es-ES","@id":"https:\/\/bonanza888.online\/es\/#\/schema\/logo\/image\/","url":"https:\/\/bonanza888.online\/wp-content\/uploads\/bonanza-logo.png","contentUrl":"https:\/\/bonanza888.online\/wp-content\/uploads\/bonanza-logo.png","width":300,"height":82,"caption":"Bonanza"},"image":{"@id":"https:\/\/bonanza888.online\/es\/#\/schema\/logo\/image\/"}}]}},"_links":{"self":[{"href":"https:\/\/bonanza888.online\/es\/wp-json\/wp\/v2\/pages\/12","targetHints":{"allow":["GET"]}}],"collection":[{"href":"https:\/\/bonanza888.online\/es\/wp-json\/wp\/v2\/pages"}],"about":[{"href":"https:\/\/bonanza888.online\/es\/wp-json\/wp\/v2\/types\/page"}],"author":[{"embeddable":true,"href":"https:\/\/bonanza888.online\/es\/wp-json\/wp\/v2\/users\/1"}],"replies":[{"embeddable":true,"href":"https:\/\/bonanza888.online\/es\/wp-json\/wp\/v2\/comments?post=12"}],"version-history":[{"count":39,"href":"https:\/\/bonanza888.online\/es\/wp-json\/wp\/v2\/pages\/12\/revisions"}],"predecessor-version":[{"id":281,"href":"https:\/\/bonanza888.online\/es\/wp-json\/wp\/v2\/pages\/12\/revisions\/281"}],"wp:attachment":[{"href":"https:\/\/bonanza888.online\/es\/wp-json\/wp\/v2\/media?parent=12"}],"curies":[{"name":"wp","href":"https:\/\/api.w.org\/{rel}","templated":true}]}}