{"id":10,"date":"2024-02-07T17:16:16","date_gmt":"2024-02-07T17:16:16","guid":{"rendered":"https:\/\/bonanza888.online\/?page_id=10"},"modified":"2024-04-07T00:51:42","modified_gmt":"2024-04-07T00:51:42","slug":"game-strategy-in-online-slots-bonanza","status":"publish","type":"page","link":"https:\/\/bonanza888.online\/es\/game-strategy-in-online-slots-bonanza\/","title":{"rendered":"Estrategia de Juego en Tragaperras en L\u00ednea Bonanza"},"content":{"rendered":"<p>Las tragamonedas Bonanza son inmensamente populares entre los jugadores de casinos en l\u00ednea gracias a sus caracter\u00edsticas \u00fanicas. Aunque las tragamonedas dependen en gran medida de la suerte, existen ciertas estrategias que pueden ayudarte a mejorar tus posibilidades de \u00e9xito. En este art\u00edculo, discutiremos varios aspectos clave de la estrategia de juego en las tragamonedas Bonanza. Al leer este art\u00edculo, comprender\u00e1s mejor c\u00f3mo jugar y ganar en los juegos llamados Bonanza.<\/p>\n<h2><strong>Comprensi\u00f3n de las Reglas del Juego<\/strong><\/h2>\n<p>El primer y m\u00e1s importante paso es comprender profundamente c\u00f3mo funciona el juego. Las reglas de las diferentes tragamonedas Bonanza pueden diferir, pero todas giran en torno a hacer girar los carretes. Estudia la tabla de pagos para entender qu\u00e9 combinaciones son las m\u00e1s valiosas. Por lo general, cada juego contiene informaci\u00f3n sobre las reglas y las tablas de pagos.<\/p>\n<h2><strong>Gesti\u00f3n del Bankroll<\/strong><\/h2>\n<p>La gesti\u00f3n efectiva de tu bankroll es cr\u00edticamente importante. Determina la cantidad que est\u00e1s dispuesto a gastar y no la excedas. En otras palabras, imagina que has perdido esa cantidad. Distribuye sabiamente tus apuestas para asegurarte de tener suficiente dinero para participar en al menos 200 rondas. Esto aumenta tus posibilidades de activar funciones de bonificaci\u00f3n. Si el saldo de tu cuenta solo es suficiente para, digamos, 30 giros, las posibilidades de perder son muy altas. En este tipo de tragamonedas, solo puedes ganar a largo plazo, as\u00ed que aseg\u00farate de que tu saldo sea suficiente para 200 giros.<\/p>\n<h2><strong>Uso de Bonos y Promociones<\/strong><\/h2>\n<p>Muchos casinos en l\u00ednea ofrecen bonos y promociones que pueden aumentar tu bankroll o proporcionarte giros adicionales. Utiliza estas ofertas sabiamente, pero revisa cuidadosamente los t\u00e9rminos y requisitos de apuestas. Muchos bonos y c\u00f3digos promocionales tienen condiciones que deben cumplirse para obtener ganancias.<\/p>\n<h2><strong>Estrategia de Apuestas<\/strong><\/h2>\n<p>Si bien el tama\u00f1o de la apuesta no afecta la frecuencia de las combinaciones ganadoras en las tragamonedas Bonanza, puede afectar significativamente el tama\u00f1o de la ganancia. Algunos jugadores prefieren hacer apuestas m\u00e1ximas, esperando una gran ganancia, mientras que otros hacen apuestas m\u00ednimas para prolongar la duraci\u00f3n del juego. Encuentra el equilibrio que mejor se adapte a ti.<\/p>\n<h2><strong>Paciencia y Disciplina<\/strong><\/h2>\n<p>Bonanza, como la mayor\u00eda de las tragamonedas, puede mostrar una alta volatilidad. Esto significa que las ganancias pueden ser poco frecuentes pero potencialmente grandes. Es importante mantener la paciencia y no desviarse de tu estrategia de gesti\u00f3n del bankroll, incluso si sientes que la suerte se ha vuelto en tu contra.<\/p>\n<h2><strong>Evaluaci\u00f3n del Riesgo y Comprensi\u00f3n de la Volatilidad<\/strong><\/h2>\n<p>Comprender la volatilidad del juego puede ayudarte a adaptar tu estrategia de apuestas. En juegos con alta volatilidad como Bonanza, se recomienda prepararse para per\u00edodos sin ganancias en anticipaci\u00f3n a grandes pagos. Y comprende que siempre puedes perder. Nunca juegues con dinero que no puedas permitirte perder.<\/p>\n","protected":false},"excerpt":{"rendered":"<p>Las tragamonedas Bonanza son inmensamente populares entre los jugadores de casinos en l\u00ednea gracias a sus caracter\u00edsticas \u00fanicas. Aunque las tragamonedas dependen en gran medida de la suerte, existen ciertas estrategias que pueden ayudarte a mejorar tus posibilidades de \u00e9xito. En este art\u00edculo, discutiremos varios aspectos clave de la estrategia de juego en las tragamonedas Bonanza. Al leer este art\u00edculo, comprender\u00e1s mejor c\u00f3mo jugar y ganar en los juegos llamados Bonanza. Comprensi\u00f3n de las Reglas&hellip; <\/p>\n","protected":false},"author":1,"featured_media":0,"parent":0,"menu_order":0,"comment_status":"closed","ping_status":"closed","template":"","meta":{"footnotes":""},"class_list":["post-10","page","type-page","status-publish","hentry"],"yoast_head":"<!-- This site is optimized with the Yoast SEO plugin v27.2 - https:\/\/yoast.com\/product\/yoast-seo-wordpress\/ -->\n<title>Estrat\u00e9gia e t\u00e1ticas de jogo em slots Bonanza<\/title>\n<meta name=\"description\" content=\"C\u00f3mo jugar y ganar en el juego en l\u00ednea Bonanza. Ganar dinero real en el juego Bonanza en casinos en l\u00ednea.\" \/>\n<meta name=\"robots\" content=\"index, follow, max-snippet:-1, max-image-preview:large, max-video-preview:-1\" \/>\n<link rel=\"canonical\" href=\"https:\/\/bonanza888.online\/es\/game-strategy-in-online-slots-bonanza\/\" \/>\n<meta property=\"og:locale\" content=\"es_ES\" \/>\n<meta property=\"og:locale:alternate\" content=\"ru_RU\" \/>\n<meta property=\"og:locale:alternate\" content=\"en_US\" \/>\n<meta property=\"og:locale:alternate\" content=\"pt_PT\" \/>\n<meta property=\"og:locale:alternate\" content=\"sr_RS\" \/>\n<meta property=\"og:locale:alternate\" content=\"bg_BG\" \/>\n<meta property=\"og:locale:alternate\" content=\"ro_RO\" \/>\n<meta property=\"og:locale:alternate\" content=\"it_IT\" \/>\n<meta property=\"og:locale:alternate\" content=\"fr_FR\" \/>\n<meta property=\"og:locale:alternate\" content=\"de_DE\" \/>\n<meta property=\"og:locale:alternate\" content=\"pl_PL\" \/>\n<meta property=\"og:type\" content=\"article\" \/>\n<meta property=\"og:title\" content=\"Estrat\u00e9gia e t\u00e1ticas de jogo em slots Bonanza\" \/>\n<meta property=\"og:description\" content=\"Como jogar e vencer no jogo online Bonanza. Ganhar dinheiro real no jogo Bonanza em cassinos online.\" \/>\n<meta property=\"og:url\" content=\"https:\/\/bonanza888.online\/es\/game-strategy-in-online-slots-bonanza\/\" \/>\n<meta property=\"og:site_name\" content=\"Bonanza\" \/>\n<meta property=\"article:modified_time\" content=\"2024-04-07T00:51:42+00:00\" \/>\n<meta name=\"twitter:card\" content=\"summary_large_image\" \/>\n<meta name=\"twitter:label1\" content=\"Tiempo de lectura\" \/>\n\t<meta name=\"twitter:data1\" content=\"19 minutos\" \/>\n<script type=\"application\/ld+json\" class=\"yoast-schema-graph\">{\"@context\":\"https:\/\/schema.org\",\"@graph\":[{\"@type\":\"WebPage\",\"@id\":\"https:\/\/bonanza888.online\/pt\/game-strategy-in-online-slots-bonanza\/\",\"url\":\"https:\/\/bonanza888.online\/pt\/game-strategy-in-online-slots-bonanza\/\",\"name\":\"Estrat\u00e9gia e t\u00e1ticas de jogo em slots Bonanza\",\"isPartOf\":{\"@id\":\"https:\/\/bonanza888.online\/es\/#website\"},\"datePublished\":\"2024-02-07T17:16:16+00:00\",\"dateModified\":\"2024-04-07T00:51:42+00:00\",\"description\":\"Como jogar e vencer no jogo online Bonanza. Ganhar dinheiro real no jogo Bonanza em cassinos online.\",\"breadcrumb\":{\"@id\":\"https:\/\/bonanza888.online\/pt\/game-strategy-in-online-slots-bonanza\/#breadcrumb\"},\"inLanguage\":\"es-ES\",\"potentialAction\":[{\"@type\":\"ReadAction\",\"target\":[\"https:\/\/bonanza888.online\/pt\/game-strategy-in-online-slots-bonanza\/\"]}]},{\"@type\":\"BreadcrumbList\",\"@id\":\"https:\/\/bonanza888.online\/pt\/game-strategy-in-online-slots-bonanza\/#breadcrumb\",\"itemListElement\":[{\"@type\":\"ListItem\",\"position\":1,\"name\":\"Home\",\"item\":\"https:\/\/bonanza888.online\/es\/\"},{\"@type\":\"ListItem\",\"position\":2,\"name\":\"Estrat\u00e9gia de Jogo em Ca\u00e7a-N\u00edqueis Online Bonanza\"}]},{\"@type\":\"WebSite\",\"@id\":\"https:\/\/bonanza888.online\/es\/#website\",\"url\":\"https:\/\/bonanza888.online\/es\/\",\"name\":\"Bonanza\",\"description\":\"Just another WordPress site\",\"publisher\":{\"@id\":\"https:\/\/bonanza888.online\/es\/#organization\"},\"potentialAction\":[{\"@type\":\"SearchAction\",\"target\":{\"@type\":\"EntryPoint\",\"urlTemplate\":\"https:\/\/bonanza888.online\/es\/?s={search_term_string}\"},\"query-input\":{\"@type\":\"PropertyValueSpecification\",\"valueRequired\":true,\"valueName\":\"search_term_string\"}}],\"inLanguage\":\"es-ES\"},{\"@type\":\"Organization\",\"@id\":\"https:\/\/bonanza888.online\/es\/#organization\",\"name\":\"Bonanza\",\"url\":\"https:\/\/bonanza888.online\/es\/\",\"logo\":{\"@type\":\"ImageObject\",\"inLanguage\":\"es-ES\",\"@id\":\"https:\/\/bonanza888.online\/es\/#\/schema\/logo\/image\/\",\"url\":\"https:\/\/bonanza888.online\/wp-content\/uploads\/bonanza-logo.png\",\"contentUrl\":\"https:\/\/bonanza888.online\/wp-content\/uploads\/bonanza-logo.png\",\"width\":300,\"height\":82,\"caption\":\"Bonanza\"},\"image\":{\"@id\":\"https:\/\/bonanza888.online\/es\/#\/schema\/logo\/image\/\"}}]}<\/script>\n<!-- \/ Yoast SEO plugin. -->","yoast_head_json":{"title":"Estrat\u00e9gia e t\u00e1ticas de jogo em slots Bonanza","description":"C\u00f3mo jugar y ganar en el juego en l\u00ednea Bonanza. Ganar dinero real en el juego Bonanza en casinos en l\u00ednea.","robots":{"index":"index","follow":"follow","max-snippet":"max-snippet:-1","max-image-preview":"max-image-preview:large","max-video-preview":"max-video-preview:-1"},"canonical":"https:\/\/bonanza888.online\/es\/game-strategy-in-online-slots-bonanza\/","og_locale":"es_ES","og_type":"article","og_title":"Estrat\u00e9gia e t\u00e1ticas de jogo em slots Bonanza","og_description":"Como jogar e vencer no jogo online Bonanza. Ganhar dinheiro real no jogo Bonanza em cassinos online.","og_url":"https:\/\/bonanza888.online\/es\/game-strategy-in-online-slots-bonanza\/","og_site_name":"Bonanza","article_modified_time":"2024-04-07T00:51:42+00:00","twitter_card":"summary_large_image","twitter_misc":{"Tiempo de lectura":"19 minutos"},"schema":{"@context":"https:\/\/schema.org","@graph":[{"@type":"WebPage","@id":"https:\/\/bonanza888.online\/pt\/game-strategy-in-online-slots-bonanza\/","url":"https:\/\/bonanza888.online\/pt\/game-strategy-in-online-slots-bonanza\/","name":"Estrat\u00e9gia e t\u00e1ticas de jogo em slots Bonanza","isPartOf":{"@id":"https:\/\/bonanza888.online\/es\/#website"},"datePublished":"2024-02-07T17:16:16+00:00","dateModified":"2024-04-07T00:51:42+00:00","description":"Como jogar e vencer no jogo online Bonanza. Ganhar dinheiro real no jogo Bonanza em cassinos online.","breadcrumb":{"@id":"https:\/\/bonanza888.online\/pt\/game-strategy-in-online-slots-bonanza\/#breadcrumb"},"inLanguage":"es-ES","potentialAction":[{"@type":"ReadAction","target":["https:\/\/bonanza888.online\/pt\/game-strategy-in-online-slots-bonanza\/"]}]},{"@type":"BreadcrumbList","@id":"https:\/\/bonanza888.online\/pt\/game-strategy-in-online-slots-bonanza\/#breadcrumb","itemListElement":[{"@type":"ListItem","position":1,"name":"Home","item":"https:\/\/bonanza888.online\/es\/"},{"@type":"ListItem","position":2,"name":"Estrat\u00e9gia de Jogo em Ca\u00e7a-N\u00edqueis Online Bonanza"}]},{"@type":"WebSite","@id":"https:\/\/bonanza888.online\/es\/#website","url":"https:\/\/bonanza888.online\/es\/","name":"Bonanza","description":"Just another WordPress site","publisher":{"@id":"https:\/\/bonanza888.online\/es\/#organization"},"potentialAction":[{"@type":"SearchAction","target":{"@type":"EntryPoint","urlTemplate":"https:\/\/bonanza888.online\/es\/?s={search_term_string}"},"query-input":{"@type":"PropertyValueSpecification","valueRequired":true,"valueName":"search_term_string"}}],"inLanguage":"es-ES"},{"@type":"Organization","@id":"https:\/\/bonanza888.online\/es\/#organization","name":"Bonanza","url":"https:\/\/bonanza888.online\/es\/","logo":{"@type":"ImageObject","inLanguage":"es-ES","@id":"https:\/\/bonanza888.online\/es\/#\/schema\/logo\/image\/","url":"https:\/\/bonanza888.online\/wp-content\/uploads\/bonanza-logo.png","contentUrl":"https:\/\/bonanza888.online\/wp-content\/uploads\/bonanza-logo.png","width":300,"height":82,"caption":"Bonanza"},"image":{"@id":"https:\/\/bonanza888.online\/es\/#\/schema\/logo\/image\/"}}]}},"_links":{"self":[{"href":"https:\/\/bonanza888.online\/es\/wp-json\/wp\/v2\/pages\/10","targetHints":{"allow":["GET"]}}],"collection":[{"href":"https:\/\/bonanza888.online\/es\/wp-json\/wp\/v2\/pages"}],"about":[{"href":"https:\/\/bonanza888.online\/es\/wp-json\/wp\/v2\/types\/page"}],"author":[{"embeddable":true,"href":"https:\/\/bonanza888.online\/es\/wp-json\/wp\/v2\/users\/1"}],"replies":[{"embeddable":true,"href":"https:\/\/bonanza888.online\/es\/wp-json\/wp\/v2\/comments?post=10"}],"version-history":[{"count":29,"href":"https:\/\/bonanza888.online\/es\/wp-json\/wp\/v2\/pages\/10\/revisions"}],"predecessor-version":[{"id":266,"href":"https:\/\/bonanza888.online\/es\/wp-json\/wp\/v2\/pages\/10\/revisions\/266"}],"wp:attachment":[{"href":"https:\/\/bonanza888.online\/es\/wp-json\/wp\/v2\/media?parent=10"}],"curies":[{"name":"wp","href":"https:\/\/api.w.org\/{rel}","templated":true}]}}