{"id":6,"date":"2024-02-07T16:24:34","date_gmt":"2024-02-07T16:24:34","guid":{"rendered":"https:\/\/bonanza888.online\/?page_id=6"},"modified":"2024-04-07T01:16:40","modified_gmt":"2024-04-07T01:16:40","slug":"what-are-online-slots-bonanza","status":"publish","type":"page","link":"https:\/\/bonanza888.online\/de\/","title":{"rendered":"Was sind Online-Slots Bonanza"},"content":{"rendered":"<p>Online-Slots Bonanza sind eine Kategorie von Spielautomaten in Online-Casinos, die oft das Wort Bonanza in ihrem Namen haben, aufgrund eines gemeinsamen Themas, das mit Reichtum zusammenh\u00e4ngt. Bonanza-Slots werden oft mit Goldabbau oder wertvollen Edelsteinen in Verbindung gebracht sowie mit dem Potenzial f\u00fcr gro\u00dfe Gewinne. Die allgemeine Meinung unter den Spielern ist, dass dies gro\u00dfz\u00fcgige Slots sind, die echte Geldbelohnungen bieten. Hier sind einige Schl\u00fcsselfunktionen, die h\u00e4ufig mit Online-Slots Bonanza verbunden sind:<\/p>\n<ul>\n<li><strong>Interessante Themen<\/strong><\/li>\n<\/ul>\n<p>Bonanza-Slots sind in der Regel mit Themen wie Goldabbau, wertvollen Edelsteinen oder anderen Formen von Reichtum verbunden und schaffen so ein fesselndes Spielerlebnis. Sie sind sehr bunte Slots, die eine gro\u00dfartige Stimmung erzeugen.<\/p>\n<ul>\n<li><strong>Megaways-Mechanik<\/strong><\/li>\n<\/ul>\n<p>Viele Bonanza-Slots verwenden den Megaways-Mechanismus von Big Time Gaming, der aufgrund der variablen Anzahl von Symbolen auf den Walzen Tausende von Gewinnm\u00f6glichkeiten pro Drehung bietet. Dies ist charakteristisch f\u00fcr eine begrenzte Anzahl von Bonanza-Slots, aber gerade diese Funktion wurde in letzter Zeit mit Bonanza-Slots in Verbindung gebracht.<\/p>\n<ul>\n<li><strong>Bonusfunktionen<\/strong><\/li>\n<\/ul>\n<p>Bonanza-Slots enthalten oft verschiedene Bonusfunktionen wie Freispiele, Multiplikatoren, kaskadierende Walzen und spezielle Symbole wie Wilds und Scatters. Die F\u00fclle an zus\u00e4tzlichen Funktionen macht das Spiel aufregender und kann die Gewinne sowohl in Bezug auf Betr\u00e4ge als auch auf Wahrscheinlichkeit erheblich erh\u00f6hen.<\/p>\n<ul>\n<li><strong>Hohe Volatilit\u00e4t<\/strong><\/li>\n<\/ul>\n<p>Diese Spiele sind oft durch hohe Volatilit\u00e4t gekennzeichnet, was bedeutet, dass das Potenzial f\u00fcr sehr hohe Gewinne, aber auch weniger h\u00e4ufige Auszahlungen besteht. Mit anderen Worten, das Spielen von Bonanza-Slots ist riskant.<\/p>\n<ul>\n<li><strong>Grafik und Soundeffekte<\/strong><\/li>\n<\/ul>\n<p>Online-Bonanza-Slots bieten in der Regel hochwertige Grafiken und Soundeffekte, die eine immersive Atmosph\u00e4re schaffen und das Spielerlebnis verbessern.<\/p>\n<p>Bonanza-Slots sind bei Spielern aufgrund ihres aufregenden Gameplays, interessanter Themen und des Potenzials f\u00fcr gro\u00dfe Gewinne beliebt.<\/p>\n<h2><strong>Warum werden sie Bonanza-Slots genannt?<\/strong><\/h2>\n<p>Viele Spieler fragen sich, warum Slots Bonanza genannt werden. Slots mit dem Namen Bonanza verwenden oft diesen Titel, um ein Gef\u00fchl von Reichtum, Gl\u00fcck und die M\u00f6glichkeit zu vermitteln, eine gro\u00dfe Menge an Wertsachen zu erhalten. Das Wort &#8222;Bonanza&#8220; hat spanische Urspr\u00fcnge und wurde urspr\u00fcnglich verwendet, um eine reiche Erzader oder eine gro\u00dfe Entdeckung von Edelmetallen, insbesondere Gold oder Silber, zu bezeichnen. Hier sind mehrere Gr\u00fcnde, warum dieser Name zu Slots passt:<\/p>\n<ul>\n<li><strong>Assoziationen mit Reichtum<\/strong><\/li>\n<\/ul>\n<p>Da &#8222;Bonanza&#8220; mit \u00dcberfluss und Reichtum verbunden ist, zieht dieser Name Spieler an, die in Online-Casinos gro\u00dfe Gewinne suchen. Dies gilt insbesondere in spanischsprachigen L\u00e4ndern, wo das Wort selbst zu einem Marketinginstrument geworden ist, um Bonanza-Spiele zu bewerben.<\/p>\n<ul>\n<li><strong>Bergbau-Thema<\/strong><\/li>\n<\/ul>\n<p>Viele Bonanza-Slots drehen sich um das Thema des Bergbaus von Edelmetallen, was perfekt mit der Idee einer &#8222;Bonanza&#8220; als bedeutende Entdeckung \u00fcbereinstimmt. Das Bergbau-Thema selbst hat sich als sehr attraktiv f\u00fcr Spielautomaten erwiesen. Schlie\u00dflich m\u00fcssen Sie auch in einem Spielautomaten &#8222;Geld&#8220; abbauen.<\/p>\n<ul>\n<li><strong>Marketing-Ansprache<\/strong><\/li>\n<\/ul>\n<p>Der Name Bonanza ist in allen Sprachen leicht zu merken, er ist hell, erzeugt positive Assoziationen und kann die Aufmerksamkeit auf den Slot lenken, selbst in einem Meer von anderen Spielen.<\/p>\n<h2><strong>Gemeinsame Merkmale von Bonanza-Slots<\/strong><\/h2>\n<p>Verschiedene Slots mit dem Namen Bonanza in Online-Casinos teilen trotz ihrer Unterschiede oft mehrere gemeinsame Merkmale, basierend auf der Popularit\u00e4t des Original-Slots &#8222;Bonanza&#8220; von Big Time Gaming. Hier sind einige der gemeinsamen Merkmale, die Sie in Bonanza-Spielen in verschiedenen Online-Casinos finden k\u00f6nnen:<\/p>\n<ul>\n<li><strong>Bergbau- oder Erkundungsthema<\/strong><\/li>\n<\/ul>\n<p>Viele Bonanza-Slots drehen sich um das Thema des Bergbaus von Edelmetallen oder Edelsteinen, was sich in den Symbolen und dem Design des Spiels widerspiegelt. Dieses Thema hat sich als sehr attraktiv f\u00fcr Spielautomaten erwiesen und wird von Spielern gemocht.<\/p>\n<ul>\n<li><strong>Megaways-Mechanik<\/strong><\/li>\n<\/ul>\n<p>Eine der wichtigsten Funktionen des originalen Bonanza-Slots ist der Megaways-Mechanismus, der eine gro\u00dfe Anzahl von potenziellen Gewinnkombinationen bietet. Viele nachfolgende Bonanza-Slots verwenden auch diesen Mechanismus oder etwas \u00c4hnliches und bieten ein dynamisches und unvorhersehbares Gameplay. Nat\u00fcrlich unterscheidet dies Spielautomaten in einem g\u00fcnstigen Licht und macht den Slot interessanter zu spielen.<\/p>\n<ol>\n<li><strong>Freispiele und Multiplikatoren<\/strong><br \/>\nBonanza-Slots bieten oft Bonusrunden mit Freispielen und Multiplikatoren, die die Gewinne eines Spielers erheblich erh\u00f6hen k\u00f6nnen. Dies wird von Spielern begr\u00fc\u00dft.<\/li>\n<li><strong>Kaskadierende Walzen<\/strong><br \/>\nViele Spiele verf\u00fcgen \u00fcber eine Funktion mit kaskadierenden Walzen, bei der gewinnende Symbole verschwinden und neue Symbole an ihre Stelle fallen, was potenziell zu einer Serie von Gewinnen f\u00fchrt.<\/li>\n<li><strong>Hohe Volatilit\u00e4t<\/strong><br \/>\nBonanza-Slots sind oft durch hohe Volatilit\u00e4t gekennzeichnet, was bedeutet, dass das Potenzial f\u00fcr sehr hohe Gewinne besteht, aber weniger h\u00e4ufige Gewinne.<\/li>\n<\/ol>\n<p>Beachten Sie, dass nicht alle Slots mit dem Namen Bonanza alle diese Merkmale haben werden und verschiedene Entwickler ihre eigenen einzigartigen Funktionen und Variationen einf\u00fchren k\u00f6nnen. Bonanza-Slots sehen in der Regel sehr unterschiedlich aus, aber sie teilen viele \u00c4hnlichkeiten.<\/p>\n<h2><strong>Die bekanntesten Bonanza-Slots<\/strong><\/h2>\n<p>Unter den Spielautomaten mit dem Namen &#8222;Bonanza&#8220; sind einige besonders beliebt und bekannt bei Online-Casinospielern geworden. Hier sind einige der ber\u00fchmtesten:<\/p>\n<ol>\n<li><strong>Bonanza Megaways (Big Time Gaming):<\/strong><br \/>\nEiner der ersten und beliebtesten Slots mit dem Megaways-Mechanismus. Dieses Online-Spiel wurde dank seiner einzigartigen Funktion revolution\u00e4r, die bis zu 117.649 Gewinnwege bietet, sowie einer aufregenden Bonusrunde mit Freispielen und steigenden Multiplikatoren.<\/li>\n<li><strong>Sweet Bonanza (Pragmatic Play):<\/strong><br \/>\nDieser Slot sticht durch sein Thema von S\u00fc\u00dfigkeiten und Fr\u00fcchten aus anderen Bonanza-Spielen heraus. Er ist bekannt f\u00fcr seine lebendigen Farben, fr\u00f6hliche Atmosph\u00e4re und die Tumble-Funktion, die es erm\u00f6glicht, dass Gewinnkombinationen verschwinden und Platz f\u00fcr neue Symbole machen.<\/li>\n<li><strong>Gems Bonanza (Pragmatic Play):<\/strong><br \/>\nDieser Slot ist den kostbaren Edelsteinen gewidmet und bietet ein einzigartiges 8&#215;8 Raster-Gameplay. Das Spiel hat viele Funktionen, darunter zuf\u00e4llige Modifikatoren und ein gro\u00dfes Gewinnpotenzial aufgrund von kaskadierenden Gewinnen und Multiplikatoren.<\/li>\n<\/ol>\n<p>Diese Slots sind aufgrund ihrer innovativen Mechaniken, interessanten Themen und des Potenzials f\u00fcr gro\u00dfe Gewinne beliebt geworden. Jedes Spiel hat seine einzigartigen Funktionen, die es ansprechend machen und es von anderen Slots auf dem Markt unterscheiden.<\/p>\n<h2><strong>H\u00e4ufig gestellte Fragen zu Bonanza-Slots in Online-Casinos<\/strong><\/h2>\n<p><strong>Was sind Bonanza-Slots?<\/strong><\/p>\n<p>Bonanza-Slots sind eine Kategorie von Online-Spielautomaten, die oft Themen des Bergbaus von Edelmetallen oder Steinen aufweisen und f\u00fcr ihre einzigartigen Funktionen wie den Megaways-Mechanismus, Freispiele, Multiplikatoren und hohe Volatilit\u00e4t bekannt sind, was den Spielern die M\u00f6glichkeit bietet, gro\u00dfe Gewinne zu erzielen.<\/p>\n<p><strong>Was macht den Megaways-Mechanismus in Bonanza-Slots besonders?<\/strong><\/p>\n<p>Der Megaways-Mechanismus, der oft in Bonanza-Slots verwendet wird, bietet eine variable Anzahl von Symbolen auf jeder Walze bei jeder Drehung und schafft so Tausende von potenziellen Gewinnwegen, was das Spiel unvorhersehbar und dynamisch macht.<\/p>\n<p><strong>Kann ich Bonanza-Slots kostenlos spielen?<\/strong><\/p>\n<p>Ja, viele Online-Casinos bieten Demo-Versionen von Bonanza-Slots an, die es den Spielern erm\u00f6glichen, die Spiele kostenlos auszuprobieren, ohne echtes Geld zu riskieren.<\/p>\n<p><strong>Was sind die beliebtesten Bonanza-Slots?<\/strong><\/p>\n<p>Zu den beliebtesten Bonanza-Slots geh\u00f6ren &#8222;Bonanza Megaways&#8220; von Big Time Gaming, &#8222;Sweet Bonanza&#8220; von Pragmatic Play und &#8222;Gems Bonanza&#8220;, ebenfalls von Pragmatic Play. Diese Spiele ziehen mit ihren einzigartigen Funktionen und dem Potenzial f\u00fcr gro\u00dfe Gewinne die Aufmerksamkeit auf sich.<\/p>\n<p><strong>Was bedeutet hohe Volatilit\u00e4t bei Bonanza-Slots?<\/strong><\/p>\n<p>Hohe Volatilit\u00e4t bei Bonanza-Slots bedeutet, dass die Spiele sehr hohe Gewinne bieten k\u00f6nnen, aber solche Gewinne weniger h\u00e4ufig auftreten. Das macht das Spiel f\u00fcr einige Spieler, die auf gro\u00dfe Gewinne abzielen, riskanter, aber auch aufregender.<\/p>\n","protected":false},"excerpt":{"rendered":"<p>Online-Slots Bonanza sind eine Kategorie von Spielautomaten in Online-Casinos, die oft das Wort Bonanza in ihrem Namen haben, aufgrund eines gemeinsamen Themas, das mit Reichtum zusammenh\u00e4ngt. Bonanza-Slots werden oft mit Goldabbau oder wertvollen Edelsteinen in Verbindung gebracht sowie mit dem Potenzial f\u00fcr gro\u00dfe Gewinne. Die allgemeine Meinung unter den Spielern ist, dass dies gro\u00dfz\u00fcgige Slots sind, die echte Geldbelohnungen bieten. Hier sind einige Schl\u00fcsselfunktionen, die h\u00e4ufig mit Online-Slots Bonanza verbunden sind: Interessante Themen Bonanza-Slots sind&hellip; <\/p>\n","protected":false},"author":1,"featured_media":0,"parent":0,"menu_order":0,"comment_status":"closed","ping_status":"closed","template":"","meta":{"footnotes":""},"class_list":["post-6","page","type-page","status-publish","hentry"],"yoast_head":"<!-- This site is optimized with the Yoast SEO plugin v27.2 - https:\/\/yoast.com\/product\/yoast-seo-wordpress\/ -->\n<title>Juegos Bonanza en Casinos en L\u00ednea<\/title>\n<meta name=\"description\" content=\"Spielen Sie Bonanza-Online-Spiele um echtes Geld in Online-Casinos. Online-Slot Bonanza, spielen und gewinnen Sie an Bonanza-Spielautomaten, welchen Bonanza-Slot Sie spielen sollen\" \/>\n<meta name=\"robots\" content=\"index, follow, max-snippet:-1, max-image-preview:large, max-video-preview:-1\" \/>\n<link rel=\"canonical\" href=\"https:\/\/bonanza888.online\/de\/\" \/>\n<meta property=\"og:locale\" content=\"de_DE\" \/>\n<meta property=\"og:locale:alternate\" content=\"ru_RU\" \/>\n<meta property=\"og:locale:alternate\" content=\"en_US\" \/>\n<meta property=\"og:locale:alternate\" content=\"pt_PT\" \/>\n<meta property=\"og:locale:alternate\" content=\"es_ES\" \/>\n<meta property=\"og:locale:alternate\" content=\"sr_RS\" \/>\n<meta property=\"og:locale:alternate\" content=\"bg_BG\" \/>\n<meta property=\"og:locale:alternate\" content=\"ro_RO\" \/>\n<meta property=\"og:locale:alternate\" content=\"it_IT\" \/>\n<meta property=\"og:locale:alternate\" content=\"fr_FR\" \/>\n<meta property=\"og:locale:alternate\" content=\"pl_PL\" \/>\n<meta property=\"og:type\" content=\"article\" \/>\n<meta property=\"og:title\" content=\"Juegos Bonanza en Casinos en L\u00ednea\" \/>\n<meta property=\"og:description\" content=\"Juega juegos Bonanza en l\u00ednea por dinero real en casinos en l\u00ednea. Tragamonedas en l\u00ednea Bonanza, juega y gana m\u00e1quinas tragamonedas Bonanza, \u00bfen qu\u00e9 tragamonedas Bonanza jugar?\" \/>\n<meta property=\"og:url\" content=\"https:\/\/bonanza888.online\/de\/\" \/>\n<meta property=\"og:site_name\" content=\"Bonanza\" \/>\n<meta property=\"article:modified_time\" content=\"2024-04-07T01:16:40+00:00\" \/>\n<meta name=\"twitter:card\" content=\"summary_large_image\" \/>\n<meta name=\"twitter:label1\" content=\"Gesch\u00e4tzte Lesezeit\" \/>\n\t<meta name=\"twitter:data1\" content=\"53\u00a0Minuten\" \/>\n<script type=\"application\/ld+json\" class=\"yoast-schema-graph\">{\"@context\":\"https:\/\/schema.org\",\"@graph\":[{\"@type\":\"WebPage\",\"@id\":\"https:\/\/bonanza888.online\/es\/\",\"url\":\"https:\/\/bonanza888.online\/es\/\",\"name\":\"Juegos Bonanza en Casinos en L\u00ednea\",\"isPartOf\":{\"@id\":\"https:\/\/bonanza888.online\/es\/#website\"},\"datePublished\":\"2024-02-07T16:24:34+00:00\",\"dateModified\":\"2024-04-07T01:16:40+00:00\",\"description\":\"Juega juegos Bonanza en l\u00ednea por dinero real en casinos en l\u00ednea. Tragamonedas en l\u00ednea Bonanza, juega y gana m\u00e1quinas tragamonedas Bonanza, \u00bfen qu\u00e9 tragamonedas Bonanza jugar?\",\"breadcrumb\":{\"@id\":\"https:\/\/bonanza888.online\/es\/#breadcrumb\"},\"inLanguage\":\"de-DE\",\"potentialAction\":[{\"@type\":\"ReadAction\",\"target\":[\"https:\/\/bonanza888.online\/es\/\"]}]},{\"@type\":\"BreadcrumbList\",\"@id\":\"https:\/\/bonanza888.online\/es\/#breadcrumb\",\"itemListElement\":[{\"@type\":\"ListItem\",\"position\":1,\"name\":\"Home\",\"item\":\"https:\/\/bonanza888.online\/es\/\"},{\"@type\":\"ListItem\",\"position\":2,\"name\":\"Qu\u00e9 Son las Tragaperras en L\u00ednea Bonanza\"}]},{\"@type\":\"WebSite\",\"@id\":\"https:\/\/bonanza888.online\/es\/#website\",\"url\":\"https:\/\/bonanza888.online\/es\/\",\"name\":\"Bonanza\",\"description\":\"Just another WordPress site\",\"publisher\":{\"@id\":\"https:\/\/bonanza888.online\/es\/#organization\"},\"potentialAction\":[{\"@type\":\"SearchAction\",\"target\":{\"@type\":\"EntryPoint\",\"urlTemplate\":\"https:\/\/bonanza888.online\/es\/?s={search_term_string}\"},\"query-input\":{\"@type\":\"PropertyValueSpecification\",\"valueRequired\":true,\"valueName\":\"search_term_string\"}}],\"inLanguage\":\"de-DE\"},{\"@type\":\"Organization\",\"@id\":\"https:\/\/bonanza888.online\/es\/#organization\",\"name\":\"Bonanza\",\"url\":\"https:\/\/bonanza888.online\/es\/\",\"logo\":{\"@type\":\"ImageObject\",\"inLanguage\":\"de-DE\",\"@id\":\"https:\/\/bonanza888.online\/es\/#\/schema\/logo\/image\/\",\"url\":\"https:\/\/bonanza888.online\/wp-content\/uploads\/bonanza-logo.png\",\"contentUrl\":\"https:\/\/bonanza888.online\/wp-content\/uploads\/bonanza-logo.png\",\"width\":300,\"height\":82,\"caption\":\"Bonanza\"},\"image\":{\"@id\":\"https:\/\/bonanza888.online\/es\/#\/schema\/logo\/image\/\"}}]}<\/script>\n<!-- \/ Yoast SEO plugin. -->","yoast_head_json":{"title":"Juegos Bonanza en Casinos en L\u00ednea","description":"Spielen Sie Bonanza-Online-Spiele um echtes Geld in Online-Casinos. Online-Slot Bonanza, spielen und gewinnen Sie an Bonanza-Spielautomaten, welchen Bonanza-Slot Sie spielen sollen","robots":{"index":"index","follow":"follow","max-snippet":"max-snippet:-1","max-image-preview":"max-image-preview:large","max-video-preview":"max-video-preview:-1"},"canonical":"https:\/\/bonanza888.online\/de\/","og_locale":"de_DE","og_type":"article","og_title":"Juegos Bonanza en Casinos en L\u00ednea","og_description":"Juega juegos Bonanza en l\u00ednea por dinero real en casinos en l\u00ednea. Tragamonedas en l\u00ednea Bonanza, juega y gana m\u00e1quinas tragamonedas Bonanza, \u00bfen qu\u00e9 tragamonedas Bonanza jugar?","og_url":"https:\/\/bonanza888.online\/de\/","og_site_name":"Bonanza","article_modified_time":"2024-04-07T01:16:40+00:00","twitter_card":"summary_large_image","twitter_misc":{"Gesch\u00e4tzte Lesezeit":"53\u00a0Minuten"},"schema":{"@context":"https:\/\/schema.org","@graph":[{"@type":"WebPage","@id":"https:\/\/bonanza888.online\/es\/","url":"https:\/\/bonanza888.online\/es\/","name":"Juegos Bonanza en Casinos en L\u00ednea","isPartOf":{"@id":"https:\/\/bonanza888.online\/es\/#website"},"datePublished":"2024-02-07T16:24:34+00:00","dateModified":"2024-04-07T01:16:40+00:00","description":"Juega juegos Bonanza en l\u00ednea por dinero real en casinos en l\u00ednea. Tragamonedas en l\u00ednea Bonanza, juega y gana m\u00e1quinas tragamonedas Bonanza, \u00bfen qu\u00e9 tragamonedas Bonanza jugar?","breadcrumb":{"@id":"https:\/\/bonanza888.online\/es\/#breadcrumb"},"inLanguage":"de-DE","potentialAction":[{"@type":"ReadAction","target":["https:\/\/bonanza888.online\/es\/"]}]},{"@type":"BreadcrumbList","@id":"https:\/\/bonanza888.online\/es\/#breadcrumb","itemListElement":[{"@type":"ListItem","position":1,"name":"Home","item":"https:\/\/bonanza888.online\/es\/"},{"@type":"ListItem","position":2,"name":"Qu\u00e9 Son las Tragaperras en L\u00ednea Bonanza"}]},{"@type":"WebSite","@id":"https:\/\/bonanza888.online\/es\/#website","url":"https:\/\/bonanza888.online\/es\/","name":"Bonanza","description":"Just another WordPress site","publisher":{"@id":"https:\/\/bonanza888.online\/es\/#organization"},"potentialAction":[{"@type":"SearchAction","target":{"@type":"EntryPoint","urlTemplate":"https:\/\/bonanza888.online\/es\/?s={search_term_string}"},"query-input":{"@type":"PropertyValueSpecification","valueRequired":true,"valueName":"search_term_string"}}],"inLanguage":"de-DE"},{"@type":"Organization","@id":"https:\/\/bonanza888.online\/es\/#organization","name":"Bonanza","url":"https:\/\/bonanza888.online\/es\/","logo":{"@type":"ImageObject","inLanguage":"de-DE","@id":"https:\/\/bonanza888.online\/es\/#\/schema\/logo\/image\/","url":"https:\/\/bonanza888.online\/wp-content\/uploads\/bonanza-logo.png","contentUrl":"https:\/\/bonanza888.online\/wp-content\/uploads\/bonanza-logo.png","width":300,"height":82,"caption":"Bonanza"},"image":{"@id":"https:\/\/bonanza888.online\/es\/#\/schema\/logo\/image\/"}}]}},"_links":{"self":[{"href":"https:\/\/bonanza888.online\/de\/wp-json\/wp\/v2\/pages\/6","targetHints":{"allow":["GET"]}}],"collection":[{"href":"https:\/\/bonanza888.online\/de\/wp-json\/wp\/v2\/pages"}],"about":[{"href":"https:\/\/bonanza888.online\/de\/wp-json\/wp\/v2\/types\/page"}],"author":[{"embeddable":true,"href":"https:\/\/bonanza888.online\/de\/wp-json\/wp\/v2\/users\/1"}],"replies":[{"embeddable":true,"href":"https:\/\/bonanza888.online\/de\/wp-json\/wp\/v2\/comments?post=6"}],"version-history":[{"count":35,"href":"https:\/\/bonanza888.online\/de\/wp-json\/wp\/v2\/pages\/6\/revisions"}],"predecessor-version":[{"id":276,"href":"https:\/\/bonanza888.online\/de\/wp-json\/wp\/v2\/pages\/6\/revisions\/276"}],"wp:attachment":[{"href":"https:\/\/bonanza888.online\/de\/wp-json\/wp\/v2\/media?parent=6"}],"curies":[{"name":"wp","href":"https:\/\/api.w.org\/{rel}","templated":true}]}}