{"id":12,"date":"2024-02-07T17:18:51","date_gmt":"2024-02-07T17:18:51","guid":{"rendered":"https:\/\/bonanza888.online\/?page_id=12"},"modified":"2024-04-07T01:35:07","modified_gmt":"2024-04-07T01:35:07","slug":"faq-about-online-slots-bonanza","status":"publish","type":"page","link":"https:\/\/bonanza888.online\/de\/faq-about-online-slots-bonanza\/","title":{"rendered":"H\u00e4ufig gestellte Fragen und Antworten zu Online-Slots Bonanza"},"content":{"rendered":"<p>Viele Spieler fragen sich, ob es sich lohnt, Bonanza-Slots zu spielen. Wir haben 10 h\u00e4ufig gestellte Fragen zu Bonanza-Spielautomaten gesammelt, einschlie\u00dflich Antworten, die f\u00fcr Spieler unterschiedlichen Alters, sozialen Status und Wohnort in verschiedenen L\u00e4ndern von Interesse sein k\u00f6nnten:<\/p>\n<h3><strong>Was ist ein Bonanza-Slot?<\/strong><\/h3>\n<p>Ein Bonanza-Slot ist ein beliebter Online-Spielautomat von verschiedenen Entwicklern. Viele Bonanza-Spiele sind f\u00fcr ihre einzigartige Megaways-Mechanik bekannt, die Tausende von M\u00f6glichkeiten bietet, bei jedem Dreh zu gewinnen. Eins kann man sicher sagen &#8211; Bonanza-Slots sind immer unterschiedlich, aber hell und bunt.<\/p>\n<h3><strong>Wie spielt man Bonanza-Slots?<\/strong><\/h3>\n<p>Um mit Bonanza zu spielen, w\u00e4hlen Sie Ihren Einsatz und klicken Sie auf die Spin-Taste. Das Spiel verf\u00fcgt \u00fcber Walzen, und einige Bonanza-Slots haben die Megaways-Mechanik, was bedeutet, dass sich die Anzahl der Symbole auf jeder Walze bei jedem Dreh \u00e4ndern kann und zahlreiche Gewinnm\u00f6glichkeiten bietet.<\/p>\n<h3><strong>Was ist der Mindest- und H\u00f6chsteinsatz bei Bonanza?<\/strong><\/h3>\n<p>Der Mindesteinsatz betr\u00e4gt normalerweise 0,20 W\u00e4hrungseinheiten, und der H\u00f6chsteinsatz kann bis zu 20 W\u00e4hrungseinheiten betragen, aber diese Werte k\u00f6nnen je nach Casino variieren. Mit anderen Worten, wenn Ihre Casino-W\u00e4hrung USD oder EUR ist, betr\u00e4gt der Mindesteinsatz 0,2 USD oder EUR, und der H\u00f6chsteinsatz entspricht 20 USD oder EUR.<\/p>\n<h3><strong>Gibt es Bonusrunden im Bonanza-Slot?<\/strong><\/h3>\n<p>Ja, der Bonanza-Slot hat eine Freispiele-Bonusrunde, die aktiviert wird, wenn vier goldene Buchstaben G, O, L, D auf den Walzen erscheinen. Spielern werden 12 Freispiele mit der M\u00f6glichkeit, zus\u00e4tzliche Spins zu erhalten, gew\u00e4hrt. In den meisten anderen Bonanza-Slots k\u00f6nnen Sie auch Bonusrunden aktivieren.<\/p>\n<h3><strong>Was ist die RTP (Return to Player) bei Bonanza?<\/strong><\/h3>\n<p>Die RTP des Bonanza-Slots liegt bei etwa 96 %, was ein Standardwert f\u00fcr Online-Slots ist. Je nach dem spezifischen Bonanza-Slot, von dem die Rede ist, betr\u00e4gt die Varianz 95-96 Prozent, die der Spieler erh\u00e4lt.<\/p>\n<h3><strong>Kann man Bonanza kostenlos spielen?<\/strong><\/h3>\n<p>Ja, viele Online-Casinos bieten eine Demoversion von Bonanza an, die es Ihnen erm\u00f6glicht, kostenlos ohne echte Eins\u00e4tze zu spielen.<\/p>\n<h3><strong>Welche Symbole sind bei Bonanza am wertvollsten?<\/strong><\/h3>\n<p>Die wertvollsten Symbole bei Bonanza sind Edelsteine, insbesondere Diamanten, die die gr\u00f6\u00dften Gewinne bringen.<\/p>\n<h3><strong>Kann man Bonanza auf mobilen Ger\u00e4ten spielen?<\/strong><\/h3>\n<p>Ja, der Bonanza-Slot ist f\u00fcr das Spielen auf Android- und iOS-Mobilger\u00e4ten optimiert. Der Bonanza-Slot ist auch in den meisten Online-Casinos \u00fcber einen mobilen Browser verf\u00fcgbar.<\/p>\n<h3><strong>Welche Strategien k\u00f6nnen Ihre Gewinnchancen bei Bonanza erh\u00f6hen?<\/strong><\/h3>\n<p>Es ist wichtig zu bedenken, dass Slots Gl\u00fccksspiele sind und es keine garantierten M\u00f6glichkeiten gibt, zu gewinnen. Eine vern\u00fcnftige Bankroll-Verwaltung und das Verst\u00e4ndnis der Spielmechanik k\u00f6nnen jedoch dazu beitragen, Ihr Spielerlebnis zu verbessern und echtes Geld zu verdienen. Wir empfehlen Ihnen, den Artikel \u00fcber Bonanza-Spielstrategien f\u00fcr detailliertere Informationen zu lesen.<\/p>\n<h3><strong>Wo kann ich den Bonanza-Slot spielen?<\/strong><\/h3>\n<p>Der Bonanza-Slot ist in vielen Online-Casinos verf\u00fcgbar. W\u00e4hlen Sie f\u00fcr das Spiel um echtes Geld immer lizenzierte und seri\u00f6se Plattformen aus.<\/p>\n","protected":false},"excerpt":{"rendered":"<p>Viele Spieler fragen sich, ob es sich lohnt, Bonanza-Slots zu spielen. Wir haben 10 h\u00e4ufig gestellte Fragen zu Bonanza-Spielautomaten gesammelt, einschlie\u00dflich Antworten, die f\u00fcr Spieler unterschiedlichen Alters, sozialen Status und Wohnort in verschiedenen L\u00e4ndern von Interesse sein k\u00f6nnten: Was ist ein Bonanza-Slot? Ein Bonanza-Slot ist ein beliebter Online-Spielautomat von verschiedenen Entwicklern. Viele Bonanza-Spiele sind f\u00fcr ihre einzigartige Megaways-Mechanik bekannt, die Tausende von M\u00f6glichkeiten bietet, bei jedem Dreh zu gewinnen. Eins kann man sicher sagen &#8211;&hellip; <\/p>\n","protected":false},"author":1,"featured_media":0,"parent":0,"menu_order":0,"comment_status":"closed","ping_status":"closed","template":"","meta":{"footnotes":""},"class_list":["post-12","page","type-page","status-publish","hentry"],"yoast_head":"<!-- This site is optimized with the Yoast SEO plugin v27.2 - https:\/\/yoast.com\/product\/yoast-seo-wordpress\/ -->\n<title>FAQ - Preguntas Frecuentes sobre Tragamonedas Bonanza<\/title>\n<meta name=\"description\" content=\"Wir haben die beliebtesten Fragen und Antworten zu den Bonanza-Slots zusammengestellt. H\u00e4ufig gestellte Fragen zu den Bonanza-Slots in Online-Casinos, wo Sie um echtes Geld spielen k\u00f6nnen.\" \/>\n<meta name=\"robots\" content=\"index, follow, max-snippet:-1, max-image-preview:large, max-video-preview:-1\" \/>\n<link rel=\"canonical\" href=\"https:\/\/bonanza888.online\/de\/faq-about-online-slots-bonanza\/\" \/>\n<meta property=\"og:locale\" content=\"de_DE\" \/>\n<meta property=\"og:locale:alternate\" content=\"ru_RU\" \/>\n<meta property=\"og:locale:alternate\" content=\"en_US\" \/>\n<meta property=\"og:locale:alternate\" content=\"pt_PT\" \/>\n<meta property=\"og:locale:alternate\" content=\"es_ES\" \/>\n<meta property=\"og:locale:alternate\" content=\"sr_RS\" \/>\n<meta property=\"og:locale:alternate\" content=\"bg_BG\" \/>\n<meta property=\"og:locale:alternate\" content=\"ro_RO\" \/>\n<meta property=\"og:locale:alternate\" content=\"it_IT\" \/>\n<meta property=\"og:locale:alternate\" content=\"fr_FR\" \/>\n<meta property=\"og:locale:alternate\" content=\"pl_PL\" \/>\n<meta property=\"og:type\" content=\"article\" \/>\n<meta property=\"og:title\" content=\"FAQ - Preguntas Frecuentes sobre Tragamonedas Bonanza\" \/>\n<meta property=\"og:description\" content=\"Hemos recopilado las preguntas y respuestas m\u00e1s populares sobre las m\u00e1quinas tragamonedas Bonanza. Preguntas frecuentes sobre las tragamonedas Bonanza en casinos en l\u00ednea, donde puedes jugar por dinero real.\" \/>\n<meta property=\"og:url\" content=\"https:\/\/bonanza888.online\/de\/faq-about-online-slots-bonanza\/\" \/>\n<meta property=\"og:site_name\" content=\"Bonanza\" \/>\n<meta property=\"article:modified_time\" content=\"2024-04-07T01:35:07+00:00\" \/>\n<meta name=\"twitter:card\" content=\"summary_large_image\" \/>\n<meta name=\"twitter:label1\" content=\"Gesch\u00e4tzte Lesezeit\" \/>\n\t<meta name=\"twitter:data1\" content=\"22\u00a0Minuten\" \/>\n<script type=\"application\/ld+json\" class=\"yoast-schema-graph\">{\"@context\":\"https:\/\/schema.org\",\"@graph\":[{\"@type\":\"WebPage\",\"@id\":\"https:\/\/bonanza888.online\/es\/faq-about-online-slots-bonanza\/\",\"url\":\"https:\/\/bonanza888.online\/es\/faq-about-online-slots-bonanza\/\",\"name\":\"FAQ - Preguntas Frecuentes sobre Tragamonedas Bonanza\",\"isPartOf\":{\"@id\":\"https:\/\/bonanza888.online\/es\/#website\"},\"datePublished\":\"2024-02-07T17:18:51+00:00\",\"dateModified\":\"2024-04-07T01:35:07+00:00\",\"description\":\"Hemos recopilado las preguntas y respuestas m\u00e1s populares sobre las m\u00e1quinas tragamonedas Bonanza. Preguntas frecuentes sobre las tragamonedas Bonanza en casinos en l\u00ednea, donde puedes jugar por dinero real.\",\"breadcrumb\":{\"@id\":\"https:\/\/bonanza888.online\/es\/faq-about-online-slots-bonanza\/#breadcrumb\"},\"inLanguage\":\"de-DE\",\"potentialAction\":[{\"@type\":\"ReadAction\",\"target\":[\"https:\/\/bonanza888.online\/es\/faq-about-online-slots-bonanza\/\"]}]},{\"@type\":\"BreadcrumbList\",\"@id\":\"https:\/\/bonanza888.online\/es\/faq-about-online-slots-bonanza\/#breadcrumb\",\"itemListElement\":[{\"@type\":\"ListItem\",\"position\":1,\"name\":\"Home\",\"item\":\"https:\/\/bonanza888.online\/es\/\"},{\"@type\":\"ListItem\",\"position\":2,\"name\":\"Preguntas Frecuentes y Respuestas sobre Tragaperras en L\u00ednea Bonanza\"}]},{\"@type\":\"WebSite\",\"@id\":\"https:\/\/bonanza888.online\/es\/#website\",\"url\":\"https:\/\/bonanza888.online\/es\/\",\"name\":\"Bonanza\",\"description\":\"Just another WordPress site\",\"publisher\":{\"@id\":\"https:\/\/bonanza888.online\/es\/#organization\"},\"potentialAction\":[{\"@type\":\"SearchAction\",\"target\":{\"@type\":\"EntryPoint\",\"urlTemplate\":\"https:\/\/bonanza888.online\/es\/?s={search_term_string}\"},\"query-input\":{\"@type\":\"PropertyValueSpecification\",\"valueRequired\":true,\"valueName\":\"search_term_string\"}}],\"inLanguage\":\"de-DE\"},{\"@type\":\"Organization\",\"@id\":\"https:\/\/bonanza888.online\/es\/#organization\",\"name\":\"Bonanza\",\"url\":\"https:\/\/bonanza888.online\/es\/\",\"logo\":{\"@type\":\"ImageObject\",\"inLanguage\":\"de-DE\",\"@id\":\"https:\/\/bonanza888.online\/es\/#\/schema\/logo\/image\/\",\"url\":\"https:\/\/bonanza888.online\/wp-content\/uploads\/bonanza-logo.png\",\"contentUrl\":\"https:\/\/bonanza888.online\/wp-content\/uploads\/bonanza-logo.png\",\"width\":300,\"height\":82,\"caption\":\"Bonanza\"},\"image\":{\"@id\":\"https:\/\/bonanza888.online\/es\/#\/schema\/logo\/image\/\"}}]}<\/script>\n<!-- \/ Yoast SEO plugin. -->","yoast_head_json":{"title":"FAQ - Preguntas Frecuentes sobre Tragamonedas Bonanza","description":"Wir haben die beliebtesten Fragen und Antworten zu den Bonanza-Slots zusammengestellt. H\u00e4ufig gestellte Fragen zu den Bonanza-Slots in Online-Casinos, wo Sie um echtes Geld spielen k\u00f6nnen.","robots":{"index":"index","follow":"follow","max-snippet":"max-snippet:-1","max-image-preview":"max-image-preview:large","max-video-preview":"max-video-preview:-1"},"canonical":"https:\/\/bonanza888.online\/de\/faq-about-online-slots-bonanza\/","og_locale":"de_DE","og_type":"article","og_title":"FAQ - Preguntas Frecuentes sobre Tragamonedas Bonanza","og_description":"Hemos recopilado las preguntas y respuestas m\u00e1s populares sobre las m\u00e1quinas tragamonedas Bonanza. Preguntas frecuentes sobre las tragamonedas Bonanza en casinos en l\u00ednea, donde puedes jugar por dinero real.","og_url":"https:\/\/bonanza888.online\/de\/faq-about-online-slots-bonanza\/","og_site_name":"Bonanza","article_modified_time":"2024-04-07T01:35:07+00:00","twitter_card":"summary_large_image","twitter_misc":{"Gesch\u00e4tzte Lesezeit":"22\u00a0Minuten"},"schema":{"@context":"https:\/\/schema.org","@graph":[{"@type":"WebPage","@id":"https:\/\/bonanza888.online\/es\/faq-about-online-slots-bonanza\/","url":"https:\/\/bonanza888.online\/es\/faq-about-online-slots-bonanza\/","name":"FAQ - Preguntas Frecuentes sobre Tragamonedas Bonanza","isPartOf":{"@id":"https:\/\/bonanza888.online\/es\/#website"},"datePublished":"2024-02-07T17:18:51+00:00","dateModified":"2024-04-07T01:35:07+00:00","description":"Hemos recopilado las preguntas y respuestas m\u00e1s populares sobre las m\u00e1quinas tragamonedas Bonanza. Preguntas frecuentes sobre las tragamonedas Bonanza en casinos en l\u00ednea, donde puedes jugar por dinero real.","breadcrumb":{"@id":"https:\/\/bonanza888.online\/es\/faq-about-online-slots-bonanza\/#breadcrumb"},"inLanguage":"de-DE","potentialAction":[{"@type":"ReadAction","target":["https:\/\/bonanza888.online\/es\/faq-about-online-slots-bonanza\/"]}]},{"@type":"BreadcrumbList","@id":"https:\/\/bonanza888.online\/es\/faq-about-online-slots-bonanza\/#breadcrumb","itemListElement":[{"@type":"ListItem","position":1,"name":"Home","item":"https:\/\/bonanza888.online\/es\/"},{"@type":"ListItem","position":2,"name":"Preguntas Frecuentes y Respuestas sobre Tragaperras en L\u00ednea Bonanza"}]},{"@type":"WebSite","@id":"https:\/\/bonanza888.online\/es\/#website","url":"https:\/\/bonanza888.online\/es\/","name":"Bonanza","description":"Just another WordPress site","publisher":{"@id":"https:\/\/bonanza888.online\/es\/#organization"},"potentialAction":[{"@type":"SearchAction","target":{"@type":"EntryPoint","urlTemplate":"https:\/\/bonanza888.online\/es\/?s={search_term_string}"},"query-input":{"@type":"PropertyValueSpecification","valueRequired":true,"valueName":"search_term_string"}}],"inLanguage":"de-DE"},{"@type":"Organization","@id":"https:\/\/bonanza888.online\/es\/#organization","name":"Bonanza","url":"https:\/\/bonanza888.online\/es\/","logo":{"@type":"ImageObject","inLanguage":"de-DE","@id":"https:\/\/bonanza888.online\/es\/#\/schema\/logo\/image\/","url":"https:\/\/bonanza888.online\/wp-content\/uploads\/bonanza-logo.png","contentUrl":"https:\/\/bonanza888.online\/wp-content\/uploads\/bonanza-logo.png","width":300,"height":82,"caption":"Bonanza"},"image":{"@id":"https:\/\/bonanza888.online\/es\/#\/schema\/logo\/image\/"}}]}},"_links":{"self":[{"href":"https:\/\/bonanza888.online\/de\/wp-json\/wp\/v2\/pages\/12","targetHints":{"allow":["GET"]}}],"collection":[{"href":"https:\/\/bonanza888.online\/de\/wp-json\/wp\/v2\/pages"}],"about":[{"href":"https:\/\/bonanza888.online\/de\/wp-json\/wp\/v2\/types\/page"}],"author":[{"embeddable":true,"href":"https:\/\/bonanza888.online\/de\/wp-json\/wp\/v2\/users\/1"}],"replies":[{"embeddable":true,"href":"https:\/\/bonanza888.online\/de\/wp-json\/wp\/v2\/comments?post=12"}],"version-history":[{"count":39,"href":"https:\/\/bonanza888.online\/de\/wp-json\/wp\/v2\/pages\/12\/revisions"}],"predecessor-version":[{"id":281,"href":"https:\/\/bonanza888.online\/de\/wp-json\/wp\/v2\/pages\/12\/revisions\/281"}],"wp:attachment":[{"href":"https:\/\/bonanza888.online\/de\/wp-json\/wp\/v2\/media?parent=12"}],"curies":[{"name":"wp","href":"https:\/\/api.w.org\/{rel}","templated":true}]}}