{"id":10,"date":"2024-02-07T17:16:16","date_gmt":"2024-02-07T17:16:16","guid":{"rendered":"https:\/\/bonanza888.online\/?page_id=10"},"modified":"2024-04-07T00:51:42","modified_gmt":"2024-04-07T00:51:42","slug":"game-strategy-in-online-slots-bonanza","status":"publish","type":"page","link":"https:\/\/bonanza888.online\/de\/game-strategy-in-online-slots-bonanza\/","title":{"rendered":"Spielstrategie bei Online-Slots Bonanza"},"content":{"rendered":"<p>Bonanza-Slots sind bei Online-Casino-Spielern aufgrund ihrer einzigartigen Funktionen \u00e4u\u00dferst beliebt. Obwohl Slots gr\u00f6\u00dftenteils vom Gl\u00fcck abh\u00e4ngen, gibt es bestimmte Strategien, die Ihnen helfen k\u00f6nnen, Ihre Erfolgschancen zu verbessern. In diesem Artikel werden wir mehrere wichtige Aspekte der Spielstrategie in Bonanza-Slots diskutieren. Durch das Lesen dieses Artikels werden Sie besser verstehen, wie Sie Spiele namens Bonanza spielen und gewinnen k\u00f6nnen.<\/p>\n<h2><strong>Verst\u00e4ndnis der Spielregeln<\/strong><\/h2>\n<p>Der erste und wichtigste Schritt ist, zu verstehen, wie das Spiel funktioniert. Die Regeln verschiedener Bonanza-Slots k\u00f6nnen sich unterscheiden, aber sie drehen sich alle um das Drehen der Walzen. Studieren Sie die Gewinntabelle, um zu verstehen, welche Kombinationen am wertvollsten sind. Normalerweise enth\u00e4lt jedes Spiel Informationen \u00fcber die Regeln und Gewinntabellen.<\/p>\n<h2><strong>Bankroll-Management<\/strong><\/h2>\n<p>Ein effektives Management Ihrer Bankroll ist von entscheidender Bedeutung. Bestimmen Sie den Betrag, den Sie bereit sind auszugeben, und \u00fcberschreiten Sie ihn nicht. Stellen Sie sich im Grunde vor, dass Sie diesen Betrag verloren haben. Verteilen Sie Ihre Eins\u00e4tze klug, um sicherzustellen, dass Sie genug Geld haben, um an mindestens 200 Runden teilzunehmen. Dies erh\u00f6ht Ihre Chancen, Bonusfunktionen zu aktivieren. Wenn Ihr Kontostand nur f\u00fcr, sagen wir, 30 Spins ausreicht, sind die Chancen, zu verlieren, sehr hoch. In solchen Slots k\u00f6nnen Sie nur langfristig gewinnen, daher stellen Sie sicher, dass Ihr Guthaben f\u00fcr 200 Spins ausreicht.<\/p>\n<h2><strong>Nutzen von Boni und Aktionen<\/strong><\/h2>\n<p>Viele Online-Casinos bieten Boni und Aktionen an, die Ihre Bankroll erh\u00f6hen oder Ihnen zus\u00e4tzliche Spins bieten k\u00f6nnen. Nutzen Sie diese Angebote klug, aber \u00fcberpr\u00fcfen Sie sorgf\u00e4ltig die Bedingungen und Umsatzanforderungen. Viele Boni und Promo-Codes haben Bedingungen, die erf\u00fcllt werden m\u00fcssen, um profitieren zu k\u00f6nnen.<\/p>\n<h2><strong>Wettstrategie<\/strong><\/h2>\n<p>W\u00e4hrend die Gr\u00f6\u00dfe des Einsatzes die H\u00e4ufigkeit der Gewinnkombinationen in Bonanza-Slots nicht beeinflusst, kann sie die H\u00f6he des Gewinns erheblich beeinflussen. Einige Spieler ziehen es vor, maximale Eins\u00e4tze zu t\u00e4tigen, in der Hoffnung auf einen gro\u00dfen Gewinn, w\u00e4hrend andere minimale Eins\u00e4tze machen, um die Spieldauer zu verl\u00e4ngern. Finden Sie das Gleichgewicht, das am besten zu Ihnen passt.<\/p>\n<h2><strong>Geduld und Disziplin<\/strong><\/h2>\n<p>Bonanza, wie die meisten Slots, kann eine hohe Volatilit\u00e4t aufweisen. Das bedeutet, dass Gewinne m\u00f6glicherweise selten, aber potenziell gro\u00df sind. Es ist wichtig, Geduld zu bewahren und nicht von Ihrer Bankroll-Management-Strategie abzuweichen, auch wenn Sie das Gef\u00fchl haben, dass sich das Gl\u00fcck gegen Sie gewendet hat.<\/p>\n<h2><strong>Risikobewertung und Verst\u00e4ndnis der Volatilit\u00e4t<\/strong><\/h2>\n<p>Das Verst\u00e4ndnis der Volatilit\u00e4t des Spiels kann Ihnen helfen, Ihre Wettstrategie anzupassen. In Spielen mit hoher Volatilit\u00e4t wie Bonanza wird empfohlen, sich auf Perioden ohne Gewinne vorzubereiten, in Erwartung gro\u00dfer Auszahlungen. Und verstehen Sie, dass Sie immer verlieren k\u00f6nnen. Spielen Sie niemals mit Geld, das Sie sich nicht leisten k\u00f6nnen zu verlieren.<\/p>\n","protected":false},"excerpt":{"rendered":"<p>Bonanza-Slots sind bei Online-Casino-Spielern aufgrund ihrer einzigartigen Funktionen \u00e4u\u00dferst beliebt. Obwohl Slots gr\u00f6\u00dftenteils vom Gl\u00fcck abh\u00e4ngen, gibt es bestimmte Strategien, die Ihnen helfen k\u00f6nnen, Ihre Erfolgschancen zu verbessern. In diesem Artikel werden wir mehrere wichtige Aspekte der Spielstrategie in Bonanza-Slots diskutieren. Durch das Lesen dieses Artikels werden Sie besser verstehen, wie Sie Spiele namens Bonanza spielen und gewinnen k\u00f6nnen. Verst\u00e4ndnis der Spielregeln Der erste und wichtigste Schritt ist, zu verstehen, wie das Spiel funktioniert. Die&hellip; <\/p>\n","protected":false},"author":1,"featured_media":0,"parent":0,"menu_order":0,"comment_status":"closed","ping_status":"closed","template":"","meta":{"footnotes":""},"class_list":["post-10","page","type-page","status-publish","hentry"],"yoast_head":"<!-- This site is optimized with the Yoast SEO plugin v27.2 - https:\/\/yoast.com\/product\/yoast-seo-wordpress\/ -->\n<title>Estrat\u00e9gia e t\u00e1ticas de jogo em slots Bonanza<\/title>\n<meta name=\"description\" content=\"Wie man im Online-Spiel Bonanza spielt und gewinnt. Gewinnen Sie echtes Geld im Spiel Bonanza in Online-Casinos.\" \/>\n<meta name=\"robots\" content=\"index, follow, max-snippet:-1, max-image-preview:large, max-video-preview:-1\" \/>\n<link rel=\"canonical\" href=\"https:\/\/bonanza888.online\/de\/game-strategy-in-online-slots-bonanza\/\" \/>\n<meta property=\"og:locale\" content=\"de_DE\" \/>\n<meta property=\"og:locale:alternate\" content=\"ru_RU\" \/>\n<meta property=\"og:locale:alternate\" content=\"en_US\" \/>\n<meta property=\"og:locale:alternate\" content=\"pt_PT\" \/>\n<meta property=\"og:locale:alternate\" content=\"es_ES\" \/>\n<meta property=\"og:locale:alternate\" content=\"sr_RS\" \/>\n<meta property=\"og:locale:alternate\" content=\"bg_BG\" \/>\n<meta property=\"og:locale:alternate\" content=\"ro_RO\" \/>\n<meta property=\"og:locale:alternate\" content=\"it_IT\" \/>\n<meta property=\"og:locale:alternate\" content=\"fr_FR\" \/>\n<meta property=\"og:locale:alternate\" content=\"pl_PL\" \/>\n<meta property=\"og:type\" content=\"article\" \/>\n<meta property=\"og:title\" content=\"Estrat\u00e9gia e t\u00e1ticas de jogo em slots Bonanza\" \/>\n<meta property=\"og:description\" content=\"Como jogar e vencer no jogo online Bonanza. Ganhar dinheiro real no jogo Bonanza em cassinos online.\" \/>\n<meta property=\"og:url\" content=\"https:\/\/bonanza888.online\/de\/game-strategy-in-online-slots-bonanza\/\" \/>\n<meta property=\"og:site_name\" content=\"Bonanza\" \/>\n<meta property=\"article:modified_time\" content=\"2024-04-07T00:51:42+00:00\" \/>\n<meta name=\"twitter:card\" content=\"summary_large_image\" \/>\n<meta name=\"twitter:label1\" content=\"Gesch\u00e4tzte Lesezeit\" \/>\n\t<meta name=\"twitter:data1\" content=\"19\u00a0Minuten\" \/>\n<script type=\"application\/ld+json\" class=\"yoast-schema-graph\">{\"@context\":\"https:\/\/schema.org\",\"@graph\":[{\"@type\":\"WebPage\",\"@id\":\"https:\/\/bonanza888.online\/pt\/game-strategy-in-online-slots-bonanza\/\",\"url\":\"https:\/\/bonanza888.online\/pt\/game-strategy-in-online-slots-bonanza\/\",\"name\":\"Estrat\u00e9gia e t\u00e1ticas de jogo em slots Bonanza\",\"isPartOf\":{\"@id\":\"https:\/\/bonanza888.online\/es\/#website\"},\"datePublished\":\"2024-02-07T17:16:16+00:00\",\"dateModified\":\"2024-04-07T00:51:42+00:00\",\"description\":\"Como jogar e vencer no jogo online Bonanza. Ganhar dinheiro real no jogo Bonanza em cassinos online.\",\"breadcrumb\":{\"@id\":\"https:\/\/bonanza888.online\/pt\/game-strategy-in-online-slots-bonanza\/#breadcrumb\"},\"inLanguage\":\"de-DE\",\"potentialAction\":[{\"@type\":\"ReadAction\",\"target\":[\"https:\/\/bonanza888.online\/pt\/game-strategy-in-online-slots-bonanza\/\"]}]},{\"@type\":\"BreadcrumbList\",\"@id\":\"https:\/\/bonanza888.online\/pt\/game-strategy-in-online-slots-bonanza\/#breadcrumb\",\"itemListElement\":[{\"@type\":\"ListItem\",\"position\":1,\"name\":\"Home\",\"item\":\"https:\/\/bonanza888.online\/es\/\"},{\"@type\":\"ListItem\",\"position\":2,\"name\":\"Estrat\u00e9gia de Jogo em Ca\u00e7a-N\u00edqueis Online Bonanza\"}]},{\"@type\":\"WebSite\",\"@id\":\"https:\/\/bonanza888.online\/es\/#website\",\"url\":\"https:\/\/bonanza888.online\/es\/\",\"name\":\"Bonanza\",\"description\":\"Just another WordPress site\",\"publisher\":{\"@id\":\"https:\/\/bonanza888.online\/es\/#organization\"},\"potentialAction\":[{\"@type\":\"SearchAction\",\"target\":{\"@type\":\"EntryPoint\",\"urlTemplate\":\"https:\/\/bonanza888.online\/es\/?s={search_term_string}\"},\"query-input\":{\"@type\":\"PropertyValueSpecification\",\"valueRequired\":true,\"valueName\":\"search_term_string\"}}],\"inLanguage\":\"de-DE\"},{\"@type\":\"Organization\",\"@id\":\"https:\/\/bonanza888.online\/es\/#organization\",\"name\":\"Bonanza\",\"url\":\"https:\/\/bonanza888.online\/es\/\",\"logo\":{\"@type\":\"ImageObject\",\"inLanguage\":\"de-DE\",\"@id\":\"https:\/\/bonanza888.online\/es\/#\/schema\/logo\/image\/\",\"url\":\"https:\/\/bonanza888.online\/wp-content\/uploads\/bonanza-logo.png\",\"contentUrl\":\"https:\/\/bonanza888.online\/wp-content\/uploads\/bonanza-logo.png\",\"width\":300,\"height\":82,\"caption\":\"Bonanza\"},\"image\":{\"@id\":\"https:\/\/bonanza888.online\/es\/#\/schema\/logo\/image\/\"}}]}<\/script>\n<!-- \/ Yoast SEO plugin. -->","yoast_head_json":{"title":"Estrat\u00e9gia e t\u00e1ticas de jogo em slots Bonanza","description":"Wie man im Online-Spiel Bonanza spielt und gewinnt. Gewinnen Sie echtes Geld im Spiel Bonanza in Online-Casinos.","robots":{"index":"index","follow":"follow","max-snippet":"max-snippet:-1","max-image-preview":"max-image-preview:large","max-video-preview":"max-video-preview:-1"},"canonical":"https:\/\/bonanza888.online\/de\/game-strategy-in-online-slots-bonanza\/","og_locale":"de_DE","og_type":"article","og_title":"Estrat\u00e9gia e t\u00e1ticas de jogo em slots Bonanza","og_description":"Como jogar e vencer no jogo online Bonanza. Ganhar dinheiro real no jogo Bonanza em cassinos online.","og_url":"https:\/\/bonanza888.online\/de\/game-strategy-in-online-slots-bonanza\/","og_site_name":"Bonanza","article_modified_time":"2024-04-07T00:51:42+00:00","twitter_card":"summary_large_image","twitter_misc":{"Gesch\u00e4tzte Lesezeit":"19\u00a0Minuten"},"schema":{"@context":"https:\/\/schema.org","@graph":[{"@type":"WebPage","@id":"https:\/\/bonanza888.online\/pt\/game-strategy-in-online-slots-bonanza\/","url":"https:\/\/bonanza888.online\/pt\/game-strategy-in-online-slots-bonanza\/","name":"Estrat\u00e9gia e t\u00e1ticas de jogo em slots Bonanza","isPartOf":{"@id":"https:\/\/bonanza888.online\/es\/#website"},"datePublished":"2024-02-07T17:16:16+00:00","dateModified":"2024-04-07T00:51:42+00:00","description":"Como jogar e vencer no jogo online Bonanza. Ganhar dinheiro real no jogo Bonanza em cassinos online.","breadcrumb":{"@id":"https:\/\/bonanza888.online\/pt\/game-strategy-in-online-slots-bonanza\/#breadcrumb"},"inLanguage":"de-DE","potentialAction":[{"@type":"ReadAction","target":["https:\/\/bonanza888.online\/pt\/game-strategy-in-online-slots-bonanza\/"]}]},{"@type":"BreadcrumbList","@id":"https:\/\/bonanza888.online\/pt\/game-strategy-in-online-slots-bonanza\/#breadcrumb","itemListElement":[{"@type":"ListItem","position":1,"name":"Home","item":"https:\/\/bonanza888.online\/es\/"},{"@type":"ListItem","position":2,"name":"Estrat\u00e9gia de Jogo em Ca\u00e7a-N\u00edqueis Online Bonanza"}]},{"@type":"WebSite","@id":"https:\/\/bonanza888.online\/es\/#website","url":"https:\/\/bonanza888.online\/es\/","name":"Bonanza","description":"Just another WordPress site","publisher":{"@id":"https:\/\/bonanza888.online\/es\/#organization"},"potentialAction":[{"@type":"SearchAction","target":{"@type":"EntryPoint","urlTemplate":"https:\/\/bonanza888.online\/es\/?s={search_term_string}"},"query-input":{"@type":"PropertyValueSpecification","valueRequired":true,"valueName":"search_term_string"}}],"inLanguage":"de-DE"},{"@type":"Organization","@id":"https:\/\/bonanza888.online\/es\/#organization","name":"Bonanza","url":"https:\/\/bonanza888.online\/es\/","logo":{"@type":"ImageObject","inLanguage":"de-DE","@id":"https:\/\/bonanza888.online\/es\/#\/schema\/logo\/image\/","url":"https:\/\/bonanza888.online\/wp-content\/uploads\/bonanza-logo.png","contentUrl":"https:\/\/bonanza888.online\/wp-content\/uploads\/bonanza-logo.png","width":300,"height":82,"caption":"Bonanza"},"image":{"@id":"https:\/\/bonanza888.online\/es\/#\/schema\/logo\/image\/"}}]}},"_links":{"self":[{"href":"https:\/\/bonanza888.online\/de\/wp-json\/wp\/v2\/pages\/10","targetHints":{"allow":["GET"]}}],"collection":[{"href":"https:\/\/bonanza888.online\/de\/wp-json\/wp\/v2\/pages"}],"about":[{"href":"https:\/\/bonanza888.online\/de\/wp-json\/wp\/v2\/types\/page"}],"author":[{"embeddable":true,"href":"https:\/\/bonanza888.online\/de\/wp-json\/wp\/v2\/users\/1"}],"replies":[{"embeddable":true,"href":"https:\/\/bonanza888.online\/de\/wp-json\/wp\/v2\/comments?post=10"}],"version-history":[{"count":29,"href":"https:\/\/bonanza888.online\/de\/wp-json\/wp\/v2\/pages\/10\/revisions"}],"predecessor-version":[{"id":266,"href":"https:\/\/bonanza888.online\/de\/wp-json\/wp\/v2\/pages\/10\/revisions\/266"}],"wp:attachment":[{"href":"https:\/\/bonanza888.online\/de\/wp-json\/wp\/v2\/media?parent=10"}],"curies":[{"name":"wp","href":"https:\/\/api.w.org\/{rel}","templated":true}]}}